{"id":8934,"date":"2015-01-25T17:59:44","date_gmt":"2015-01-25T17:59:44","guid":{"rendered":"https:\/\/www.golfenescocia.com\/campos-de-golf-en-escocia\/"},"modified":"2017-11-28T11:13:05","modified_gmt":"2017-11-28T11:13:05","slug":"campos-de-golf-en-escocia","status":"publish","type":"page","link":"https:\/\/www.golfenescocia.com\/es\/campos-de-golf-en-escocia\/","title":{"rendered":"Campos de golf en Escocia"},"content":{"rendered":"<p>Pulse en una regi\u00f3n de Escocia para visualizar los campos de golf en la regi\u00f3n:<\/p>\n<p><img loading=\"lazy\" decoding=\"async\" class=\"noborder alignnone\" src=\"https:\/\/www.golfenescocia.com\/wp-content\/uploads\/2017\/06\/scotland-map.png\" alt=\"Map of Golf Regions in Scotland\" usemap=\"#scotmap\" width=\"550\" height=\"790\" border=\"0\" \/><\/p>\n<map name=\"scotmap\">\n<area id=\"highlands\" style=\"outline: none;\" alt=\"Regi\u00f3n Highlands\" coords=\"367,197,424,203,422,221,432,233,436,237,427,240,419,235,411,240,403,249,405,253,400,259,407,265,407,274,404,285,396,284,388,284,381,289,375,296,369,301,368,311,358,315,344,317,334,320,326,321,326,331,321,341,312,346,304,342,302,351,291,352,282,349,275,358,265,364,256,371,246,368,240,375,238,385,225,393,234,397,224,405,204,408,189,415,172,428,160,425,149,414,157,400,170,378,132,415,123,422,127,437,106,450,59,459,50,441,25,393,22,232,41,205,75,190,210,24,404,25,402,64,312,160,328,176,310,213\" shape=\"poly\" href=\"region-de-golf-de-highlands\" data-title=\"Regi\u00f3n Highlands - Pulse para descubrir los campos de golf de esta regi\u00f3n\" \/>\n<area id=\"northeast\" style=\"outline: none;\" alt=\"Regi\u00f3n noreste\" coords=\"447,416,404,422,386,428,383,424,383,417,392,406,384,406,388,398,373,394,364,375,365,368,365,355,354,356,341,347,320,344,327,331,329,322,348,317,367,312,371,301,381,292,393,283,401,285,407,278,408,269,406,261,406,253,410,246,419,237,430,242,437,236,424,221,427,206,472,206,507,206,521,219,523,232,526,251,507,273,500,293,497,309,494,321,485,341,481,359,459,392\" shape=\"poly\" href=\"region-de-golf-de-aberdeen\" data-title=\"Regi\u00f3n de Aberdeen - Pulse para descubrir los campos de golf de esta regi\u00f3n\" \/>\n<area id=\"central\" style=\"outline: none;\" alt=\"Regi\u00f3n central\" coords=\"318,501,310,493,313,482,311,476,301,473,294,466,284,463,276,454,273,444,276,433,286,430,282,424,270,426,262,417,249,420,230,428,230,419,227,414,242,408,235,397,226,391,238,388,245,369,253,372,263,364,283,355,282,350,297,352,305,350,306,344,314,346,321,345,329,350,337,348,344,355,353,355,360,358,364,366,361,375,365,384,371,394,377,400,384,401,384,406,385,411,382,416,379,423,382,429,393,436,382,443,373,452,363,450,370,457,369,462,363,467,361,472,368,477,368,484,359,488,349,491,344,488,331,495\" shape=\"poly\" href=\"region-de-golf-central\" data-title=\"Regi\u00f3n central - Pulse para descubrir los campos de golf de esta regi\u00f3n\" \/>\n<area id=\"southwest\" style=\"outline: none;\" alt=\"Regi\u00f3n del sudoeste\" coords=\"147,429,158,428,164,428,175,431,186,419,197,413,211,410,224,407,235,401,239,407,226,411,229,418,226,425,233,427,248,422,261,419,269,429,281,425,277,433,271,443,273,456,282,464,294,468,304,476,311,481,307,494,313,501,313,506,299,509,294,516,306,526,313,536,324,542,322,553,327,561,348,564,354,572,343,591,346,604,342,620,346,629,356,629,364,624,369,626,364,638,365,643,374,637,385,640,393,652,403,654,408,655,406,660,411,663,407,673,414,682,400,697,387,707,376,711,354,711,336,710,337,723,328,728,315,729,306,732,307,737,288,748,278,745,260,731,245,721,251,737,250,759,242,762,197,727,188,735,196,761,188,766,181,754,171,732,161,711,171,692,212,620,225,605,208,583,196,567,199,534,189,540,185,560,164,544,160,556,174,570,182,612,164,623,146,596,139,597,129,618,134,631,121,643,101,641,101,621,109,610,110,589,119,523,119,492,90,544,82,567,53,585,45,559,25,565,40,528,70,517,59,495,74,487,85,506\" shape=\"poly\" href=\"region-de-golf-del-sudoeste\" data-title=\"Regi\u00f3n del sudoeste - Pulse para descubrir los campos de golf de esta regi\u00f3n\" \/>\n<area id=\"southeast\" style=\"outline: none;\" alt=\"Regi\u00f3n sureste\" coords=\"315,501,322,507,330,515,336,514,361,519,379,521,394,527,412,517,421,507,437,511,442,518,458,524,473,534,483,531,490,540,499,548,498,561,479,587,469,589,485,621,471,632,467,639,437,659,431,673,415,684,409,672,414,662,407,660,409,653,394,653,384,637,374,635,367,640,373,625,364,623,355,627,347,625,342,621,346,610,347,599,344,592,352,580,356,572,349,563,335,562,327,557,323,548,326,540,317,539,313,533,307,526,297,511,305,509\" shape=\"poly\" href=\"region-de-golf-de-edimburgo\" data-title=\"Regi\u00f3n de Edimburgo - Pulse para descubrir los campos de golf de esta regi\u00f3n\" \/>\n<area id=\"standrews\" style=\"outline: none;\" alt=\"Regi\u00f3n de Saint Andrews\" coords=\"389,430,413,422,440,420,430,430,429,433,421,434,418,439,421,445,416,452,431,457,443,469,432,479,418,486,407,482,386,498,382,507,375,510,359,515,340,508,326,508,323,502,334,496,343,491,355,494,363,489,371,484,370,475,363,468,370,465,377,451,386,443,395,436\" shape=\"poly\" href=\"region-de-golf-de-st-andrews\" data-title=\"Regi\u00f3n de Saint Andrews - Pulse para descubrir los campos de golf de esta regi\u00f3n\" \/> <\/map>\n<\/p>\n\n\n\n\n\n\n<p>&nbsp;<\/p>\n<p>Con sus m\u00e1s de 550 campos de golf, Escocia posee el mayor n<span lang=\"es\">\u00fa<\/span>mero de campos de golf per c\u00e1pita.<\/p>\n<p>Aunque en Europa existen indicios de juegos con pelotas y palos desde la Edad Media, es en Escocia donde se cre\u00f3 el golf tal y como lo conocemos hoy en d\u00eda. Escocia es famosa por sus campos links, caracterizados por encontrarse en una cresta o tramo de tierra ondulada a la orilla del mar. En estos campos, el viento y la hierba presentan un gran desaf\u00edo. Los campos Parkland, por el contrario, aprovechan el espacio disponible e incorporan recursos naturales ya existentes (\u00e1rboles, agua, colinas\u2026). El golfista debe tener una estrategia para jugar en estos campos, mientras que el car\u00e1cter constantemente variable de los links es un reto en cada jugada. Existen, adem\u00e1s, los llamados campos inland, que adquieren un car\u00e1cter de links tierra adentro.<br \/>\n Cada campo es especial por distintas razones: su prestigio, el entorno, la disponibilidad y, por supuesto, las preferencias de juego de cada golfista. Hemos seleccionado los campos m\u00e1s relevantes de cada regi\u00f3n para que ustedes puedan escoger entre nivel de dificultad, ubicaci\u00f3n, popularidad, disponibilidad o presupuesto.<\/p>\n<p>&nbsp;<\/p>\n<h2>Campos de golf en St Andrews<\/h2>\n<p>La primera referencia a la hist\u00f3rica ciudad de St Andrews como la Cuna del golf es de 1552. Fue aqu\u00ed donde se construy\u00f3 el primer campo de 18 hoyos, estableciendo as\u00ed el est\u00e1ndar oficial del juego. <br \/>\n El Old Course es el campo m\u00e1s antiguo e ic\u00f3nico del mundo. El Puente Swilcan y el B\u00fanker del Infierno son mundialmente reconocidos, pero la caracter\u00edstica m\u00e1s sobresaliente de este campo es que, a pesar de su gran categor\u00eda, est\u00e1 abierto a todo el mundo. <br \/>\n Kingsbarns es, para muchos, el mejor campo constru\u00eddo en el s.XXI. Una de sus maravillas es poder contemplar el Mar del Norte pr\u00e1cticamente desde todo el campo. <br \/>\n Carnoustie ha sido sede de numerosos Open Championship y es un reto para cualquier golfista.<br \/>\n A las afueras de la ciudad se encuentran otros campos de reciente construcci\u00f3n que son el complemento perfecto a los tres mencionados anteriormente. Es el caso de New Course, Jubilee Course, Eden Course and Castle Course.<br \/>\n Campos como Crail Balcomie, Lundin, Panmure, Elie, Ladybanks o Kittocks son muy solicitados por nuestros clients y gozan de gran popularidad.<\/p>\n<h2>Campos de golf en Troon y Turnberry<\/h2>\n<p>Los pueblos de Troon y Turnberry, al sur de Glasgow, son mundialmente conocidos no s\u00f3lo por la belleza que los rodea. Son, adem\u00e1s, el hogar de dos de los mejores campos de golf del mundo: Ailsa Turnberry y Royal Troon.<br \/>\n El Ailsa Turnberry\u00a0 es probablemente el campo m\u00e1s pintoresco del Open Championship. Su firma es el hoyo conocido como el \u201cBruce\u2019s Castle\u201d (El castillo de Bruce) que pasa por el famoso faro y el castillo en ruinas de Robert the Bruce.<br \/>\n Troon es un peque\u00f1o pueblo pesquero muy popular para pasar las vacaciones. Tiene unas vistas preciosas a la isla de Arran y a la roca Ailsa. Royal Troon es su campo de golf m\u00e1s prestigioso. Su hoyo \u201cPostage Stamp \u201d es el par3 m\u00e1s corto del circuito abierto.<br \/>\n Vecino de Royal Troon\u00a0 es Prestwick, un magn\u00edfico campo de golf sede del Open Championship en numerosas ocasiones. La mayor parte de sus hoyos son muy peque\u00f1os y presentan un gran desaf\u00edo.<br \/>\n Western Gailes no es s\u00f3lo un buen campo para probar sus habilidades en golf. Se utiliza, adem\u00e1s, para la clasificaci\u00f3n final del Open cuando se celebra en Troon o Turnberry.<br \/>\n Se dice que el hoyo de apertura de Machrihanish es el mejor del mundo. Efectivamente, es un par4 con un tee elevado junto a la orilla del mar. Se requiere un esfuerzo para llegar a un campo tan alejado, pero merece much\u00edsimo la pena. <br \/>\n Estos campos de prestigio gozan de fama internacional, pero no debemos olvidar otros que pueden satisfacer al jugador m\u00e1s aventajado con una magn\u00edfica relaci\u00f3n calidad\/precio. Es el caso de Machrie, en la preciosa isla de Islay, Dundonald Links, Machrihanish Dunes, Glasgow Gailes o The Carrick.<\/p>\n<h2>Campos de golf en Edimburgo<\/h2>\n<p>La capital de Escocia es m\u00e1s que una bell\u00edsima ciudad. Combina a la perfecci\u00f3n visitas culturales con actividades de ocio. Entre estas \u00faltimas podemos inclu\u00edr una partida en sus afamados campos de golf.<br \/>\n Muirfield es el club de golf m\u00e1s antiguo del mundo y una obra maestra: fue el primer campo dise\u00f1ado con dos anillos conc\u00e9ntricos de 9 hoyos. Ha sido sede de 15 campeonatos del Open.<br \/>\n North Berwick ha sido descrito como \u201cexcentricamente\u201d brillante. Pocos campos presentan 18 difilcutades tan variadas entre s\u00ed.<br \/>\n Gullane 1 es un campo de primera, sede de numerosas competiciones como la calificaci\u00f3n final del Open\u00a0 y el Open escoc\u00e9s.<br \/>\n Un campo interesante es Renaissance, que ha ido a\u00f1adiendo hoyos desde su inauguraci\u00f3n en 2008.<\/p>\n<h2>Campos de golf en las Tierras Atlas<\/h2>\n<p>Las Tierras Altas es un atractivo tur\u00edstico por muchas razones. Sus paisajes asombrosos, su car\u00e1cter singular, la amabilidad de sus habitantes y sus campos de golf. <br \/>\n Royal Dornoch es uno de los 20 mejores campos del mundo y es ya un emblema de las Tierras Altas. Alejado de n\u00facleos urbanos, es de una belleza salvaje.<br \/>\n Castle Stuart es como un faro en la Tierras Altas, un links de campeonato que es una visita obligada en el norte de Escocia.<br \/>\n Nairn es un precioso campo con impactantes vistas al mar desde cada hoyo. Sus greens excepcionales le han valido el sobrenombre de \u00ab mesa de billar \u00bb.<br \/>\n Skibo Castle es un bello campo de campeonato. Es un campo nuevo pero muy exclusivo, por lo que el acceso a golfistas no residentes es restringido.<br \/>\n Aparte de estos campos tan prestigiosos, encontramos otras joyas menos conocidas, pero que bien merecen una vista. Es el caso de Brora, con la mayor\u00eda de sus hoyos pegados al mar, Moray, Tain, Fortrose &amp; Rosemarkie, Spey Valley and Boat of Garten.<\/p>\n<h2>Campos de golf en Gleneagles<\/h2>\n<p>Gleneagles es el escenario perfecto de monta\u00f1a para un campo de golf. La belleza del paisaje se funde con la perfecta distribuci\u00f3n de los hoyos del King\u2019s Course. No en vano ha sido sede de campeonatos como la Curtis Cup, Dunhill Trophy, Scottish Open y la WPGA de Europa.<br \/>\n Su compa\u00f1ero, el Queen\u2019s Course, no es tan dif\u00edcil como el King\u2019s, pero los jugadores menos experimentados disfrutar\u00e1n much\u00edsimo de su juego.<br \/>\n El m\u00e1s joven de los campos de Gleneagles es el PGA Centenary. Fue en este excelente campo donde Europa consigui\u00f3 alzarse con la Ryder Cup frente a EEUU. Un espl\u00e9ndido complemento y contraste a los otros dos campos de Gleneagles que hacen de este conjunto el mejor campo de la regi\u00f3n central de Escocia.<br \/>\n Blairgowrie es un precioso campo inland. Cada hoyo se encuentra rodeado de \u00e1rboles que sirven de anfiteatro para una tranquila partida de golf. <br \/>\n Pitlochry es un campo relativamente peque\u00f1o pero un poco complicado. Las fabulosas vistas que lo rodean complementan un campo que no decepciona a nadie.<\/p>\n<h2>Campos de golf en Aberdeen<\/h2>\n<p>Indudablemente, Aberdeenshire es una de las zonas m\u00e1s hermosas de todo el Reino Unido. Con sus colinas redondeadas, acantilados, amplias playas e impresionantes castillos ofrece todo lo que se puede desear para pasar unas inolvidables vacaciones. Sus campos de golf son espectaculares y de gran prestigio.<br \/>\n Royal Aberdeen es un cl\u00e1sico campo links y ha sido descrito como los mejores 9 primeros hoyos de todo el Reino Unido. \u00a0<br \/>\n Trump International Golf Links es otro campo que despierta admiraci\u00f3n. Sus hoyos se disponen a lo largo de la orilla y ofrecen magn\u00edficas vistas al Mar del Norte.<br \/>\n Cruden Bay es un campo estrafalario para unos, y una obra maestra para otros. De cualquier modo, es un campo que aprovecha los recursos de la tierra para ofrecer un juego apasionante.<br \/>\n Junto a estos campos fenomenales encontramos otros m\u00e1s humildes pero nada f\u00e1ciles. Es el caso de Murcar, con sus estupendos hoyos de vuelta, Montrose o Fraserburgh.<br \/>\n Todos los campos que les hemos propuesto son \u00fanicos. Cada uno tiene su propia personalidad, por lo que recomendamos al golfista que juegue en varios de ellos y decida por s\u00ed mismo cu\u00e1l es el que mejor se adapta a sus preferencias.<\/p>\n","protected":false},"excerpt":{"rendered":"<p>Pulse en una regi\u00f3n de Escocia para visualizar los campos de golf en la regi\u00f3n: &nbsp; Con sus m\u00e1s de 550 campos de golf, Escocia posee el mayor n\u00famero de campos de golf per c\u00e1pita. Aunque en Europa existen indicios de juegos con pelotas y palos desde la Edad Media, es en Escocia donde se [&hellip;]<\/p>\n","protected":false},"author":4,"featured_media":7769,"parent":0,"menu_order":0,"comment_status":"open","ping_status":"open","template":"","meta":{"_genesis_hide_title":false,"_genesis_hide_breadcrumbs":false,"_genesis_hide_singular_image":false,"_genesis_hide_footer_widgets":false,"_genesis_custom_body_class":"","_genesis_custom_post_class":"","_genesis_layout":"content-sidebar","footnotes":""},"class_list":{"0":"post-8934","1":"page","2":"type-page","3":"status-publish","4":"has-post-thumbnail","6":"entry"},"yoast_head":"<!-- This site is optimized with the Yoast SEO plugin v27.4 - https:\/\/yoast.com\/product\/yoast-seo-wordpress\/ -->\n<title>Campos de golf en Escocia<\/title>\n<meta name=\"description\" content=\"Hemos dividido Escocia en 6 regiones de golf principales. Nuestro mapa le ayudar\u00e1 a elegir las regiones que desea visitar.\" \/>\n<meta name=\"robots\" content=\"index, follow, max-snippet:-1, max-image-preview:large, max-video-preview:-1\" \/>\n<link rel=\"canonical\" href=\"https:\/\/www.golfenescocia.com\/es\/campos-de-golf-en-escocia\/\" \/>\n<meta property=\"og:locale\" content=\"fr_FR\" \/>\n<meta property=\"og:type\" content=\"article\" \/>\n<meta property=\"og:title\" content=\"Campos de golf en Escocia\" \/>\n<meta property=\"og:description\" content=\"Hemos dividido Escocia en 6 regiones de golf principales. Nuestro mapa le ayudar\u00e1 a elegir las regiones que desea visitar.\" \/>\n<meta property=\"og:url\" content=\"https:\/\/www.golfenescocia.com\/es\/campos-de-golf-en-escocia\/\" \/>\n<meta property=\"article:modified_time\" content=\"2017-11-28T11:13:05+00:00\" \/>\n<meta name=\"twitter:card\" content=\"summary_large_image\" \/>\n<meta name=\"twitter:label1\" content=\"Dur\u00e9e de lecture estim\u00e9e\" \/>\n\t<meta name=\"twitter:data1\" content=\"8 minutes\" \/>\n<script type=\"application\/ld+json\" class=\"yoast-schema-graph\">{\"@context\":\"https:\\\/\\\/schema.org\",\"@graph\":[{\"@type\":\"WebPage\",\"@id\":\"https:\\\/\\\/www.golfenescocia.com\\\/es\\\/campos-de-golf-en-escocia\\\/\",\"url\":\"https:\\\/\\\/www.golfenescocia.com\\\/es\\\/campos-de-golf-en-escocia\\\/\",\"name\":\"Campos de golf en Escocia\",\"isPartOf\":{\"@id\":\"https:\\\/\\\/www.golfenescocia.com\\\/es\\\/#website\"},\"primaryImageOfPage\":{\"@id\":\"https:\\\/\\\/www.golfenescocia.com\\\/es\\\/campos-de-golf-en-escocia\\\/#primaryimage\"},\"image\":{\"@id\":\"https:\\\/\\\/www.golfenescocia.com\\\/es\\\/campos-de-golf-en-escocia\\\/#primaryimage\"},\"thumbnailUrl\":\"\",\"datePublished\":\"2015-01-25T17:59:44+00:00\",\"dateModified\":\"2017-11-28T11:13:05+00:00\",\"description\":\"Hemos dividido Escocia en 6 regiones de golf principales. Nuestro mapa le ayudar\u00e1 a elegir las regiones que desea visitar.\",\"breadcrumb\":{\"@id\":\"https:\\\/\\\/www.golfenescocia.com\\\/es\\\/campos-de-golf-en-escocia\\\/#breadcrumb\"},\"inLanguage\":\"fr-FR\",\"potentialAction\":[{\"@type\":\"ReadAction\",\"target\":[\"https:\\\/\\\/www.golfenescocia.com\\\/es\\\/campos-de-golf-en-escocia\\\/\"]}]},{\"@type\":\"ImageObject\",\"inLanguage\":\"fr-FR\",\"@id\":\"https:\\\/\\\/www.golfenescocia.com\\\/es\\\/campos-de-golf-en-escocia\\\/#primaryimage\",\"url\":\"\",\"contentUrl\":\"\",\"width\":2000,\"height\":1061,\"caption\":\"Campos de Golf en Escocia\"},{\"@type\":\"BreadcrumbList\",\"@id\":\"https:\\\/\\\/www.golfenescocia.com\\\/es\\\/campos-de-golf-en-escocia\\\/#breadcrumb\",\"itemListElement\":[{\"@type\":\"ListItem\",\"position\":1,\"name\":\"Home\",\"item\":\"https:\\\/\\\/www.golfenescocia.com\\\/es\\\/\"},{\"@type\":\"ListItem\",\"position\":2,\"name\":\"Campos de golf en Escocia\"}]},{\"@type\":\"WebSite\",\"@id\":\"https:\\\/\\\/www.golfenescocia.com\\\/es\\\/#website\",\"url\":\"https:\\\/\\\/www.golfenescocia.com\\\/es\\\/\",\"name\":\"\",\"description\":\"Viajes de Golf en Escocia\",\"potentialAction\":[{\"@type\":\"SearchAction\",\"target\":{\"@type\":\"EntryPoint\",\"urlTemplate\":\"https:\\\/\\\/www.golfenescocia.com\\\/es\\\/?s={search_term_string}\"},\"query-input\":{\"@type\":\"PropertyValueSpecification\",\"valueRequired\":true,\"valueName\":\"search_term_string\"}}],\"inLanguage\":\"fr-FR\"}]}<\/script>\n<!-- \/ Yoast SEO plugin. -->","yoast_head_json":{"title":"Campos de golf en Escocia","description":"Hemos dividido Escocia en 6 regiones de golf principales. Nuestro mapa le ayudar\u00e1 a elegir las regiones que desea visitar.","robots":{"index":"index","follow":"follow","max-snippet":"max-snippet:-1","max-image-preview":"max-image-preview:large","max-video-preview":"max-video-preview:-1"},"canonical":"https:\/\/www.golfenescocia.com\/es\/campos-de-golf-en-escocia\/","og_locale":"fr_FR","og_type":"article","og_title":"Campos de golf en Escocia","og_description":"Hemos dividido Escocia en 6 regiones de golf principales. Nuestro mapa le ayudar\u00e1 a elegir las regiones que desea visitar.","og_url":"https:\/\/www.golfenescocia.com\/es\/campos-de-golf-en-escocia\/","article_modified_time":"2017-11-28T11:13:05+00:00","twitter_card":"summary_large_image","twitter_misc":{"Dur\u00e9e de lecture estim\u00e9e":"8 minutes"},"schema":{"@context":"https:\/\/schema.org","@graph":[{"@type":"WebPage","@id":"https:\/\/www.golfenescocia.com\/es\/campos-de-golf-en-escocia\/","url":"https:\/\/www.golfenescocia.com\/es\/campos-de-golf-en-escocia\/","name":"Campos de golf en Escocia","isPartOf":{"@id":"https:\/\/www.golfenescocia.com\/es\/#website"},"primaryImageOfPage":{"@id":"https:\/\/www.golfenescocia.com\/es\/campos-de-golf-en-escocia\/#primaryimage"},"image":{"@id":"https:\/\/www.golfenescocia.com\/es\/campos-de-golf-en-escocia\/#primaryimage"},"thumbnailUrl":"","datePublished":"2015-01-25T17:59:44+00:00","dateModified":"2017-11-28T11:13:05+00:00","description":"Hemos dividido Escocia en 6 regiones de golf principales. Nuestro mapa le ayudar\u00e1 a elegir las regiones que desea visitar.","breadcrumb":{"@id":"https:\/\/www.golfenescocia.com\/es\/campos-de-golf-en-escocia\/#breadcrumb"},"inLanguage":"fr-FR","potentialAction":[{"@type":"ReadAction","target":["https:\/\/www.golfenescocia.com\/es\/campos-de-golf-en-escocia\/"]}]},{"@type":"ImageObject","inLanguage":"fr-FR","@id":"https:\/\/www.golfenescocia.com\/es\/campos-de-golf-en-escocia\/#primaryimage","url":"","contentUrl":"","width":2000,"height":1061,"caption":"Campos de Golf en Escocia"},{"@type":"BreadcrumbList","@id":"https:\/\/www.golfenescocia.com\/es\/campos-de-golf-en-escocia\/#breadcrumb","itemListElement":[{"@type":"ListItem","position":1,"name":"Home","item":"https:\/\/www.golfenescocia.com\/es\/"},{"@type":"ListItem","position":2,"name":"Campos de golf en Escocia"}]},{"@type":"WebSite","@id":"https:\/\/www.golfenescocia.com\/es\/#website","url":"https:\/\/www.golfenescocia.com\/es\/","name":"","description":"Viajes de Golf en Escocia","potentialAction":[{"@type":"SearchAction","target":{"@type":"EntryPoint","urlTemplate":"https:\/\/www.golfenescocia.com\/es\/?s={search_term_string}"},"query-input":{"@type":"PropertyValueSpecification","valueRequired":true,"valueName":"search_term_string"}}],"inLanguage":"fr-FR"}]}},"_links":{"self":[{"href":"https:\/\/www.golfenescocia.com\/es\/wp-json\/wp\/v2\/pages\/8934","targetHints":{"allow":["GET"]}}],"collection":[{"href":"https:\/\/www.golfenescocia.com\/es\/wp-json\/wp\/v2\/pages"}],"about":[{"href":"https:\/\/www.golfenescocia.com\/es\/wp-json\/wp\/v2\/types\/page"}],"author":[{"embeddable":true,"href":"https:\/\/www.golfenescocia.com\/es\/wp-json\/wp\/v2\/users\/4"}],"replies":[{"embeddable":true,"href":"https:\/\/www.golfenescocia.com\/es\/wp-json\/wp\/v2\/comments?post=8934"}],"version-history":[{"count":5,"href":"https:\/\/www.golfenescocia.com\/es\/wp-json\/wp\/v2\/pages\/8934\/revisions"}],"predecessor-version":[{"id":11790,"href":"https:\/\/www.golfenescocia.com\/es\/wp-json\/wp\/v2\/pages\/8934\/revisions\/11790"}],"wp:featuredmedia":[{"embeddable":true,"href":"https:\/\/www.golfenescocia.com\/es\/wp-json\/wp\/v2\/media\/7769"}],"wp:attachment":[{"href":"https:\/\/www.golfenescocia.com\/es\/wp-json\/wp\/v2\/media?parent=8934"}],"curies":[{"name":"wp","href":"https:\/\/api.w.org\/{rel}","templated":true}]}}