{"id":8909,"date":"2015-02-03T12:08:03","date_gmt":"2015-02-03T12:08:03","guid":{"rendered":"https:\/\/www.golfenescocia.com\/acreditacion\/"},"modified":"2023-06-23T12:26:38","modified_gmt":"2023-06-23T12:26:38","slug":"acreditacion","status":"publish","type":"page","link":"https:\/\/www.golfenescocia.com\/es\/acreditacion\/","title":{"rendered":"Acreditaci\u00f3n"},"content":{"rendered":"<p>&nbsp;<\/p>\n<p><img loading=\"lazy\" decoding=\"async\" class=\"wp-image-4872 alignleft\" src=\"https:\/\/www.golfenescocia.com\/wp-content\/uploads\/2015\/02\/IAGTO-logo-300x104.jpg\" alt=\"IAGTO logo Golf Escocia\" width=\"318\" height=\"110\" srcset=\"https:\/\/www.golfenescocia.com\/wp-content\/uploads\/2015\/02\/IAGTO-logo-300x104.jpg 300w, https:\/\/www.golfenescocia.com\/wp-content\/uploads\/2015\/02\/IAGTO-logo-768x266.jpg 768w, https:\/\/www.golfenescocia.com\/wp-content\/uploads\/2015\/02\/IAGTO-logo.jpg 1024w\" sizes=\"auto, (max-width: 318px) 100vw, 318px\" \/>Nuestra agencia es miembro (n\u00b0 3291) de la organizaci\u00f3n m\u00e1s importante de especialistas en turismo de golf, la Asociaci\u00f3n Internacional de Operadores tur\u00edsticos de Golf. Como resultado, ofrecemos una garant\u00eda a nuestros clientes desde el comienzo de las reservas hasta el final de su estancia (seguros, normas). Nos comprometemos a brindar un excelente servicio, seguridad financiera y la mejor relaci\u00f3n calidad\/precio.<\/p>\n<p>&nbsp;<\/p>\n<p><img loading=\"lazy\" decoding=\"async\" class=\"wp-image-13691 size-full alignleft\" src=\"https:\/\/www.golfenescocia.com\/wp-content\/uploads\/2023\/06\/Authorised-Provider-St-Andrews.jpg\" alt=\"\" width=\"300\" height=\"300\" srcset=\"https:\/\/www.golfenescocia.com\/wp-content\/uploads\/2023\/06\/Authorised-Provider-St-Andrews.jpg 300w, https:\/\/www.golfenescocia.com\/wp-content\/uploads\/2023\/06\/Authorised-Provider-St-Andrews-150x150.jpg 150w\" sizes=\"auto, (max-width: 300px) 100vw, 300px\" \/>Somos socios oficiales de la organizaci\u00f3n St Andrews Links Trust, que gestiona todos los campos p\u00fablicos de St Andrews. Con esta colaboraci\u00f3n, recibimos un gran n\u00famero de salidas garantizadas cada a\u00f1o en el famoso campo \u00ab\u00a0Old Course\u00a0\u00bb y tenemos un acceso privilegiado a la reserva de todos los campos de la ciudad.<\/p>\n<p>&nbsp;<\/p>\n<p>&nbsp;<\/p>\n<p>&nbsp;<\/p>\n<p>&nbsp;<\/p>\n<p>&nbsp;<\/p>\n<p style=\"text-align: left;\"><img loading=\"lazy\" decoding=\"async\" class=\"wp-image-4876 alignleft\" src=\"https:\/\/www.golfenescocia.com\/wp-content\/uploads\/2015\/02\/Visit-scotland-300x82.jpg\" alt=\"Visit Scotland Golf Escocia\" width=\"335\" height=\"92\" srcset=\"https:\/\/www.golfenescocia.com\/wp-content\/uploads\/2015\/02\/Visit-scotland-300x82.jpg 300w, https:\/\/www.golfenescocia.com\/wp-content\/uploads\/2015\/02\/Visit-scotland-768x209.jpg 768w, https:\/\/www.golfenescocia.com\/wp-content\/uploads\/2015\/02\/Visit-scotland.jpg 790w\" sizes=\"auto, (max-width: 335px) 100vw, 335px\" \/>Mantenemos un gran v\u00ednculo con la Oficina de Turismo de Escocia.<\/p>\n<p style=\"text-align: left;\">&nbsp;<\/p>\n<p>&nbsp;<\/p>\n","protected":false},"excerpt":{"rendered":"<p>&nbsp; Nuestra agencia es miembro (n\u00b0 3291) de la organizaci\u00f3n m\u00e1s importante de especialistas en turismo de golf, la Asociaci\u00f3n Internacional de Operadores tur\u00edsticos de Golf. Como resultado, ofrecemos una garant\u00eda a nuestros clientes desde el comienzo de las reservas hasta el final de su estancia (seguros, normas). Nos comprometemos a brindar un excelente servicio, [&hellip;]<\/p>\n","protected":false},"author":4,"featured_media":12627,"parent":0,"menu_order":0,"comment_status":"open","ping_status":"open","template":"","meta":{"_genesis_hide_title":false,"_genesis_hide_breadcrumbs":false,"_genesis_hide_singular_image":false,"_genesis_hide_footer_widgets":false,"_genesis_custom_body_class":"","_genesis_custom_post_class":"","_genesis_layout":"full-width-content","footnotes":""},"class_list":{"0":"post-8909","1":"page","2":"type-page","3":"status-publish","4":"has-post-thumbnail","6":"entry"},"yoast_head":"<!-- This site is optimized with the Yoast SEO plugin v27.4 - https:\/\/yoast.com\/product\/yoast-seo-wordpress\/ -->\n<title>Acreditaci\u00f3n - Golf en Escocia<\/title>\n<meta name=\"description\" content=\"Acreditaci\u00f3n - Golf en Escocia\" \/>\n<meta name=\"robots\" content=\"index, follow, max-snippet:-1, max-image-preview:large, max-video-preview:-1\" \/>\n<link rel=\"canonical\" href=\"https:\/\/www.golfenescocia.com\/es\/acreditacion\/\" \/>\n<meta property=\"og:locale\" content=\"fr_FR\" \/>\n<meta property=\"og:type\" content=\"article\" \/>\n<meta property=\"og:title\" content=\"Acreditaci\u00f3n - Golf en Escocia\" \/>\n<meta property=\"og:description\" content=\"Acreditaci\u00f3n - Golf en Escocia\" \/>\n<meta property=\"og:url\" content=\"https:\/\/www.golfenescocia.com\/es\/acreditacion\/\" \/>\n<meta property=\"article:modified_time\" content=\"2023-06-23T12:26:38+00:00\" \/>\n<meta property=\"og:image\" content=\"https:\/\/www.golfenescocia.com\/wp-content\/uploads\/2018\/02\/iagto-golf-escocia.jpg\" \/>\n\t<meta property=\"og:image:width\" content=\"2000\" \/>\n\t<meta property=\"og:image:height\" content=\"996\" \/>\n\t<meta property=\"og:image:type\" content=\"image\/jpeg\" \/>\n<meta name=\"twitter:card\" content=\"summary_large_image\" \/>\n<meta name=\"twitter:label1\" content=\"Dur\u00e9e de lecture estim\u00e9e\" \/>\n\t<meta name=\"twitter:data1\" content=\"1 minute\" \/>\n<script type=\"application\/ld+json\" class=\"yoast-schema-graph\">{\"@context\":\"https:\\\/\\\/schema.org\",\"@graph\":[{\"@type\":\"WebPage\",\"@id\":\"https:\\\/\\\/www.golfenescocia.com\\\/es\\\/acreditacion\\\/\",\"url\":\"https:\\\/\\\/www.golfenescocia.com\\\/es\\\/acreditacion\\\/\",\"name\":\"Acreditaci\u00f3n - Golf en Escocia\",\"isPartOf\":{\"@id\":\"https:\\\/\\\/www.golfenescocia.com\\\/es\\\/#website\"},\"primaryImageOfPage\":{\"@id\":\"https:\\\/\\\/www.golfenescocia.com\\\/es\\\/acreditacion\\\/#primaryimage\"},\"image\":{\"@id\":\"https:\\\/\\\/www.golfenescocia.com\\\/es\\\/acreditacion\\\/#primaryimage\"},\"thumbnailUrl\":\"https:\\\/\\\/www.golfenescocia.com\\\/wp-content\\\/uploads\\\/2018\\\/02\\\/iagto-golf-escocia.jpg\",\"datePublished\":\"2015-02-03T12:08:03+00:00\",\"dateModified\":\"2023-06-23T12:26:38+00:00\",\"description\":\"Acreditaci\u00f3n - Golf en Escocia\",\"breadcrumb\":{\"@id\":\"https:\\\/\\\/www.golfenescocia.com\\\/es\\\/acreditacion\\\/#breadcrumb\"},\"inLanguage\":\"fr-FR\",\"potentialAction\":[{\"@type\":\"ReadAction\",\"target\":[\"https:\\\/\\\/www.golfenescocia.com\\\/es\\\/acreditacion\\\/\"]}]},{\"@type\":\"ImageObject\",\"inLanguage\":\"fr-FR\",\"@id\":\"https:\\\/\\\/www.golfenescocia.com\\\/es\\\/acreditacion\\\/#primaryimage\",\"url\":\"https:\\\/\\\/www.golfenescocia.com\\\/wp-content\\\/uploads\\\/2018\\\/02\\\/iagto-golf-escocia.jpg\",\"contentUrl\":\"https:\\\/\\\/www.golfenescocia.com\\\/wp-content\\\/uploads\\\/2018\\\/02\\\/iagto-golf-escocia.jpg\",\"width\":2000,\"height\":996},{\"@type\":\"BreadcrumbList\",\"@id\":\"https:\\\/\\\/www.golfenescocia.com\\\/es\\\/acreditacion\\\/#breadcrumb\",\"itemListElement\":[{\"@type\":\"ListItem\",\"position\":1,\"name\":\"Home\",\"item\":\"https:\\\/\\\/www.golfenescocia.com\\\/es\\\/\"},{\"@type\":\"ListItem\",\"position\":2,\"name\":\"Acreditaci\u00f3n\"}]},{\"@type\":\"WebSite\",\"@id\":\"https:\\\/\\\/www.golfenescocia.com\\\/es\\\/#website\",\"url\":\"https:\\\/\\\/www.golfenescocia.com\\\/es\\\/\",\"name\":\"\",\"description\":\"Viajes de Golf en Escocia\",\"potentialAction\":[{\"@type\":\"SearchAction\",\"target\":{\"@type\":\"EntryPoint\",\"urlTemplate\":\"https:\\\/\\\/www.golfenescocia.com\\\/es\\\/?s={search_term_string}\"},\"query-input\":{\"@type\":\"PropertyValueSpecification\",\"valueRequired\":true,\"valueName\":\"search_term_string\"}}],\"inLanguage\":\"fr-FR\"}]}<\/script>\n<!-- \/ Yoast SEO plugin. -->","yoast_head_json":{"title":"Acreditaci\u00f3n - Golf en Escocia","description":"Acreditaci\u00f3n - Golf en Escocia","robots":{"index":"index","follow":"follow","max-snippet":"max-snippet:-1","max-image-preview":"max-image-preview:large","max-video-preview":"max-video-preview:-1"},"canonical":"https:\/\/www.golfenescocia.com\/es\/acreditacion\/","og_locale":"fr_FR","og_type":"article","og_title":"Acreditaci\u00f3n - Golf en Escocia","og_description":"Acreditaci\u00f3n - Golf en Escocia","og_url":"https:\/\/www.golfenescocia.com\/es\/acreditacion\/","article_modified_time":"2023-06-23T12:26:38+00:00","og_image":[{"width":2000,"height":996,"url":"https:\/\/www.golfenescocia.com\/wp-content\/uploads\/2018\/02\/iagto-golf-escocia.jpg","type":"image\/jpeg"}],"twitter_card":"summary_large_image","twitter_misc":{"Dur\u00e9e de lecture estim\u00e9e":"1 minute"},"schema":{"@context":"https:\/\/schema.org","@graph":[{"@type":"WebPage","@id":"https:\/\/www.golfenescocia.com\/es\/acreditacion\/","url":"https:\/\/www.golfenescocia.com\/es\/acreditacion\/","name":"Acreditaci\u00f3n - Golf en Escocia","isPartOf":{"@id":"https:\/\/www.golfenescocia.com\/es\/#website"},"primaryImageOfPage":{"@id":"https:\/\/www.golfenescocia.com\/es\/acreditacion\/#primaryimage"},"image":{"@id":"https:\/\/www.golfenescocia.com\/es\/acreditacion\/#primaryimage"},"thumbnailUrl":"https:\/\/www.golfenescocia.com\/wp-content\/uploads\/2018\/02\/iagto-golf-escocia.jpg","datePublished":"2015-02-03T12:08:03+00:00","dateModified":"2023-06-23T12:26:38+00:00","description":"Acreditaci\u00f3n - Golf en Escocia","breadcrumb":{"@id":"https:\/\/www.golfenescocia.com\/es\/acreditacion\/#breadcrumb"},"inLanguage":"fr-FR","potentialAction":[{"@type":"ReadAction","target":["https:\/\/www.golfenescocia.com\/es\/acreditacion\/"]}]},{"@type":"ImageObject","inLanguage":"fr-FR","@id":"https:\/\/www.golfenescocia.com\/es\/acreditacion\/#primaryimage","url":"https:\/\/www.golfenescocia.com\/wp-content\/uploads\/2018\/02\/iagto-golf-escocia.jpg","contentUrl":"https:\/\/www.golfenescocia.com\/wp-content\/uploads\/2018\/02\/iagto-golf-escocia.jpg","width":2000,"height":996},{"@type":"BreadcrumbList","@id":"https:\/\/www.golfenescocia.com\/es\/acreditacion\/#breadcrumb","itemListElement":[{"@type":"ListItem","position":1,"name":"Home","item":"https:\/\/www.golfenescocia.com\/es\/"},{"@type":"ListItem","position":2,"name":"Acreditaci\u00f3n"}]},{"@type":"WebSite","@id":"https:\/\/www.golfenescocia.com\/es\/#website","url":"https:\/\/www.golfenescocia.com\/es\/","name":"","description":"Viajes de Golf en Escocia","potentialAction":[{"@type":"SearchAction","target":{"@type":"EntryPoint","urlTemplate":"https:\/\/www.golfenescocia.com\/es\/?s={search_term_string}"},"query-input":{"@type":"PropertyValueSpecification","valueRequired":true,"valueName":"search_term_string"}}],"inLanguage":"fr-FR"}]}},"_links":{"self":[{"href":"https:\/\/www.golfenescocia.com\/es\/wp-json\/wp\/v2\/pages\/8909","targetHints":{"allow":["GET"]}}],"collection":[{"href":"https:\/\/www.golfenescocia.com\/es\/wp-json\/wp\/v2\/pages"}],"about":[{"href":"https:\/\/www.golfenescocia.com\/es\/wp-json\/wp\/v2\/types\/page"}],"author":[{"embeddable":true,"href":"https:\/\/www.golfenescocia.com\/es\/wp-json\/wp\/v2\/users\/4"}],"replies":[{"embeddable":true,"href":"https:\/\/www.golfenescocia.com\/es\/wp-json\/wp\/v2\/comments?post=8909"}],"version-history":[{"count":11,"href":"https:\/\/www.golfenescocia.com\/es\/wp-json\/wp\/v2\/pages\/8909\/revisions"}],"predecessor-version":[{"id":13695,"href":"https:\/\/www.golfenescocia.com\/es\/wp-json\/wp\/v2\/pages\/8909\/revisions\/13695"}],"wp:featuredmedia":[{"embeddable":true,"href":"https:\/\/www.golfenescocia.com\/es\/wp-json\/wp\/v2\/media\/12627"}],"wp:attachment":[{"href":"https:\/\/www.golfenescocia.com\/es\/wp-json\/wp\/v2\/media?parent=8909"}],"curies":[{"name":"wp","href":"https:\/\/api.w.org\/{rel}","templated":true}]}}