{"id":8832,"date":"2017-06-07T10:55:54","date_gmt":"2017-06-07T10:55:54","guid":{"rendered":"https:\/\/www.golfenescocia.com\/saint-andrews\/"},"modified":"2023-10-02T11:16:21","modified_gmt":"2023-10-02T11:16:21","slug":"saint-andrews","status":"publish","type":"page","link":"https:\/\/www.golfenescocia.com\/es\/saint-andrews\/","title":{"rendered":"Saint Andrews"},"content":{"rendered":"<p>St Andrews es el destino m\u00e1s popular del mundo para jugar al golf. Cuenta con una gran variedad de campos p\u00fablicos y privados. El m\u00e1s prestigioso es el Old Course de St Andrews y el Championship Course de Carnoustie. Sin embargo, los campos nuevos, como el Kingsbarns, pueden llegar a ser m\u00e1s populares que los antiguos.<br \/>\nPara el famoso Old Course, nuestra agencia asegura todos los a\u00f1os horas de salida garantizadas y \u00e9xito a trav\u00e9s del sistema de sorteo (Ballot).<\/p>\n<div class=\"center\" style=\"text-align: center;\"><a class=\"button\" title=\"salida garantizada en el famoso Old Course\" href=\"https:\/\/www.golfenescocia.com\/saint-andrews\/salidas-garantizadas\/\">Reserve su salida garantizada en el famoso Old Course<\/a><\/div>\n<section>\n<div class=\"one-third first\">\n<h4 style=\"text-align: center; padding: 25px 0 0 0;\">~ PAQUETES ST ANDREWS ~<\/h4>\n<p><a href=\"https:\/\/www.golfenescocia.com\/es\/saint-andrews\/nuestros-paquetes-saint-andrews\/\"><img loading=\"lazy\" decoding=\"async\" class=\"alignnone size-full wp-image-4912\" src=\"https:\/\/www.golfenescocia.com\/wp-content\/uploads\/2017\/06\/Old-Course.png\" alt=\"Old Course\" width=\"380\" height=\"380\" srcset=\"https:\/\/www.golfenescocia.com\/wp-content\/uploads\/2017\/06\/Old-Course.png 380w, https:\/\/www.golfenescocia.com\/wp-content\/uploads\/2017\/06\/Old-Course-150x150.png 150w, https:\/\/www.golfenescocia.com\/wp-content\/uploads\/2017\/06\/Old-Course-300x300.png 300w\" sizes=\"auto, (max-width: 380px) 100vw, 380px\" \/><\/a><\/p>\n<\/div>\n<div class=\"one-third\">\n<h4 style=\"text-align: center; padding: 25px 0 0 0;\">~ CAMPOS EN ST ANDREWS\u00a0~<\/h4>\n<p><a href=\"https:\/\/www.golfenescocia.com\/es\/campos-de-golf-en-escocia\/region-de-golf-de-st-andrews\/\"><img loading=\"lazy\" decoding=\"async\" class=\"alignnone size-full wp-image-4918\" src=\"https:\/\/www.golfenescocia.com\/wp-content\/uploads\/2017\/06\/campos-golf-saint-andrews.jpg\" alt=\"Campos golf Saint Andrews\" width=\"380\" height=\"380\" srcset=\"https:\/\/www.golfenescocia.com\/wp-content\/uploads\/2017\/06\/campos-golf-saint-andrews.jpg 380w, https:\/\/www.golfenescocia.com\/wp-content\/uploads\/2017\/06\/campos-golf-saint-andrews-150x150.jpg 150w, https:\/\/www.golfenescocia.com\/wp-content\/uploads\/2017\/06\/campos-golf-saint-andrews-300x300.jpg 300w\" sizes=\"auto, (max-width: 380px) 100vw, 380px\" \/><\/a><\/p>\n<\/div>\n<div class=\"one-third\">\n<h4 style=\"text-align: center; padding: 25px 0 0 0;\">~ OLD COURSE ~<\/h4>\n<p><a href=\"https:\/\/www.golfenescocia.com\/es\/saint-andrews\/old-course-saint-andrews\/\"><img loading=\"lazy\" decoding=\"async\" class=\"alignnone size-full wp-image-4922\" src=\"https:\/\/www.golfenescocia.com\/wp-content\/uploads\/2017\/06\/destinos-saint-andrews.jpg\" alt=\"Destinos Saint Andrews - Golf en Escocia\" width=\"380\" height=\"380\" srcset=\"https:\/\/www.golfenescocia.com\/wp-content\/uploads\/2017\/06\/destinos-saint-andrews.jpg 380w, https:\/\/www.golfenescocia.com\/wp-content\/uploads\/2017\/06\/destinos-saint-andrews-150x150.jpg 150w, https:\/\/www.golfenescocia.com\/wp-content\/uploads\/2017\/06\/destinos-saint-andrews-300x300.jpg 300w\" sizes=\"auto, (max-width: 380px) 100vw, 380px\" \/><\/a><\/p>\n<\/div>\n<\/section>\n<section><\/div>\n<section>\n<div class=\"one-third first\">\n<h4 style=\"text-align: center; padding: 25px 0 0 0;\">~ SALIDAS GARANTIZADAS ~<\/h4>\n<p><a href=\"https:\/\/www.golfenescocia.com\/saint-andrews\/salidas-garantizadas\/\"><img loading=\"lazy\" decoding=\"async\" class=\"alignnone wp-image-11935 size-full\" src=\"https:\/\/www.golfenescocia.com\/wp-content\/uploads\/2017\/06\/salidas-garantizadas-old-course-saint-andrews.jpg\" alt=\"Salidas Garantizadas Old Course Saint Andrews\" width=\"380\" height=\"380\" srcset=\"https:\/\/www.golfenescocia.com\/wp-content\/uploads\/2017\/06\/salidas-garantizadas-old-course-saint-andrews.jpg 380w, https:\/\/www.golfenescocia.com\/wp-content\/uploads\/2017\/06\/salidas-garantizadas-old-course-saint-andrews-150x150.jpg 150w, https:\/\/www.golfenescocia.com\/wp-content\/uploads\/2017\/06\/salidas-garantizadas-old-course-saint-andrews-300x300.jpg 300w\" sizes=\"auto, (max-width: 380px) 100vw, 380px\" \/><\/a><\/p>\n<\/div>\n<div class=\"one-third\">\n<h4 style=\"text-align: center; padding: 25px 0 0 0;\">~ SORTEO DEL OLD COURSE ~<\/h4>\n<p><a href=\"https:\/\/www.golfenescocia.com\/saint-andrews\/sorteo-del-old-course\/\"><img loading=\"lazy\" decoding=\"async\" class=\"alignnone wp-image-11938 size-full\" src=\"https:\/\/www.golfenescocia.com\/wp-content\/uploads\/2017\/06\/sorteo-del-old-course-saint-andrews.jpg\" alt=\"Sorteo del Old Course Saint Andrews\" width=\"380\" height=\"380\" srcset=\"https:\/\/www.golfenescocia.com\/wp-content\/uploads\/2017\/06\/sorteo-del-old-course-saint-andrews.jpg 380w, https:\/\/www.golfenescocia.com\/wp-content\/uploads\/2017\/06\/sorteo-del-old-course-saint-andrews-150x150.jpg 150w, https:\/\/www.golfenescocia.com\/wp-content\/uploads\/2017\/06\/sorteo-del-old-course-saint-andrews-300x300.jpg 300w\" sizes=\"auto, (max-width: 380px) 100vw, 380px\" \/><\/a><\/p>\n<\/div>\n<div class=\"one-third\">\n<h4 style=\"text-align: center; padding: 25px 0 0 0;\">~ CLASES DE GOLF\u00a0~<\/h4>\n<p><a href=\"https:\/\/www.golfenescocia.com\/es\/saint-andrews\/clases-de-golf-st-andrews\/\"><img loading=\"lazy\" decoding=\"async\" class=\"alignnone size-full wp-image-4957\" src=\"https:\/\/www.golfenescocia.com\/wp-content\/uploads\/2017\/06\/clases-de-golf.jpg\" alt=\"Clases de golf\" width=\"380\" height=\"380\" srcset=\"https:\/\/www.golfenescocia.com\/wp-content\/uploads\/2017\/06\/clases-de-golf.jpg 380w, https:\/\/www.golfenescocia.com\/wp-content\/uploads\/2017\/06\/clases-de-golf-150x150.jpg 150w, https:\/\/www.golfenescocia.com\/wp-content\/uploads\/2017\/06\/clases-de-golf-300x300.jpg 300w\" sizes=\"auto, (max-width: 380px) 100vw, 380px\" \/><\/a><\/p>\n<\/div>\n<\/section>\n<p>St Andrews, la capital de Fife, es una de las ciudades con m\u00e1s encanto de Europa. Es mundialmente conocida por ser la Cuna del Golf, pues fue aqu\u00ed donde se desarroll\u00f3 este deporte hace ya m\u00e1s de 600 a\u00f1os. La cantidad y calidad de los campos de golf que la rodean muestran la importancia de este deporte.<br \/>\nPensar en St Andrews es, inevitablemente, pensar en el Old Course. En efecto, este campo atrae a miles de jugadores dispuestos a aceptar el desaf\u00edo de su espectacular dise\u00f1o. Es el campo que todo golfista debe jugar, al menos, una vez en su vida.<\/p>\n<p>Carnoustie y Kingburns son tambi\u00e9n campos de una calidad excepcional. Carnoustie ha sido sede de numerosos Open brit\u00e1nicos y la fama de Kingbarns, considerado una joya de este siglo, crece cada d\u00eda.<\/p>\n<p>En la ciudad, junto al Old Course, se encuentran el New Course, Jubilee Course, Strathtyrum Course y Balgove Course (de 9 hoyos). En 2008 se inaugur\u00f3 Castle Course, un nuevo campo justo a las afueras de la ciudad, encima de un acantilado, con unas espl\u00e9ndidas vistas al Mar del Norte y a St Andrews.<\/p>\n<p>Nuestra agencia es proveedor autorizado del St Andrews Links Trust, organismo que controla los campos p\u00fablicos de St Andrews. Eso nos garantiza un gran n\u00famero de salidas garantizadas en el Old Course y un acceso privilegiado a todos los campos de la ciudad. Nuestros clientes depositan su confianza en nosotros para conseguir jugar en el campo m\u00e1s carism\u00e1tico a trav\u00e9s de salidas garantizadas o a trav\u00e9s del sorteo.<\/p>\n<p>La relevancia del golf en St Andrews tambi\u00e9n se refleja en sus clubs. Existen, por ejemplo, clubs exclusivos masculinos y femeninos. El Royal&amp;Ancient Club, que admite socias desde hace s\u00f3lo unos a\u00f1os, ha sido tradicionalmente el organismo regulador del golf, su equipamiento (palos, pelotas\u2026) y su desarrollo en el resto del mundo excepto EEUU y M\u00e9xico.<\/p>\n<p>Otros clubs de la ciudad son The New Club y el St Andrews Club. St Regulus y St Rule son clubs exclusivos para mujeres.<\/p>\n<p>St Andrews cuenta, adem\u00e1s, con la universidad m\u00e1s antigua de Escocia y la tercera en el mundo anglosaj\u00f3n. Su prestigio se refleja en los estudiantes del Reino Unido y de todo el mundo que acuden cada a\u00f1o a esta peque\u00f1a ciudad y constituyen un tercio de la poblaci\u00f3n total. En un lugar as\u00ed no es de extra\u00f1ar la gran cantidad de pubs, caf\u00e9s, bares y restaurantes que encontramos en sus calles.<\/p>\n<p>La oferta cultural es muy amplia. A la larga lista de museos y lugares de inter\u00e9s hist\u00f3rico, como el castillo o las ruinas de la catedral g\u00f3tica, en su tiempo la mayor de Escocia, podemos a\u00f1adir algunas atracciones muy interesantes.<\/p>\n<p>Fife es conocido por la calidad de su cebada. Junto al campo de golf Kingsbarns encontramos la destiler\u00eda del mismo nombre, que se puede visitar y as\u00ed tener la oportunidad de saborear un buen whisky.<\/p>\n<p>Las largas playas de St Andrews merecen una menci\u00f3n especial. Sus dos playas consiguen a\u00f1o tras a\u00f1o banderas azules y otros reconocimientos, como el Seaside Award. En este maravilloso entorno se rod\u00f3 la pel\u00edcula Carros de Fuego. \u00bfQui\u00e9n no recuerda la memorable escena de la carrera en la playa? Le recomendamos un paseo desde la parte sur de la playa hacia el norte, donde se encuentra la Reserva Natural del Estuario del Eden, hogar de aves y focas.<\/p>\n<p>The Fife Coastal Path, o Sendero de la Costa de Fife, es una preciosa ruta de senderismo que bordea todo el Reino de Fife, desde el estuario del r\u00edo Forth hasta el del Tay.<\/p>\n<p>Tanto si lo que busca es jugar al golf, saborear un buen whisky en un pub, o disfrutar al aire libre, no hay duda de que St Andrews y alrededores es el destino perfecto para unas vacaciones inolvidables.<\/p>\n","protected":false},"excerpt":{"rendered":"<p>St Andrews es el destino m\u00e1s popular del mundo para jugar al golf. Cuenta con una gran variedad de campos p\u00fablicos y privados. El m\u00e1s prestigioso es el Old Course de St Andrews y el Championship Course de Carnoustie. Sin embargo, los campos nuevos, como el Kingsbarns, pueden llegar a ser m\u00e1s populares que los [&hellip;]<\/p>\n","protected":false},"author":5,"featured_media":8388,"parent":0,"menu_order":0,"comment_status":"closed","ping_status":"closed","template":"","meta":{"_genesis_hide_title":false,"_genesis_hide_breadcrumbs":false,"_genesis_hide_singular_image":false,"_genesis_hide_footer_widgets":false,"_genesis_custom_body_class":"","_genesis_custom_post_class":"","_genesis_layout":"","footnotes":""},"class_list":{"0":"post-8832","1":"page","2":"type-page","3":"status-publish","4":"has-post-thumbnail","6":"entry"},"yoast_head":"<!-- This site is optimized with the Yoast SEO plugin v27.4 - https:\/\/yoast.com\/product\/yoast-seo-wordpress\/ -->\n<title>Golf en St Andrews - Golf en Escocia<\/title>\n<meta name=\"description\" content=\"Saint Andrews en Escocia es el destino para jugar al golf m\u00e1s popular del mundo. Cuenta con una gran variedad de campos p\u00fablicos y privados.\" \/>\n<meta name=\"robots\" content=\"index, follow, max-snippet:-1, max-image-preview:large, max-video-preview:-1\" \/>\n<link rel=\"canonical\" href=\"https:\/\/www.golfenescocia.com\/es\/saint-andrews\/\" \/>\n<meta property=\"og:locale\" content=\"fr_FR\" \/>\n<meta property=\"og:type\" content=\"article\" \/>\n<meta property=\"og:title\" content=\"Golf en St Andrews - Golf en Escocia\" \/>\n<meta property=\"og:description\" content=\"Saint Andrews en Escocia es el destino para jugar al golf m\u00e1s popular del mundo. Cuenta con una gran variedad de campos p\u00fablicos y privados.\" \/>\n<meta property=\"og:url\" content=\"https:\/\/www.golfenescocia.com\/es\/saint-andrews\/\" \/>\n<meta property=\"article:modified_time\" content=\"2023-10-02T11:16:21+00:00\" \/>\n<meta name=\"twitter:card\" content=\"summary_large_image\" \/>\n<meta name=\"twitter:label1\" content=\"Dur\u00e9e de lecture estim\u00e9e\" \/>\n\t<meta name=\"twitter:data1\" content=\"6 minutes\" \/>\n<script type=\"application\/ld+json\" class=\"yoast-schema-graph\">{\"@context\":\"https:\\\/\\\/schema.org\",\"@graph\":[{\"@type\":\"WebPage\",\"@id\":\"https:\\\/\\\/www.golfenescocia.com\\\/es\\\/saint-andrews\\\/\",\"url\":\"https:\\\/\\\/www.golfenescocia.com\\\/es\\\/saint-andrews\\\/\",\"name\":\"Golf en St Andrews - Golf en Escocia\",\"isPartOf\":{\"@id\":\"https:\\\/\\\/www.golfenescocia.com\\\/es\\\/#website\"},\"primaryImageOfPage\":{\"@id\":\"https:\\\/\\\/www.golfenescocia.com\\\/es\\\/saint-andrews\\\/#primaryimage\"},\"image\":{\"@id\":\"https:\\\/\\\/www.golfenescocia.com\\\/es\\\/saint-andrews\\\/#primaryimage\"},\"thumbnailUrl\":\"\",\"datePublished\":\"2017-06-07T10:55:54+00:00\",\"dateModified\":\"2023-10-02T11:16:21+00:00\",\"description\":\"Saint Andrews en Escocia es el destino para jugar al golf m\u00e1s popular del mundo. Cuenta con una gran variedad de campos p\u00fablicos y privados.\",\"breadcrumb\":{\"@id\":\"https:\\\/\\\/www.golfenescocia.com\\\/es\\\/saint-andrews\\\/#breadcrumb\"},\"inLanguage\":\"fr-FR\",\"potentialAction\":[{\"@type\":\"ReadAction\",\"target\":[\"https:\\\/\\\/www.golfenescocia.com\\\/es\\\/saint-andrews\\\/\"]}]},{\"@type\":\"ImageObject\",\"inLanguage\":\"fr-FR\",\"@id\":\"https:\\\/\\\/www.golfenescocia.com\\\/es\\\/saint-andrews\\\/#primaryimage\",\"url\":\"\",\"contentUrl\":\"\",\"width\":2000,\"height\":1257,\"caption\":\"Saint Andrews - Golf en Escocia\"},{\"@type\":\"BreadcrumbList\",\"@id\":\"https:\\\/\\\/www.golfenescocia.com\\\/es\\\/saint-andrews\\\/#breadcrumb\",\"itemListElement\":[{\"@type\":\"ListItem\",\"position\":1,\"name\":\"Home\",\"item\":\"https:\\\/\\\/www.golfenescocia.com\\\/es\\\/\"},{\"@type\":\"ListItem\",\"position\":2,\"name\":\"Saint Andrews\"}]},{\"@type\":\"WebSite\",\"@id\":\"https:\\\/\\\/www.golfenescocia.com\\\/es\\\/#website\",\"url\":\"https:\\\/\\\/www.golfenescocia.com\\\/es\\\/\",\"name\":\"\",\"description\":\"Viajes de Golf en Escocia\",\"potentialAction\":[{\"@type\":\"SearchAction\",\"target\":{\"@type\":\"EntryPoint\",\"urlTemplate\":\"https:\\\/\\\/www.golfenescocia.com\\\/es\\\/?s={search_term_string}\"},\"query-input\":{\"@type\":\"PropertyValueSpecification\",\"valueRequired\":true,\"valueName\":\"search_term_string\"}}],\"inLanguage\":\"fr-FR\"}]}<\/script>\n<!-- \/ Yoast SEO plugin. -->","yoast_head_json":{"title":"Golf en St Andrews - Golf en Escocia","description":"Saint Andrews en Escocia es el destino para jugar al golf m\u00e1s popular del mundo. Cuenta con una gran variedad de campos p\u00fablicos y privados.","robots":{"index":"index","follow":"follow","max-snippet":"max-snippet:-1","max-image-preview":"max-image-preview:large","max-video-preview":"max-video-preview:-1"},"canonical":"https:\/\/www.golfenescocia.com\/es\/saint-andrews\/","og_locale":"fr_FR","og_type":"article","og_title":"Golf en St Andrews - Golf en Escocia","og_description":"Saint Andrews en Escocia es el destino para jugar al golf m\u00e1s popular del mundo. Cuenta con una gran variedad de campos p\u00fablicos y privados.","og_url":"https:\/\/www.golfenescocia.com\/es\/saint-andrews\/","article_modified_time":"2023-10-02T11:16:21+00:00","twitter_card":"summary_large_image","twitter_misc":{"Dur\u00e9e de lecture estim\u00e9e":"6 minutes"},"schema":{"@context":"https:\/\/schema.org","@graph":[{"@type":"WebPage","@id":"https:\/\/www.golfenescocia.com\/es\/saint-andrews\/","url":"https:\/\/www.golfenescocia.com\/es\/saint-andrews\/","name":"Golf en St Andrews - Golf en Escocia","isPartOf":{"@id":"https:\/\/www.golfenescocia.com\/es\/#website"},"primaryImageOfPage":{"@id":"https:\/\/www.golfenescocia.com\/es\/saint-andrews\/#primaryimage"},"image":{"@id":"https:\/\/www.golfenescocia.com\/es\/saint-andrews\/#primaryimage"},"thumbnailUrl":"","datePublished":"2017-06-07T10:55:54+00:00","dateModified":"2023-10-02T11:16:21+00:00","description":"Saint Andrews en Escocia es el destino para jugar al golf m\u00e1s popular del mundo. Cuenta con una gran variedad de campos p\u00fablicos y privados.","breadcrumb":{"@id":"https:\/\/www.golfenescocia.com\/es\/saint-andrews\/#breadcrumb"},"inLanguage":"fr-FR","potentialAction":[{"@type":"ReadAction","target":["https:\/\/www.golfenescocia.com\/es\/saint-andrews\/"]}]},{"@type":"ImageObject","inLanguage":"fr-FR","@id":"https:\/\/www.golfenescocia.com\/es\/saint-andrews\/#primaryimage","url":"","contentUrl":"","width":2000,"height":1257,"caption":"Saint Andrews - Golf en Escocia"},{"@type":"BreadcrumbList","@id":"https:\/\/www.golfenescocia.com\/es\/saint-andrews\/#breadcrumb","itemListElement":[{"@type":"ListItem","position":1,"name":"Home","item":"https:\/\/www.golfenescocia.com\/es\/"},{"@type":"ListItem","position":2,"name":"Saint Andrews"}]},{"@type":"WebSite","@id":"https:\/\/www.golfenescocia.com\/es\/#website","url":"https:\/\/www.golfenescocia.com\/es\/","name":"","description":"Viajes de Golf en Escocia","potentialAction":[{"@type":"SearchAction","target":{"@type":"EntryPoint","urlTemplate":"https:\/\/www.golfenescocia.com\/es\/?s={search_term_string}"},"query-input":{"@type":"PropertyValueSpecification","valueRequired":true,"valueName":"search_term_string"}}],"inLanguage":"fr-FR"}]}},"_links":{"self":[{"href":"https:\/\/www.golfenescocia.com\/es\/wp-json\/wp\/v2\/pages\/8832","targetHints":{"allow":["GET"]}}],"collection":[{"href":"https:\/\/www.golfenescocia.com\/es\/wp-json\/wp\/v2\/pages"}],"about":[{"href":"https:\/\/www.golfenescocia.com\/es\/wp-json\/wp\/v2\/types\/page"}],"author":[{"embeddable":true,"href":"https:\/\/www.golfenescocia.com\/es\/wp-json\/wp\/v2\/users\/5"}],"replies":[{"embeddable":true,"href":"https:\/\/www.golfenescocia.com\/es\/wp-json\/wp\/v2\/comments?post=8832"}],"version-history":[{"count":24,"href":"https:\/\/www.golfenescocia.com\/es\/wp-json\/wp\/v2\/pages\/8832\/revisions"}],"predecessor-version":[{"id":14777,"href":"https:\/\/www.golfenescocia.com\/es\/wp-json\/wp\/v2\/pages\/8832\/revisions\/14777"}],"wp:featuredmedia":[{"embeddable":true,"href":"https:\/\/www.golfenescocia.com\/es\/wp-json\/wp\/v2\/media\/8388"}],"wp:attachment":[{"href":"https:\/\/www.golfenescocia.com\/es\/wp-json\/wp\/v2\/media?parent=8832"}],"curies":[{"name":"wp","href":"https:\/\/api.w.org\/{rel}","templated":true}]}}