{"id":8680,"date":"2017-06-08T09:56:17","date_gmt":"2017-06-08T09:56:17","guid":{"rendered":"https:\/\/www.golfenescocia.com\/fortrose-rosemarkie\/"},"modified":"2023-09-30T13:49:07","modified_gmt":"2023-09-30T13:49:07","slug":"fortrose-rosemarkie","status":"publish","type":"page","link":"https:\/\/www.golfenescocia.com\/es\/campos-de-golf-en-escocia\/region-de-golf-de-highlands\/fortrose-rosemarkie\/","title":{"rendered":"Fortrose &#038; Rosemarkie"},"content":{"rendered":"<table style=\"width: 100%; height: 313px;\" border=\"0\">\n<tbody>\n<tr style=\"height: 27px;\">\n<td style=\"height: 27px;\">Nuestra clasificaci\u00f3n:<\/td>\n<td style=\"height: 27px;\"><img loading=\"lazy\" decoding=\"async\" class=\"size-full wp-image-4863 alignnone\" src=\"https:\/\/www.golfenescocia.com\/wp-content\/uploads\/2017\/06\/star4.png\" alt=\"\" width=\"118\" height=\"30\" \/><\/td>\n<td style=\"height: 197px;\" colspan=\"2\" rowspan=\"9\" align=\"center\" valign=\"top\" width=\"50%\"><img loading=\"lazy\" decoding=\"async\" class=\"aligncenter wp-image-7481\" src=\"https:\/\/www.golfenescocia.com\/wp-content\/uploads\/2017\/06\/scotland-map-209x300.png\" alt=\"\" width=\"418\" height=\"600\" srcset=\"https:\/\/www.golfenescocia.com\/wp-content\/uploads\/2017\/06\/scotland-map-209x300.png 209w, https:\/\/www.golfenescocia.com\/wp-content\/uploads\/2017\/06\/scotland-map.png 550w\" sizes=\"auto, (max-width: 418px) 100vw, 418px\" \/><\/td>\n<\/tr>\n<tr style=\"height: 30px;\">\n<td style=\"height: 30px;\">Ranking escoc\u00e9s:<\/td>\n<td style=\"height: 30px;\">54<\/td>\n<\/tr>\n<tr style=\"height: 10px;\">\n<td style=\"height: 10px;\" width=\"30%\">Arquitecto:<\/td>\n<td style=\"height: 10px;\" width=\"20%\">James Braid<\/td>\n<\/tr>\n<tr style=\"height: 24px;\">\n<td style=\"height: 24px;\">Fecha de inauguraci\u00f3n:<\/td>\n<td style=\"height: 24px;\">1888<\/td>\n<\/tr>\n<tr style=\"height: 14px;\">\n<td style=\"height: 14px;\">Par:<\/td>\n<td style=\"height: 14px;\">71<\/td>\n<\/tr>\n<tr style=\"height: 18px;\">\n<td style=\"height: 18px;\">Distancia de Saint Andrews:<\/td>\n<td style=\"height: 18px;\">255 km<\/td>\n<\/tr>\n<tr style=\"height: 33px;\">\n<td style=\"height: 33px;\">Distancia de Edimburgo:<\/td>\n<td style=\"height: 33px;\">265 km<\/td>\n<\/tr>\n<tr style=\"height: 27px;\">\n<td style=\"height: 27px;\">Distancia de Glasgow:<\/td>\n<td style=\"height: 27px;\">290 km<\/td>\n<\/tr>\n<tr style=\"height: 14px;\">\n<td style=\"height: 14px;\">Distancia de Inverness:<\/td>\n<td style=\"height: 14px;\">20 km<\/td>\n<\/tr>\n<tr style=\"height: 116px;\">\n<td style=\"height: 116px;\" colspan=\"4\">El campo se encuentra en una pen\u00ednsula llamada Chanonry Point, al norte de Inverness, hacia Rosemarkie Bay. La calle del faro divide el campo en dos, con suficiente espacio de cada lado como para acomodar un campo de 5,881 yardas.<br \/>\nLo que carece en tama\u00f1o, lo tiene en greens peque\u00f1os con bunkers estrat\u00e9gicos que desaf\u00edan a cualquier golfista.<\/td>\n<\/tr>\n<\/tbody>\n<\/table>\n<div style=\"clear: both;\"><\/div>\n<div class=\"one-third first\" style=\"text-align: center;\"><a class=\"button \" title=\"Nuestros Viajes\" href=\"https:\/\/www.golfenescocia.com\/nuestros-viajes\/\" target=\"_blank\" rel=\"noopener noreferrer\">Nuestros viajes<\/a><\/div>\n<div class=\"one-third\" style=\"text-align: center;\"><a class=\"button\" title=\"Solicitud de presupuesto\" href=\"https:\/\/www.golfenescocia.com\/es\/solicitud-de-presupuesto\/\" target=\"_blank\" rel=\"noopener noreferrer\">Solicitud de presupuesto<\/a><\/div>\n<div class=\"one-third\" style=\"text-align: center;\"><a class=\"button\" title=\"Cont\u00e1ctenos\" href=\"https:\/\/www.golfenescocia.com\/es\/contacto\/\" target=\"_blank\" rel=\"noopener noreferrer\">Cont\u00e1ctenos<\/a><\/div>\n<div id=\"details\"><\/div>\n","protected":false},"excerpt":{"rendered":"<p>Nuestra clasificaci\u00f3n: Ranking escoc\u00e9s: 54 Arquitecto: James Braid Fecha de inauguraci\u00f3n: 1888 Par: 71 Distancia de Saint Andrews: 255 km Distancia de Edimburgo: 265 km Distancia de Glasgow: 290 km Distancia de Inverness: 20 km El campo se encuentra en una pen\u00ednsula llamada Chanonry Point, al norte de Inverness, hacia Rosemarkie Bay. La calle del [&hellip;]<\/p>\n","protected":false},"author":5,"featured_media":7682,"parent":8851,"menu_order":0,"comment_status":"closed","ping_status":"closed","template":"","meta":{"_genesis_hide_title":false,"_genesis_hide_breadcrumbs":false,"_genesis_hide_singular_image":false,"_genesis_hide_footer_widgets":false,"_genesis_custom_body_class":"","_genesis_custom_post_class":"","_genesis_layout":"","footnotes":""},"class_list":{"0":"post-8680","1":"page","2":"type-page","3":"status-publish","4":"has-post-thumbnail","6":"entry"},"yoast_head":"<!-- This site is optimized with the Yoast SEO plugin v27.4 - https:\/\/yoast.com\/product\/yoast-seo-wordpress\/ -->\n<title>Fortrose &amp; Rosemarkie al norte de Inverness<\/title>\n<meta name=\"description\" content=\"Este campo corto se ubica en una peninsula. Como Turnberry, tiene su faro de luz. Lo recomendamos para agregarle un elemento de sorpresa a su viaje.\" \/>\n<meta name=\"robots\" content=\"index, follow, max-snippet:-1, max-image-preview:large, max-video-preview:-1\" \/>\n<link rel=\"canonical\" href=\"https:\/\/www.golfenescocia.com\/es\/campos-de-golf-en-escocia\/region-de-golf-de-highlands\/fortrose-rosemarkie\/\" \/>\n<meta property=\"og:locale\" content=\"fr_FR\" \/>\n<meta property=\"og:type\" content=\"article\" \/>\n<meta property=\"og:title\" content=\"Fortrose &amp; Rosemarkie al norte de Inverness\" \/>\n<meta property=\"og:description\" content=\"Este campo corto se ubica en una peninsula. Como Turnberry, tiene su faro de luz. Lo recomendamos para agregarle un elemento de sorpresa a su viaje.\" \/>\n<meta property=\"og:url\" content=\"https:\/\/www.golfenescocia.com\/es\/campos-de-golf-en-escocia\/region-de-golf-de-highlands\/fortrose-rosemarkie\/\" \/>\n<meta property=\"article:modified_time\" content=\"2023-09-30T13:49:07+00:00\" \/>\n<meta name=\"twitter:card\" content=\"summary_large_image\" \/>\n<meta name=\"twitter:label1\" content=\"Dur\u00e9e de lecture estim\u00e9e\" \/>\n\t<meta name=\"twitter:data1\" content=\"1 minute\" \/>\n<script type=\"application\/ld+json\" class=\"yoast-schema-graph\">{\"@context\":\"https:\\\/\\\/schema.org\",\"@graph\":[{\"@type\":\"WebPage\",\"@id\":\"https:\\\/\\\/www.golfenescocia.com\\\/es\\\/campos-de-golf-en-escocia\\\/region-de-golf-de-highlands\\\/fortrose-rosemarkie\\\/\",\"url\":\"https:\\\/\\\/www.golfenescocia.com\\\/es\\\/campos-de-golf-en-escocia\\\/region-de-golf-de-highlands\\\/fortrose-rosemarkie\\\/\",\"name\":\"Fortrose & Rosemarkie al norte de Inverness\",\"isPartOf\":{\"@id\":\"https:\\\/\\\/www.golfenescocia.com\\\/es\\\/#website\"},\"primaryImageOfPage\":{\"@id\":\"https:\\\/\\\/www.golfenescocia.com\\\/es\\\/campos-de-golf-en-escocia\\\/region-de-golf-de-highlands\\\/fortrose-rosemarkie\\\/#primaryimage\"},\"image\":{\"@id\":\"https:\\\/\\\/www.golfenescocia.com\\\/es\\\/campos-de-golf-en-escocia\\\/region-de-golf-de-highlands\\\/fortrose-rosemarkie\\\/#primaryimage\"},\"thumbnailUrl\":\"\",\"datePublished\":\"2017-06-08T09:56:17+00:00\",\"dateModified\":\"2023-09-30T13:49:07+00:00\",\"description\":\"Este campo corto se ubica en una peninsula. Como Turnberry, tiene su faro de luz. Lo recomendamos para agregarle un elemento de sorpresa a su viaje.\",\"breadcrumb\":{\"@id\":\"https:\\\/\\\/www.golfenescocia.com\\\/es\\\/campos-de-golf-en-escocia\\\/region-de-golf-de-highlands\\\/fortrose-rosemarkie\\\/#breadcrumb\"},\"inLanguage\":\"fr-FR\",\"potentialAction\":[{\"@type\":\"ReadAction\",\"target\":[\"https:\\\/\\\/www.golfenescocia.com\\\/es\\\/campos-de-golf-en-escocia\\\/region-de-golf-de-highlands\\\/fortrose-rosemarkie\\\/\"]}]},{\"@type\":\"ImageObject\",\"inLanguage\":\"fr-FR\",\"@id\":\"https:\\\/\\\/www.golfenescocia.com\\\/es\\\/campos-de-golf-en-escocia\\\/region-de-golf-de-highlands\\\/fortrose-rosemarkie\\\/#primaryimage\",\"url\":\"\",\"contentUrl\":\"\",\"width\":2000,\"height\":1094,\"caption\":\"Fortrose Rosemarkie Golf Escocia\"},{\"@type\":\"BreadcrumbList\",\"@id\":\"https:\\\/\\\/www.golfenescocia.com\\\/es\\\/campos-de-golf-en-escocia\\\/region-de-golf-de-highlands\\\/fortrose-rosemarkie\\\/#breadcrumb\",\"itemListElement\":[{\"@type\":\"ListItem\",\"position\":1,\"name\":\"Home\",\"item\":\"https:\\\/\\\/www.golfenescocia.com\\\/es\\\/\"},{\"@type\":\"ListItem\",\"position\":2,\"name\":\"Campos de golf en Escocia\",\"item\":\"https:\\\/\\\/www.golfenescocia.com\\\/es\\\/campos-de-golf-en-escocia\\\/\"},{\"@type\":\"ListItem\",\"position\":3,\"name\":\"Regi\u00f3n de golf de Highlands\",\"item\":\"https:\\\/\\\/www.golfenescocia.com\\\/es\\\/campos-de-golf-en-escocia\\\/region-de-golf-de-highlands\\\/\"},{\"@type\":\"ListItem\",\"position\":4,\"name\":\"Fortrose &#038; Rosemarkie\"}]},{\"@type\":\"WebSite\",\"@id\":\"https:\\\/\\\/www.golfenescocia.com\\\/es\\\/#website\",\"url\":\"https:\\\/\\\/www.golfenescocia.com\\\/es\\\/\",\"name\":\"\",\"description\":\"Viajes de Golf en Escocia\",\"potentialAction\":[{\"@type\":\"SearchAction\",\"target\":{\"@type\":\"EntryPoint\",\"urlTemplate\":\"https:\\\/\\\/www.golfenescocia.com\\\/es\\\/?s={search_term_string}\"},\"query-input\":{\"@type\":\"PropertyValueSpecification\",\"valueRequired\":true,\"valueName\":\"search_term_string\"}}],\"inLanguage\":\"fr-FR\"}]}<\/script>\n<!-- \/ Yoast SEO plugin. -->","yoast_head_json":{"title":"Fortrose & Rosemarkie al norte de Inverness","description":"Este campo corto se ubica en una peninsula. Como Turnberry, tiene su faro de luz. Lo recomendamos para agregarle un elemento de sorpresa a su viaje.","robots":{"index":"index","follow":"follow","max-snippet":"max-snippet:-1","max-image-preview":"max-image-preview:large","max-video-preview":"max-video-preview:-1"},"canonical":"https:\/\/www.golfenescocia.com\/es\/campos-de-golf-en-escocia\/region-de-golf-de-highlands\/fortrose-rosemarkie\/","og_locale":"fr_FR","og_type":"article","og_title":"Fortrose & Rosemarkie al norte de Inverness","og_description":"Este campo corto se ubica en una peninsula. Como Turnberry, tiene su faro de luz. Lo recomendamos para agregarle un elemento de sorpresa a su viaje.","og_url":"https:\/\/www.golfenescocia.com\/es\/campos-de-golf-en-escocia\/region-de-golf-de-highlands\/fortrose-rosemarkie\/","article_modified_time":"2023-09-30T13:49:07+00:00","twitter_card":"summary_large_image","twitter_misc":{"Dur\u00e9e de lecture estim\u00e9e":"1 minute"},"schema":{"@context":"https:\/\/schema.org","@graph":[{"@type":"WebPage","@id":"https:\/\/www.golfenescocia.com\/es\/campos-de-golf-en-escocia\/region-de-golf-de-highlands\/fortrose-rosemarkie\/","url":"https:\/\/www.golfenescocia.com\/es\/campos-de-golf-en-escocia\/region-de-golf-de-highlands\/fortrose-rosemarkie\/","name":"Fortrose & Rosemarkie al norte de Inverness","isPartOf":{"@id":"https:\/\/www.golfenescocia.com\/es\/#website"},"primaryImageOfPage":{"@id":"https:\/\/www.golfenescocia.com\/es\/campos-de-golf-en-escocia\/region-de-golf-de-highlands\/fortrose-rosemarkie\/#primaryimage"},"image":{"@id":"https:\/\/www.golfenescocia.com\/es\/campos-de-golf-en-escocia\/region-de-golf-de-highlands\/fortrose-rosemarkie\/#primaryimage"},"thumbnailUrl":"","datePublished":"2017-06-08T09:56:17+00:00","dateModified":"2023-09-30T13:49:07+00:00","description":"Este campo corto se ubica en una peninsula. Como Turnberry, tiene su faro de luz. Lo recomendamos para agregarle un elemento de sorpresa a su viaje.","breadcrumb":{"@id":"https:\/\/www.golfenescocia.com\/es\/campos-de-golf-en-escocia\/region-de-golf-de-highlands\/fortrose-rosemarkie\/#breadcrumb"},"inLanguage":"fr-FR","potentialAction":[{"@type":"ReadAction","target":["https:\/\/www.golfenescocia.com\/es\/campos-de-golf-en-escocia\/region-de-golf-de-highlands\/fortrose-rosemarkie\/"]}]},{"@type":"ImageObject","inLanguage":"fr-FR","@id":"https:\/\/www.golfenescocia.com\/es\/campos-de-golf-en-escocia\/region-de-golf-de-highlands\/fortrose-rosemarkie\/#primaryimage","url":"","contentUrl":"","width":2000,"height":1094,"caption":"Fortrose Rosemarkie Golf Escocia"},{"@type":"BreadcrumbList","@id":"https:\/\/www.golfenescocia.com\/es\/campos-de-golf-en-escocia\/region-de-golf-de-highlands\/fortrose-rosemarkie\/#breadcrumb","itemListElement":[{"@type":"ListItem","position":1,"name":"Home","item":"https:\/\/www.golfenescocia.com\/es\/"},{"@type":"ListItem","position":2,"name":"Campos de golf en Escocia","item":"https:\/\/www.golfenescocia.com\/es\/campos-de-golf-en-escocia\/"},{"@type":"ListItem","position":3,"name":"Regi\u00f3n de golf de Highlands","item":"https:\/\/www.golfenescocia.com\/es\/campos-de-golf-en-escocia\/region-de-golf-de-highlands\/"},{"@type":"ListItem","position":4,"name":"Fortrose &#038; Rosemarkie"}]},{"@type":"WebSite","@id":"https:\/\/www.golfenescocia.com\/es\/#website","url":"https:\/\/www.golfenescocia.com\/es\/","name":"","description":"Viajes de Golf en Escocia","potentialAction":[{"@type":"SearchAction","target":{"@type":"EntryPoint","urlTemplate":"https:\/\/www.golfenescocia.com\/es\/?s={search_term_string}"},"query-input":{"@type":"PropertyValueSpecification","valueRequired":true,"valueName":"search_term_string"}}],"inLanguage":"fr-FR"}]}},"_links":{"self":[{"href":"https:\/\/www.golfenescocia.com\/es\/wp-json\/wp\/v2\/pages\/8680","targetHints":{"allow":["GET"]}}],"collection":[{"href":"https:\/\/www.golfenescocia.com\/es\/wp-json\/wp\/v2\/pages"}],"about":[{"href":"https:\/\/www.golfenescocia.com\/es\/wp-json\/wp\/v2\/types\/page"}],"author":[{"embeddable":true,"href":"https:\/\/www.golfenescocia.com\/es\/wp-json\/wp\/v2\/users\/5"}],"replies":[{"embeddable":true,"href":"https:\/\/www.golfenescocia.com\/es\/wp-json\/wp\/v2\/comments?post=8680"}],"version-history":[{"count":10,"href":"https:\/\/www.golfenescocia.com\/es\/wp-json\/wp\/v2\/pages\/8680\/revisions"}],"predecessor-version":[{"id":14563,"href":"https:\/\/www.golfenescocia.com\/es\/wp-json\/wp\/v2\/pages\/8680\/revisions\/14563"}],"up":[{"embeddable":true,"href":"https:\/\/www.golfenescocia.com\/es\/wp-json\/wp\/v2\/pages\/8851"}],"wp:featuredmedia":[{"embeddable":true,"href":"https:\/\/www.golfenescocia.com\/es\/wp-json\/wp\/v2\/media\/7682"}],"wp:attachment":[{"href":"https:\/\/www.golfenescocia.com\/es\/wp-json\/wp\/v2\/media?parent=8680"}],"curies":[{"name":"wp","href":"https:\/\/api.w.org\/{rel}","templated":true}]}}