{"id":8662,"date":"2017-06-08T11:21:33","date_gmt":"2017-06-08T11:21:33","guid":{"rendered":"https:\/\/www.golfenescocia.com\/kilmarnock-barassie\/"},"modified":"2023-09-30T11:49:57","modified_gmt":"2023-09-30T11:49:57","slug":"kilmarnock-barassie","status":"publish","type":"page","link":"https:\/\/www.golfenescocia.com\/es\/campos-de-golf-en-escocia\/region-de-golf-del-sudoeste\/kilmarnock-barassie\/","title":{"rendered":"Kilmarnock Barassie"},"content":{"rendered":"<table border=\"0\">\n<tbody>\n<tr>\n<td>Nuestra clasificaci\u00f3n:<\/td>\n<td><img loading=\"lazy\" decoding=\"async\" class=\"size-full wp-image-4865 alignnone\" src=\"https:\/\/www.golfenescocia.com\/wp-content\/uploads\/2017\/06\/star4.png\" alt=\"\" width=\"118\" height=\"30\" \/><\/td>\n<td colspan=\"2\" rowspan=\"9\" align=\"center\" valign=\"top\" width=\"50%\"><img loading=\"lazy\" decoding=\"async\" class=\"aligncenter wp-image-7481\" src=\"https:\/\/www.golfenescocia.com\/wp-content\/uploads\/2017\/06\/scotland-map-209x300.png\" alt=\"\" width=\"418\" height=\"600\" srcset=\"https:\/\/www.golfenescocia.com\/wp-content\/uploads\/2017\/06\/scotland-map-209x300.png 209w, https:\/\/www.golfenescocia.com\/wp-content\/uploads\/2017\/06\/scotland-map.png 550w\" sizes=\"auto, (max-width: 418px) 100vw, 418px\" \/><\/td>\n<\/tr>\n<tr>\n<td>Ranking escoc\u00e9s:<\/td>\n<td>49<\/td>\n<\/tr>\n<tr>\n<td width=\"30%\">Arquitecto:<\/td>\n<td width=\"20%\">Theodore Moon<\/td>\n<\/tr>\n<tr>\n<td>Fecha de inauguraci\u00f3n:<\/td>\n<td>1887<\/td>\n<\/tr>\n<tr>\n<td>Par:<\/td>\n<td>72<\/td>\n<\/tr>\n<tr>\n<td>Distancia de Saint Andrews:<\/td>\n<td>185 km<\/td>\n<\/tr>\n<tr>\n<td>Distancia de Edimburgo:<\/td>\n<td>130 km<\/td>\n<\/tr>\n<tr>\n<td>Distancia de Glasgow:<\/td>\n<td>50 km<\/td>\n<\/tr>\n<tr>\n<td>Distancia de Inverness:<\/td>\n<td>325 km<\/td>\n<\/tr>\n<tr>\n<td colspan=\"4\">Este campo, fundado en 1887, es un desaf\u00edo\u00a0para golfistas de cualquier nivel. Sus greens son grandes y ondulados, por lo cual son muy famosos en Escocia. El club fue sede de la ronda final de calificaciones para el Open championship de 2009, lo que demuestra la calidad de este precioso campo.<\/td>\n<\/tr>\n<\/tbody>\n<\/table>\n<div style=\"clear: both;\"><\/div>\n<div class=\"one-third first\" style=\"text-align: center;\"><a class=\"button \" title=\"Nuestros Viajes\" href=\"https:\/\/www.golfenescocia.com\/nuestros-viajes\/\" target=\"_blank\" rel=\"noopener noreferrer\">Nuestros viajes<\/a><\/div>\n<div class=\"one-third\" style=\"text-align: center;\"><a class=\"button\" title=\"Solicitud de presupuesto\" href=\"https:\/\/www.golfenescocia.com\/es\/solicitud-de-presupuesto\/\" target=\"_blank\" rel=\"noopener noreferrer\">Solicitud de presupuesto<\/a><\/div>\n<div class=\"one-third\" style=\"text-align: center;\"><a class=\"button\" title=\"Cont\u00e1ctenos\" href=\"https:\/\/www.golfenescocia.com\/es\/contacto\/\" target=\"_blank\" rel=\"noopener noreferrer\">Cont\u00e1ctenos<\/a><\/div>\n<div id=\"details\"><\/div>\n","protected":false},"excerpt":{"rendered":"<p>Nuestra clasificaci\u00f3n: Ranking escoc\u00e9s: 49 Arquitecto: Theodore Moon Fecha de inauguraci\u00f3n: 1887 Par: 72 Distancia de Saint Andrews: 185 km Distancia de Edimburgo: 130 km Distancia de Glasgow: 50 km Distancia de Inverness: 325 km Este campo, fundado en 1887, es un desaf\u00edo\u00a0para golfistas de cualquier nivel. Sus greens son grandes y ondulados, por lo [&hellip;]<\/p>\n","protected":false},"author":5,"featured_media":7625,"parent":8855,"menu_order":0,"comment_status":"closed","ping_status":"closed","template":"","meta":{"_genesis_hide_title":false,"_genesis_hide_breadcrumbs":false,"_genesis_hide_singular_image":false,"_genesis_hide_footer_widgets":false,"_genesis_custom_body_class":"","_genesis_custom_post_class":"","_genesis_layout":"","footnotes":""},"class_list":{"0":"post-8662","1":"page","2":"type-page","3":"status-publish","4":"has-post-thumbnail","6":"entry"},"yoast_head":"<!-- This site is optimized with the Yoast SEO plugin v27.4 - https:\/\/yoast.com\/product\/yoast-seo-wordpress\/ -->\n<title>Kilmarnock Barassie al sudoeste de Glasgow<\/title>\n<meta name=\"description\" content=\"Kilmarnock tiene todo lo que se puede esperar de un campo junto al mar. Sus greens son largos y ondulados y sus hoyos, tradicionales.\" \/>\n<meta name=\"robots\" content=\"index, follow, max-snippet:-1, max-image-preview:large, max-video-preview:-1\" \/>\n<link rel=\"canonical\" href=\"https:\/\/www.golfenescocia.com\/es\/campos-de-golf-en-escocia\/region-de-golf-del-sudoeste\/kilmarnock-barassie\/\" \/>\n<meta property=\"og:locale\" content=\"fr_FR\" \/>\n<meta property=\"og:type\" content=\"article\" \/>\n<meta property=\"og:title\" content=\"Kilmarnock Barassie al sudoeste de Glasgow\" \/>\n<meta property=\"og:description\" content=\"Kilmarnock tiene todo lo que se puede esperar de un campo junto al mar. Sus greens son largos y ondulados y sus hoyos, tradicionales.\" \/>\n<meta property=\"og:url\" content=\"https:\/\/www.golfenescocia.com\/es\/campos-de-golf-en-escocia\/region-de-golf-del-sudoeste\/kilmarnock-barassie\/\" \/>\n<meta property=\"article:modified_time\" content=\"2023-09-30T11:49:57+00:00\" \/>\n<meta name=\"twitter:card\" content=\"summary_large_image\" \/>\n<script type=\"application\/ld+json\" class=\"yoast-schema-graph\">{\"@context\":\"https:\\\/\\\/schema.org\",\"@graph\":[{\"@type\":\"WebPage\",\"@id\":\"https:\\\/\\\/www.golfenescocia.com\\\/es\\\/campos-de-golf-en-escocia\\\/region-de-golf-del-sudoeste\\\/kilmarnock-barassie\\\/\",\"url\":\"https:\\\/\\\/www.golfenescocia.com\\\/es\\\/campos-de-golf-en-escocia\\\/region-de-golf-del-sudoeste\\\/kilmarnock-barassie\\\/\",\"name\":\"Kilmarnock Barassie al sudoeste de Glasgow\",\"isPartOf\":{\"@id\":\"https:\\\/\\\/www.golfenescocia.com\\\/es\\\/#website\"},\"primaryImageOfPage\":{\"@id\":\"https:\\\/\\\/www.golfenescocia.com\\\/es\\\/campos-de-golf-en-escocia\\\/region-de-golf-del-sudoeste\\\/kilmarnock-barassie\\\/#primaryimage\"},\"image\":{\"@id\":\"https:\\\/\\\/www.golfenescocia.com\\\/es\\\/campos-de-golf-en-escocia\\\/region-de-golf-del-sudoeste\\\/kilmarnock-barassie\\\/#primaryimage\"},\"thumbnailUrl\":\"\",\"datePublished\":\"2017-06-08T11:21:33+00:00\",\"dateModified\":\"2023-09-30T11:49:57+00:00\",\"description\":\"Kilmarnock tiene todo lo que se puede esperar de un campo junto al mar. Sus greens son largos y ondulados y sus hoyos, tradicionales.\",\"breadcrumb\":{\"@id\":\"https:\\\/\\\/www.golfenescocia.com\\\/es\\\/campos-de-golf-en-escocia\\\/region-de-golf-del-sudoeste\\\/kilmarnock-barassie\\\/#breadcrumb\"},\"inLanguage\":\"fr-FR\",\"potentialAction\":[{\"@type\":\"ReadAction\",\"target\":[\"https:\\\/\\\/www.golfenescocia.com\\\/es\\\/campos-de-golf-en-escocia\\\/region-de-golf-del-sudoeste\\\/kilmarnock-barassie\\\/\"]}]},{\"@type\":\"ImageObject\",\"inLanguage\":\"fr-FR\",\"@id\":\"https:\\\/\\\/www.golfenescocia.com\\\/es\\\/campos-de-golf-en-escocia\\\/region-de-golf-del-sudoeste\\\/kilmarnock-barassie\\\/#primaryimage\",\"url\":\"\",\"contentUrl\":\"\",\"width\":1920,\"height\":1144,\"caption\":\"Kilmarnock Golf Escocia\"},{\"@type\":\"BreadcrumbList\",\"@id\":\"https:\\\/\\\/www.golfenescocia.com\\\/es\\\/campos-de-golf-en-escocia\\\/region-de-golf-del-sudoeste\\\/kilmarnock-barassie\\\/#breadcrumb\",\"itemListElement\":[{\"@type\":\"ListItem\",\"position\":1,\"name\":\"Home\",\"item\":\"https:\\\/\\\/www.golfenescocia.com\\\/es\\\/\"},{\"@type\":\"ListItem\",\"position\":2,\"name\":\"Campos de golf en Escocia\",\"item\":\"https:\\\/\\\/www.golfenescocia.com\\\/es\\\/campos-de-golf-en-escocia\\\/\"},{\"@type\":\"ListItem\",\"position\":3,\"name\":\"Regi\u00f3n de golf del suroeste\",\"item\":\"https:\\\/\\\/www.golfenescocia.com\\\/es\\\/campos-de-golf-en-escocia\\\/region-de-golf-del-sudoeste\\\/\"},{\"@type\":\"ListItem\",\"position\":4,\"name\":\"Kilmarnock Barassie\"}]},{\"@type\":\"WebSite\",\"@id\":\"https:\\\/\\\/www.golfenescocia.com\\\/es\\\/#website\",\"url\":\"https:\\\/\\\/www.golfenescocia.com\\\/es\\\/\",\"name\":\"\",\"description\":\"Viajes de Golf en Escocia\",\"potentialAction\":[{\"@type\":\"SearchAction\",\"target\":{\"@type\":\"EntryPoint\",\"urlTemplate\":\"https:\\\/\\\/www.golfenescocia.com\\\/es\\\/?s={search_term_string}\"},\"query-input\":{\"@type\":\"PropertyValueSpecification\",\"valueRequired\":true,\"valueName\":\"search_term_string\"}}],\"inLanguage\":\"fr-FR\"}]}<\/script>\n<!-- \/ Yoast SEO plugin. -->","yoast_head_json":{"title":"Kilmarnock Barassie al sudoeste de Glasgow","description":"Kilmarnock tiene todo lo que se puede esperar de un campo junto al mar. Sus greens son largos y ondulados y sus hoyos, tradicionales.","robots":{"index":"index","follow":"follow","max-snippet":"max-snippet:-1","max-image-preview":"max-image-preview:large","max-video-preview":"max-video-preview:-1"},"canonical":"https:\/\/www.golfenescocia.com\/es\/campos-de-golf-en-escocia\/region-de-golf-del-sudoeste\/kilmarnock-barassie\/","og_locale":"fr_FR","og_type":"article","og_title":"Kilmarnock Barassie al sudoeste de Glasgow","og_description":"Kilmarnock tiene todo lo que se puede esperar de un campo junto al mar. Sus greens son largos y ondulados y sus hoyos, tradicionales.","og_url":"https:\/\/www.golfenescocia.com\/es\/campos-de-golf-en-escocia\/region-de-golf-del-sudoeste\/kilmarnock-barassie\/","article_modified_time":"2023-09-30T11:49:57+00:00","twitter_card":"summary_large_image","schema":{"@context":"https:\/\/schema.org","@graph":[{"@type":"WebPage","@id":"https:\/\/www.golfenescocia.com\/es\/campos-de-golf-en-escocia\/region-de-golf-del-sudoeste\/kilmarnock-barassie\/","url":"https:\/\/www.golfenescocia.com\/es\/campos-de-golf-en-escocia\/region-de-golf-del-sudoeste\/kilmarnock-barassie\/","name":"Kilmarnock Barassie al sudoeste de Glasgow","isPartOf":{"@id":"https:\/\/www.golfenescocia.com\/es\/#website"},"primaryImageOfPage":{"@id":"https:\/\/www.golfenescocia.com\/es\/campos-de-golf-en-escocia\/region-de-golf-del-sudoeste\/kilmarnock-barassie\/#primaryimage"},"image":{"@id":"https:\/\/www.golfenescocia.com\/es\/campos-de-golf-en-escocia\/region-de-golf-del-sudoeste\/kilmarnock-barassie\/#primaryimage"},"thumbnailUrl":"","datePublished":"2017-06-08T11:21:33+00:00","dateModified":"2023-09-30T11:49:57+00:00","description":"Kilmarnock tiene todo lo que se puede esperar de un campo junto al mar. Sus greens son largos y ondulados y sus hoyos, tradicionales.","breadcrumb":{"@id":"https:\/\/www.golfenescocia.com\/es\/campos-de-golf-en-escocia\/region-de-golf-del-sudoeste\/kilmarnock-barassie\/#breadcrumb"},"inLanguage":"fr-FR","potentialAction":[{"@type":"ReadAction","target":["https:\/\/www.golfenescocia.com\/es\/campos-de-golf-en-escocia\/region-de-golf-del-sudoeste\/kilmarnock-barassie\/"]}]},{"@type":"ImageObject","inLanguage":"fr-FR","@id":"https:\/\/www.golfenescocia.com\/es\/campos-de-golf-en-escocia\/region-de-golf-del-sudoeste\/kilmarnock-barassie\/#primaryimage","url":"","contentUrl":"","width":1920,"height":1144,"caption":"Kilmarnock Golf Escocia"},{"@type":"BreadcrumbList","@id":"https:\/\/www.golfenescocia.com\/es\/campos-de-golf-en-escocia\/region-de-golf-del-sudoeste\/kilmarnock-barassie\/#breadcrumb","itemListElement":[{"@type":"ListItem","position":1,"name":"Home","item":"https:\/\/www.golfenescocia.com\/es\/"},{"@type":"ListItem","position":2,"name":"Campos de golf en Escocia","item":"https:\/\/www.golfenescocia.com\/es\/campos-de-golf-en-escocia\/"},{"@type":"ListItem","position":3,"name":"Regi\u00f3n de golf del suroeste","item":"https:\/\/www.golfenescocia.com\/es\/campos-de-golf-en-escocia\/region-de-golf-del-sudoeste\/"},{"@type":"ListItem","position":4,"name":"Kilmarnock Barassie"}]},{"@type":"WebSite","@id":"https:\/\/www.golfenescocia.com\/es\/#website","url":"https:\/\/www.golfenescocia.com\/es\/","name":"","description":"Viajes de Golf en Escocia","potentialAction":[{"@type":"SearchAction","target":{"@type":"EntryPoint","urlTemplate":"https:\/\/www.golfenescocia.com\/es\/?s={search_term_string}"},"query-input":{"@type":"PropertyValueSpecification","valueRequired":true,"valueName":"search_term_string"}}],"inLanguage":"fr-FR"}]}},"_links":{"self":[{"href":"https:\/\/www.golfenescocia.com\/es\/wp-json\/wp\/v2\/pages\/8662","targetHints":{"allow":["GET"]}}],"collection":[{"href":"https:\/\/www.golfenescocia.com\/es\/wp-json\/wp\/v2\/pages"}],"about":[{"href":"https:\/\/www.golfenescocia.com\/es\/wp-json\/wp\/v2\/types\/page"}],"author":[{"embeddable":true,"href":"https:\/\/www.golfenescocia.com\/es\/wp-json\/wp\/v2\/users\/5"}],"replies":[{"embeddable":true,"href":"https:\/\/www.golfenescocia.com\/es\/wp-json\/wp\/v2\/comments?post=8662"}],"version-history":[{"count":5,"href":"https:\/\/www.golfenescocia.com\/es\/wp-json\/wp\/v2\/pages\/8662\/revisions"}],"predecessor-version":[{"id":14495,"href":"https:\/\/www.golfenescocia.com\/es\/wp-json\/wp\/v2\/pages\/8662\/revisions\/14495"}],"up":[{"embeddable":true,"href":"https:\/\/www.golfenescocia.com\/es\/wp-json\/wp\/v2\/pages\/8855"}],"wp:featuredmedia":[{"embeddable":true,"href":"https:\/\/www.golfenescocia.com\/es\/wp-json\/wp\/v2\/media\/7625"}],"wp:attachment":[{"href":"https:\/\/www.golfenescocia.com\/es\/wp-json\/wp\/v2\/media?parent=8662"}],"curies":[{"name":"wp","href":"https:\/\/api.w.org\/{rel}","templated":true}]}}