{"id":8654,"date":"2017-06-08T11:21:43","date_gmt":"2017-06-08T11:21:43","guid":{"rendered":"https:\/\/www.golfenescocia.com\/dundonald\/"},"modified":"2023-10-02T10:32:13","modified_gmt":"2023-10-02T10:32:13","slug":"dundonald","status":"publish","type":"page","link":"https:\/\/www.golfenescocia.com\/es\/campos-de-golf-en-escocia\/region-de-golf-del-sudoeste\/dundonald\/","title":{"rendered":"Dundonald Links"},"content":{"rendered":"<table style=\"width: 100%; height: 335px;\" border=\"0\">\n<tbody>\n<tr style=\"height: 35px;\">\n<td style=\"height: 35px;\">Nuestra clasificaci\u00f3n:<\/td>\n<td style=\"height: 35px;\"><img loading=\"lazy\" decoding=\"async\" class=\"size-full wp-image-4865 alignnone\" src=\"https:\/\/www.golfenescocia.com\/wp-content\/uploads\/2017\/06\/star4.png\" alt=\"\" width=\"118\" height=\"30\" \/><\/td>\n<td style=\"height: 219px;\" colspan=\"2\" rowspan=\"9\" align=\"center\" valign=\"top\" width=\"50%\"><img loading=\"lazy\" decoding=\"async\" class=\"aligncenter wp-image-7481\" src=\"https:\/\/www.golfenescocia.com\/wp-content\/uploads\/2017\/06\/scotland-map-209x300.png\" alt=\"\" width=\"418\" height=\"600\" srcset=\"https:\/\/www.golfenescocia.com\/wp-content\/uploads\/2017\/06\/scotland-map-209x300.png 209w, https:\/\/www.golfenescocia.com\/wp-content\/uploads\/2017\/06\/scotland-map.png 550w\" sizes=\"auto, (max-width: 418px) 100vw, 418px\" \/><\/td>\n<\/tr>\n<tr style=\"height: 23px;\">\n<td style=\"height: 23px;\">Ranking escoc\u00e9s:<\/td>\n<td style=\"height: 23px;\">24<\/td>\n<\/tr>\n<tr style=\"height: 23px;\">\n<td style=\"height: 23px;\" width=\"30%\">Arquitecto:<\/td>\n<td style=\"height: 23px;\" width=\"20%\">Kyle Philips<\/td>\n<\/tr>\n<tr style=\"height: 23px;\">\n<td style=\"height: 23px;\">Fecha de inauguraci\u00f3n:<\/td>\n<td style=\"height: 23px;\">2003<\/td>\n<\/tr>\n<tr style=\"height: 23px;\">\n<td style=\"height: 23px;\">Par:<\/td>\n<td style=\"height: 23px;\">72<\/td>\n<\/tr>\n<tr style=\"height: 23px;\">\n<td style=\"height: 23px;\">Distancia de Saint Andrews:<\/td>\n<td style=\"height: 23px;\">185 km<\/td>\n<\/tr>\n<tr style=\"height: 23px;\">\n<td style=\"height: 23px;\">Distancia de Edimburgo:<\/td>\n<td style=\"height: 23px;\">130 km<\/td>\n<\/tr>\n<tr style=\"height: 23px;\">\n<td style=\"height: 23px;\">Distancia de Glasgow:<\/td>\n<td style=\"height: 23px;\">50 km<\/td>\n<\/tr>\n<tr style=\"height: 23px;\">\n<td style=\"height: 23px;\">Distancia de Inverness:<\/td>\n<td style=\"height: 23px;\">325 km<\/td>\n<\/tr>\n<tr style=\"height: 116px;\">\n<td style=\"height: 116px;\" colspan=\"4\">Inaugurado en 2003, este campo ya se considera uno de los mejores de Escocia, quiz\u00e1s porque fue dise\u00f1ado por el mismo arquitecto que Kingsbarns. Est\u00e1 rodeado de otros campos de golf como Western Gailes, Glasgow Gailes y Kilmarnock Barassie. Es un campo de campeonato con greens grandes y hoyos largos.<\/td>\n<\/tr>\n<\/tbody>\n<\/table>\n<div style=\"clear: both;\"><\/div>\n<div class=\"one-third first\" style=\"text-align: center;\"><a class=\"button \" title=\"Nuestros Viajes\" href=\"https:\/\/www.golfenescocia.com\/nuestros-viajes\/\" target=\"_blank\" rel=\"noopener noreferrer\">Nuestros viajes<\/a><\/div>\n<div class=\"one-third\" style=\"text-align: center;\"><a class=\"button\" title=\"Solicitud de presupuesto\" href=\"https:\/\/www.golfenescocia.com\/es\/solicitud-de-presupuesto\/\" target=\"_blank\" rel=\"noopener noreferrer\">Solicitud de presupuesto<\/a><\/div>\n<div class=\"one-third\" style=\"text-align: center;\"><a class=\"button\" title=\"Cont\u00e1ctenos\" href=\"https:\/\/www.golfenescocia.com\/es\/contacto\/\" target=\"_blank\" rel=\"noopener noreferrer\">Cont\u00e1ctenos<\/a><\/div>\n<div id=\"details\"><\/div>\n","protected":false},"excerpt":{"rendered":"<p>Nuestra clasificaci\u00f3n: Ranking escoc\u00e9s: 24 Arquitecto: Kyle Philips Fecha de inauguraci\u00f3n: 2003 Par: 72 Distancia de Saint Andrews: 185 km Distancia de Edimburgo: 130 km Distancia de Glasgow: 50 km Distancia de Inverness: 325 km Inaugurado en 2003, este campo ya se considera uno de los mejores de Escocia, quiz\u00e1s porque fue dise\u00f1ado por el [&hellip;]<\/p>\n","protected":false},"author":5,"featured_media":7649,"parent":8855,"menu_order":0,"comment_status":"closed","ping_status":"closed","template":"","meta":{"_genesis_hide_title":false,"_genesis_hide_breadcrumbs":false,"_genesis_hide_singular_image":false,"_genesis_hide_footer_widgets":false,"_genesis_custom_body_class":"","_genesis_custom_post_class":"","_genesis_layout":"","footnotes":""},"class_list":{"0":"post-8654","1":"page","2":"type-page","3":"status-publish","4":"has-post-thumbnail","6":"entry"},"yoast_head":"<!-- This site is optimized with the Yoast SEO plugin v27.4 - https:\/\/yoast.com\/product\/yoast-seo-wordpress\/ -->\n<title>Dundonald Golf Links en la costa del oeste de Escocia<\/title>\n<meta name=\"description\" content=\"Es el mismo arquitecto que dise\u00f1\u00f3 el espectacular Kingsbarns. Los hoyos son largos y los greens bastante grandes y r\u00e1pidos.\" \/>\n<meta name=\"robots\" content=\"index, follow, max-snippet:-1, max-image-preview:large, max-video-preview:-1\" \/>\n<link rel=\"canonical\" href=\"https:\/\/www.golfenescocia.com\/es\/campos-de-golf-en-escocia\/region-de-golf-del-sudoeste\/dundonald\/\" \/>\n<meta property=\"og:locale\" content=\"fr_FR\" \/>\n<meta property=\"og:type\" content=\"article\" \/>\n<meta property=\"og:title\" content=\"Dundonald Golf Links en la costa del oeste de Escocia\" \/>\n<meta property=\"og:description\" content=\"Es el mismo arquitecto que dise\u00f1\u00f3 el espectacular Kingsbarns. Los hoyos son largos y los greens bastante grandes y r\u00e1pidos.\" \/>\n<meta property=\"og:url\" content=\"https:\/\/www.golfenescocia.com\/es\/campos-de-golf-en-escocia\/region-de-golf-del-sudoeste\/dundonald\/\" \/>\n<meta property=\"article:modified_time\" content=\"2023-10-02T10:32:13+00:00\" \/>\n<meta name=\"twitter:card\" content=\"summary_large_image\" \/>\n<meta name=\"twitter:label1\" content=\"Dur\u00e9e de lecture estim\u00e9e\" \/>\n\t<meta name=\"twitter:data1\" content=\"1 minute\" \/>\n<script type=\"application\/ld+json\" class=\"yoast-schema-graph\">{\"@context\":\"https:\\\/\\\/schema.org\",\"@graph\":[{\"@type\":\"WebPage\",\"@id\":\"https:\\\/\\\/www.golfenescocia.com\\\/es\\\/campos-de-golf-en-escocia\\\/region-de-golf-del-sudoeste\\\/dundonald\\\/\",\"url\":\"https:\\\/\\\/www.golfenescocia.com\\\/es\\\/campos-de-golf-en-escocia\\\/region-de-golf-del-sudoeste\\\/dundonald\\\/\",\"name\":\"Dundonald Golf Links en la costa del oeste de Escocia\",\"isPartOf\":{\"@id\":\"https:\\\/\\\/www.golfenescocia.com\\\/es\\\/#website\"},\"primaryImageOfPage\":{\"@id\":\"https:\\\/\\\/www.golfenescocia.com\\\/es\\\/campos-de-golf-en-escocia\\\/region-de-golf-del-sudoeste\\\/dundonald\\\/#primaryimage\"},\"image\":{\"@id\":\"https:\\\/\\\/www.golfenescocia.com\\\/es\\\/campos-de-golf-en-escocia\\\/region-de-golf-del-sudoeste\\\/dundonald\\\/#primaryimage\"},\"thumbnailUrl\":\"\",\"datePublished\":\"2017-06-08T11:21:43+00:00\",\"dateModified\":\"2023-10-02T10:32:13+00:00\",\"description\":\"Es el mismo arquitecto que dise\u00f1\u00f3 el espectacular Kingsbarns. Los hoyos son largos y los greens bastante grandes y r\u00e1pidos.\",\"breadcrumb\":{\"@id\":\"https:\\\/\\\/www.golfenescocia.com\\\/es\\\/campos-de-golf-en-escocia\\\/region-de-golf-del-sudoeste\\\/dundonald\\\/#breadcrumb\"},\"inLanguage\":\"fr-FR\",\"potentialAction\":[{\"@type\":\"ReadAction\",\"target\":[\"https:\\\/\\\/www.golfenescocia.com\\\/es\\\/campos-de-golf-en-escocia\\\/region-de-golf-del-sudoeste\\\/dundonald\\\/\"]}]},{\"@type\":\"ImageObject\",\"inLanguage\":\"fr-FR\",\"@id\":\"https:\\\/\\\/www.golfenescocia.com\\\/es\\\/campos-de-golf-en-escocia\\\/region-de-golf-del-sudoeste\\\/dundonald\\\/#primaryimage\",\"url\":\"\",\"contentUrl\":\"\",\"width\":2000,\"height\":992,\"caption\":\"Dundonald Golf Escocia\"},{\"@type\":\"BreadcrumbList\",\"@id\":\"https:\\\/\\\/www.golfenescocia.com\\\/es\\\/campos-de-golf-en-escocia\\\/region-de-golf-del-sudoeste\\\/dundonald\\\/#breadcrumb\",\"itemListElement\":[{\"@type\":\"ListItem\",\"position\":1,\"name\":\"Home\",\"item\":\"https:\\\/\\\/www.golfenescocia.com\\\/es\\\/\"},{\"@type\":\"ListItem\",\"position\":2,\"name\":\"Campos de golf en Escocia\",\"item\":\"https:\\\/\\\/www.golfenescocia.com\\\/es\\\/campos-de-golf-en-escocia\\\/\"},{\"@type\":\"ListItem\",\"position\":3,\"name\":\"Regi\u00f3n de golf del suroeste\",\"item\":\"https:\\\/\\\/www.golfenescocia.com\\\/es\\\/campos-de-golf-en-escocia\\\/region-de-golf-del-sudoeste\\\/\"},{\"@type\":\"ListItem\",\"position\":4,\"name\":\"Dundonald Links\"}]},{\"@type\":\"WebSite\",\"@id\":\"https:\\\/\\\/www.golfenescocia.com\\\/es\\\/#website\",\"url\":\"https:\\\/\\\/www.golfenescocia.com\\\/es\\\/\",\"name\":\"\",\"description\":\"Viajes de Golf en Escocia\",\"potentialAction\":[{\"@type\":\"SearchAction\",\"target\":{\"@type\":\"EntryPoint\",\"urlTemplate\":\"https:\\\/\\\/www.golfenescocia.com\\\/es\\\/?s={search_term_string}\"},\"query-input\":{\"@type\":\"PropertyValueSpecification\",\"valueRequired\":true,\"valueName\":\"search_term_string\"}}],\"inLanguage\":\"fr-FR\"}]}<\/script>\n<!-- \/ Yoast SEO plugin. -->","yoast_head_json":{"title":"Dundonald Golf Links en la costa del oeste de Escocia","description":"Es el mismo arquitecto que dise\u00f1\u00f3 el espectacular Kingsbarns. Los hoyos son largos y los greens bastante grandes y r\u00e1pidos.","robots":{"index":"index","follow":"follow","max-snippet":"max-snippet:-1","max-image-preview":"max-image-preview:large","max-video-preview":"max-video-preview:-1"},"canonical":"https:\/\/www.golfenescocia.com\/es\/campos-de-golf-en-escocia\/region-de-golf-del-sudoeste\/dundonald\/","og_locale":"fr_FR","og_type":"article","og_title":"Dundonald Golf Links en la costa del oeste de Escocia","og_description":"Es el mismo arquitecto que dise\u00f1\u00f3 el espectacular Kingsbarns. Los hoyos son largos y los greens bastante grandes y r\u00e1pidos.","og_url":"https:\/\/www.golfenescocia.com\/es\/campos-de-golf-en-escocia\/region-de-golf-del-sudoeste\/dundonald\/","article_modified_time":"2023-10-02T10:32:13+00:00","twitter_card":"summary_large_image","twitter_misc":{"Dur\u00e9e de lecture estim\u00e9e":"1 minute"},"schema":{"@context":"https:\/\/schema.org","@graph":[{"@type":"WebPage","@id":"https:\/\/www.golfenescocia.com\/es\/campos-de-golf-en-escocia\/region-de-golf-del-sudoeste\/dundonald\/","url":"https:\/\/www.golfenescocia.com\/es\/campos-de-golf-en-escocia\/region-de-golf-del-sudoeste\/dundonald\/","name":"Dundonald Golf Links en la costa del oeste de Escocia","isPartOf":{"@id":"https:\/\/www.golfenescocia.com\/es\/#website"},"primaryImageOfPage":{"@id":"https:\/\/www.golfenescocia.com\/es\/campos-de-golf-en-escocia\/region-de-golf-del-sudoeste\/dundonald\/#primaryimage"},"image":{"@id":"https:\/\/www.golfenescocia.com\/es\/campos-de-golf-en-escocia\/region-de-golf-del-sudoeste\/dundonald\/#primaryimage"},"thumbnailUrl":"","datePublished":"2017-06-08T11:21:43+00:00","dateModified":"2023-10-02T10:32:13+00:00","description":"Es el mismo arquitecto que dise\u00f1\u00f3 el espectacular Kingsbarns. Los hoyos son largos y los greens bastante grandes y r\u00e1pidos.","breadcrumb":{"@id":"https:\/\/www.golfenescocia.com\/es\/campos-de-golf-en-escocia\/region-de-golf-del-sudoeste\/dundonald\/#breadcrumb"},"inLanguage":"fr-FR","potentialAction":[{"@type":"ReadAction","target":["https:\/\/www.golfenescocia.com\/es\/campos-de-golf-en-escocia\/region-de-golf-del-sudoeste\/dundonald\/"]}]},{"@type":"ImageObject","inLanguage":"fr-FR","@id":"https:\/\/www.golfenescocia.com\/es\/campos-de-golf-en-escocia\/region-de-golf-del-sudoeste\/dundonald\/#primaryimage","url":"","contentUrl":"","width":2000,"height":992,"caption":"Dundonald Golf Escocia"},{"@type":"BreadcrumbList","@id":"https:\/\/www.golfenescocia.com\/es\/campos-de-golf-en-escocia\/region-de-golf-del-sudoeste\/dundonald\/#breadcrumb","itemListElement":[{"@type":"ListItem","position":1,"name":"Home","item":"https:\/\/www.golfenescocia.com\/es\/"},{"@type":"ListItem","position":2,"name":"Campos de golf en Escocia","item":"https:\/\/www.golfenescocia.com\/es\/campos-de-golf-en-escocia\/"},{"@type":"ListItem","position":3,"name":"Regi\u00f3n de golf del suroeste","item":"https:\/\/www.golfenescocia.com\/es\/campos-de-golf-en-escocia\/region-de-golf-del-sudoeste\/"},{"@type":"ListItem","position":4,"name":"Dundonald Links"}]},{"@type":"WebSite","@id":"https:\/\/www.golfenescocia.com\/es\/#website","url":"https:\/\/www.golfenescocia.com\/es\/","name":"","description":"Viajes de Golf en Escocia","potentialAction":[{"@type":"SearchAction","target":{"@type":"EntryPoint","urlTemplate":"https:\/\/www.golfenescocia.com\/es\/?s={search_term_string}"},"query-input":{"@type":"PropertyValueSpecification","valueRequired":true,"valueName":"search_term_string"}}],"inLanguage":"fr-FR"}]}},"_links":{"self":[{"href":"https:\/\/www.golfenescocia.com\/es\/wp-json\/wp\/v2\/pages\/8654","targetHints":{"allow":["GET"]}}],"collection":[{"href":"https:\/\/www.golfenescocia.com\/es\/wp-json\/wp\/v2\/pages"}],"about":[{"href":"https:\/\/www.golfenescocia.com\/es\/wp-json\/wp\/v2\/types\/page"}],"author":[{"embeddable":true,"href":"https:\/\/www.golfenescocia.com\/es\/wp-json\/wp\/v2\/users\/5"}],"replies":[{"embeddable":true,"href":"https:\/\/www.golfenescocia.com\/es\/wp-json\/wp\/v2\/comments?post=8654"}],"version-history":[{"count":11,"href":"https:\/\/www.golfenescocia.com\/es\/wp-json\/wp\/v2\/pages\/8654\/revisions"}],"predecessor-version":[{"id":14755,"href":"https:\/\/www.golfenescocia.com\/es\/wp-json\/wp\/v2\/pages\/8654\/revisions\/14755"}],"up":[{"embeddable":true,"href":"https:\/\/www.golfenescocia.com\/es\/wp-json\/wp\/v2\/pages\/8855"}],"wp:featuredmedia":[{"embeddable":true,"href":"https:\/\/www.golfenescocia.com\/es\/wp-json\/wp\/v2\/media\/7649"}],"wp:attachment":[{"href":"https:\/\/www.golfenescocia.com\/es\/wp-json\/wp\/v2\/media?parent=8654"}],"curies":[{"name":"wp","href":"https:\/\/api.w.org\/{rel}","templated":true}]}}