{"id":8648,"date":"2017-06-08T11:21:51","date_gmt":"2017-06-08T11:21:51","guid":{"rendered":"https:\/\/www.golfenescocia.com\/machrihanish\/"},"modified":"2023-09-30T11:25:34","modified_gmt":"2023-09-30T11:25:34","slug":"machrihanish","status":"publish","type":"page","link":"https:\/\/www.golfenescocia.com\/es\/campos-de-golf-en-escocia\/region-de-golf-del-sudoeste\/machrihanish\/","title":{"rendered":"Machrihanish"},"content":{"rendered":"<table border=\"0\">\n<tbody>\n<tr>\n<td>Nuestra clasificaci\u00f3n:<\/td>\n<td><img loading=\"lazy\" decoding=\"async\" class=\"size-full wp-image-4867 alignnone\" src=\"https:\/\/www.golfenescocia.com\/wp-content\/uploads\/2017\/06\/star5.png\" alt=\"\" width=\"147\" height=\"30\" \/><\/td>\n<td colspan=\"2\" rowspan=\"10\" align=\"center\" valign=\"top\" width=\"50%\"><img loading=\"lazy\" decoding=\"async\" class=\"aligncenter wp-image-7481\" src=\"https:\/\/www.golfenescocia.com\/wp-content\/uploads\/2017\/06\/scotland-map-209x300.png\" alt=\"\" width=\"418\" height=\"600\" srcset=\"https:\/\/www.golfenescocia.com\/wp-content\/uploads\/2017\/06\/scotland-map-209x300.png 209w, https:\/\/www.golfenescocia.com\/wp-content\/uploads\/2017\/06\/scotland-map.png 550w\" sizes=\"auto, (max-width: 418px) 100vw, 418px\" \/><\/td>\n<\/tr>\n<tr>\n<td>Ranking mundial:<\/td>\n<td>71<\/td>\n<\/tr>\n<tr>\n<td>Ranking escoc\u00e9s:<\/td>\n<td>9<\/td>\n<\/tr>\n<tr>\n<td width=\"30%\">Arquitecto:<\/td>\n<td width=\"20%\">Old Tom Morris<\/td>\n<\/tr>\n<tr>\n<td>Fecha de inauguraci\u00f3n:<\/td>\n<td>1876<\/td>\n<\/tr>\n<tr>\n<td>Par:<\/td>\n<td>70<\/td>\n<\/tr>\n<tr>\n<td>Distancia de Saint Andrews:<\/td>\n<td>295 km<\/td>\n<\/tr>\n<tr>\n<td>Distancia de Edimburgo:<\/td>\n<td>235 km<\/td>\n<\/tr>\n<tr>\n<td>Distancia de Glasgow:<\/td>\n<td>155 km<\/td>\n<\/tr>\n<tr>\n<td>Distancia de Inerness:<\/td>\n<td>135 km<\/td>\n<\/tr>\n<tr>\n<td colspan=\"4\">Dise\u00f1ado por Old Tom Morris en 1876, este incre\u00edble campo de golf queda lejos de la mayor\u00eda de las ciudades. Sin embargo, los campos de golf m\u00e1s pintorescos se encuentran frecuentemente en lugares remotos.\u00a0El primer hoyo es descrito como el mejor hoyo de apertura del mundo. Es comprensible, ya que se debe tirar la bola sobre la playa y el oc\u00e9ano Atl\u00e1ntico para llegar al fairway.<br \/>\nEste campo es, sobre todo, para golfistas a quienes no les asuste viajar a este fant\u00e1stico y\u00a0\u00fanico emplazamiento, que es uno de los campos de golf m\u00e1s naturales del mundo.<\/td>\n<\/tr>\n<\/tbody>\n<\/table>\n<div style=\"clear: both;\"><\/div>\n<div class=\"one-third first\" style=\"text-align: center;\"><a class=\"button \" title=\"Nuestros Viajes\" href=\"https:\/\/www.golfenescocia.com\/nuestros-viajes\/\" target=\"_blank\" rel=\"noopener noreferrer\">Nuestros viajes<\/a><\/div>\n<div class=\"one-third\" style=\"text-align: center;\"><a class=\"button\" title=\"Solicitud de presupuesto\" href=\"https:\/\/www.golfenescocia.com\/es\/solicitud-de-presupuesto\/\" target=\"_blank\" rel=\"noopener noreferrer\">Solicitud de presupuesto<\/a><\/div>\n<div class=\"one-third\" style=\"text-align: center;\"><a class=\"button\" title=\"Cont\u00e1ctenos\" href=\"https:\/\/www.golfenescocia.com\/es\/contacto\/\" target=\"_blank\" rel=\"noopener noreferrer\">Cont\u00e1ctenos<\/a><\/div>\n","protected":false},"excerpt":{"rendered":"<p>Nuestra clasificaci\u00f3n: Ranking mundial: 71 Ranking escoc\u00e9s: 9 Arquitecto: Old Tom Morris Fecha de inauguraci\u00f3n: 1876 Par: 70 Distancia de Saint Andrews: 295 km Distancia de Edimburgo: 235 km Distancia de Glasgow: 155 km Distancia de Inerness: 135 km Dise\u00f1ado por Old Tom Morris en 1876, este incre\u00edble campo de golf queda lejos de la [&hellip;]<\/p>\n","protected":false},"author":5,"featured_media":8649,"parent":8855,"menu_order":0,"comment_status":"closed","ping_status":"closed","template":"","meta":{"_genesis_hide_title":false,"_genesis_hide_breadcrumbs":false,"_genesis_hide_singular_image":false,"_genesis_hide_footer_widgets":false,"_genesis_custom_body_class":"","_genesis_custom_post_class":"","_genesis_layout":"","footnotes":""},"class_list":{"0":"post-8648","1":"page","2":"type-page","3":"status-publish","4":"has-post-thumbnail","6":"entry"},"yoast_head":"<!-- This site is optimized with the Yoast SEO plugin v27.4 - https:\/\/yoast.com\/product\/yoast-seo-wordpress\/ -->\n<title>Machrihanish por la peninsula de Kityrre<\/title>\n<meta name=\"description\" content=\"Su arquitecto es Old Tom Morris, que lo construy\u00f3 en 1876. Un excelente desplazamiento en una regi\u00f3n remota de Escocia, al lado de oc\u00e9ano Atl\u00e1ntico.\" \/>\n<meta name=\"robots\" content=\"index, follow, max-snippet:-1, max-image-preview:large, max-video-preview:-1\" \/>\n<link rel=\"canonical\" href=\"https:\/\/www.golfenescocia.com\/es\/campos-de-golf-en-escocia\/region-de-golf-del-sudoeste\/machrihanish\/\" \/>\n<meta property=\"og:locale\" content=\"fr_FR\" \/>\n<meta property=\"og:type\" content=\"article\" \/>\n<meta property=\"og:title\" content=\"Machrihanish por la peninsula de Kityrre\" \/>\n<meta property=\"og:description\" content=\"Su arquitecto es Old Tom Morris, que lo construy\u00f3 en 1876. Un excelente desplazamiento en una regi\u00f3n remota de Escocia, al lado de oc\u00e9ano Atl\u00e1ntico.\" \/>\n<meta property=\"og:url\" content=\"https:\/\/www.golfenescocia.com\/es\/campos-de-golf-en-escocia\/region-de-golf-del-sudoeste\/machrihanish\/\" \/>\n<meta property=\"article:modified_time\" content=\"2023-09-30T11:25:34+00:00\" \/>\n<meta property=\"og:image\" content=\"https:\/\/www.golfenescocia.com\/wp-content\/uploads\/2017\/06\/golf-machrihanish-escocia.jpg\" \/>\n\t<meta property=\"og:image:width\" content=\"1599\" \/>\n\t<meta property=\"og:image:height\" content=\"865\" \/>\n\t<meta property=\"og:image:type\" content=\"image\/jpeg\" \/>\n<meta name=\"twitter:card\" content=\"summary_large_image\" \/>\n<meta name=\"twitter:label1\" content=\"Dur\u00e9e de lecture estim\u00e9e\" \/>\n\t<meta name=\"twitter:data1\" content=\"1 minute\" \/>\n<script type=\"application\/ld+json\" class=\"yoast-schema-graph\">{\"@context\":\"https:\\\/\\\/schema.org\",\"@graph\":[{\"@type\":\"WebPage\",\"@id\":\"https:\\\/\\\/www.golfenescocia.com\\\/es\\\/campos-de-golf-en-escocia\\\/region-de-golf-del-sudoeste\\\/machrihanish\\\/\",\"url\":\"https:\\\/\\\/www.golfenescocia.com\\\/es\\\/campos-de-golf-en-escocia\\\/region-de-golf-del-sudoeste\\\/machrihanish\\\/\",\"name\":\"Machrihanish por la peninsula de Kityrre\",\"isPartOf\":{\"@id\":\"https:\\\/\\\/www.golfenescocia.com\\\/es\\\/#website\"},\"primaryImageOfPage\":{\"@id\":\"https:\\\/\\\/www.golfenescocia.com\\\/es\\\/campos-de-golf-en-escocia\\\/region-de-golf-del-sudoeste\\\/machrihanish\\\/#primaryimage\"},\"image\":{\"@id\":\"https:\\\/\\\/www.golfenescocia.com\\\/es\\\/campos-de-golf-en-escocia\\\/region-de-golf-del-sudoeste\\\/machrihanish\\\/#primaryimage\"},\"thumbnailUrl\":\"https:\\\/\\\/www.golfenescocia.com\\\/wp-content\\\/uploads\\\/2017\\\/06\\\/golf-machrihanish-escocia.jpg\",\"datePublished\":\"2017-06-08T11:21:51+00:00\",\"dateModified\":\"2023-09-30T11:25:34+00:00\",\"description\":\"Su arquitecto es Old Tom Morris, que lo construy\u00f3 en 1876. Un excelente desplazamiento en una regi\u00f3n remota de Escocia, al lado de oc\u00e9ano Atl\u00e1ntico.\",\"breadcrumb\":{\"@id\":\"https:\\\/\\\/www.golfenescocia.com\\\/es\\\/campos-de-golf-en-escocia\\\/region-de-golf-del-sudoeste\\\/machrihanish\\\/#breadcrumb\"},\"inLanguage\":\"fr-FR\",\"potentialAction\":[{\"@type\":\"ReadAction\",\"target\":[\"https:\\\/\\\/www.golfenescocia.com\\\/es\\\/campos-de-golf-en-escocia\\\/region-de-golf-del-sudoeste\\\/machrihanish\\\/\"]}]},{\"@type\":\"ImageObject\",\"inLanguage\":\"fr-FR\",\"@id\":\"https:\\\/\\\/www.golfenescocia.com\\\/es\\\/campos-de-golf-en-escocia\\\/region-de-golf-del-sudoeste\\\/machrihanish\\\/#primaryimage\",\"url\":\"https:\\\/\\\/www.golfenescocia.com\\\/wp-content\\\/uploads\\\/2017\\\/06\\\/golf-machrihanish-escocia.jpg\",\"contentUrl\":\"https:\\\/\\\/www.golfenescocia.com\\\/wp-content\\\/uploads\\\/2017\\\/06\\\/golf-machrihanish-escocia.jpg\",\"width\":1599,\"height\":865,\"caption\":\"Machrihanish Golf Escocia\"},{\"@type\":\"BreadcrumbList\",\"@id\":\"https:\\\/\\\/www.golfenescocia.com\\\/es\\\/campos-de-golf-en-escocia\\\/region-de-golf-del-sudoeste\\\/machrihanish\\\/#breadcrumb\",\"itemListElement\":[{\"@type\":\"ListItem\",\"position\":1,\"name\":\"Home\",\"item\":\"https:\\\/\\\/www.golfenescocia.com\\\/es\\\/\"},{\"@type\":\"ListItem\",\"position\":2,\"name\":\"Campos de golf en Escocia\",\"item\":\"https:\\\/\\\/www.golfenescocia.com\\\/es\\\/campos-de-golf-en-escocia\\\/\"},{\"@type\":\"ListItem\",\"position\":3,\"name\":\"Regi\u00f3n de golf del suroeste\",\"item\":\"https:\\\/\\\/www.golfenescocia.com\\\/es\\\/campos-de-golf-en-escocia\\\/region-de-golf-del-sudoeste\\\/\"},{\"@type\":\"ListItem\",\"position\":4,\"name\":\"Machrihanish\"}]},{\"@type\":\"WebSite\",\"@id\":\"https:\\\/\\\/www.golfenescocia.com\\\/es\\\/#website\",\"url\":\"https:\\\/\\\/www.golfenescocia.com\\\/es\\\/\",\"name\":\"\",\"description\":\"Viajes de Golf en Escocia\",\"potentialAction\":[{\"@type\":\"SearchAction\",\"target\":{\"@type\":\"EntryPoint\",\"urlTemplate\":\"https:\\\/\\\/www.golfenescocia.com\\\/es\\\/?s={search_term_string}\"},\"query-input\":{\"@type\":\"PropertyValueSpecification\",\"valueRequired\":true,\"valueName\":\"search_term_string\"}}],\"inLanguage\":\"fr-FR\"}]}<\/script>\n<!-- \/ Yoast SEO plugin. -->","yoast_head_json":{"title":"Machrihanish por la peninsula de Kityrre","description":"Su arquitecto es Old Tom Morris, que lo construy\u00f3 en 1876. Un excelente desplazamiento en una regi\u00f3n remota de Escocia, al lado de oc\u00e9ano Atl\u00e1ntico.","robots":{"index":"index","follow":"follow","max-snippet":"max-snippet:-1","max-image-preview":"max-image-preview:large","max-video-preview":"max-video-preview:-1"},"canonical":"https:\/\/www.golfenescocia.com\/es\/campos-de-golf-en-escocia\/region-de-golf-del-sudoeste\/machrihanish\/","og_locale":"fr_FR","og_type":"article","og_title":"Machrihanish por la peninsula de Kityrre","og_description":"Su arquitecto es Old Tom Morris, que lo construy\u00f3 en 1876. Un excelente desplazamiento en una regi\u00f3n remota de Escocia, al lado de oc\u00e9ano Atl\u00e1ntico.","og_url":"https:\/\/www.golfenescocia.com\/es\/campos-de-golf-en-escocia\/region-de-golf-del-sudoeste\/machrihanish\/","article_modified_time":"2023-09-30T11:25:34+00:00","og_image":[{"width":1599,"height":865,"url":"https:\/\/www.golfenescocia.com\/wp-content\/uploads\/2017\/06\/golf-machrihanish-escocia.jpg","type":"image\/jpeg"}],"twitter_card":"summary_large_image","twitter_misc":{"Dur\u00e9e de lecture estim\u00e9e":"1 minute"},"schema":{"@context":"https:\/\/schema.org","@graph":[{"@type":"WebPage","@id":"https:\/\/www.golfenescocia.com\/es\/campos-de-golf-en-escocia\/region-de-golf-del-sudoeste\/machrihanish\/","url":"https:\/\/www.golfenescocia.com\/es\/campos-de-golf-en-escocia\/region-de-golf-del-sudoeste\/machrihanish\/","name":"Machrihanish por la peninsula de Kityrre","isPartOf":{"@id":"https:\/\/www.golfenescocia.com\/es\/#website"},"primaryImageOfPage":{"@id":"https:\/\/www.golfenescocia.com\/es\/campos-de-golf-en-escocia\/region-de-golf-del-sudoeste\/machrihanish\/#primaryimage"},"image":{"@id":"https:\/\/www.golfenescocia.com\/es\/campos-de-golf-en-escocia\/region-de-golf-del-sudoeste\/machrihanish\/#primaryimage"},"thumbnailUrl":"https:\/\/www.golfenescocia.com\/wp-content\/uploads\/2017\/06\/golf-machrihanish-escocia.jpg","datePublished":"2017-06-08T11:21:51+00:00","dateModified":"2023-09-30T11:25:34+00:00","description":"Su arquitecto es Old Tom Morris, que lo construy\u00f3 en 1876. Un excelente desplazamiento en una regi\u00f3n remota de Escocia, al lado de oc\u00e9ano Atl\u00e1ntico.","breadcrumb":{"@id":"https:\/\/www.golfenescocia.com\/es\/campos-de-golf-en-escocia\/region-de-golf-del-sudoeste\/machrihanish\/#breadcrumb"},"inLanguage":"fr-FR","potentialAction":[{"@type":"ReadAction","target":["https:\/\/www.golfenescocia.com\/es\/campos-de-golf-en-escocia\/region-de-golf-del-sudoeste\/machrihanish\/"]}]},{"@type":"ImageObject","inLanguage":"fr-FR","@id":"https:\/\/www.golfenescocia.com\/es\/campos-de-golf-en-escocia\/region-de-golf-del-sudoeste\/machrihanish\/#primaryimage","url":"https:\/\/www.golfenescocia.com\/wp-content\/uploads\/2017\/06\/golf-machrihanish-escocia.jpg","contentUrl":"https:\/\/www.golfenescocia.com\/wp-content\/uploads\/2017\/06\/golf-machrihanish-escocia.jpg","width":1599,"height":865,"caption":"Machrihanish Golf Escocia"},{"@type":"BreadcrumbList","@id":"https:\/\/www.golfenescocia.com\/es\/campos-de-golf-en-escocia\/region-de-golf-del-sudoeste\/machrihanish\/#breadcrumb","itemListElement":[{"@type":"ListItem","position":1,"name":"Home","item":"https:\/\/www.golfenescocia.com\/es\/"},{"@type":"ListItem","position":2,"name":"Campos de golf en Escocia","item":"https:\/\/www.golfenescocia.com\/es\/campos-de-golf-en-escocia\/"},{"@type":"ListItem","position":3,"name":"Regi\u00f3n de golf del suroeste","item":"https:\/\/www.golfenescocia.com\/es\/campos-de-golf-en-escocia\/region-de-golf-del-sudoeste\/"},{"@type":"ListItem","position":4,"name":"Machrihanish"}]},{"@type":"WebSite","@id":"https:\/\/www.golfenescocia.com\/es\/#website","url":"https:\/\/www.golfenescocia.com\/es\/","name":"","description":"Viajes de Golf en Escocia","potentialAction":[{"@type":"SearchAction","target":{"@type":"EntryPoint","urlTemplate":"https:\/\/www.golfenescocia.com\/es\/?s={search_term_string}"},"query-input":{"@type":"PropertyValueSpecification","valueRequired":true,"valueName":"search_term_string"}}],"inLanguage":"fr-FR"}]}},"_links":{"self":[{"href":"https:\/\/www.golfenescocia.com\/es\/wp-json\/wp\/v2\/pages\/8648","targetHints":{"allow":["GET"]}}],"collection":[{"href":"https:\/\/www.golfenescocia.com\/es\/wp-json\/wp\/v2\/pages"}],"about":[{"href":"https:\/\/www.golfenescocia.com\/es\/wp-json\/wp\/v2\/types\/page"}],"author":[{"embeddable":true,"href":"https:\/\/www.golfenescocia.com\/es\/wp-json\/wp\/v2\/users\/5"}],"replies":[{"embeddable":true,"href":"https:\/\/www.golfenescocia.com\/es\/wp-json\/wp\/v2\/comments?post=8648"}],"version-history":[{"count":5,"href":"https:\/\/www.golfenescocia.com\/es\/wp-json\/wp\/v2\/pages\/8648\/revisions"}],"predecessor-version":[{"id":14451,"href":"https:\/\/www.golfenescocia.com\/es\/wp-json\/wp\/v2\/pages\/8648\/revisions\/14451"}],"up":[{"embeddable":true,"href":"https:\/\/www.golfenescocia.com\/es\/wp-json\/wp\/v2\/pages\/8855"}],"wp:featuredmedia":[{"embeddable":true,"href":"https:\/\/www.golfenescocia.com\/es\/wp-json\/wp\/v2\/media\/8649"}],"wp:attachment":[{"href":"https:\/\/www.golfenescocia.com\/es\/wp-json\/wp\/v2\/media?parent=8648"}],"curies":[{"name":"wp","href":"https:\/\/api.w.org\/{rel}","templated":true}]}}