{"id":8604,"date":"2017-06-08T15:11:55","date_gmt":"2017-06-08T15:11:55","guid":{"rendered":"https:\/\/www.golfenescocia.com\/sobre-nuestro-equipo\/"},"modified":"2023-10-02T10:53:11","modified_gmt":"2023-10-02T10:53:11","slug":"sobre-nuestro-equipo","status":"publish","type":"page","link":"https:\/\/www.golfenescocia.com\/es\/sobre-nuestro-equipo\/","title":{"rendered":"Sobre nuestro equipo"},"content":{"rendered":"<p>Nuestro equipo es internacional y es consciente de la importancia de ofrecer un servicio de alta calidad para todos nuestros clientes. Esperamos que este servicio sea muy superior a sus expectativas.<\/p>\n<p>Como especialistas en tours de golf, ofrecemos tours en Escocia, todo el Reino Unido e Irlanda a particulares y grupos de cualquier tama\u00f1o. Nos aseguramos de cubrir cada detalle y de que nuestros clientes experimenten todo lo que este pa\u00eds puede ofrecer.<\/p>\n<p>Si desea una experiencia educativa \u00fanica, tambi\u00e9n le ofrecemos la posibilidad de asistir a clases de ingl\u00e9s combinadas con clases de golf en St Andrews (ni\u00f1os, a partir de 12 a\u00f1os)<\/p>\n<p>Todos los campos de golf, alojamientos, desplazamientos y actividades han sido cuidadosamente seleccionados por nuestro equipo, comprometido a garantizarle una maravillosa estancia en el pa\u00eds del golf.<\/p>\n<p>Dise\u00f1amos vacaciones a su medida, seg\u00fan sus preferencias, disponibilidad y presupuesto y aseguramos la calidad en todos los aspectos de su viaje para una experiencia inolvidable.<\/p>\n<p>Creemos que cada golfista deber\u00eda venir a Escocia al menos una vez en la vida para experimentar y sentir el origen del golf.\u00a0\u00a1Y es tanto lo que Escocia puede ofrecer! No s\u00f3lo sus campos de golf, sino tambi\u00e9n su vasta cultura, tradiciones, paisajes, castillos, whisky y much\u00edsimo m\u00e1s.<\/p>\n<p>Si el golf no es lo que est\u00e1 buscando, pero le gustar\u00eda venir a Escocia y descubrir todos los tesoros de este hermoso pa\u00eds, nuestro equipo podr\u00e1 ayudarle a organizar el viaje perfecto.<\/p>\n<p><img loading=\"lazy\" decoding=\"async\" class=\"alignleft size-full wp-image-12678\" src=\"https:\/\/www.golfenescocia.com\/wp-content\/uploads\/2018\/12\/golf-escocia-st-andrews-links.png\" alt=\"St Andrews Links Golf en Escocia\" width=\"300\" height=\"116\" \/><img loading=\"lazy\" decoding=\"async\" class=\"alignleft size-medium wp-image-4872\" src=\"https:\/\/www.golfenescocia.com\/wp-content\/uploads\/2015\/02\/IAGTO-logo-300x104.jpg\" alt=\"IAGTO Golf Escocia\" width=\"300\" height=\"104\" srcset=\"https:\/\/www.golfenescocia.com\/wp-content\/uploads\/2015\/02\/IAGTO-logo-300x104.jpg 300w, https:\/\/www.golfenescocia.com\/wp-content\/uploads\/2015\/02\/IAGTO-logo-768x266.jpg 768w, https:\/\/www.golfenescocia.com\/wp-content\/uploads\/2015\/02\/IAGTO-logo.jpg 1024w\" sizes=\"auto, (max-width: 300px) 100vw, 300px\" \/><img loading=\"lazy\" decoding=\"async\" class=\"alignleft size-medium wp-image-4876\" src=\"https:\/\/www.golfenescocia.com\/wp-content\/uploads\/2015\/02\/Visit-scotland-300x82.jpg\" alt=\"Visit Scotland Golf Escocia\" width=\"300\" height=\"82\" srcset=\"https:\/\/www.golfenescocia.com\/wp-content\/uploads\/2015\/02\/Visit-scotland-300x82.jpg 300w, https:\/\/www.golfenescocia.com\/wp-content\/uploads\/2015\/02\/Visit-scotland-768x209.jpg 768w, https:\/\/www.golfenescocia.com\/wp-content\/uploads\/2015\/02\/Visit-scotland.jpg 790w\" sizes=\"auto, (max-width: 300px) 100vw, 300px\" \/><\/p>\n","protected":false},"excerpt":{"rendered":"<p>Nuestro equipo es internacional y es consciente de la importancia de ofrecer un servicio de alta calidad para todos nuestros clientes. Esperamos que este servicio sea muy superior a sus expectativas. Como especialistas en tours de golf, ofrecemos tours en Escocia, todo el Reino Unido e Irlanda a particulares y grupos de cualquier tama\u00f1o. Nos [&hellip;]<\/p>\n","protected":false},"author":5,"featured_media":7760,"parent":0,"menu_order":0,"comment_status":"closed","ping_status":"closed","template":"","meta":{"_genesis_hide_title":false,"_genesis_hide_breadcrumbs":false,"_genesis_hide_singular_image":false,"_genesis_hide_footer_widgets":false,"_genesis_custom_body_class":"","_genesis_custom_post_class":"","_genesis_layout":"","footnotes":""},"class_list":{"0":"post-8604","1":"page","2":"type-page","3":"status-publish","4":"has-post-thumbnail","6":"entry"},"yoast_head":"<!-- This site is optimized with the Yoast SEO plugin v27.4 - https:\/\/yoast.com\/product\/yoast-seo-wordpress\/ -->\n<title>Sobre nuestro equipo - Golf en Escocia<\/title>\n<meta name=\"description\" content=\"Sobre nuestro equipo - Golf en Escocia. Nos comprometemos a ofrecerle viajes de calidad y hacer de su estancia una experiencia inolvidable.\" \/>\n<meta name=\"robots\" content=\"index, follow, max-snippet:-1, max-image-preview:large, max-video-preview:-1\" \/>\n<link rel=\"canonical\" href=\"https:\/\/www.golfenescocia.com\/es\/sobre-nuestro-equipo\/\" \/>\n<meta property=\"og:locale\" content=\"fr_FR\" \/>\n<meta property=\"og:type\" content=\"article\" \/>\n<meta property=\"og:title\" content=\"Sobre nuestro equipo - Golf en Escocia\" \/>\n<meta property=\"og:description\" content=\"Sobre nuestro equipo - Golf en Escocia. Nos comprometemos a ofrecerle viajes de calidad y hacer de su estancia una experiencia inolvidable.\" \/>\n<meta property=\"og:url\" content=\"https:\/\/www.golfenescocia.com\/es\/sobre-nuestro-equipo\/\" \/>\n<meta property=\"article:modified_time\" content=\"2023-10-02T10:53:11+00:00\" \/>\n<meta name=\"twitter:card\" content=\"summary_large_image\" \/>\n<meta name=\"twitter:label1\" content=\"Dur\u00e9e de lecture estim\u00e9e\" \/>\n\t<meta name=\"twitter:data1\" content=\"1 minute\" \/>\n<script type=\"application\/ld+json\" class=\"yoast-schema-graph\">{\"@context\":\"https:\\\/\\\/schema.org\",\"@graph\":[{\"@type\":\"WebPage\",\"@id\":\"https:\\\/\\\/www.golfenescocia.com\\\/es\\\/sobre-nuestro-equipo\\\/\",\"url\":\"https:\\\/\\\/www.golfenescocia.com\\\/es\\\/sobre-nuestro-equipo\\\/\",\"name\":\"Sobre nuestro equipo - Golf en Escocia\",\"isPartOf\":{\"@id\":\"https:\\\/\\\/www.golfenescocia.com\\\/es\\\/#website\"},\"primaryImageOfPage\":{\"@id\":\"https:\\\/\\\/www.golfenescocia.com\\\/es\\\/sobre-nuestro-equipo\\\/#primaryimage\"},\"image\":{\"@id\":\"https:\\\/\\\/www.golfenescocia.com\\\/es\\\/sobre-nuestro-equipo\\\/#primaryimage\"},\"thumbnailUrl\":\"\",\"datePublished\":\"2017-06-08T15:11:55+00:00\",\"dateModified\":\"2023-10-02T10:53:11+00:00\",\"description\":\"Sobre nuestro equipo - Golf en Escocia. Nos comprometemos a ofrecerle viajes de calidad y hacer de su estancia una experiencia inolvidable.\",\"breadcrumb\":{\"@id\":\"https:\\\/\\\/www.golfenescocia.com\\\/es\\\/sobre-nuestro-equipo\\\/#breadcrumb\"},\"inLanguage\":\"fr-FR\",\"potentialAction\":[{\"@type\":\"ReadAction\",\"target\":[\"https:\\\/\\\/www.golfenescocia.com\\\/es\\\/sobre-nuestro-equipo\\\/\"]}]},{\"@type\":\"ImageObject\",\"inLanguage\":\"fr-FR\",\"@id\":\"https:\\\/\\\/www.golfenescocia.com\\\/es\\\/sobre-nuestro-equipo\\\/#primaryimage\",\"url\":\"\",\"contentUrl\":\"\",\"width\":2000,\"height\":739,\"caption\":\"Equipo Golf Escocia\"},{\"@type\":\"BreadcrumbList\",\"@id\":\"https:\\\/\\\/www.golfenescocia.com\\\/es\\\/sobre-nuestro-equipo\\\/#breadcrumb\",\"itemListElement\":[{\"@type\":\"ListItem\",\"position\":1,\"name\":\"Home\",\"item\":\"https:\\\/\\\/www.golfenescocia.com\\\/es\\\/\"},{\"@type\":\"ListItem\",\"position\":2,\"name\":\"Sobre nuestro equipo\"}]},{\"@type\":\"WebSite\",\"@id\":\"https:\\\/\\\/www.golfenescocia.com\\\/es\\\/#website\",\"url\":\"https:\\\/\\\/www.golfenescocia.com\\\/es\\\/\",\"name\":\"\",\"description\":\"Viajes de Golf en Escocia\",\"potentialAction\":[{\"@type\":\"SearchAction\",\"target\":{\"@type\":\"EntryPoint\",\"urlTemplate\":\"https:\\\/\\\/www.golfenescocia.com\\\/es\\\/?s={search_term_string}\"},\"query-input\":{\"@type\":\"PropertyValueSpecification\",\"valueRequired\":true,\"valueName\":\"search_term_string\"}}],\"inLanguage\":\"fr-FR\"}]}<\/script>\n<!-- \/ Yoast SEO plugin. -->","yoast_head_json":{"title":"Sobre nuestro equipo - Golf en Escocia","description":"Sobre nuestro equipo - Golf en Escocia. Nos comprometemos a ofrecerle viajes de calidad y hacer de su estancia una experiencia inolvidable.","robots":{"index":"index","follow":"follow","max-snippet":"max-snippet:-1","max-image-preview":"max-image-preview:large","max-video-preview":"max-video-preview:-1"},"canonical":"https:\/\/www.golfenescocia.com\/es\/sobre-nuestro-equipo\/","og_locale":"fr_FR","og_type":"article","og_title":"Sobre nuestro equipo - Golf en Escocia","og_description":"Sobre nuestro equipo - Golf en Escocia. Nos comprometemos a ofrecerle viajes de calidad y hacer de su estancia una experiencia inolvidable.","og_url":"https:\/\/www.golfenescocia.com\/es\/sobre-nuestro-equipo\/","article_modified_time":"2023-10-02T10:53:11+00:00","twitter_card":"summary_large_image","twitter_misc":{"Dur\u00e9e de lecture estim\u00e9e":"1 minute"},"schema":{"@context":"https:\/\/schema.org","@graph":[{"@type":"WebPage","@id":"https:\/\/www.golfenescocia.com\/es\/sobre-nuestro-equipo\/","url":"https:\/\/www.golfenescocia.com\/es\/sobre-nuestro-equipo\/","name":"Sobre nuestro equipo - Golf en Escocia","isPartOf":{"@id":"https:\/\/www.golfenescocia.com\/es\/#website"},"primaryImageOfPage":{"@id":"https:\/\/www.golfenescocia.com\/es\/sobre-nuestro-equipo\/#primaryimage"},"image":{"@id":"https:\/\/www.golfenescocia.com\/es\/sobre-nuestro-equipo\/#primaryimage"},"thumbnailUrl":"","datePublished":"2017-06-08T15:11:55+00:00","dateModified":"2023-10-02T10:53:11+00:00","description":"Sobre nuestro equipo - Golf en Escocia. Nos comprometemos a ofrecerle viajes de calidad y hacer de su estancia una experiencia inolvidable.","breadcrumb":{"@id":"https:\/\/www.golfenescocia.com\/es\/sobre-nuestro-equipo\/#breadcrumb"},"inLanguage":"fr-FR","potentialAction":[{"@type":"ReadAction","target":["https:\/\/www.golfenescocia.com\/es\/sobre-nuestro-equipo\/"]}]},{"@type":"ImageObject","inLanguage":"fr-FR","@id":"https:\/\/www.golfenescocia.com\/es\/sobre-nuestro-equipo\/#primaryimage","url":"","contentUrl":"","width":2000,"height":739,"caption":"Equipo Golf Escocia"},{"@type":"BreadcrumbList","@id":"https:\/\/www.golfenescocia.com\/es\/sobre-nuestro-equipo\/#breadcrumb","itemListElement":[{"@type":"ListItem","position":1,"name":"Home","item":"https:\/\/www.golfenescocia.com\/es\/"},{"@type":"ListItem","position":2,"name":"Sobre nuestro equipo"}]},{"@type":"WebSite","@id":"https:\/\/www.golfenescocia.com\/es\/#website","url":"https:\/\/www.golfenescocia.com\/es\/","name":"","description":"Viajes de Golf en Escocia","potentialAction":[{"@type":"SearchAction","target":{"@type":"EntryPoint","urlTemplate":"https:\/\/www.golfenescocia.com\/es\/?s={search_term_string}"},"query-input":{"@type":"PropertyValueSpecification","valueRequired":true,"valueName":"search_term_string"}}],"inLanguage":"fr-FR"}]}},"_links":{"self":[{"href":"https:\/\/www.golfenescocia.com\/es\/wp-json\/wp\/v2\/pages\/8604","targetHints":{"allow":["GET"]}}],"collection":[{"href":"https:\/\/www.golfenescocia.com\/es\/wp-json\/wp\/v2\/pages"}],"about":[{"href":"https:\/\/www.golfenescocia.com\/es\/wp-json\/wp\/v2\/types\/page"}],"author":[{"embeddable":true,"href":"https:\/\/www.golfenescocia.com\/es\/wp-json\/wp\/v2\/users\/5"}],"replies":[{"embeddable":true,"href":"https:\/\/www.golfenescocia.com\/es\/wp-json\/wp\/v2\/comments?post=8604"}],"version-history":[{"count":12,"href":"https:\/\/www.golfenescocia.com\/es\/wp-json\/wp\/v2\/pages\/8604\/revisions"}],"predecessor-version":[{"id":14766,"href":"https:\/\/www.golfenescocia.com\/es\/wp-json\/wp\/v2\/pages\/8604\/revisions\/14766"}],"wp:featuredmedia":[{"embeddable":true,"href":"https:\/\/www.golfenescocia.com\/es\/wp-json\/wp\/v2\/media\/7760"}],"wp:attachment":[{"href":"https:\/\/www.golfenescocia.com\/es\/wp-json\/wp\/v2\/media?parent=8604"}],"curies":[{"name":"wp","href":"https:\/\/api.w.org\/{rel}","templated":true}]}}