{"id":8246,"date":"2017-06-13T09:48:36","date_gmt":"2017-06-13T09:48:36","guid":{"rendered":"https:\/\/www.golfenescocia.com\/4-noches-saint-andrews-con-el-old-course\/"},"modified":"2025-12-24T08:59:55","modified_gmt":"2025-12-24T08:59:55","slug":"4-noches-saint-andrews-con-el-old-course","status":"publish","type":"page","link":"https:\/\/www.golfenescocia.com\/es\/viajes-de-golf-en-escocia\/4-noches-saint-andrews-con-el-old-course\/","title":{"rendered":"4 noches en Saint Andrews con el Old Course"},"content":{"rendered":"<div class=\"one-half first\"><img loading=\"lazy\" decoding=\"async\" class=\"alignnone wp-image-13726 size-full\" src=\"https:\/\/www.golfenescocia.com\/wp-content\/uploads\/2023\/09\/viajes-golf-escocia-st-andrews.jpg\" alt=\"\" width=\"540\" height=\"360\" srcset=\"https:\/\/www.golfenescocia.com\/wp-content\/uploads\/2023\/09\/viajes-golf-escocia-st-andrews.jpg 540w, https:\/\/www.golfenescocia.com\/wp-content\/uploads\/2023\/09\/viajes-golf-escocia-st-andrews-300x200.jpg 300w\" sizes=\"auto, (max-width: 540px) 100vw, 540px\" \/><\/div>\n<div class=\"one-half\">\n<p><span style=\"font-size: 48px;\">1450\u20ac<\/span><\/p>\n<h4><b>Incluye:<\/b><\/h4>\n<ul style=\"list-style-type: square;\">\n<li>4 noches en un Bed &amp; Breakfast de 4 estrellas en la hist\u00f3rica ciudad de Saint Andrews<\/li>\n<li>1 entrada para el sorteo (Ballot) del Old Course<\/li>\n<li>2 Green Fees\n<ul style=\"list-style-type: circle;\">\n<li><a href=\"https:\/\/www.golfenescocia.com\/campos-de-golf-en-escocia\/region-de-golf-de-st-andrews\/castle-course-saint-andrews\/\" target=\"_blank\" rel=\"noopener noreferrer\">Castle Course<\/a><\/li>\n<li><a href=\"https:\/\/www.golfenescocia.com\/campos-de-golf-en-escocia\/region-de-golf-de-st-andrews\/crail-balcomie\/\" target=\"_blank\" rel=\"noopener noreferrer\">Crail Balcomie<\/a><\/li>\n<\/ul>\n<\/li>\n<li><a href=\"https:\/\/www.golfenescocia.com\/transporte\/\" target=\"_blank\" rel=\"noopener noreferrer\">Alquiler de 1 coche durante\u00a05 d\u00edas<\/a><\/li>\n<\/ul>\n<\/div>\n<div style=\"clear: both;\"><\/div>\n<div class=\"one-third first\" style=\"text-align: center;\"><a class=\"button \" title=\"Reserve ahora\" href=\"https:\/\/www.golfenescocia.com\/reserve-su-estancia\/\">Reserve ahora<\/a><\/div>\n<div class=\"one-third\" style=\"text-align: center;\"><a class=\"button\" title=\"Personalice su viaje\" href=\"https:\/\/www.golfenescocia.com\/personalice-su-viaje\/\">Personalice<\/a><\/div>\n<div class=\"one-third\" style=\"text-align: center;\"><a class=\"button\" title=\"Contacto\" href=\"https:\/\/www.golfenescocia.com\/contacto\/\" target=\"_blank\" rel=\"noopener noreferrer\">Contacto<\/a><\/div>\n<div id=\"details\"><\/div>\n<div class=\"one-half first\">\n<h4>Extras complementarios:<\/h4>\n<ul>\n<li>10% de descuento por persona para dos de las tiendas de golf m\u00e1s famosas de St Andrews:\n<ul>\n<li>Auchterlonies<\/li>\n<li>St Andrews Golf Co.<\/li>\n<\/ul>\n<\/li>\n<li>Mapa de St Andrews y su regi\u00f3n<\/li>\n<li>Lista de bares y restaurantes recomendados en Saint Andrews<\/li>\n<li>Atenci\u00f3n al cliente y asistencia 24\/7<\/li>\n<\/ul>\n<\/div>\n<div class=\"one-half\">\n<h4>Extras opcionales:<\/h4>\n<ul>\n<li>Green Fees para el Old Course si tiene \u00e9xito en el sorteo<\/li>\n<li>Green Fees para campos adicionales si no gana en el sorteo<\/li>\n<li>Vuelos<\/li>\n<li>Suplemento de habitaci\u00f3n individual<\/li>\n<li>Modificar la categor\u00eda del Hotel (3, 4 o 5 estrellas)<\/li>\n<li>Noches y campos adicionales<\/li>\n<li>Traslados con conductor<\/li>\n<li>Actividades y atracciones locales<\/li>\n<li>Almuerzos y cenas<\/li>\n<li>Seguro de viaje<\/li>\n<\/ul>\n<\/div>\n<h2>Itinerario de muestra:<\/h2>\n<table>\n<tbody>\n<tr>\n<td style=\"width: 25%;\"><strong>D\u00eda 1:<\/strong><\/td>\n<td>Llegada al aeropuerto de Edimburgo<\/td>\n<td>Bed &amp; Breakfast****, Saint Andrews<\/td>\n<td>1h10<\/td>\n<\/tr>\n<tr>\n<td style=\"width: 25%;\"><strong><strong>D\u00eda<\/strong> 2:<\/strong><\/td>\n<td>Castle Course (Saint Andrews)<br \/>\nEntrada al sorteo para el d\u00eda 4<\/td>\n<td>Bed &amp; Breakfast****, Saint Andrews<\/td>\n<td>10 minutos<\/td>\n<\/tr>\n<tr>\n<td style=\"width: 25%;\"><strong><strong>D\u00eda<\/strong> 3:<\/strong><\/td>\n<td>Crail Balcomie<\/td>\n<td>Bed &amp; Breakfast****, Saint Andrews<\/td>\n<td>20 minutos<\/td>\n<\/tr>\n<tr>\n<td style=\"width: 25%;\"><strong><strong>D\u00eda<\/strong> 4:<\/strong><\/td>\n<td>Old Course u otro campo (resultados del sorteo)<\/td>\n<td>Bed &amp; Breakfast****, Saint Andrews<\/td>\n<td>2 minutos<\/td>\n<\/tr>\n<tr>\n<td style=\"width: 25%;\"><strong><strong>D\u00eda<\/strong> 5:<\/strong><\/td>\n<td>Salida del aeropuerto de Edimburgo<\/td>\n<td><\/td>\n<td>1h10<\/td>\n<\/tr>\n<\/tbody>\n<\/table>\n<h3><\/h3>\n<div class=\"terms\">\n<h4>Condiciones del paquete:<\/h4>\n<ul>\n<li>Todos nuestros paquetes del Reino Unido se cobran en libras esterlinas. El precio en euros es informativo.<\/li>\n<li>Precio por persona. Oferta v\u00e1lida del 1 de abril hasta el 31 de octubre para un m\u00ednimo de 2 personas en habitaciones con camas dobles. Desayuno escoc\u00e9s incluido. De noviembre a marzo se aplican tarifas especiales.<\/li>\n<li>Sorteo del Old Course (m\u00ednimo de 2 golfistas con un l\u00edmite de handicap de 36; el certificado de handicap deber\u00e1 ser mostrado el d\u00eda de la jugada):<\/li>\n<li>Le incluiremos en el sorteo 48 horas antes del d\u00eda que desee jugar. Si gana en el sorteo, podr\u00e1 adquirir el green fee el mismo d\u00eda y abonarlo en efectivo o con tarjeta de cr\u00e9dito.<\/li>\n<li>Si no gana en el sorteo, le organizaremos el juego en otro campo o la posibilidad de que realice otra actividad.<\/li>\n<\/ul>\n<\/div>\n<div class=\"one-third first\"><\/div>\n<div class=\"one-third first\" style=\"text-align: center;\"><a class=\"button \" title=\"Reserve ahora\" href=\"https:\/\/www.golfenescocia.com\/reserve-su-estancia\/\">Reserve ahora<\/a><\/div>\n<div class=\"one-third\" style=\"text-align: center;\"><a class=\"button\" title=\"Personalice su viaje\" href=\"https:\/\/www.golfenescocia.com\/personalice-su-viaje\/\">Personalice<\/a><\/div>\n<div class=\"one-third\" style=\"text-align: center;\"><a class=\"button\" title=\"Contacto\" href=\"https:\/\/www.golfenescocia.com\/contacto\/\" target=\"_blank\" rel=\"noopener noreferrer\">Contacto<\/a><\/div>\n","protected":false},"excerpt":{"rendered":"<p>1450\u20ac Incluye: 4 noches en un Bed &amp; Breakfast de 4 estrellas en la hist\u00f3rica ciudad de Saint Andrews 1 entrada para el sorteo (Ballot) del Old Course 2 Green Fees Castle Course Crail Balcomie Alquiler de 1 coche durante\u00a05 d\u00edas Reserve ahora Personalice Contacto Extras complementarios: 10% de descuento por persona para dos de [&hellip;]<\/p>\n","protected":false},"author":5,"featured_media":7781,"parent":8936,"menu_order":0,"comment_status":"closed","ping_status":"closed","template":"","meta":{"_genesis_hide_title":false,"_genesis_hide_breadcrumbs":false,"_genesis_hide_singular_image":false,"_genesis_hide_footer_widgets":false,"_genesis_custom_body_class":"","_genesis_custom_post_class":"","_genesis_layout":"","footnotes":""},"class_list":{"0":"post-8246","1":"page","2":"type-page","3":"status-publish","4":"has-post-thumbnail","6":"entry"},"yoast_head":"<!-- This site is optimized with the Yoast SEO plugin v27.4 - https:\/\/yoast.com\/product\/yoast-seo-wordpress\/ -->\n<title>Juegue 3 campos en Saint Andrews incluyendo el Old Course<\/title>\n<meta name=\"description\" content=\"Reserve este tour de golf y quedese 4 noches en la hist\u00f3rica ciudad de Saint Andrews en un Bed &amp; Breakfast de 4 estrellas.\" \/>\n<meta name=\"robots\" content=\"index, follow, max-snippet:-1, max-image-preview:large, max-video-preview:-1\" \/>\n<link rel=\"canonical\" href=\"https:\/\/www.golfenescocia.com\/es\/viajes-de-golf-en-escocia\/4-noches-saint-andrews-con-el-old-course\/\" \/>\n<meta property=\"og:locale\" content=\"fr_FR\" \/>\n<meta property=\"og:type\" content=\"article\" \/>\n<meta property=\"og:title\" content=\"Juegue 3 campos en Saint Andrews incluyendo el Old Course\" \/>\n<meta property=\"og:description\" content=\"Reserve este tour de golf y quedese 4 noches en la hist\u00f3rica ciudad de Saint Andrews en un Bed &amp; Breakfast de 4 estrellas.\" \/>\n<meta property=\"og:url\" content=\"https:\/\/www.golfenescocia.com\/es\/viajes-de-golf-en-escocia\/4-noches-saint-andrews-con-el-old-course\/\" \/>\n<meta property=\"article:modified_time\" content=\"2025-12-24T08:59:55+00:00\" \/>\n<meta name=\"twitter:card\" content=\"summary_large_image\" \/>\n<meta name=\"twitter:label1\" content=\"Dur\u00e9e de lecture estim\u00e9e\" \/>\n\t<meta name=\"twitter:data1\" content=\"2 minutes\" \/>\n<script type=\"application\/ld+json\" class=\"yoast-schema-graph\">{\"@context\":\"https:\\\/\\\/schema.org\",\"@graph\":[{\"@type\":\"WebPage\",\"@id\":\"https:\\\/\\\/www.golfenescocia.com\\\/es\\\/viajes-de-golf-en-escocia\\\/4-noches-saint-andrews-con-el-old-course\\\/\",\"url\":\"https:\\\/\\\/www.golfenescocia.com\\\/es\\\/viajes-de-golf-en-escocia\\\/4-noches-saint-andrews-con-el-old-course\\\/\",\"name\":\"Juegue 3 campos en Saint Andrews incluyendo el Old Course\",\"isPartOf\":{\"@id\":\"https:\\\/\\\/www.golfenescocia.com\\\/es\\\/#website\"},\"primaryImageOfPage\":{\"@id\":\"https:\\\/\\\/www.golfenescocia.com\\\/es\\\/viajes-de-golf-en-escocia\\\/4-noches-saint-andrews-con-el-old-course\\\/#primaryimage\"},\"image\":{\"@id\":\"https:\\\/\\\/www.golfenescocia.com\\\/es\\\/viajes-de-golf-en-escocia\\\/4-noches-saint-andrews-con-el-old-course\\\/#primaryimage\"},\"thumbnailUrl\":\"\",\"datePublished\":\"2017-06-13T09:48:36+00:00\",\"dateModified\":\"2025-12-24T08:59:55+00:00\",\"description\":\"Reserve este tour de golf y quedese 4 noches en la hist\u00f3rica ciudad de Saint Andrews en un Bed & Breakfast de 4 estrellas.\",\"breadcrumb\":{\"@id\":\"https:\\\/\\\/www.golfenescocia.com\\\/es\\\/viajes-de-golf-en-escocia\\\/4-noches-saint-andrews-con-el-old-course\\\/#breadcrumb\"},\"inLanguage\":\"fr-FR\",\"potentialAction\":[{\"@type\":\"ReadAction\",\"target\":[\"https:\\\/\\\/www.golfenescocia.com\\\/es\\\/viajes-de-golf-en-escocia\\\/4-noches-saint-andrews-con-el-old-course\\\/\"]}]},{\"@type\":\"ImageObject\",\"inLanguage\":\"fr-FR\",\"@id\":\"https:\\\/\\\/www.golfenescocia.com\\\/es\\\/viajes-de-golf-en-escocia\\\/4-noches-saint-andrews-con-el-old-course\\\/#primaryimage\",\"url\":\"\",\"contentUrl\":\"\",\"width\":2000,\"height\":1129,\"caption\":\"golf escocia 4 noches st andrews\"},{\"@type\":\"BreadcrumbList\",\"@id\":\"https:\\\/\\\/www.golfenescocia.com\\\/es\\\/viajes-de-golf-en-escocia\\\/4-noches-saint-andrews-con-el-old-course\\\/#breadcrumb\",\"itemListElement\":[{\"@type\":\"ListItem\",\"position\":1,\"name\":\"Home\",\"item\":\"https:\\\/\\\/www.golfenescocia.com\\\/es\\\/\"},{\"@type\":\"ListItem\",\"position\":2,\"name\":\"Viajes de Golf en Escocia\",\"item\":\"https:\\\/\\\/www.golfenescocia.com\\\/es\\\/viajes-de-golf-en-escocia\\\/\"},{\"@type\":\"ListItem\",\"position\":3,\"name\":\"4 noches en Saint Andrews con el Old Course\"}]},{\"@type\":\"WebSite\",\"@id\":\"https:\\\/\\\/www.golfenescocia.com\\\/es\\\/#website\",\"url\":\"https:\\\/\\\/www.golfenescocia.com\\\/es\\\/\",\"name\":\"\",\"description\":\"Viajes de Golf en Escocia\",\"potentialAction\":[{\"@type\":\"SearchAction\",\"target\":{\"@type\":\"EntryPoint\",\"urlTemplate\":\"https:\\\/\\\/www.golfenescocia.com\\\/es\\\/?s={search_term_string}\"},\"query-input\":{\"@type\":\"PropertyValueSpecification\",\"valueRequired\":true,\"valueName\":\"search_term_string\"}}],\"inLanguage\":\"fr-FR\"}]}<\/script>\n<!-- \/ Yoast SEO plugin. -->","yoast_head_json":{"title":"Juegue 3 campos en Saint Andrews incluyendo el Old Course","description":"Reserve este tour de golf y quedese 4 noches en la hist\u00f3rica ciudad de Saint Andrews en un Bed & Breakfast de 4 estrellas.","robots":{"index":"index","follow":"follow","max-snippet":"max-snippet:-1","max-image-preview":"max-image-preview:large","max-video-preview":"max-video-preview:-1"},"canonical":"https:\/\/www.golfenescocia.com\/es\/viajes-de-golf-en-escocia\/4-noches-saint-andrews-con-el-old-course\/","og_locale":"fr_FR","og_type":"article","og_title":"Juegue 3 campos en Saint Andrews incluyendo el Old Course","og_description":"Reserve este tour de golf y quedese 4 noches en la hist\u00f3rica ciudad de Saint Andrews en un Bed & Breakfast de 4 estrellas.","og_url":"https:\/\/www.golfenescocia.com\/es\/viajes-de-golf-en-escocia\/4-noches-saint-andrews-con-el-old-course\/","article_modified_time":"2025-12-24T08:59:55+00:00","twitter_card":"summary_large_image","twitter_misc":{"Dur\u00e9e de lecture estim\u00e9e":"2 minutes"},"schema":{"@context":"https:\/\/schema.org","@graph":[{"@type":"WebPage","@id":"https:\/\/www.golfenescocia.com\/es\/viajes-de-golf-en-escocia\/4-noches-saint-andrews-con-el-old-course\/","url":"https:\/\/www.golfenescocia.com\/es\/viajes-de-golf-en-escocia\/4-noches-saint-andrews-con-el-old-course\/","name":"Juegue 3 campos en Saint Andrews incluyendo el Old Course","isPartOf":{"@id":"https:\/\/www.golfenescocia.com\/es\/#website"},"primaryImageOfPage":{"@id":"https:\/\/www.golfenescocia.com\/es\/viajes-de-golf-en-escocia\/4-noches-saint-andrews-con-el-old-course\/#primaryimage"},"image":{"@id":"https:\/\/www.golfenescocia.com\/es\/viajes-de-golf-en-escocia\/4-noches-saint-andrews-con-el-old-course\/#primaryimage"},"thumbnailUrl":"","datePublished":"2017-06-13T09:48:36+00:00","dateModified":"2025-12-24T08:59:55+00:00","description":"Reserve este tour de golf y quedese 4 noches en la hist\u00f3rica ciudad de Saint Andrews en un Bed & Breakfast de 4 estrellas.","breadcrumb":{"@id":"https:\/\/www.golfenescocia.com\/es\/viajes-de-golf-en-escocia\/4-noches-saint-andrews-con-el-old-course\/#breadcrumb"},"inLanguage":"fr-FR","potentialAction":[{"@type":"ReadAction","target":["https:\/\/www.golfenescocia.com\/es\/viajes-de-golf-en-escocia\/4-noches-saint-andrews-con-el-old-course\/"]}]},{"@type":"ImageObject","inLanguage":"fr-FR","@id":"https:\/\/www.golfenescocia.com\/es\/viajes-de-golf-en-escocia\/4-noches-saint-andrews-con-el-old-course\/#primaryimage","url":"","contentUrl":"","width":2000,"height":1129,"caption":"golf escocia 4 noches st andrews"},{"@type":"BreadcrumbList","@id":"https:\/\/www.golfenescocia.com\/es\/viajes-de-golf-en-escocia\/4-noches-saint-andrews-con-el-old-course\/#breadcrumb","itemListElement":[{"@type":"ListItem","position":1,"name":"Home","item":"https:\/\/www.golfenescocia.com\/es\/"},{"@type":"ListItem","position":2,"name":"Viajes de Golf en Escocia","item":"https:\/\/www.golfenescocia.com\/es\/viajes-de-golf-en-escocia\/"},{"@type":"ListItem","position":3,"name":"4 noches en Saint Andrews con el Old Course"}]},{"@type":"WebSite","@id":"https:\/\/www.golfenescocia.com\/es\/#website","url":"https:\/\/www.golfenescocia.com\/es\/","name":"","description":"Viajes de Golf en Escocia","potentialAction":[{"@type":"SearchAction","target":{"@type":"EntryPoint","urlTemplate":"https:\/\/www.golfenescocia.com\/es\/?s={search_term_string}"},"query-input":{"@type":"PropertyValueSpecification","valueRequired":true,"valueName":"search_term_string"}}],"inLanguage":"fr-FR"}]}},"_links":{"self":[{"href":"https:\/\/www.golfenescocia.com\/es\/wp-json\/wp\/v2\/pages\/8246","targetHints":{"allow":["GET"]}}],"collection":[{"href":"https:\/\/www.golfenescocia.com\/es\/wp-json\/wp\/v2\/pages"}],"about":[{"href":"https:\/\/www.golfenescocia.com\/es\/wp-json\/wp\/v2\/types\/page"}],"author":[{"embeddable":true,"href":"https:\/\/www.golfenescocia.com\/es\/wp-json\/wp\/v2\/users\/5"}],"replies":[{"embeddable":true,"href":"https:\/\/www.golfenescocia.com\/es\/wp-json\/wp\/v2\/comments?post=8246"}],"version-history":[{"count":50,"href":"https:\/\/www.golfenescocia.com\/es\/wp-json\/wp\/v2\/pages\/8246\/revisions"}],"predecessor-version":[{"id":15365,"href":"https:\/\/www.golfenescocia.com\/es\/wp-json\/wp\/v2\/pages\/8246\/revisions\/15365"}],"up":[{"embeddable":true,"href":"https:\/\/www.golfenescocia.com\/es\/wp-json\/wp\/v2\/pages\/8936"}],"wp:featuredmedia":[{"embeddable":true,"href":"https:\/\/www.golfenescocia.com\/es\/wp-json\/wp\/v2\/media\/7781"}],"wp:attachment":[{"href":"https:\/\/www.golfenescocia.com\/es\/wp-json\/wp\/v2\/media?parent=8246"}],"curies":[{"name":"wp","href":"https:\/\/api.w.org\/{rel}","templated":true}]}}