{"id":8245,"date":"2017-06-13T09:49:48","date_gmt":"2017-06-13T09:49:48","guid":{"rendered":"https:\/\/www.golfenescocia.com\/4-noches-edimburgo\/"},"modified":"2025-12-24T09:03:34","modified_gmt":"2025-12-24T09:03:34","slug":"4-noches-edimburgo","status":"publish","type":"page","link":"https:\/\/www.golfenescocia.com\/es\/viajes-de-golf-en-escocia\/4-noches-edimburgo\/","title":{"rendered":"4 noches en Edimburgo"},"content":{"rendered":"<div class=\"one-half first\"><img loading=\"lazy\" decoding=\"async\" class=\"alignnone wp-image-13732 size-full\" src=\"https:\/\/www.golfenescocia.com\/wp-content\/uploads\/2023\/09\/viajes-golf-escocia-edimburgo-1.jpg\" alt=\"\" width=\"540\" height=\"360\" srcset=\"https:\/\/www.golfenescocia.com\/wp-content\/uploads\/2023\/09\/viajes-golf-escocia-edimburgo-1.jpg 540w, https:\/\/www.golfenescocia.com\/wp-content\/uploads\/2023\/09\/viajes-golf-escocia-edimburgo-1-300x200.jpg 300w\" sizes=\"auto, (max-width: 540px) 100vw, 540px\" \/><\/div>\n<div class=\"one-half\">\n<p><span style=\"font-size: 36pt;\">1290\u20ac<\/span><\/p>\n<h4>Incluye:<\/h4>\n<ul style=\"list-style-type: square;\">\n<li>4 noches en alojamiento 4 estrellas The Lodge at Craigielaw, en Longniddry<\/li>\n<li>3 Green Fees\n<ul style=\"list-style-type: circle;\">\n<li><a href=\"https:\/\/www.golfenescocia.com\/campos-de-golf-en-escocia\/region-de-golf-de-edimburgo\/craigielaw\/\" target=\"_blank\" rel=\"noopener noreferrer\">Craigielaw<\/a><\/li>\n<li><a href=\"https:\/\/www.golfenescocia.com\/campos-de-golf-en-escocia\/region-de-golf-de-edimburgo\/gullane-n2\/\" target=\"_blank\" rel=\"noopener noreferrer\">Gullane n\u00b02<\/a><\/li>\n<li><a href=\"https:\/\/www.golfenescocia.com\/campos-de-golf-en-escocia\/region-de-golf-de-edimburgo\/kilspindie\/\" target=\"_blank\" rel=\"noopener noreferrer\">Kilspindie<\/a><\/li>\n<\/ul>\n<\/li>\n<li><a href=\"https:\/\/www.golfenescocia.com\/transporte\/\" target=\"_blank\" rel=\"noopener noreferrer\">Alquiler de coche durante\u00a05 d\u00edas<\/a><\/li>\n<\/ul>\n<\/div>\n<div style=\"clear: both;\"><\/div>\n<div class=\"one-third first\" style=\"text-align: center;\"><a class=\"button \" title=\"Reserve ahora\" href=\"https:\/\/www.golfenescocia.com\/reserve-su-estancia\/\">Reserve ahora<\/a><\/div>\n<div class=\"one-third\" style=\"text-align: center;\"><a class=\"button\" title=\"Personalice su viaje\" href=\"https:\/\/www.golfenescocia.com\/personalice-su-viaje\/\">Personalice<\/a><\/div>\n<div class=\"one-third\" style=\"text-align: center;\"><a class=\"button\" title=\"Contacto\" href=\"https:\/\/www.golfenescocia.com\/contacto\/\" target=\"_blank\" rel=\"noopener noreferrer\">Contacto<\/a><\/div>\n<div id=\"details\"><\/div>\n<div><\/div>\n<div style=\"clear: both;\"><\/div>\n<div class=\"one-half first\">\n<h4>Extras complementarios:<\/h4>\n<ul>\n<li>Mapa de Edimburgo<\/li>\n<li>Lista de restaurantes recomendados de Edimburgo<\/li>\n<li>Atenci\u00f3n al cliente y asistencia 24\/7<\/li>\n<\/ul>\n<\/div>\n<div class=\"one-half\">\n<div style=\"clear: both;\"><\/div>\n<h4>Extras opcionales:<\/h4>\n<ul>\n<li>Vuelos<\/li>\n<li>Suplemento de habitaci\u00f3n individual<\/li>\n<li>Modificar la categor\u00eda de hotel (hasta 3, 4 \u00f3 5 estrellas)<\/li>\n<li>Noches y campos de golf adicionales<\/li>\n<li>Traslados con conductor<\/li>\n<li>Actividades y atracciones locales<\/li>\n<li>Almuerzos y cenas<\/li>\n<li>Seguro de viaje<\/li>\n<\/ul>\n<\/div>\n<h2>Itinerario de muestra:<\/h2>\n<table style=\"height: 173px;\" width=\"750\">\n<tbody>\n<tr>\n<td style=\"width: 25%;\"><strong>D\u00eda 1:<\/strong><\/td>\n<td>Llegada al aeropuerto de Edimburgo<\/td>\n<td>The Lodge at Craigielaw****<\/td>\n<td>40 minutos<\/td>\n<\/tr>\n<tr>\n<td style=\"width: 25%;\"><strong><strong>D\u00eda<\/strong> 2:<\/strong><\/td>\n<td>Kilspindie<\/td>\n<td>The Lodge at Craigielaw****<\/td>\n<td>15 minutos<\/td>\n<\/tr>\n<tr>\n<td style=\"width: 25%;\"><strong><strong>D\u00eda<\/strong> 3:<\/strong><\/td>\n<td>Gullane n\u00b02<\/td>\n<td>The Lodge at Craigielaw****<\/td>\n<td>10 minutos<\/td>\n<\/tr>\n<tr>\n<td style=\"width: 25%;\"><strong><strong>D\u00eda<\/strong> 4:<\/strong><\/td>\n<td>Craigielaw<\/td>\n<td>The Lodge at Craigielaw****<\/td>\n<td>en su hotel<\/td>\n<\/tr>\n<tr>\n<td style=\"width: 25%;\"><strong><strong>D\u00eda 5:<\/strong><\/strong><\/td>\n<td>Salida del aeropuerto de Edimburgo<\/td>\n<td><\/td>\n<td>40 minutos<\/td>\n<\/tr>\n<\/tbody>\n<\/table>\n<div class=\"terms\">\n<h4 class=\"p1\"><span class=\"s1\"><b>Condiciones del paquete:<\/b><\/span><\/h4>\n<ul>\n<li><span class=\"s2\">Todos nuestros paquetes del Reino Unido se cobran en libras esterlinas.<\/span><\/li>\n<li>Oferta v\u00e1lida del 1 de abril hasta el 31 de octubre para un m\u00ednimo de 2 personas en habitaciones con camas dobles. Desayuno escoc\u00e9s incluido. De noviembre a marzo se aplican tarifas especiales.<\/li>\n<\/ul>\n<\/div>\n<div class=\"one-third first\"><\/div>\n<div class=\"one-third first\" style=\"text-align: center;\"><a class=\"button \" title=\"Reserve ahora\" href=\"https:\/\/www.golfenescocia.com\/reserve-su-estancia\/\">Reserve ahora<\/a><\/div>\n<div class=\"one-third\" style=\"text-align: center;\"><a class=\"button\" title=\"Personalice su viaje\" href=\"https:\/\/www.golfenescocia.com\/personalice-su-viaje\/\">Personalice<\/a><\/div>\n<div class=\"one-third\" style=\"text-align: center;\"><a class=\"button\" title=\"Contacto\" href=\"https:\/\/www.golfenescocia.com\/contacto\/\" target=\"_blank\" rel=\"noopener noreferrer\">Contacto<\/a><\/div>\n","protected":false},"excerpt":{"rendered":"<p>1290\u20ac Incluye: 4 noches en alojamiento 4 estrellas The Lodge at Craigielaw, en Longniddry 3 Green Fees Craigielaw Gullane n\u00b02 Kilspindie Alquiler de coche durante\u00a05 d\u00edas Reserve ahora Personalice Contacto Extras complementarios: Mapa de Edimburgo Lista de restaurantes recomendados de Edimburgo Atenci\u00f3n al cliente y asistencia 24\/7 Extras opcionales: Vuelos Suplemento de habitaci\u00f3n individual Modificar [&hellip;]<\/p>\n","protected":false},"author":5,"featured_media":13700,"parent":8936,"menu_order":0,"comment_status":"closed","ping_status":"closed","template":"","meta":{"_genesis_hide_title":false,"_genesis_hide_breadcrumbs":false,"_genesis_hide_singular_image":false,"_genesis_hide_footer_widgets":false,"_genesis_custom_body_class":"","_genesis_custom_post_class":"","_genesis_layout":"","footnotes":""},"class_list":{"0":"post-8245","1":"page","2":"type-page","3":"status-publish","4":"has-post-thumbnail","6":"entry"},"yoast_head":"<!-- This site is optimized with the Yoast SEO plugin v27.4 - https:\/\/yoast.com\/product\/yoast-seo-wordpress\/ -->\n<title>Juegue en 3 campos de golf de Edimburgo<\/title>\n<meta name=\"description\" content=\"El tour de golf fue dise\u00f1ado para descubrir la ciudad hist\u00f3rica de Edimburgo y para jugar en 3 campos de calidad que quedan al este de la ciudad.\" \/>\n<meta name=\"robots\" content=\"index, follow, max-snippet:-1, max-image-preview:large, max-video-preview:-1\" \/>\n<link rel=\"canonical\" href=\"https:\/\/www.golfenescocia.com\/es\/viajes-de-golf-en-escocia\/4-noches-edimburgo\/\" \/>\n<meta property=\"og:locale\" content=\"fr_FR\" \/>\n<meta property=\"og:type\" content=\"article\" \/>\n<meta property=\"og:title\" content=\"Juegue en 3 campos de golf de Edimburgo\" \/>\n<meta property=\"og:description\" content=\"El tour de golf fue dise\u00f1ado para descubrir la ciudad hist\u00f3rica de Edimburgo y para jugar en 3 campos de calidad que quedan al este de la ciudad.\" \/>\n<meta property=\"og:url\" content=\"https:\/\/www.golfenescocia.com\/es\/viajes-de-golf-en-escocia\/4-noches-edimburgo\/\" \/>\n<meta property=\"article:modified_time\" content=\"2025-12-24T09:03:34+00:00\" \/>\n<meta property=\"og:image\" content=\"https:\/\/www.golfenescocia.com\/wp-content\/uploads\/2023\/09\/golf-escocia-edimburgo-dunbar.jpg\" \/>\n\t<meta property=\"og:image:width\" content=\"2000\" \/>\n\t<meta property=\"og:image:height\" content=\"786\" \/>\n\t<meta property=\"og:image:type\" content=\"image\/jpeg\" \/>\n<meta name=\"twitter:card\" content=\"summary_large_image\" \/>\n<meta name=\"twitter:label1\" content=\"Dur\u00e9e de lecture estim\u00e9e\" \/>\n\t<meta name=\"twitter:data1\" content=\"2 minutes\" \/>\n<script type=\"application\/ld+json\" class=\"yoast-schema-graph\">{\"@context\":\"https:\\\/\\\/schema.org\",\"@graph\":[{\"@type\":\"WebPage\",\"@id\":\"https:\\\/\\\/www.golfenescocia.com\\\/es\\\/viajes-de-golf-en-escocia\\\/4-noches-edimburgo\\\/\",\"url\":\"https:\\\/\\\/www.golfenescocia.com\\\/es\\\/viajes-de-golf-en-escocia\\\/4-noches-edimburgo\\\/\",\"name\":\"Juegue en 3 campos de golf de Edimburgo\",\"isPartOf\":{\"@id\":\"https:\\\/\\\/www.golfenescocia.com\\\/es\\\/#website\"},\"primaryImageOfPage\":{\"@id\":\"https:\\\/\\\/www.golfenescocia.com\\\/es\\\/viajes-de-golf-en-escocia\\\/4-noches-edimburgo\\\/#primaryimage\"},\"image\":{\"@id\":\"https:\\\/\\\/www.golfenescocia.com\\\/es\\\/viajes-de-golf-en-escocia\\\/4-noches-edimburgo\\\/#primaryimage\"},\"thumbnailUrl\":\"https:\\\/\\\/www.golfenescocia.com\\\/wp-content\\\/uploads\\\/2023\\\/09\\\/golf-escocia-edimburgo-dunbar.jpg\",\"datePublished\":\"2017-06-13T09:49:48+00:00\",\"dateModified\":\"2025-12-24T09:03:34+00:00\",\"description\":\"El tour de golf fue dise\u00f1ado para descubrir la ciudad hist\u00f3rica de Edimburgo y para jugar en 3 campos de calidad que quedan al este de la ciudad.\",\"breadcrumb\":{\"@id\":\"https:\\\/\\\/www.golfenescocia.com\\\/es\\\/viajes-de-golf-en-escocia\\\/4-noches-edimburgo\\\/#breadcrumb\"},\"inLanguage\":\"fr-FR\",\"potentialAction\":[{\"@type\":\"ReadAction\",\"target\":[\"https:\\\/\\\/www.golfenescocia.com\\\/es\\\/viajes-de-golf-en-escocia\\\/4-noches-edimburgo\\\/\"]}]},{\"@type\":\"ImageObject\",\"inLanguage\":\"fr-FR\",\"@id\":\"https:\\\/\\\/www.golfenescocia.com\\\/es\\\/viajes-de-golf-en-escocia\\\/4-noches-edimburgo\\\/#primaryimage\",\"url\":\"https:\\\/\\\/www.golfenescocia.com\\\/wp-content\\\/uploads\\\/2023\\\/09\\\/golf-escocia-edimburgo-dunbar.jpg\",\"contentUrl\":\"https:\\\/\\\/www.golfenescocia.com\\\/wp-content\\\/uploads\\\/2023\\\/09\\\/golf-escocia-edimburgo-dunbar.jpg\",\"width\":2000,\"height\":786},{\"@type\":\"BreadcrumbList\",\"@id\":\"https:\\\/\\\/www.golfenescocia.com\\\/es\\\/viajes-de-golf-en-escocia\\\/4-noches-edimburgo\\\/#breadcrumb\",\"itemListElement\":[{\"@type\":\"ListItem\",\"position\":1,\"name\":\"Home\",\"item\":\"https:\\\/\\\/www.golfenescocia.com\\\/es\\\/\"},{\"@type\":\"ListItem\",\"position\":2,\"name\":\"Viajes de Golf en Escocia\",\"item\":\"https:\\\/\\\/www.golfenescocia.com\\\/es\\\/viajes-de-golf-en-escocia\\\/\"},{\"@type\":\"ListItem\",\"position\":3,\"name\":\"4 noches en Edimburgo\"}]},{\"@type\":\"WebSite\",\"@id\":\"https:\\\/\\\/www.golfenescocia.com\\\/es\\\/#website\",\"url\":\"https:\\\/\\\/www.golfenescocia.com\\\/es\\\/\",\"name\":\"\",\"description\":\"Viajes de Golf en Escocia\",\"potentialAction\":[{\"@type\":\"SearchAction\",\"target\":{\"@type\":\"EntryPoint\",\"urlTemplate\":\"https:\\\/\\\/www.golfenescocia.com\\\/es\\\/?s={search_term_string}\"},\"query-input\":{\"@type\":\"PropertyValueSpecification\",\"valueRequired\":true,\"valueName\":\"search_term_string\"}}],\"inLanguage\":\"fr-FR\"}]}<\/script>\n<!-- \/ Yoast SEO plugin. -->","yoast_head_json":{"title":"Juegue en 3 campos de golf de Edimburgo","description":"El tour de golf fue dise\u00f1ado para descubrir la ciudad hist\u00f3rica de Edimburgo y para jugar en 3 campos de calidad que quedan al este de la ciudad.","robots":{"index":"index","follow":"follow","max-snippet":"max-snippet:-1","max-image-preview":"max-image-preview:large","max-video-preview":"max-video-preview:-1"},"canonical":"https:\/\/www.golfenescocia.com\/es\/viajes-de-golf-en-escocia\/4-noches-edimburgo\/","og_locale":"fr_FR","og_type":"article","og_title":"Juegue en 3 campos de golf de Edimburgo","og_description":"El tour de golf fue dise\u00f1ado para descubrir la ciudad hist\u00f3rica de Edimburgo y para jugar en 3 campos de calidad que quedan al este de la ciudad.","og_url":"https:\/\/www.golfenescocia.com\/es\/viajes-de-golf-en-escocia\/4-noches-edimburgo\/","article_modified_time":"2025-12-24T09:03:34+00:00","og_image":[{"width":2000,"height":786,"url":"https:\/\/www.golfenescocia.com\/wp-content\/uploads\/2023\/09\/golf-escocia-edimburgo-dunbar.jpg","type":"image\/jpeg"}],"twitter_card":"summary_large_image","twitter_misc":{"Dur\u00e9e de lecture estim\u00e9e":"2 minutes"},"schema":{"@context":"https:\/\/schema.org","@graph":[{"@type":"WebPage","@id":"https:\/\/www.golfenescocia.com\/es\/viajes-de-golf-en-escocia\/4-noches-edimburgo\/","url":"https:\/\/www.golfenescocia.com\/es\/viajes-de-golf-en-escocia\/4-noches-edimburgo\/","name":"Juegue en 3 campos de golf de Edimburgo","isPartOf":{"@id":"https:\/\/www.golfenescocia.com\/es\/#website"},"primaryImageOfPage":{"@id":"https:\/\/www.golfenescocia.com\/es\/viajes-de-golf-en-escocia\/4-noches-edimburgo\/#primaryimage"},"image":{"@id":"https:\/\/www.golfenescocia.com\/es\/viajes-de-golf-en-escocia\/4-noches-edimburgo\/#primaryimage"},"thumbnailUrl":"https:\/\/www.golfenescocia.com\/wp-content\/uploads\/2023\/09\/golf-escocia-edimburgo-dunbar.jpg","datePublished":"2017-06-13T09:49:48+00:00","dateModified":"2025-12-24T09:03:34+00:00","description":"El tour de golf fue dise\u00f1ado para descubrir la ciudad hist\u00f3rica de Edimburgo y para jugar en 3 campos de calidad que quedan al este de la ciudad.","breadcrumb":{"@id":"https:\/\/www.golfenescocia.com\/es\/viajes-de-golf-en-escocia\/4-noches-edimburgo\/#breadcrumb"},"inLanguage":"fr-FR","potentialAction":[{"@type":"ReadAction","target":["https:\/\/www.golfenescocia.com\/es\/viajes-de-golf-en-escocia\/4-noches-edimburgo\/"]}]},{"@type":"ImageObject","inLanguage":"fr-FR","@id":"https:\/\/www.golfenescocia.com\/es\/viajes-de-golf-en-escocia\/4-noches-edimburgo\/#primaryimage","url":"https:\/\/www.golfenescocia.com\/wp-content\/uploads\/2023\/09\/golf-escocia-edimburgo-dunbar.jpg","contentUrl":"https:\/\/www.golfenescocia.com\/wp-content\/uploads\/2023\/09\/golf-escocia-edimburgo-dunbar.jpg","width":2000,"height":786},{"@type":"BreadcrumbList","@id":"https:\/\/www.golfenescocia.com\/es\/viajes-de-golf-en-escocia\/4-noches-edimburgo\/#breadcrumb","itemListElement":[{"@type":"ListItem","position":1,"name":"Home","item":"https:\/\/www.golfenescocia.com\/es\/"},{"@type":"ListItem","position":2,"name":"Viajes de Golf en Escocia","item":"https:\/\/www.golfenescocia.com\/es\/viajes-de-golf-en-escocia\/"},{"@type":"ListItem","position":3,"name":"4 noches en Edimburgo"}]},{"@type":"WebSite","@id":"https:\/\/www.golfenescocia.com\/es\/#website","url":"https:\/\/www.golfenescocia.com\/es\/","name":"","description":"Viajes de Golf en Escocia","potentialAction":[{"@type":"SearchAction","target":{"@type":"EntryPoint","urlTemplate":"https:\/\/www.golfenescocia.com\/es\/?s={search_term_string}"},"query-input":{"@type":"PropertyValueSpecification","valueRequired":true,"valueName":"search_term_string"}}],"inLanguage":"fr-FR"}]}},"_links":{"self":[{"href":"https:\/\/www.golfenescocia.com\/es\/wp-json\/wp\/v2\/pages\/8245","targetHints":{"allow":["GET"]}}],"collection":[{"href":"https:\/\/www.golfenescocia.com\/es\/wp-json\/wp\/v2\/pages"}],"about":[{"href":"https:\/\/www.golfenescocia.com\/es\/wp-json\/wp\/v2\/types\/page"}],"author":[{"embeddable":true,"href":"https:\/\/www.golfenescocia.com\/es\/wp-json\/wp\/v2\/users\/5"}],"replies":[{"embeddable":true,"href":"https:\/\/www.golfenescocia.com\/es\/wp-json\/wp\/v2\/comments?post=8245"}],"version-history":[{"count":39,"href":"https:\/\/www.golfenescocia.com\/es\/wp-json\/wp\/v2\/pages\/8245\/revisions"}],"predecessor-version":[{"id":15368,"href":"https:\/\/www.golfenescocia.com\/es\/wp-json\/wp\/v2\/pages\/8245\/revisions\/15368"}],"up":[{"embeddable":true,"href":"https:\/\/www.golfenescocia.com\/es\/wp-json\/wp\/v2\/pages\/8936"}],"wp:featuredmedia":[{"embeddable":true,"href":"https:\/\/www.golfenescocia.com\/es\/wp-json\/wp\/v2\/media\/13700"}],"wp:attachment":[{"href":"https:\/\/www.golfenescocia.com\/es\/wp-json\/wp\/v2\/media?parent=8245"}],"curies":[{"name":"wp","href":"https:\/\/api.w.org\/{rel}","templated":true}]}}