{"id":8244,"date":"2017-06-13T09:51:19","date_gmt":"2017-06-13T09:51:19","guid":{"rendered":"https:\/\/www.golfenescocia.com\/juegue-los-3-campos-de-golf-region-de-aberdeen\/"},"modified":"2025-12-24T09:12:53","modified_gmt":"2025-12-24T09:12:53","slug":"juegue-los-3-campos-de-golf-region-de-aberdeen","status":"publish","type":"page","link":"https:\/\/www.golfenescocia.com\/es\/viajes-de-golf-en-escocia\/juegue-los-3-campos-de-golf-region-de-aberdeen\/","title":{"rendered":"Juegue los 3 campos de golf en la regi\u00f3n de Aberdeen"},"content":{"rendered":"<div class=\"one-half first\"><img loading=\"lazy\" decoding=\"async\" class=\"alignnone wp-image-13755 size-full\" src=\"https:\/\/www.golfenescocia.com\/wp-content\/uploads\/2023\/09\/viajes-golf-escocia-trump-aberdeen.jpg\" alt=\"\" width=\"540\" height=\"360\" srcset=\"https:\/\/www.golfenescocia.com\/wp-content\/uploads\/2023\/09\/viajes-golf-escocia-trump-aberdeen.jpg 540w, https:\/\/www.golfenescocia.com\/wp-content\/uploads\/2023\/09\/viajes-golf-escocia-trump-aberdeen-300x200.jpg 300w\" sizes=\"auto, (max-width: 540px) 100vw, 540px\" \/><\/div>\n<div class=\"one-half\">\n<p><span style=\"font-size: 20pt;\">Abril: 1590\u20ac<\/span><\/p>\n<p><span style=\"font-size: 20pt;\">Mayo-Octubre: 1950\u20ac<\/span><\/p>\n<h4>Incluye:<\/h4>\n<ul style=\"list-style-type: square;\">\n<li>3 noches en el hotel de 4 estrellas Malmaison, en Aberdeen<\/li>\n<li>3 Green Fees\n<ul style=\"list-style-type: circle;\">\n<li><a href=\"https:\/\/www.golfenescocia.com\/campos-de-golf-en-escocia\/region-de-golf-de-aberdeen\/royal-aberdeen\/\" target=\"_blank\" rel=\"noopener noreferrer\">Royal Aberdeen<\/a><\/li>\n<li><a href=\"https:\/\/www.golfenescocia.com\/campos-de-golf-en-escocia\/region-de-golf-de-aberdeen\/cruden-bay\/\" target=\"_blank\" rel=\"noopener noreferrer\">Cruden Bay<\/a><\/li>\n<li><a href=\"https:\/\/www.golfenescocia.com\/campos-de-golf-en-escocia\/region-de-golf-de-aberdeen\/campo-de-links-trump-international-escocia\/\" target=\"_blank\" rel=\"noopener noreferrer\">Trump International Golf Links Scotland<\/a><\/li>\n<\/ul>\n<\/li>\n<li><a href=\"https:\/\/www.golfenescocia.com\/transporte\/\" target=\"_blank\" rel=\"noopener noreferrer\">Alquiler de 1 coche para 4 d\u00edas<\/a><\/li>\n<\/ul>\n<\/div>\n<div style=\"clear: both;\"><\/div>\n<div class=\"one-third first\" style=\"text-align: center;\"><a class=\"button \" title=\"Reserve ahora\" href=\"https:\/\/www.golfenescocia.com\/reserve-su-estancia\/\">Reserve ahora<\/a><\/div>\n<div class=\"one-third\" style=\"text-align: center;\"><a class=\"button\" title=\"Personalice su viaje\" href=\"https:\/\/www.golfenescocia.com\/personalice-su-viaje\/\">Personalice<\/a><\/div>\n<div class=\"one-third\" style=\"text-align: center;\"><a class=\"button\" title=\"Contacto\" href=\"https:\/\/www.golfenescocia.com\/contacto\/\" target=\"_blank\" rel=\"noopener noreferrer\">Cont<span class=\"_Tgc\">\u00e1<\/span>ctenos<\/a><\/div>\n<div><\/div>\n<div style=\"clear: both;\"><\/div>\n<div class=\"one-half first\">\n<h4>Extras complementarios:<\/h4>\n<ul>\n<li>Lista de restaurantes recomendados en Aberdeen<\/li>\n<li>Asistencia y servicio al cliente 24\/7<\/li>\n<\/ul>\n<\/div>\n<div class=\"one-half\">\n<div id=\"details\"><\/div>\n<div style=\"clear: both;\"><\/div>\n<h4>Extras opcionales:<\/h4>\n<ul>\n<li>Vuelva a jugar en el campo Links Trump International con 40% de descuento<\/li>\n<li>Vuelos<\/li>\n<li>Suplemento de habitaci\u00f3n individual<\/li>\n<li>Modificar categor\u00eda de Hotel (3, 4 o 5 estrellas)<\/li>\n<li>Noches y campos de golf adicionales<\/li>\n<li>Traslados con conductor<\/li>\n<li>Actividades y atracciones locales<\/li>\n<li>Almuerzos y cenas<\/li>\n<li>Seguro de viaje<\/li>\n<\/ul>\n<\/div>\n<h2>Itinerario de muestra :<\/h2>\n<table>\n<tbody>\n<tr>\n<td style=\"width: 25%;\"><strong>D\u00eda 1:<\/strong><\/td>\n<td>Llegada al Aeropuerto de Aberdeen<\/td>\n<td>Hotel Malmaison****, Aberdeen<\/td>\n<td>25 minutos<\/td>\n<\/tr>\n<tr>\n<td style=\"width: 25%;\"><strong>D\u00eda 2:<\/strong><\/td>\n<td>Cruden Bay<\/td>\n<td>Hotel Malmaison****, Aberdeen<\/td>\n<td>40 minutos<\/td>\n<\/tr>\n<tr>\n<td style=\"width: 25%;\"><strong>D\u00eda3:<\/strong><\/td>\n<td>Royal Aberdeen<\/td>\n<td>Hotel Malmaison****, Aberdeen<\/td>\n<td>10 minutos<\/td>\n<\/tr>\n<tr>\n<td style=\"width: 25%;\"><strong>D\u00eda 4:<\/strong><\/td>\n<td>Trump International Golf Links<br \/>\nSalida desde el Aeropuerto de Aberdeen<\/td>\n<td><\/td>\n<td>15 minutos<br \/>\n25 minutos<\/td>\n<\/tr>\n<\/tbody>\n<\/table>\n<div class=\"terms\">\n<h4>Conditiones del paquete:<\/h4>\n<ul>\n<li>Todos nuestros paquetes del Reino Unido se cobran en libras esterlinas.<\/li>\n<li>Oferta v\u00e1lida del 1 de abril hasta el 31 de octubre para un m\u00ednimo de 2 personas en habitaciones con camas dobles. Desayuno escoc\u00e9s incluido. De noviembre a marzo se aplican tarifas especiales.<\/li>\n<\/ul>\n<\/div>\n<div style=\"clear: both;\"><\/div>\n<div class=\"one-third first\" style=\"text-align: center;\"><a class=\"button \" title=\"Reserve ahora\" href=\"https:\/\/www.golfenescocia.com\/reserve-su-estancia\/\">Reserve ahora<\/a><\/div>\n<div class=\"one-third\" style=\"text-align: center;\"><a class=\"button\" title=\"Personalice su viaje\" href=\"https:\/\/www.golfenescocia.com\/personalice-su-viaje\/\">Personalice<\/a><\/div>\n<div class=\"one-third\" style=\"text-align: center;\"><a class=\"button\" title=\"Contacto\" href=\"https:\/\/www.golfenescocia.com\/contacto\/\" target=\"_blank\" rel=\"noopener noreferrer\">Cont<span class=\"_Tgc\">\u00e1<\/span>ctenos<\/a><\/div>\n","protected":false},"excerpt":{"rendered":"<p>Abril: 1590\u20ac Mayo-Octubre: 1950\u20ac Incluye: 3 noches en el hotel de 4 estrellas Malmaison, en Aberdeen 3 Green Fees Royal Aberdeen Cruden Bay Trump International Golf Links Scotland Alquiler de 1 coche para 4 d\u00edas Reserve ahora Personalice Cont\u00e1ctenos Extras complementarios: Lista de restaurantes recomendados en Aberdeen Asistencia y servicio al cliente 24\/7 Extras opcionales: [&hellip;]<\/p>\n","protected":false},"author":5,"featured_media":7751,"parent":8936,"menu_order":0,"comment_status":"closed","ping_status":"closed","template":"","meta":{"_genesis_hide_title":false,"_genesis_hide_breadcrumbs":false,"_genesis_hide_singular_image":false,"_genesis_hide_footer_widgets":false,"_genesis_custom_body_class":"","_genesis_custom_post_class":"","_genesis_layout":"","footnotes":""},"class_list":{"0":"post-8244","1":"page","2":"type-page","3":"status-publish","4":"has-post-thumbnail","6":"entry"},"yoast_head":"<!-- This site is optimized with the Yoast SEO plugin v27.4 - https:\/\/yoast.com\/product\/yoast-seo-wordpress\/ -->\n<title>Los 3 mejores campos para jugar en Aberdeen<\/title>\n<meta name=\"description\" content=\"Un gran viaje de golf incluyendo 3 de los campos m\u00e1s impresionantes de Escocia, ubicados al norte de Aberdeen y de fama mundial.\" \/>\n<meta name=\"robots\" content=\"index, follow, max-snippet:-1, max-image-preview:large, max-video-preview:-1\" \/>\n<link rel=\"canonical\" href=\"https:\/\/www.golfenescocia.com\/es\/viajes-de-golf-en-escocia\/juegue-los-3-campos-de-golf-region-de-aberdeen\/\" \/>\n<meta property=\"og:locale\" content=\"fr_FR\" \/>\n<meta property=\"og:type\" content=\"article\" \/>\n<meta property=\"og:title\" content=\"Los 3 mejores campos para jugar en Aberdeen\" \/>\n<meta property=\"og:description\" content=\"Un gran viaje de golf incluyendo 3 de los campos m\u00e1s impresionantes de Escocia, ubicados al norte de Aberdeen y de fama mundial.\" \/>\n<meta property=\"og:url\" content=\"https:\/\/www.golfenescocia.com\/es\/viajes-de-golf-en-escocia\/juegue-los-3-campos-de-golf-region-de-aberdeen\/\" \/>\n<meta property=\"article:modified_time\" content=\"2025-12-24T09:12:53+00:00\" \/>\n<meta name=\"twitter:card\" content=\"summary_large_image\" \/>\n<meta name=\"twitter:label1\" content=\"Dur\u00e9e de lecture estim\u00e9e\" \/>\n\t<meta name=\"twitter:data1\" content=\"2 minutes\" \/>\n<script type=\"application\/ld+json\" class=\"yoast-schema-graph\">{\"@context\":\"https:\\\/\\\/schema.org\",\"@graph\":[{\"@type\":\"WebPage\",\"@id\":\"https:\\\/\\\/www.golfenescocia.com\\\/es\\\/viajes-de-golf-en-escocia\\\/juegue-los-3-campos-de-golf-region-de-aberdeen\\\/\",\"url\":\"https:\\\/\\\/www.golfenescocia.com\\\/es\\\/viajes-de-golf-en-escocia\\\/juegue-los-3-campos-de-golf-region-de-aberdeen\\\/\",\"name\":\"Los 3 mejores campos para jugar en Aberdeen\",\"isPartOf\":{\"@id\":\"https:\\\/\\\/www.golfenescocia.com\\\/es\\\/#website\"},\"primaryImageOfPage\":{\"@id\":\"https:\\\/\\\/www.golfenescocia.com\\\/es\\\/viajes-de-golf-en-escocia\\\/juegue-los-3-campos-de-golf-region-de-aberdeen\\\/#primaryimage\"},\"image\":{\"@id\":\"https:\\\/\\\/www.golfenescocia.com\\\/es\\\/viajes-de-golf-en-escocia\\\/juegue-los-3-campos-de-golf-region-de-aberdeen\\\/#primaryimage\"},\"thumbnailUrl\":\"\",\"datePublished\":\"2017-06-13T09:51:19+00:00\",\"dateModified\":\"2025-12-24T09:12:53+00:00\",\"description\":\"Un gran viaje de golf incluyendo 3 de los campos m\u00e1s impresionantes de Escocia, ubicados al norte de Aberdeen y de fama mundial.\",\"breadcrumb\":{\"@id\":\"https:\\\/\\\/www.golfenescocia.com\\\/es\\\/viajes-de-golf-en-escocia\\\/juegue-los-3-campos-de-golf-region-de-aberdeen\\\/#breadcrumb\"},\"inLanguage\":\"fr-FR\",\"potentialAction\":[{\"@type\":\"ReadAction\",\"target\":[\"https:\\\/\\\/www.golfenescocia.com\\\/es\\\/viajes-de-golf-en-escocia\\\/juegue-los-3-campos-de-golf-region-de-aberdeen\\\/\"]}]},{\"@type\":\"ImageObject\",\"inLanguage\":\"fr-FR\",\"@id\":\"https:\\\/\\\/www.golfenescocia.com\\\/es\\\/viajes-de-golf-en-escocia\\\/juegue-los-3-campos-de-golf-region-de-aberdeen\\\/#primaryimage\",\"url\":\"\",\"contentUrl\":\"\",\"width\":2000,\"height\":1059,\"caption\":\"golf escocia 3 noches aberdeen\"},{\"@type\":\"BreadcrumbList\",\"@id\":\"https:\\\/\\\/www.golfenescocia.com\\\/es\\\/viajes-de-golf-en-escocia\\\/juegue-los-3-campos-de-golf-region-de-aberdeen\\\/#breadcrumb\",\"itemListElement\":[{\"@type\":\"ListItem\",\"position\":1,\"name\":\"Home\",\"item\":\"https:\\\/\\\/www.golfenescocia.com\\\/es\\\/\"},{\"@type\":\"ListItem\",\"position\":2,\"name\":\"Viajes de Golf en Escocia\",\"item\":\"https:\\\/\\\/www.golfenescocia.com\\\/es\\\/viajes-de-golf-en-escocia\\\/\"},{\"@type\":\"ListItem\",\"position\":3,\"name\":\"Juegue los 3 campos de golf en la regi\u00f3n de Aberdeen\"}]},{\"@type\":\"WebSite\",\"@id\":\"https:\\\/\\\/www.golfenescocia.com\\\/es\\\/#website\",\"url\":\"https:\\\/\\\/www.golfenescocia.com\\\/es\\\/\",\"name\":\"\",\"description\":\"Viajes de Golf en Escocia\",\"potentialAction\":[{\"@type\":\"SearchAction\",\"target\":{\"@type\":\"EntryPoint\",\"urlTemplate\":\"https:\\\/\\\/www.golfenescocia.com\\\/es\\\/?s={search_term_string}\"},\"query-input\":{\"@type\":\"PropertyValueSpecification\",\"valueRequired\":true,\"valueName\":\"search_term_string\"}}],\"inLanguage\":\"fr-FR\"}]}<\/script>\n<!-- \/ Yoast SEO plugin. -->","yoast_head_json":{"title":"Los 3 mejores campos para jugar en Aberdeen","description":"Un gran viaje de golf incluyendo 3 de los campos m\u00e1s impresionantes de Escocia, ubicados al norte de Aberdeen y de fama mundial.","robots":{"index":"index","follow":"follow","max-snippet":"max-snippet:-1","max-image-preview":"max-image-preview:large","max-video-preview":"max-video-preview:-1"},"canonical":"https:\/\/www.golfenescocia.com\/es\/viajes-de-golf-en-escocia\/juegue-los-3-campos-de-golf-region-de-aberdeen\/","og_locale":"fr_FR","og_type":"article","og_title":"Los 3 mejores campos para jugar en Aberdeen","og_description":"Un gran viaje de golf incluyendo 3 de los campos m\u00e1s impresionantes de Escocia, ubicados al norte de Aberdeen y de fama mundial.","og_url":"https:\/\/www.golfenescocia.com\/es\/viajes-de-golf-en-escocia\/juegue-los-3-campos-de-golf-region-de-aberdeen\/","article_modified_time":"2025-12-24T09:12:53+00:00","twitter_card":"summary_large_image","twitter_misc":{"Dur\u00e9e de lecture estim\u00e9e":"2 minutes"},"schema":{"@context":"https:\/\/schema.org","@graph":[{"@type":"WebPage","@id":"https:\/\/www.golfenescocia.com\/es\/viajes-de-golf-en-escocia\/juegue-los-3-campos-de-golf-region-de-aberdeen\/","url":"https:\/\/www.golfenescocia.com\/es\/viajes-de-golf-en-escocia\/juegue-los-3-campos-de-golf-region-de-aberdeen\/","name":"Los 3 mejores campos para jugar en Aberdeen","isPartOf":{"@id":"https:\/\/www.golfenescocia.com\/es\/#website"},"primaryImageOfPage":{"@id":"https:\/\/www.golfenescocia.com\/es\/viajes-de-golf-en-escocia\/juegue-los-3-campos-de-golf-region-de-aberdeen\/#primaryimage"},"image":{"@id":"https:\/\/www.golfenescocia.com\/es\/viajes-de-golf-en-escocia\/juegue-los-3-campos-de-golf-region-de-aberdeen\/#primaryimage"},"thumbnailUrl":"","datePublished":"2017-06-13T09:51:19+00:00","dateModified":"2025-12-24T09:12:53+00:00","description":"Un gran viaje de golf incluyendo 3 de los campos m\u00e1s impresionantes de Escocia, ubicados al norte de Aberdeen y de fama mundial.","breadcrumb":{"@id":"https:\/\/www.golfenescocia.com\/es\/viajes-de-golf-en-escocia\/juegue-los-3-campos-de-golf-region-de-aberdeen\/#breadcrumb"},"inLanguage":"fr-FR","potentialAction":[{"@type":"ReadAction","target":["https:\/\/www.golfenescocia.com\/es\/viajes-de-golf-en-escocia\/juegue-los-3-campos-de-golf-region-de-aberdeen\/"]}]},{"@type":"ImageObject","inLanguage":"fr-FR","@id":"https:\/\/www.golfenescocia.com\/es\/viajes-de-golf-en-escocia\/juegue-los-3-campos-de-golf-region-de-aberdeen\/#primaryimage","url":"","contentUrl":"","width":2000,"height":1059,"caption":"golf escocia 3 noches aberdeen"},{"@type":"BreadcrumbList","@id":"https:\/\/www.golfenescocia.com\/es\/viajes-de-golf-en-escocia\/juegue-los-3-campos-de-golf-region-de-aberdeen\/#breadcrumb","itemListElement":[{"@type":"ListItem","position":1,"name":"Home","item":"https:\/\/www.golfenescocia.com\/es\/"},{"@type":"ListItem","position":2,"name":"Viajes de Golf en Escocia","item":"https:\/\/www.golfenescocia.com\/es\/viajes-de-golf-en-escocia\/"},{"@type":"ListItem","position":3,"name":"Juegue los 3 campos de golf en la regi\u00f3n de Aberdeen"}]},{"@type":"WebSite","@id":"https:\/\/www.golfenescocia.com\/es\/#website","url":"https:\/\/www.golfenescocia.com\/es\/","name":"","description":"Viajes de Golf en Escocia","potentialAction":[{"@type":"SearchAction","target":{"@type":"EntryPoint","urlTemplate":"https:\/\/www.golfenescocia.com\/es\/?s={search_term_string}"},"query-input":{"@type":"PropertyValueSpecification","valueRequired":true,"valueName":"search_term_string"}}],"inLanguage":"fr-FR"}]}},"_links":{"self":[{"href":"https:\/\/www.golfenescocia.com\/es\/wp-json\/wp\/v2\/pages\/8244","targetHints":{"allow":["GET"]}}],"collection":[{"href":"https:\/\/www.golfenescocia.com\/es\/wp-json\/wp\/v2\/pages"}],"about":[{"href":"https:\/\/www.golfenescocia.com\/es\/wp-json\/wp\/v2\/types\/page"}],"author":[{"embeddable":true,"href":"https:\/\/www.golfenescocia.com\/es\/wp-json\/wp\/v2\/users\/5"}],"replies":[{"embeddable":true,"href":"https:\/\/www.golfenescocia.com\/es\/wp-json\/wp\/v2\/comments?post=8244"}],"version-history":[{"count":28,"href":"https:\/\/www.golfenescocia.com\/es\/wp-json\/wp\/v2\/pages\/8244\/revisions"}],"predecessor-version":[{"id":15376,"href":"https:\/\/www.golfenescocia.com\/es\/wp-json\/wp\/v2\/pages\/8244\/revisions\/15376"}],"up":[{"embeddable":true,"href":"https:\/\/www.golfenescocia.com\/es\/wp-json\/wp\/v2\/pages\/8936"}],"wp:featuredmedia":[{"embeddable":true,"href":"https:\/\/www.golfenescocia.com\/es\/wp-json\/wp\/v2\/media\/7751"}],"wp:attachment":[{"href":"https:\/\/www.golfenescocia.com\/es\/wp-json\/wp\/v2\/media?parent=8244"}],"curies":[{"name":"wp","href":"https:\/\/api.w.org\/{rel}","templated":true}]}}