{"id":8243,"date":"2017-06-13T09:52:52","date_gmt":"2017-06-13T09:52:52","guid":{"rendered":"https:\/\/www.golfenescocia.com\/juegue-los-3-mejores-campos-de-saint-andrews\/"},"modified":"2025-12-24T09:11:37","modified_gmt":"2025-12-24T09:11:37","slug":"juegue-los-3-mejores-campos-de-saint-andrews","status":"publish","type":"page","link":"https:\/\/www.golfenescocia.com\/es\/viajes-de-golf-en-escocia\/juegue-los-3-mejores-campos-de-saint-andrews\/","title":{"rendered":"Juegue en los 3 mejores campos de Saint Andrews"},"content":{"rendered":"<div class=\"one-half first\"><img loading=\"lazy\" decoding=\"async\" class=\"alignnone wp-image-13749 size-full\" src=\"https:\/\/www.golfenescocia.com\/wp-content\/uploads\/2023\/09\/viajes-golf-escocia-kingsbarns.jpg\" alt=\"\" width=\"540\" height=\"361\" srcset=\"https:\/\/www.golfenescocia.com\/wp-content\/uploads\/2023\/09\/viajes-golf-escocia-kingsbarns.jpg 540w, https:\/\/www.golfenescocia.com\/wp-content\/uploads\/2023\/09\/viajes-golf-escocia-kingsbarns-300x201.jpg 300w\" sizes=\"auto, (max-width: 540px) 100vw, 540px\" \/><\/div>\n<div class=\"one-half\">\n<h2>Abril : 1530\u20ac<br \/>\nDe mayo a octubre : 1770\u20ac<\/h2>\n<h4>Incluye:<\/h4>\n<ul style=\"list-style-type: square;\">\n<li>3 noches en una casa de alquiler en la hist\u00f3rica ciudad de St Andrews<\/li>\n<li>1 entrada al sorteo del Old Course<\/li>\n<li>2 Green Fees\n<ul style=\"list-style-type: circle;\">\n<li><a href=\"https:\/\/www.golfenescocia.com\/campos-de-golf-en-escocia\/region-de-golf-de-st-andrews\/kingsbarns\/\" target=\"_blank\" rel=\"noopener noreferrer\">Kingsbarns<\/a><\/li>\n<li><a href=\"https:\/\/www.golfenescocia.com\/campos-de-golf-en-escocia\/region-de-golf-de-st-andrews\/carnoustie\/\" target=\"_blank\" rel=\"noopener noreferrer\">Carnoustie &lsquo;Championship&rsquo;<\/a><\/li>\n<\/ul>\n<\/li>\n<li><a href=\"https:\/\/www.golfenescocia.com\/transporte\/\" target=\"_blank\" rel=\"noopener noreferrer\">Alquiler de 1 coche durante 4 d\u00edas<\/a><\/li>\n<\/ul>\n<\/div>\n<div style=\"clear: both;\"><\/div>\n<div class=\"one-third first\" style=\"text-align: center;\"><a class=\"button \" title=\"Reserve ahora\" href=\"https:\/\/www.golfenescocia.com\/reserve-su-estancia\/\">Reserve ahora<\/a><\/div>\n<div class=\"one-third\" style=\"text-align: center;\"><a class=\"button\" title=\"Personalice su viaje\" href=\"https:\/\/www.golfenescocia.com\/personalice-su-viaje\/\">Personalice<\/a><\/div>\n<div class=\"one-third\" style=\"text-align: center;\"><a class=\"button\" title=\"Contacto\" href=\"https:\/\/www.golfenescocia.com\/contacto\/\" target=\"_blank\" rel=\"noopener noreferrer\">Contacto<\/a><\/div>\n<div><\/div>\n<div style=\"clear: both;\"><\/div>\n<div class=\"one-half first\">\n<h4>Extras complementarios:<\/h4>\n<ul>\n<li>10% de descuento por persona en dos de las tiendas de golf m\u00e1s famosas de St Andrews:\n<ul>\n<li>Auchterlonies<\/li>\n<li>St Andrews Golf Co.<\/li>\n<\/ul>\n<\/li>\n<li>Mapa de la regi\u00f3n de St Andrews<\/li>\n<li>Lista de restaurantes y bares recomendados de St Andrews<\/li>\n<li>Asistencia y servicio al cliente 24\/7<\/li>\n<\/ul>\n<\/div>\n<div class=\"one-half\">\n<h4>Extras opcionales:<\/h4>\n<ul>\n<li>Juegue en Kingsbarns una segunda vez a mitad del precio<\/li>\n<li>Green Fees para el Old Course si tiene exito en el sorteo<\/li>\n<li>Green Fees para otro campo si no tiene exito en el sorteo<\/li>\n<li>Vuelos<\/li>\n<li>Suplemento de habitaci\u00f3n individual<\/li>\n<li>Modificar la categor\u00eda de hotel (3, 4\u00a0o 5 estrellas)<\/li>\n<li>Noches y campos adicionales<\/li>\n<li>Traslado con conductor<\/li>\n<li>Actividades y atracciones locales<\/li>\n<li>Almuerzos y cenas<\/li>\n<li>Seguro de viaje<\/li>\n<\/ul>\n<\/div>\n<h2>Itinerario de muestra:<\/h2>\n<table style=\"width: 100.119%;\">\n<tbody>\n<tr>\n<td style=\"width: 25%;\"><strong>D\u00eda 1:<\/strong><\/td>\n<td style=\"width: 33.8095%;\">Llegada al aeropuerto de Edimburgo<br \/>\nEntrada al sorteo para el d\u00eda 3<\/td>\n<td style=\"width: 24.0538%;\">Casa de alquiler****, St Andrews<\/td>\n<td style=\"width: 16.1843%;\">1h10<\/td>\n<\/tr>\n<tr>\n<td style=\"width: 25%;\"><strong><strong>D\u00eda<\/strong> 2:<\/strong><\/td>\n<td style=\"width: 33.8095%;\">Carnoustie &lsquo;Championship&rsquo;<\/td>\n<td style=\"width: 24.0538%;\">Casa de alquiler****, St Andrews<\/td>\n<td style=\"width: 16.1843%;\">10 minutos<\/td>\n<\/tr>\n<tr>\n<td style=\"width: 25%;\"><strong><strong>D\u00eda<\/strong> 3:<\/strong><\/td>\n<td style=\"width: 33.8095%;\">Old Course u otro campo (sorteo)<\/td>\n<td style=\"width: 24.0538%;\">Casa de alquiler****, St Andrews<\/td>\n<td style=\"width: 16.1843%;\">20 minutos<\/td>\n<\/tr>\n<tr>\n<td style=\"width: 25%;\"><strong><strong>D\u00eda<\/strong> 4:<\/strong><\/td>\n<td style=\"width: 33.8095%;\">Kingsbarns<br \/>\nSalida del aeropuerto de Edimburgo<\/td>\n<td style=\"width: 24.0538%;\">Casa de alquiler****, St Andrews<\/td>\n<td style=\"width: 16.1843%;\">20 minutos<br \/>\n1h20<\/td>\n<\/tr>\n<\/tbody>\n<\/table>\n<div class=\"terms\">\n<h4>Condiciones del paquete:<\/h4>\n<ul>\n<li>Todos nuestros paquetes del Reino Unido se cobran en libras esterlinas.<\/li>\n<li>Oferta v\u00e1lida del 1 de abril hasta el 31 de octubre para un m\u00ednimo de 2 personas en habitaciones con camas dobles. De noviembre a marzo se aplican tarifas especiales.<\/li>\n<li>Sorteo del Old Course (m\u00ednimo de 2 golfistas con un l\u00edmite de handicap 36; el certificado de handicap deber\u00e1 ser mostrado el d\u00eda de la jugada):<\/li>\n<li>Le incluiremos en el sorteo 48 horas antes del d\u00eda que desee jugar. Si tiene exito en el sorteo, podr\u00e1 adquirir el green fee el mismo d\u00eda y abonarlo en efectivo o con tarjeta de cr\u00e9dito.<\/li>\n<li>Si no tiene exito en el sorteo, le organizaremos el juego en otro campo o la posibilidad de que realice otra actividad.<\/li>\n<li>Nuestra agencia frecuentemente tiene exito en el sorteo del Old Course.<\/li>\n<\/ul>\n<\/div>\n<div class=\"one-third first\"><\/div>\n<div class=\"one-third first\" style=\"text-align: center;\"><a class=\"button \" title=\"Reserve ahora\" href=\"https:\/\/www.golfenescocia.com\/reserve-su-estancia\/\">Reserve ahora<\/a><\/div>\n<div class=\"one-third\" style=\"text-align: center;\"><a class=\"button\" title=\"Personalice su viaje\" href=\"https:\/\/www.golfenescocia.com\/personalice-su-viaje\/\">Personalice<\/a><\/div>\n<div class=\"one-third\" style=\"text-align: center;\"><a class=\"button\" title=\"Contacto\" href=\"https:\/\/www.golfenescocia.com\/contacto\/\" target=\"_blank\" rel=\"noopener noreferrer\">Contacto<\/a><\/div>\n","protected":false},"excerpt":{"rendered":"<p>Abril : 1530\u20ac De mayo a octubre : 1770\u20ac Incluye: 3 noches en una casa de alquiler en la hist\u00f3rica ciudad de St Andrews 1 entrada al sorteo del Old Course 2 Green Fees Kingsbarns Carnoustie &lsquo;Championship&rsquo; Alquiler de 1 coche durante 4 d\u00edas Reserve ahora Personalice Contacto Extras complementarios: 10% de descuento por persona [&hellip;]<\/p>\n","protected":false},"author":5,"featured_media":7748,"parent":8936,"menu_order":0,"comment_status":"closed","ping_status":"closed","template":"","meta":{"_genesis_hide_title":false,"_genesis_hide_breadcrumbs":false,"_genesis_hide_singular_image":false,"_genesis_hide_footer_widgets":false,"_genesis_custom_body_class":"","_genesis_custom_post_class":"","_genesis_layout":"","footnotes":""},"class_list":{"0":"post-8243","1":"page","2":"type-page","3":"status-publish","4":"has-post-thumbnail","6":"entry"},"yoast_head":"<!-- This site is optimized with the Yoast SEO plugin v27.4 - https:\/\/yoast.com\/product\/yoast-seo-wordpress\/ -->\n<title>Los 3 mejores campos de la regi\u00f3n Saint Andrews<\/title>\n<meta name=\"description\" content=\"Venga a Escocia y juegue en 3 de los mejores campos de la regi\u00f3n St Andrews; el Old Course, Kingsbarns y el Championship at Carnoustie.\" \/>\n<meta name=\"robots\" content=\"index, follow, max-snippet:-1, max-image-preview:large, max-video-preview:-1\" \/>\n<link rel=\"canonical\" href=\"https:\/\/www.golfenescocia.com\/es\/viajes-de-golf-en-escocia\/juegue-los-3-mejores-campos-de-saint-andrews\/\" \/>\n<meta property=\"og:locale\" content=\"fr_FR\" \/>\n<meta property=\"og:type\" content=\"article\" \/>\n<meta property=\"og:title\" content=\"Los 3 mejores campos de la regi\u00f3n Saint Andrews\" \/>\n<meta property=\"og:description\" content=\"Venga a Escocia y juegue en 3 de los mejores campos de la regi\u00f3n St Andrews; el Old Course, Kingsbarns y el Championship at Carnoustie.\" \/>\n<meta property=\"og:url\" content=\"https:\/\/www.golfenescocia.com\/es\/viajes-de-golf-en-escocia\/juegue-los-3-mejores-campos-de-saint-andrews\/\" \/>\n<meta property=\"article:modified_time\" content=\"2025-12-24T09:11:37+00:00\" \/>\n<meta name=\"twitter:card\" content=\"summary_large_image\" \/>\n<meta name=\"twitter:label1\" content=\"Dur\u00e9e de lecture estim\u00e9e\" \/>\n\t<meta name=\"twitter:data1\" content=\"2 minutes\" \/>\n<script type=\"application\/ld+json\" class=\"yoast-schema-graph\">{\"@context\":\"https:\\\/\\\/schema.org\",\"@graph\":[{\"@type\":\"WebPage\",\"@id\":\"https:\\\/\\\/www.golfenescocia.com\\\/es\\\/viajes-de-golf-en-escocia\\\/juegue-los-3-mejores-campos-de-saint-andrews\\\/\",\"url\":\"https:\\\/\\\/www.golfenescocia.com\\\/es\\\/viajes-de-golf-en-escocia\\\/juegue-los-3-mejores-campos-de-saint-andrews\\\/\",\"name\":\"Los 3 mejores campos de la regi\u00f3n Saint Andrews\",\"isPartOf\":{\"@id\":\"https:\\\/\\\/www.golfenescocia.com\\\/es\\\/#website\"},\"primaryImageOfPage\":{\"@id\":\"https:\\\/\\\/www.golfenescocia.com\\\/es\\\/viajes-de-golf-en-escocia\\\/juegue-los-3-mejores-campos-de-saint-andrews\\\/#primaryimage\"},\"image\":{\"@id\":\"https:\\\/\\\/www.golfenescocia.com\\\/es\\\/viajes-de-golf-en-escocia\\\/juegue-los-3-mejores-campos-de-saint-andrews\\\/#primaryimage\"},\"thumbnailUrl\":\"\",\"datePublished\":\"2017-06-13T09:52:52+00:00\",\"dateModified\":\"2025-12-24T09:11:37+00:00\",\"description\":\"Venga a Escocia y juegue en 3 de los mejores campos de la regi\u00f3n St Andrews; el Old Course, Kingsbarns y el Championship at Carnoustie.\",\"breadcrumb\":{\"@id\":\"https:\\\/\\\/www.golfenescocia.com\\\/es\\\/viajes-de-golf-en-escocia\\\/juegue-los-3-mejores-campos-de-saint-andrews\\\/#breadcrumb\"},\"inLanguage\":\"fr-FR\",\"potentialAction\":[{\"@type\":\"ReadAction\",\"target\":[\"https:\\\/\\\/www.golfenescocia.com\\\/es\\\/viajes-de-golf-en-escocia\\\/juegue-los-3-mejores-campos-de-saint-andrews\\\/\"]}]},{\"@type\":\"ImageObject\",\"inLanguage\":\"fr-FR\",\"@id\":\"https:\\\/\\\/www.golfenescocia.com\\\/es\\\/viajes-de-golf-en-escocia\\\/juegue-los-3-mejores-campos-de-saint-andrews\\\/#primaryimage\",\"url\":\"\",\"contentUrl\":\"\",\"width\":2000,\"height\":1212,\"caption\":\"golf escocia st andrews\"},{\"@type\":\"BreadcrumbList\",\"@id\":\"https:\\\/\\\/www.golfenescocia.com\\\/es\\\/viajes-de-golf-en-escocia\\\/juegue-los-3-mejores-campos-de-saint-andrews\\\/#breadcrumb\",\"itemListElement\":[{\"@type\":\"ListItem\",\"position\":1,\"name\":\"Home\",\"item\":\"https:\\\/\\\/www.golfenescocia.com\\\/es\\\/\"},{\"@type\":\"ListItem\",\"position\":2,\"name\":\"Viajes de Golf en Escocia\",\"item\":\"https:\\\/\\\/www.golfenescocia.com\\\/es\\\/viajes-de-golf-en-escocia\\\/\"},{\"@type\":\"ListItem\",\"position\":3,\"name\":\"Juegue en los 3 mejores campos de Saint Andrews\"}]},{\"@type\":\"WebSite\",\"@id\":\"https:\\\/\\\/www.golfenescocia.com\\\/es\\\/#website\",\"url\":\"https:\\\/\\\/www.golfenescocia.com\\\/es\\\/\",\"name\":\"\",\"description\":\"Viajes de Golf en Escocia\",\"potentialAction\":[{\"@type\":\"SearchAction\",\"target\":{\"@type\":\"EntryPoint\",\"urlTemplate\":\"https:\\\/\\\/www.golfenescocia.com\\\/es\\\/?s={search_term_string}\"},\"query-input\":{\"@type\":\"PropertyValueSpecification\",\"valueRequired\":true,\"valueName\":\"search_term_string\"}}],\"inLanguage\":\"fr-FR\"}]}<\/script>\n<!-- \/ Yoast SEO plugin. -->","yoast_head_json":{"title":"Los 3 mejores campos de la regi\u00f3n Saint Andrews","description":"Venga a Escocia y juegue en 3 de los mejores campos de la regi\u00f3n St Andrews; el Old Course, Kingsbarns y el Championship at Carnoustie.","robots":{"index":"index","follow":"follow","max-snippet":"max-snippet:-1","max-image-preview":"max-image-preview:large","max-video-preview":"max-video-preview:-1"},"canonical":"https:\/\/www.golfenescocia.com\/es\/viajes-de-golf-en-escocia\/juegue-los-3-mejores-campos-de-saint-andrews\/","og_locale":"fr_FR","og_type":"article","og_title":"Los 3 mejores campos de la regi\u00f3n Saint Andrews","og_description":"Venga a Escocia y juegue en 3 de los mejores campos de la regi\u00f3n St Andrews; el Old Course, Kingsbarns y el Championship at Carnoustie.","og_url":"https:\/\/www.golfenescocia.com\/es\/viajes-de-golf-en-escocia\/juegue-los-3-mejores-campos-de-saint-andrews\/","article_modified_time":"2025-12-24T09:11:37+00:00","twitter_card":"summary_large_image","twitter_misc":{"Dur\u00e9e de lecture estim\u00e9e":"2 minutes"},"schema":{"@context":"https:\/\/schema.org","@graph":[{"@type":"WebPage","@id":"https:\/\/www.golfenescocia.com\/es\/viajes-de-golf-en-escocia\/juegue-los-3-mejores-campos-de-saint-andrews\/","url":"https:\/\/www.golfenescocia.com\/es\/viajes-de-golf-en-escocia\/juegue-los-3-mejores-campos-de-saint-andrews\/","name":"Los 3 mejores campos de la regi\u00f3n Saint Andrews","isPartOf":{"@id":"https:\/\/www.golfenescocia.com\/es\/#website"},"primaryImageOfPage":{"@id":"https:\/\/www.golfenescocia.com\/es\/viajes-de-golf-en-escocia\/juegue-los-3-mejores-campos-de-saint-andrews\/#primaryimage"},"image":{"@id":"https:\/\/www.golfenescocia.com\/es\/viajes-de-golf-en-escocia\/juegue-los-3-mejores-campos-de-saint-andrews\/#primaryimage"},"thumbnailUrl":"","datePublished":"2017-06-13T09:52:52+00:00","dateModified":"2025-12-24T09:11:37+00:00","description":"Venga a Escocia y juegue en 3 de los mejores campos de la regi\u00f3n St Andrews; el Old Course, Kingsbarns y el Championship at Carnoustie.","breadcrumb":{"@id":"https:\/\/www.golfenescocia.com\/es\/viajes-de-golf-en-escocia\/juegue-los-3-mejores-campos-de-saint-andrews\/#breadcrumb"},"inLanguage":"fr-FR","potentialAction":[{"@type":"ReadAction","target":["https:\/\/www.golfenescocia.com\/es\/viajes-de-golf-en-escocia\/juegue-los-3-mejores-campos-de-saint-andrews\/"]}]},{"@type":"ImageObject","inLanguage":"fr-FR","@id":"https:\/\/www.golfenescocia.com\/es\/viajes-de-golf-en-escocia\/juegue-los-3-mejores-campos-de-saint-andrews\/#primaryimage","url":"","contentUrl":"","width":2000,"height":1212,"caption":"golf escocia st andrews"},{"@type":"BreadcrumbList","@id":"https:\/\/www.golfenescocia.com\/es\/viajes-de-golf-en-escocia\/juegue-los-3-mejores-campos-de-saint-andrews\/#breadcrumb","itemListElement":[{"@type":"ListItem","position":1,"name":"Home","item":"https:\/\/www.golfenescocia.com\/es\/"},{"@type":"ListItem","position":2,"name":"Viajes de Golf en Escocia","item":"https:\/\/www.golfenescocia.com\/es\/viajes-de-golf-en-escocia\/"},{"@type":"ListItem","position":3,"name":"Juegue en los 3 mejores campos de Saint Andrews"}]},{"@type":"WebSite","@id":"https:\/\/www.golfenescocia.com\/es\/#website","url":"https:\/\/www.golfenescocia.com\/es\/","name":"","description":"Viajes de Golf en Escocia","potentialAction":[{"@type":"SearchAction","target":{"@type":"EntryPoint","urlTemplate":"https:\/\/www.golfenescocia.com\/es\/?s={search_term_string}"},"query-input":{"@type":"PropertyValueSpecification","valueRequired":true,"valueName":"search_term_string"}}],"inLanguage":"fr-FR"}]}},"_links":{"self":[{"href":"https:\/\/www.golfenescocia.com\/es\/wp-json\/wp\/v2\/pages\/8243","targetHints":{"allow":["GET"]}}],"collection":[{"href":"https:\/\/www.golfenescocia.com\/es\/wp-json\/wp\/v2\/pages"}],"about":[{"href":"https:\/\/www.golfenescocia.com\/es\/wp-json\/wp\/v2\/types\/page"}],"author":[{"embeddable":true,"href":"https:\/\/www.golfenescocia.com\/es\/wp-json\/wp\/v2\/users\/5"}],"replies":[{"embeddable":true,"href":"https:\/\/www.golfenescocia.com\/es\/wp-json\/wp\/v2\/comments?post=8243"}],"version-history":[{"count":29,"href":"https:\/\/www.golfenescocia.com\/es\/wp-json\/wp\/v2\/pages\/8243\/revisions"}],"predecessor-version":[{"id":15374,"href":"https:\/\/www.golfenescocia.com\/es\/wp-json\/wp\/v2\/pages\/8243\/revisions\/15374"}],"up":[{"embeddable":true,"href":"https:\/\/www.golfenescocia.com\/es\/wp-json\/wp\/v2\/pages\/8936"}],"wp:featuredmedia":[{"embeddable":true,"href":"https:\/\/www.golfenescocia.com\/es\/wp-json\/wp\/v2\/media\/7748"}],"wp:attachment":[{"href":"https:\/\/www.golfenescocia.com\/es\/wp-json\/wp\/v2\/media?parent=8243"}],"curies":[{"name":"wp","href":"https:\/\/api.w.org\/{rel}","templated":true}]}}