{"id":8239,"date":"2017-06-13T09:58:04","date_gmt":"2017-06-13T09:58:04","guid":{"rendered":"https:\/\/www.golfenescocia.com\/saint-andrews-y-los-highlands\/"},"modified":"2025-12-24T09:15:44","modified_gmt":"2025-12-24T09:15:44","slug":"saint-andrews-y-las-tierras-altas","status":"publish","type":"page","link":"https:\/\/www.golfenescocia.com\/es\/viajes-de-golf-en-escocia\/saint-andrews-y-las-tierras-altas\/","title":{"rendered":"Saint Andrews y las Tierras Altas"},"content":{"rendered":"<div class=\"one-half first\"><img loading=\"lazy\" decoding=\"async\" class=\"alignnone wp-image-13761 size-full\" src=\"https:\/\/www.golfenescocia.com\/wp-content\/uploads\/2023\/09\/viajes-golf-escocia-royal-dornoch.jpg\" alt=\"\" width=\"540\" height=\"360\" srcset=\"https:\/\/www.golfenescocia.com\/wp-content\/uploads\/2023\/09\/viajes-golf-escocia-royal-dornoch.jpg 540w, https:\/\/www.golfenescocia.com\/wp-content\/uploads\/2023\/09\/viajes-golf-escocia-royal-dornoch-300x200.jpg 300w\" sizes=\"auto, (max-width: 540px) 100vw, 540px\" \/><\/div>\n<div class=\"one-half\">\n<p><span style=\"font-size: 36pt;\">1790\u20ac<\/span><\/p>\n<h4>Incluye:<\/h4>\n<ul style=\"list-style-type: square;\">\n<li>3 noches en un Bed &amp; Breakfast de 4 estrellas en St Andrews<\/li>\n<li>4 noches en un Bed &amp; Breakfast de 4 estrellas en Inverness<\/li>\n<li>1 entrada al sorteo del Old Course<\/li>\n<li>3 Green Fees\n<ul style=\"list-style-type: circle;\">\n<li><a href=\"https:\/\/www.golfenescocia.com\/campos-de-golf-en-escocia\/region-de-golf-de-st-andrews\/castle-course-saint-andrews\/\" target=\"_blank\" rel=\"noopener noreferrer\">Castle Course<\/a><\/li>\n<li><a href=\"https:\/\/www.golfenescocia.com\/campos-de-golf-en-escocia\/region-de-golf-de-highlands\/fortrose-rosemarkie\/\" target=\"_blank\" rel=\"noopener noreferrer\">Fortrose &amp;Rosemarkie<\/a><\/li>\n<li><a href=\"https:\/\/www.golfenescocia.com\/campos-de-golf-en-escocia\/region-de-golf-de-highlands\/spey-valley\/\" target=\"_blank\" rel=\"noopener noreferrer\">Spey Valley<\/a><\/li>\n<\/ul>\n<\/li>\n<li><a href=\"https:\/\/www.golfenescocia.com\/transporte\/\" target=\"_blank\" rel=\"noopener noreferrer\">Alquiler de 1 coche durante 8 d\u00edas<\/a><\/li>\n<\/ul>\n<\/div>\n<div style=\"clear: both;\"><\/div>\n<div class=\"one-third first\" style=\"text-align: center;\"><a class=\"button \" title=\"Reserve ahora\" href=\"https:\/\/www.golfenescocia.com\/reserve-su-estancia\/\">Reserve ahora<\/a><\/div>\n<div class=\"one-third\" style=\"text-align: center;\"><a class=\"button\" title=\"Personalice su viaje\" href=\"https:\/\/www.golfenescocia.com\/personalice-su-viaje\/\">Personalice<\/a><\/div>\n<div class=\"one-third\" style=\"text-align: center;\"><a class=\"button\" title=\"Contacto\" href=\"https:\/\/www.golfenescocia.com\/contacto\/\" target=\"_blank\" rel=\"noopener noreferrer\">Contacto<\/a><\/div>\n<div id=\"details\"><\/div>\n<div><\/div>\n<div style=\"clear: both;\"><\/div>\n<div class=\"one-half first\">\n<h4>Extras complementarios:<\/h4>\n<ul class=\"ul1\">\n<li class=\"li1\"><span class=\"s1\"><span class=\"s1\">10% de descuento por persona en dos de las tiendas de golf m\u00e1s\u00a0<\/span><\/span><span class=\"s1\">famosas de St Andrews:<\/span>\n<ul class=\"ul2\">\n<li class=\"li1\"><span class=\"s1\">Auchterlonies<\/span><\/li>\n<li class=\"li1\"><span class=\"s1\">St Andrews Golf Co.<\/span><\/li>\n<\/ul>\n<\/li>\n<li class=\"li1\"><span class=\"s1\">Mapa de la regi\u00f3n de St Andrews<\/span><\/li>\n<li class=\"li1\"><span class=\"s1\">Lista de restaurantes y bares recomendados de St Andrews<\/span><\/li>\n<li class=\"li1\">Lista de restaurantes recomendados de las Tierras Altas<\/li>\n<li class=\"li1\"><span class=\"s1\">Asistencia y servicio al cliente 24\/7<\/span><\/li>\n<\/ul>\n<\/div>\n<div class=\"one-half\">\n<div style=\"clear: both;\"><\/div>\n<h4>Extras opcionales:<\/h4>\n<ul class=\"ul1\">\n<li class=\"li1\"><span class=\"s1\">Green Fees para el Old Course si tiene exito en el Ballot<\/span><\/li>\n<li class=\"li1\"><span class=\"s1\">Green Fees para otro campo si no tiene exito en el Ballot<\/span><\/li>\n<li class=\"li1\"><span class=\"s1\">Vuelos<\/span><\/li>\n<li class=\"li1\"><span class=\"s1\"><span class=\"s1\">Suplemento de habitaci\u00f3n\u00a0<\/span><\/span><span class=\"s1\">individual<\/span><\/li>\n<li class=\"li1\"><span class=\"s1\">Modificar la categor\u00eda de hotel (3, 4\u00a0\u00f3 5 estrellas)<\/span><\/li>\n<li class=\"li1\"><span class=\"s1\">Noches y campos adicionales<\/span><\/li>\n<li class=\"li1\"><span class=\"s1\">Traslados con conductor<\/span><\/li>\n<li class=\"li1\"><span class=\"s1\">Actividades y atracciones locales<\/span><\/li>\n<li class=\"li1\"><span class=\"s1\">Almuerzos y cenas<\/span><\/li>\n<li class=\"li1\"><span class=\"s1\">Seguro de viaje<\/span><\/li>\n<\/ul>\n<\/div>\n<h2>Itinerario de muestra:<\/h2>\n<table>\n<tbody>\n<tr>\n<td style=\"width: 25%;\"><strong><strong>D\u00eda 1:<\/strong><\/strong><\/td>\n<td>Llegada al aeropuerto de Edimburgo<br \/>\nEntrada al sorteo para el d\u00eda 3<\/td>\n<td>Bed &amp; Breakfast****, St Andrews<\/td>\n<td>1h10<\/td>\n<\/tr>\n<tr>\n<td style=\"width: 25%;\"><strong><strong>D\u00eda<\/strong> 2:<\/strong><\/td>\n<td>Castle Course (St Andrews)<\/td>\n<td>Bed &amp; Breakfast****, St Andrews<\/td>\n<td>10 minutos<\/td>\n<\/tr>\n<tr>\n<td style=\"width: 25%;\"><strong><strong>D\u00eda<\/strong> 3:<\/strong><\/td>\n<td>Old Course u otro campo (sorteo)<\/td>\n<td>Bed &amp; Breakfast****, St Andrews<\/td>\n<td>2 minutos<\/td>\n<\/tr>\n<tr>\n<td style=\"width: 25%;\"><strong><strong>D\u00eda <\/strong>4:<\/strong><\/td>\n<td>Viaje a las Tierras Altas<\/td>\n<td>Bed &amp; Breakfast****, Inverness<\/td>\n<td>3 horas<\/td>\n<\/tr>\n<tr>\n<td style=\"width: 25%;\"><strong><strong>D\u00eda<\/strong> 5:<\/strong><\/td>\n<td>Spey Valley<\/td>\n<td>Bed &amp; Breakfast****, Inverness<\/td>\n<td>30 minutos<\/td>\n<\/tr>\n<tr>\n<td style=\"width: 25%;\"><strong><strong>D\u00eda<\/strong> 6:<\/strong><\/td>\n<td>Fortrose &amp; Rosemarkie<\/td>\n<td>Bed &amp; Breakfast****, Inverness<\/td>\n<td>20 minutos<\/td>\n<\/tr>\n<tr>\n<td style=\"width: 25%;\"><strong><strong>D\u00eda<\/strong> 7:<\/strong><\/td>\n<td>Visita a la regi\u00f3n<\/td>\n<td>Bed &amp; Breakfast****, Inverness<\/td>\n<td><\/td>\n<\/tr>\n<tr>\n<td style=\"width: 25%;\"><strong><strong>D\u00eda<\/strong> 8:<\/strong><\/td>\n<td>Salida del aeropuerto de Edimburgo<\/td>\n<td><\/td>\n<td>3 horas<\/td>\n<\/tr>\n<\/tbody>\n<\/table>\n<div class=\"terms\">\n<h4>Condiciones del paquete:<\/h4>\n<ul>\n<li>Todos nuestros paquetes del Reino Unido se cobran en libras esterlinas.<\/li>\n<li>Oferta v\u00e1lida del 1 de abril hasta el 31 de octubre para un m\u00ednimo de 2 personas en habitaciones con camas dobles . Desayuno escoc\u00e9s incluido. De noviembre a marzo se aplican tarifas especiales.<\/li>\n<li>Le incluiremos en el sorteo 48 horas antes del d\u00eda que desee jugar. Si tiene exito en en sorteo, podr\u00e1 adquirir el green fee el mismo d\u00eda y abonarlo en efectivo o con tarjeta de cr\u00e9dito.<\/li>\n<li>Si no tiene exito en el sorteo, le organizaremos el juego en otro campo o la posibilidad de que realice otra actividad.<\/li>\n<li>Nuestra agencia frecuentemente tiene exito en el sorteo del Old Course.<\/li>\n<\/ul>\n<\/div>\n<div style=\"clear: both;\"><\/div>\n<div class=\"one-third first\" style=\"text-align: center;\"><a class=\"button \" title=\"Reserve ahora\" href=\"https:\/\/www.golfenescocia.com\/reserve-su-estancia\/\">Reserve ahora<\/a><\/div>\n<div class=\"one-third\" style=\"text-align: center;\"><a class=\"button\" title=\"Personalice su viaje\" href=\"https:\/\/www.golfenescocia.com\/personalice-su-viaje\/\">Personalice<\/a><\/div>\n<div class=\"one-third\" style=\"text-align: center;\"><a class=\"button\" title=\"Contacto\" href=\"https:\/\/www.golfenescocia.com\/contacto\/\" target=\"_blank\" rel=\"noopener noreferrer\">Contacto<\/a><\/div>\n","protected":false},"excerpt":{"rendered":"<p>1790\u20ac Incluye: 3 noches en un Bed &amp; Breakfast de 4 estrellas en St Andrews 4 noches en un Bed &amp; Breakfast de 4 estrellas en Inverness 1 entrada al sorteo del Old Course 3 Green Fees Castle Course Fortrose &amp;Rosemarkie Spey Valley Alquiler de 1 coche durante 8 d\u00edas Reserve ahora Personalice Contacto Extras [&hellip;]<\/p>\n","protected":false},"author":5,"featured_media":7727,"parent":8936,"menu_order":0,"comment_status":"closed","ping_status":"closed","template":"","meta":{"_genesis_hide_title":false,"_genesis_hide_breadcrumbs":false,"_genesis_hide_singular_image":false,"_genesis_hide_footer_widgets":false,"_genesis_custom_body_class":"","_genesis_custom_post_class":"","_genesis_layout":"","footnotes":""},"class_list":{"0":"post-8239","1":"page","2":"type-page","3":"status-publish","4":"has-post-thumbnail","6":"entry"},"yoast_head":"<!-- This site is optimized with the Yoast SEO plugin v27.4 - https:\/\/yoast.com\/product\/yoast-seo-wordpress\/ -->\n<title>Paquete de Saint Andrews y la regi\u00f3n Highlands<\/title>\n<meta name=\"description\" content=\"Un excelente tour de la regi\u00f3n de Saint Andrews y sus famosos y excelentes campos y las Tierras Altas con su bello paisaje.\" \/>\n<meta name=\"robots\" content=\"index, follow, max-snippet:-1, max-image-preview:large, max-video-preview:-1\" \/>\n<link rel=\"canonical\" href=\"https:\/\/www.golfenescocia.com\/es\/viajes-de-golf-en-escocia\/saint-andrews-y-las-tierras-altas\/\" \/>\n<meta property=\"og:locale\" content=\"fr_FR\" \/>\n<meta property=\"og:type\" content=\"article\" \/>\n<meta property=\"og:title\" content=\"Paquete de Saint Andrews y la regi\u00f3n Highlands\" \/>\n<meta property=\"og:description\" content=\"Un excelente tour de la regi\u00f3n de Saint Andrews y sus famosos y excelentes campos y las Tierras Altas con su bello paisaje.\" \/>\n<meta property=\"og:url\" content=\"https:\/\/www.golfenescocia.com\/es\/viajes-de-golf-en-escocia\/saint-andrews-y-las-tierras-altas\/\" \/>\n<meta property=\"article:modified_time\" content=\"2025-12-24T09:15:44+00:00\" \/>\n<meta name=\"twitter:card\" content=\"summary_large_image\" \/>\n<meta name=\"twitter:label1\" content=\"Dur\u00e9e de lecture estim\u00e9e\" \/>\n\t<meta name=\"twitter:data1\" content=\"2 minutes\" \/>\n<script type=\"application\/ld+json\" class=\"yoast-schema-graph\">{\"@context\":\"https:\\\/\\\/schema.org\",\"@graph\":[{\"@type\":\"WebPage\",\"@id\":\"https:\\\/\\\/www.golfenescocia.com\\\/es\\\/viajes-de-golf-en-escocia\\\/saint-andrews-y-las-tierras-altas\\\/\",\"url\":\"https:\\\/\\\/www.golfenescocia.com\\\/es\\\/viajes-de-golf-en-escocia\\\/saint-andrews-y-las-tierras-altas\\\/\",\"name\":\"Paquete de Saint Andrews y la regi\u00f3n Highlands\",\"isPartOf\":{\"@id\":\"https:\\\/\\\/www.golfenescocia.com\\\/es\\\/#website\"},\"primaryImageOfPage\":{\"@id\":\"https:\\\/\\\/www.golfenescocia.com\\\/es\\\/viajes-de-golf-en-escocia\\\/saint-andrews-y-las-tierras-altas\\\/#primaryimage\"},\"image\":{\"@id\":\"https:\\\/\\\/www.golfenescocia.com\\\/es\\\/viajes-de-golf-en-escocia\\\/saint-andrews-y-las-tierras-altas\\\/#primaryimage\"},\"thumbnailUrl\":\"\",\"datePublished\":\"2017-06-13T09:58:04+00:00\",\"dateModified\":\"2025-12-24T09:15:44+00:00\",\"description\":\"Un excelente tour de la regi\u00f3n de Saint Andrews y sus famosos y excelentes campos y las Tierras Altas con su bello paisaje.\",\"breadcrumb\":{\"@id\":\"https:\\\/\\\/www.golfenescocia.com\\\/es\\\/viajes-de-golf-en-escocia\\\/saint-andrews-y-las-tierras-altas\\\/#breadcrumb\"},\"inLanguage\":\"fr-FR\",\"potentialAction\":[{\"@type\":\"ReadAction\",\"target\":[\"https:\\\/\\\/www.golfenescocia.com\\\/es\\\/viajes-de-golf-en-escocia\\\/saint-andrews-y-las-tierras-altas\\\/\"]}]},{\"@type\":\"ImageObject\",\"inLanguage\":\"fr-FR\",\"@id\":\"https:\\\/\\\/www.golfenescocia.com\\\/es\\\/viajes-de-golf-en-escocia\\\/saint-andrews-y-las-tierras-altas\\\/#primaryimage\",\"url\":\"\",\"contentUrl\":\"\",\"width\":2000,\"height\":1025,\"caption\":\"golf escocia aberdeen highlands\"},{\"@type\":\"BreadcrumbList\",\"@id\":\"https:\\\/\\\/www.golfenescocia.com\\\/es\\\/viajes-de-golf-en-escocia\\\/saint-andrews-y-las-tierras-altas\\\/#breadcrumb\",\"itemListElement\":[{\"@type\":\"ListItem\",\"position\":1,\"name\":\"Home\",\"item\":\"https:\\\/\\\/www.golfenescocia.com\\\/es\\\/\"},{\"@type\":\"ListItem\",\"position\":2,\"name\":\"Viajes de Golf en Escocia\",\"item\":\"https:\\\/\\\/www.golfenescocia.com\\\/es\\\/viajes-de-golf-en-escocia\\\/\"},{\"@type\":\"ListItem\",\"position\":3,\"name\":\"Saint Andrews y las Tierras Altas\"}]},{\"@type\":\"WebSite\",\"@id\":\"https:\\\/\\\/www.golfenescocia.com\\\/es\\\/#website\",\"url\":\"https:\\\/\\\/www.golfenescocia.com\\\/es\\\/\",\"name\":\"\",\"description\":\"Viajes de Golf en Escocia\",\"potentialAction\":[{\"@type\":\"SearchAction\",\"target\":{\"@type\":\"EntryPoint\",\"urlTemplate\":\"https:\\\/\\\/www.golfenescocia.com\\\/es\\\/?s={search_term_string}\"},\"query-input\":{\"@type\":\"PropertyValueSpecification\",\"valueRequired\":true,\"valueName\":\"search_term_string\"}}],\"inLanguage\":\"fr-FR\"}]}<\/script>\n<!-- \/ Yoast SEO plugin. -->","yoast_head_json":{"title":"Paquete de Saint Andrews y la regi\u00f3n Highlands","description":"Un excelente tour de la regi\u00f3n de Saint Andrews y sus famosos y excelentes campos y las Tierras Altas con su bello paisaje.","robots":{"index":"index","follow":"follow","max-snippet":"max-snippet:-1","max-image-preview":"max-image-preview:large","max-video-preview":"max-video-preview:-1"},"canonical":"https:\/\/www.golfenescocia.com\/es\/viajes-de-golf-en-escocia\/saint-andrews-y-las-tierras-altas\/","og_locale":"fr_FR","og_type":"article","og_title":"Paquete de Saint Andrews y la regi\u00f3n Highlands","og_description":"Un excelente tour de la regi\u00f3n de Saint Andrews y sus famosos y excelentes campos y las Tierras Altas con su bello paisaje.","og_url":"https:\/\/www.golfenescocia.com\/es\/viajes-de-golf-en-escocia\/saint-andrews-y-las-tierras-altas\/","article_modified_time":"2025-12-24T09:15:44+00:00","twitter_card":"summary_large_image","twitter_misc":{"Dur\u00e9e de lecture estim\u00e9e":"2 minutes"},"schema":{"@context":"https:\/\/schema.org","@graph":[{"@type":"WebPage","@id":"https:\/\/www.golfenescocia.com\/es\/viajes-de-golf-en-escocia\/saint-andrews-y-las-tierras-altas\/","url":"https:\/\/www.golfenescocia.com\/es\/viajes-de-golf-en-escocia\/saint-andrews-y-las-tierras-altas\/","name":"Paquete de Saint Andrews y la regi\u00f3n Highlands","isPartOf":{"@id":"https:\/\/www.golfenescocia.com\/es\/#website"},"primaryImageOfPage":{"@id":"https:\/\/www.golfenescocia.com\/es\/viajes-de-golf-en-escocia\/saint-andrews-y-las-tierras-altas\/#primaryimage"},"image":{"@id":"https:\/\/www.golfenescocia.com\/es\/viajes-de-golf-en-escocia\/saint-andrews-y-las-tierras-altas\/#primaryimage"},"thumbnailUrl":"","datePublished":"2017-06-13T09:58:04+00:00","dateModified":"2025-12-24T09:15:44+00:00","description":"Un excelente tour de la regi\u00f3n de Saint Andrews y sus famosos y excelentes campos y las Tierras Altas con su bello paisaje.","breadcrumb":{"@id":"https:\/\/www.golfenescocia.com\/es\/viajes-de-golf-en-escocia\/saint-andrews-y-las-tierras-altas\/#breadcrumb"},"inLanguage":"fr-FR","potentialAction":[{"@type":"ReadAction","target":["https:\/\/www.golfenescocia.com\/es\/viajes-de-golf-en-escocia\/saint-andrews-y-las-tierras-altas\/"]}]},{"@type":"ImageObject","inLanguage":"fr-FR","@id":"https:\/\/www.golfenescocia.com\/es\/viajes-de-golf-en-escocia\/saint-andrews-y-las-tierras-altas\/#primaryimage","url":"","contentUrl":"","width":2000,"height":1025,"caption":"golf escocia aberdeen highlands"},{"@type":"BreadcrumbList","@id":"https:\/\/www.golfenescocia.com\/es\/viajes-de-golf-en-escocia\/saint-andrews-y-las-tierras-altas\/#breadcrumb","itemListElement":[{"@type":"ListItem","position":1,"name":"Home","item":"https:\/\/www.golfenescocia.com\/es\/"},{"@type":"ListItem","position":2,"name":"Viajes de Golf en Escocia","item":"https:\/\/www.golfenescocia.com\/es\/viajes-de-golf-en-escocia\/"},{"@type":"ListItem","position":3,"name":"Saint Andrews y las Tierras Altas"}]},{"@type":"WebSite","@id":"https:\/\/www.golfenescocia.com\/es\/#website","url":"https:\/\/www.golfenescocia.com\/es\/","name":"","description":"Viajes de Golf en Escocia","potentialAction":[{"@type":"SearchAction","target":{"@type":"EntryPoint","urlTemplate":"https:\/\/www.golfenescocia.com\/es\/?s={search_term_string}"},"query-input":{"@type":"PropertyValueSpecification","valueRequired":true,"valueName":"search_term_string"}}],"inLanguage":"fr-FR"}]}},"_links":{"self":[{"href":"https:\/\/www.golfenescocia.com\/es\/wp-json\/wp\/v2\/pages\/8239","targetHints":{"allow":["GET"]}}],"collection":[{"href":"https:\/\/www.golfenescocia.com\/es\/wp-json\/wp\/v2\/pages"}],"about":[{"href":"https:\/\/www.golfenescocia.com\/es\/wp-json\/wp\/v2\/types\/page"}],"author":[{"embeddable":true,"href":"https:\/\/www.golfenescocia.com\/es\/wp-json\/wp\/v2\/users\/5"}],"replies":[{"embeddable":true,"href":"https:\/\/www.golfenescocia.com\/es\/wp-json\/wp\/v2\/comments?post=8239"}],"version-history":[{"count":23,"href":"https:\/\/www.golfenescocia.com\/es\/wp-json\/wp\/v2\/pages\/8239\/revisions"}],"predecessor-version":[{"id":15382,"href":"https:\/\/www.golfenescocia.com\/es\/wp-json\/wp\/v2\/pages\/8239\/revisions\/15382"}],"up":[{"embeddable":true,"href":"https:\/\/www.golfenescocia.com\/es\/wp-json\/wp\/v2\/pages\/8936"}],"wp:featuredmedia":[{"embeddable":true,"href":"https:\/\/www.golfenescocia.com\/es\/wp-json\/wp\/v2\/media\/7727"}],"wp:attachment":[{"href":"https:\/\/www.golfenescocia.com\/es\/wp-json\/wp\/v2\/media?parent=8239"}],"curies":[{"name":"wp","href":"https:\/\/api.w.org\/{rel}","templated":true}]}}