{"id":8238,"date":"2017-06-13T09:59:07","date_gmt":"2017-06-13T09:59:07","guid":{"rendered":"https:\/\/www.golfenescocia.com\/los-3-mejores-campos-del-sudoeste\/"},"modified":"2025-12-24T09:23:13","modified_gmt":"2025-12-24T09:23:13","slug":"los-3-mejores-campos-del-sudoeste","status":"publish","type":"page","link":"https:\/\/www.golfenescocia.com\/es\/viajes-de-golf-en-escocia\/los-3-mejores-campos-del-sudoeste\/","title":{"rendered":"Los 3 mejores campos del suroeste"},"content":{"rendered":"<div class=\"one-half first\">\n<p><img loading=\"lazy\" decoding=\"async\" class=\"alignnone wp-image-13796 size-full\" src=\"https:\/\/www.golfenescocia.com\/wp-content\/uploads\/2023\/09\/viajes-golf-escocia-turnberry-ailsa.jpg\" alt=\"\" width=\"540\" height=\"360\" srcset=\"https:\/\/www.golfenescocia.com\/wp-content\/uploads\/2023\/09\/viajes-golf-escocia-turnberry-ailsa.jpg 540w, https:\/\/www.golfenescocia.com\/wp-content\/uploads\/2023\/09\/viajes-golf-escocia-turnberry-ailsa-300x200.jpg 300w\" sizes=\"auto, (max-width: 540px) 100vw, 540px\" \/><\/p>\n<\/div>\n<div class=\"one-half\">\n<p><span style=\"font-size: 36pt;\">2650\u20ac<\/span><\/p>\n<h4>Incluye:<\/h4>\n<ul style=\"list-style-type: square;\">\n<li>4 noches en el Hotel de 4 estrellas Piersland en Troon<\/li>\n<li>3 Green Fees\n<ul style=\"list-style-type: circle;\">\n<li><a href=\"https:\/\/www.golfenescocia.com\/campos-de-golf-en-escocia\/region-de-golf-del-sudoeste\/royal-troon-old-course\/\" target=\"_blank\" rel=\"noopener noreferrer\">Royal Troon &lsquo;Old Course&rsquo;<\/a><\/li>\n<li><a href=\"https:\/\/www.golfenescocia.com\/campos-de-golf-en-escocia\/region-de-golf-del-sudoeste\/ailsa-turnberry\/\" target=\"_blank\" rel=\"noopener noreferrer\">Turnberry &lsquo;Ailsa&rsquo;<\/a><\/li>\n<li><a href=\"https:\/\/www.golfenescocia.com\/campos-de-golf-en-escocia\/region-de-golf-del-sudoeste\/prestwick\/\" target=\"_blank\" rel=\"noopener noreferrer\">Prestwick<\/a><\/li>\n<\/ul>\n<\/li>\n<li><a href=\"https:\/\/www.golfenescocia.com\/transporte\/\" target=\"_blank\" rel=\"noopener noreferrer\">Alquiler de 1 coche durante 5 d\u00edas<\/a><\/li>\n<\/ul>\n<\/div>\n<div style=\"clear: both;\"><\/div>\n<div class=\"one-third first\" style=\"text-align: center;\"><a class=\"button \" title=\"Reserve ahora\" href=\"https:\/\/www.golfenescocia.com\/reserve-su-estancia\/\">Reserve ahora<\/a><\/div>\n<div class=\"one-third\" style=\"text-align: center;\"><a class=\"button\" title=\"Personalice su viaje\" href=\"https:\/\/www.golfenescocia.com\/personalice-su-viaje\/\">Personalice<\/a><\/div>\n<div class=\"one-third\" style=\"text-align: center;\"><a class=\"button\" title=\"Contacto\" href=\"https:\/\/www.golfenescocia.com\/contacto\/\" target=\"_blank\" rel=\"noopener noreferrer\">Contacto<\/a><\/div>\n<div id=\"details\"><\/div>\n<div><\/div>\n<div style=\"clear: both;\"><\/div>\n<div class=\"one-half first\">\n<h4>Extras complementarios:<\/h4>\n<ul>\n<li>Royal Troon &lsquo;Portland&rsquo;<\/li>\n<li>Lista de restaurantes recomendados en el sudoeste<\/li>\n<li>Asistencia y servicio al cliente 24\/7<\/li>\n<\/ul>\n<\/div>\n<div class=\"one-half\">\n<div style=\"clear: both;\"><\/div>\n<h4>Extras opcionales:<\/h4>\n<ul>\n<li>Vuelos<\/li>\n<li>Suplemento de habitaci\u00f3n\u00a0individual<\/li>\n<li>Modificar categor\u00eda de Hotel (3, 4 o 5 estrellas)<\/li>\n<li>Noches y campos adicionales<\/li>\n<li>Traslados con conductor<\/li>\n<li>Actividades y atracciones locales<\/li>\n<li>Almuerzos y cenas<\/li>\n<li>Seguro de viaje<\/li>\n<\/ul>\n<\/div>\n<h2>Itinerario de muestra:<\/h2>\n<table>\n<tbody>\n<tr>\n<td style=\"width: 25%;\"><strong>D\u00eda 1:<\/strong><\/td>\n<td>Llegada al aeropuerto de Glasgow<\/td>\n<td>Hotel Piersland****, Troon<\/td>\n<td>45 minutos<\/td>\n<\/tr>\n<tr>\n<td style=\"width: 25%;\"><strong><strong>D\u00eda<\/strong> 2:<\/strong><\/td>\n<td>Royal Troon &lsquo;Old Course&rsquo;<\/td>\n<td>Hotel Piersland****, Troon<\/td>\n<td>2 minutos<\/td>\n<\/tr>\n<tr>\n<td style=\"width: 25%;\"><strong><strong>D\u00eda<\/strong> 3:<\/strong><\/td>\n<td>Turnberry &lsquo;Ailsa&rsquo;<\/td>\n<td>Hotel Piersland****, Troon<\/td>\n<td>30 minutos<\/td>\n<\/tr>\n<tr>\n<td style=\"width: 25%;\"><strong><strong>D\u00eda<\/strong> 4:<\/strong><\/td>\n<td>Prestwick<\/td>\n<td>Hotel Piersland****, Troon<\/td>\n<td>10 minutos<\/td>\n<\/tr>\n<tr>\n<td style=\"width: 25%;\"><strong><strong>D\u00eda<\/strong> 5:<\/strong><\/td>\n<td>Salida del aeropuerto de Glasgow<\/td>\n<td><\/td>\n<td>45 minutos<\/td>\n<\/tr>\n<\/tbody>\n<\/table>\n<div class=\"terms\">\n<h4>Condiciones del paquete:<\/h4>\n<ul>\n<li>Todos nuestros paquetes del Reino Unido se cobran en libras esterlinas.<\/li>\n<li>Oferta v\u00e1lida del 1 de abril hasta el 31 de octubre para un m\u00ednimo de 2 personas en habitaciones con camas dobles. Desayuno escoc\u00e9s incluido. De noviembre a marzo se aplican tarifas especiales.<\/li>\n<\/ul>\n<\/div>\n<div style=\"clear: both;\"><\/div>\n<div class=\"one-third first\" style=\"text-align: center;\"><a class=\"button \" title=\"Reserve ahora\" href=\"https:\/\/www.golfenescocia.com\/reserve-su-estancia\/\">Reserve ahora<\/a><\/div>\n<div class=\"one-third\" style=\"text-align: center;\"><a class=\"button\" title=\"Personalice su viaje\" href=\"https:\/\/www.golfenescocia.com\/personalice-su-viaje\/\">Personalice<\/a><\/div>\n<div class=\"one-third\" style=\"text-align: center;\"><a class=\"button\" title=\"Contacto\" href=\"https:\/\/www.golfenescocia.com\/contacto\/\" target=\"_blank\" rel=\"noopener noreferrer\">Contacto<\/a><\/div>\n","protected":false},"excerpt":{"rendered":"<p>2650\u20ac Incluye: 4 noches en el Hotel de 4 estrellas Piersland en Troon 3 Green Fees Royal Troon &lsquo;Old Course&rsquo; Turnberry &lsquo;Ailsa&rsquo; Prestwick Alquiler de 1 coche durante 5 d\u00edas Reserve ahora Personalice Contacto Extras complementarios: Royal Troon &lsquo;Portland&rsquo; Lista de restaurantes recomendados en el sudoeste Asistencia y servicio al cliente 24\/7 Extras opcionales: Vuelos [&hellip;]<\/p>\n","protected":false},"author":5,"featured_media":7736,"parent":8936,"menu_order":0,"comment_status":"closed","ping_status":"closed","template":"","meta":{"_genesis_hide_title":false,"_genesis_hide_breadcrumbs":false,"_genesis_hide_singular_image":false,"_genesis_hide_footer_widgets":false,"_genesis_custom_body_class":"","_genesis_custom_post_class":"","_genesis_layout":"","footnotes":""},"class_list":{"0":"post-8238","1":"page","2":"type-page","3":"status-publish","4":"has-post-thumbnail","6":"entry"},"yoast_head":"<!-- This site is optimized with the Yoast SEO plugin v27.4 - https:\/\/yoast.com\/product\/yoast-seo-wordpress\/ -->\n<title>Los 3 mejores campos del suroeste en Escocia<\/title>\n<meta name=\"description\" content=\"Este gran tour de golf fue planeado para clientes que deseen jugar en los 3 mejores campos al suroeste de Glasgow. Todos fueron sede del Open Championship.\" \/>\n<meta name=\"robots\" content=\"index, follow, max-snippet:-1, max-image-preview:large, max-video-preview:-1\" \/>\n<link rel=\"canonical\" href=\"https:\/\/www.golfenescocia.com\/es\/viajes-de-golf-en-escocia\/los-3-mejores-campos-del-sudoeste\/\" \/>\n<meta property=\"og:locale\" content=\"fr_FR\" \/>\n<meta property=\"og:type\" content=\"article\" \/>\n<meta property=\"og:title\" content=\"Los 3 mejores campos del suroeste en Escocia\" \/>\n<meta property=\"og:description\" content=\"Este gran tour de golf fue planeado para clientes que deseen jugar en los 3 mejores campos al suroeste de Glasgow. Todos fueron sede del Open Championship.\" \/>\n<meta property=\"og:url\" content=\"https:\/\/www.golfenescocia.com\/es\/viajes-de-golf-en-escocia\/los-3-mejores-campos-del-sudoeste\/\" \/>\n<meta property=\"article:modified_time\" content=\"2025-12-24T09:23:13+00:00\" \/>\n<meta name=\"twitter:card\" content=\"summary_large_image\" \/>\n<meta name=\"twitter:label1\" content=\"Dur\u00e9e de lecture estim\u00e9e\" \/>\n\t<meta name=\"twitter:data1\" content=\"2 minutes\" \/>\n<script type=\"application\/ld+json\" class=\"yoast-schema-graph\">{\"@context\":\"https:\\\/\\\/schema.org\",\"@graph\":[{\"@type\":\"WebPage\",\"@id\":\"https:\\\/\\\/www.golfenescocia.com\\\/es\\\/viajes-de-golf-en-escocia\\\/los-3-mejores-campos-del-sudoeste\\\/\",\"url\":\"https:\\\/\\\/www.golfenescocia.com\\\/es\\\/viajes-de-golf-en-escocia\\\/los-3-mejores-campos-del-sudoeste\\\/\",\"name\":\"Los 3 mejores campos del suroeste en Escocia\",\"isPartOf\":{\"@id\":\"https:\\\/\\\/www.golfenescocia.com\\\/es\\\/#website\"},\"primaryImageOfPage\":{\"@id\":\"https:\\\/\\\/www.golfenescocia.com\\\/es\\\/viajes-de-golf-en-escocia\\\/los-3-mejores-campos-del-sudoeste\\\/#primaryimage\"},\"image\":{\"@id\":\"https:\\\/\\\/www.golfenescocia.com\\\/es\\\/viajes-de-golf-en-escocia\\\/los-3-mejores-campos-del-sudoeste\\\/#primaryimage\"},\"thumbnailUrl\":\"\",\"datePublished\":\"2017-06-13T09:59:07+00:00\",\"dateModified\":\"2025-12-24T09:23:13+00:00\",\"description\":\"Este gran tour de golf fue planeado para clientes que deseen jugar en los 3 mejores campos al suroeste de Glasgow. Todos fueron sede del Open Championship.\",\"breadcrumb\":{\"@id\":\"https:\\\/\\\/www.golfenescocia.com\\\/es\\\/viajes-de-golf-en-escocia\\\/los-3-mejores-campos-del-sudoeste\\\/#breadcrumb\"},\"inLanguage\":\"fr-FR\",\"potentialAction\":[{\"@type\":\"ReadAction\",\"target\":[\"https:\\\/\\\/www.golfenescocia.com\\\/es\\\/viajes-de-golf-en-escocia\\\/los-3-mejores-campos-del-sudoeste\\\/\"]}]},{\"@type\":\"ImageObject\",\"inLanguage\":\"fr-FR\",\"@id\":\"https:\\\/\\\/www.golfenescocia.com\\\/es\\\/viajes-de-golf-en-escocia\\\/los-3-mejores-campos-del-sudoeste\\\/#primaryimage\",\"url\":\"\",\"contentUrl\":\"\",\"width\":2000,\"height\":979,\"caption\":\"golf escocia turnberry troon prestwick\"},{\"@type\":\"BreadcrumbList\",\"@id\":\"https:\\\/\\\/www.golfenescocia.com\\\/es\\\/viajes-de-golf-en-escocia\\\/los-3-mejores-campos-del-sudoeste\\\/#breadcrumb\",\"itemListElement\":[{\"@type\":\"ListItem\",\"position\":1,\"name\":\"Home\",\"item\":\"https:\\\/\\\/www.golfenescocia.com\\\/es\\\/\"},{\"@type\":\"ListItem\",\"position\":2,\"name\":\"Viajes de Golf en Escocia\",\"item\":\"https:\\\/\\\/www.golfenescocia.com\\\/es\\\/viajes-de-golf-en-escocia\\\/\"},{\"@type\":\"ListItem\",\"position\":3,\"name\":\"Los 3 mejores campos del suroeste\"}]},{\"@type\":\"WebSite\",\"@id\":\"https:\\\/\\\/www.golfenescocia.com\\\/es\\\/#website\",\"url\":\"https:\\\/\\\/www.golfenescocia.com\\\/es\\\/\",\"name\":\"\",\"description\":\"Viajes de Golf en Escocia\",\"potentialAction\":[{\"@type\":\"SearchAction\",\"target\":{\"@type\":\"EntryPoint\",\"urlTemplate\":\"https:\\\/\\\/www.golfenescocia.com\\\/es\\\/?s={search_term_string}\"},\"query-input\":{\"@type\":\"PropertyValueSpecification\",\"valueRequired\":true,\"valueName\":\"search_term_string\"}}],\"inLanguage\":\"fr-FR\"}]}<\/script>\n<!-- \/ Yoast SEO plugin. -->","yoast_head_json":{"title":"Los 3 mejores campos del suroeste en Escocia","description":"Este gran tour de golf fue planeado para clientes que deseen jugar en los 3 mejores campos al suroeste de Glasgow. Todos fueron sede del Open Championship.","robots":{"index":"index","follow":"follow","max-snippet":"max-snippet:-1","max-image-preview":"max-image-preview:large","max-video-preview":"max-video-preview:-1"},"canonical":"https:\/\/www.golfenescocia.com\/es\/viajes-de-golf-en-escocia\/los-3-mejores-campos-del-sudoeste\/","og_locale":"fr_FR","og_type":"article","og_title":"Los 3 mejores campos del suroeste en Escocia","og_description":"Este gran tour de golf fue planeado para clientes que deseen jugar en los 3 mejores campos al suroeste de Glasgow. Todos fueron sede del Open Championship.","og_url":"https:\/\/www.golfenescocia.com\/es\/viajes-de-golf-en-escocia\/los-3-mejores-campos-del-sudoeste\/","article_modified_time":"2025-12-24T09:23:13+00:00","twitter_card":"summary_large_image","twitter_misc":{"Dur\u00e9e de lecture estim\u00e9e":"2 minutes"},"schema":{"@context":"https:\/\/schema.org","@graph":[{"@type":"WebPage","@id":"https:\/\/www.golfenescocia.com\/es\/viajes-de-golf-en-escocia\/los-3-mejores-campos-del-sudoeste\/","url":"https:\/\/www.golfenescocia.com\/es\/viajes-de-golf-en-escocia\/los-3-mejores-campos-del-sudoeste\/","name":"Los 3 mejores campos del suroeste en Escocia","isPartOf":{"@id":"https:\/\/www.golfenescocia.com\/es\/#website"},"primaryImageOfPage":{"@id":"https:\/\/www.golfenescocia.com\/es\/viajes-de-golf-en-escocia\/los-3-mejores-campos-del-sudoeste\/#primaryimage"},"image":{"@id":"https:\/\/www.golfenescocia.com\/es\/viajes-de-golf-en-escocia\/los-3-mejores-campos-del-sudoeste\/#primaryimage"},"thumbnailUrl":"","datePublished":"2017-06-13T09:59:07+00:00","dateModified":"2025-12-24T09:23:13+00:00","description":"Este gran tour de golf fue planeado para clientes que deseen jugar en los 3 mejores campos al suroeste de Glasgow. Todos fueron sede del Open Championship.","breadcrumb":{"@id":"https:\/\/www.golfenescocia.com\/es\/viajes-de-golf-en-escocia\/los-3-mejores-campos-del-sudoeste\/#breadcrumb"},"inLanguage":"fr-FR","potentialAction":[{"@type":"ReadAction","target":["https:\/\/www.golfenescocia.com\/es\/viajes-de-golf-en-escocia\/los-3-mejores-campos-del-sudoeste\/"]}]},{"@type":"ImageObject","inLanguage":"fr-FR","@id":"https:\/\/www.golfenescocia.com\/es\/viajes-de-golf-en-escocia\/los-3-mejores-campos-del-sudoeste\/#primaryimage","url":"","contentUrl":"","width":2000,"height":979,"caption":"golf escocia turnberry troon prestwick"},{"@type":"BreadcrumbList","@id":"https:\/\/www.golfenescocia.com\/es\/viajes-de-golf-en-escocia\/los-3-mejores-campos-del-sudoeste\/#breadcrumb","itemListElement":[{"@type":"ListItem","position":1,"name":"Home","item":"https:\/\/www.golfenescocia.com\/es\/"},{"@type":"ListItem","position":2,"name":"Viajes de Golf en Escocia","item":"https:\/\/www.golfenescocia.com\/es\/viajes-de-golf-en-escocia\/"},{"@type":"ListItem","position":3,"name":"Los 3 mejores campos del suroeste"}]},{"@type":"WebSite","@id":"https:\/\/www.golfenescocia.com\/es\/#website","url":"https:\/\/www.golfenescocia.com\/es\/","name":"","description":"Viajes de Golf en Escocia","potentialAction":[{"@type":"SearchAction","target":{"@type":"EntryPoint","urlTemplate":"https:\/\/www.golfenescocia.com\/es\/?s={search_term_string}"},"query-input":{"@type":"PropertyValueSpecification","valueRequired":true,"valueName":"search_term_string"}}],"inLanguage":"fr-FR"}]}},"_links":{"self":[{"href":"https:\/\/www.golfenescocia.com\/es\/wp-json\/wp\/v2\/pages\/8238","targetHints":{"allow":["GET"]}}],"collection":[{"href":"https:\/\/www.golfenescocia.com\/es\/wp-json\/wp\/v2\/pages"}],"about":[{"href":"https:\/\/www.golfenescocia.com\/es\/wp-json\/wp\/v2\/types\/page"}],"author":[{"embeddable":true,"href":"https:\/\/www.golfenescocia.com\/es\/wp-json\/wp\/v2\/users\/5"}],"replies":[{"embeddable":true,"href":"https:\/\/www.golfenescocia.com\/es\/wp-json\/wp\/v2\/comments?post=8238"}],"version-history":[{"count":15,"href":"https:\/\/www.golfenescocia.com\/es\/wp-json\/wp\/v2\/pages\/8238\/revisions"}],"predecessor-version":[{"id":15390,"href":"https:\/\/www.golfenescocia.com\/es\/wp-json\/wp\/v2\/pages\/8238\/revisions\/15390"}],"up":[{"embeddable":true,"href":"https:\/\/www.golfenescocia.com\/es\/wp-json\/wp\/v2\/pages\/8936"}],"wp:featuredmedia":[{"embeddable":true,"href":"https:\/\/www.golfenescocia.com\/es\/wp-json\/wp\/v2\/media\/7736"}],"wp:attachment":[{"href":"https:\/\/www.golfenescocia.com\/es\/wp-json\/wp\/v2\/media?parent=8238"}],"curies":[{"name":"wp","href":"https:\/\/api.w.org\/{rel}","templated":true}]}}