{"id":8237,"date":"2017-06-13T10:00:14","date_gmt":"2017-06-13T10:00:14","guid":{"rendered":"https:\/\/www.golfenescocia.com\/los-mejores-campos-de-los-highlands\/"},"modified":"2025-12-24T08:58:45","modified_gmt":"2025-12-24T08:58:45","slug":"los-mejores-campos-de-las-tierras-altas","status":"publish","type":"page","link":"https:\/\/www.golfenescocia.com\/es\/viajes-de-golf-en-escocia\/los-mejores-campos-de-las-tierras-altas\/","title":{"rendered":"Los mejores campos de las Tierras Altas"},"content":{"rendered":"<div class=\"one-half first\">\n<p><img loading=\"lazy\" decoding=\"async\" class=\"alignnone wp-image-13778 size-full\" src=\"https:\/\/www.golfenescocia.com\/wp-content\/uploads\/2023\/09\/viajes-golf-escocia-castle-stuart.jpg\" alt=\"\" width=\"540\" height=\"360\" srcset=\"https:\/\/www.golfenescocia.com\/wp-content\/uploads\/2023\/09\/viajes-golf-escocia-castle-stuart.jpg 540w, https:\/\/www.golfenescocia.com\/wp-content\/uploads\/2023\/09\/viajes-golf-escocia-castle-stuart-300x200.jpg 300w\" sizes=\"auto, (max-width: 540px) 100vw, 540px\" \/><\/p>\n<\/div>\n<div class=\"one-half\">\n<p><span style=\"font-size: 36pt;\">2950\u20ac<\/span><\/p>\n<h4>Incluye:<\/h4>\n<ul style=\"list-style-type: square;\">\n<li>7 noches en un Bed &amp; Breakfast de 4 estrellas en Inverness<\/li>\n<li>4 Green Fees\n<ul style=\"list-style-type: circle;\">\n<li><a href=\"https:\/\/www.golfenescocia.com\/campos-de-golf-en-escocia\/region-de-golf-de-highlands\/royal-dornoch\/\" target=\"_blank\" rel=\"noopener noreferrer\">Royal Dornoch &lsquo;Championship&rsquo;<\/a><\/li>\n<li><a href=\"https:\/\/www.golfenescocia.com\/campos-de-golf-en-escocia\/region-de-golf-de-highlands\/castle-stuart\/\" target=\"_blank\" rel=\"noopener noreferrer\">Castle Stuart (Cabot Highlands)<\/a><\/li>\n<li><a href=\"https:\/\/www.golfenescocia.com\/campos-de-golf-en-escocia\/region-de-golf-de-highlands\/nairn\/\" target=\"_blank\" rel=\"noopener noreferrer\">Nairn<\/a><\/li>\n<li><a href=\"https:\/\/www.golfenescocia.com\/campos-de-golf-en-escocia\/region-de-golf-de-highlands\/spey-valley\/\" target=\"_blank\" rel=\"noopener noreferrer\">Spey Valley<\/a><\/li>\n<li>Old Petty (Cabot Highlands)<\/li>\n<\/ul>\n<\/li>\n<li><a href=\"https:\/\/www.golfenescocia.com\/transporte\/\" target=\"_blank\" rel=\"noopener noreferrer\">Alquiler de 1 coche durante 8 d\u00edas<\/a><\/li>\n<\/ul>\n<\/div>\n<div style=\"clear: both;\"><\/div>\n<div class=\"one-third first\" style=\"text-align: center;\"><a class=\"button \" title=\"Reserve ahora\" href=\"https:\/\/www.golfenescocia.com\/reserve-su-estancia\/\">Reserve ahora<\/a><\/div>\n<div class=\"one-third\" style=\"text-align: center;\"><a class=\"button\" title=\"Personalice su viaje\" href=\"https:\/\/www.golfenescocia.com\/personalice-su-viaje\/\">Personalice<\/a><\/div>\n<div class=\"one-third\" style=\"text-align: center;\"><a class=\"button\" title=\"Contacto\" href=\"https:\/\/www.golfenescocia.com\/contacto\/\" target=\"_blank\" rel=\"noopener noreferrer\">Contacto<\/a><\/div>\n<div><\/div>\n<div style=\"clear: both;\"><\/div>\n<div class=\"one-half first\">\n<h4>\u00a0Extras complementarios<\/h4>\n<ul>\n<li>Lista de restaurantes recomendados en las Tierras Altas<\/li>\n<li>Asistencia y servicio al cliente 24\/7<\/li>\n<\/ul>\n<\/div>\n<div class=\"one-half\">\n<div style=\"clear: both;\"><\/div>\n<h4>Extras opcionales:<\/h4>\n<ul>\n<li>Vuelos<\/li>\n<li>Suplemento de habitaci\u00f3n individual<\/li>\n<li>Modificar categor\u00eda de Hotel (3, 4\u00a0o 5 estrellas)<\/li>\n<li>Noches y campos adicionales<\/li>\n<li>Traslados con conductor<\/li>\n<li>Actividades y atracciones locales<\/li>\n<li>Almuerzos y cenas<\/li>\n<li>Seguro de viaje<\/li>\n<\/ul>\n<\/div>\n<h2>Itinerario de muestra:<\/h2>\n<table>\n<tbody>\n<tr>\n<td style=\"width: 25%;\"><strong>D\u00eda 1:<\/strong><\/td>\n<td>Llegada al aeropuerto de Edimburgo<\/td>\n<td>Bed &amp; Breakfast****, Inverness<\/td>\n<td>3 horas<\/td>\n<\/tr>\n<tr>\n<td style=\"width: 25%;\"><strong><strong>D\u00eda<\/strong> 2:<\/strong><\/td>\n<td>Castle Stuart<\/td>\n<td>Bed &amp; Breakfast****, Inverness<\/td>\n<td>15 minutos<\/td>\n<\/tr>\n<tr>\n<td style=\"width: 25%;\"><strong><strong>D\u00eda<\/strong> 3:<\/strong><\/td>\n<td>Visitar la regi\u00f3n<\/td>\n<td>Bed &amp; Breakfast****, Inverness<\/td>\n<td><\/td>\n<\/tr>\n<tr>\n<td style=\"width: 25%;\"><strong><strong>D\u00eda<\/strong> 4:<\/strong><\/td>\n<td>Spey Valley<\/td>\n<td>Bed &amp; Breakfast****, Inverness<\/td>\n<td>30 minutos<\/td>\n<\/tr>\n<tr>\n<td style=\"width: 25%;\"><strong><strong>D\u00eda<\/strong> 5:<\/strong><\/td>\n<td>Old Petty<\/td>\n<td>Bed &amp; Breakfast****, Inverness<\/td>\n<td>15 minutos<\/td>\n<\/tr>\n<tr>\n<td style=\"width: 25%;\"><strong><strong>D\u00eda<\/strong> 6:<\/strong><\/td>\n<td>Royal Dornoch &lsquo;Championship&rsquo;<\/td>\n<td>Bed &amp; Breakfast****, Inverness<\/td>\n<td>45 minutos<\/td>\n<\/tr>\n<tr>\n<td style=\"width: 25%;\"><strong><strong>D\u00eda<\/strong> 7:<\/strong><\/td>\n<td>Nairn<\/td>\n<td>Bed &amp; Breakfast****, Inverness<\/td>\n<td>20 minutos<\/td>\n<\/tr>\n<tr>\n<td style=\"width: 25%;\"><strong><strong>D\u00eda<\/strong> 8:<\/strong><\/td>\n<td>Salida del Aeropuerto de Edimburgo<\/td>\n<td><\/td>\n<td>3 horas<\/td>\n<\/tr>\n<\/tbody>\n<\/table>\n<div class=\"terms\">\n<h4 class=\"p1\"><b>Condiciones del paquete:<\/b><\/h4>\n<ul class=\"ul1\">\n<li>Todos nuestros paquetes del Reino Unido se cobran en libras esterlinas.<\/li>\n<li>Oferta v\u00e1lida del 1 de abril hasta el 31 de octubre para un m\u00ednimo de 2 personas en habitaciones con camas dobles. Desayuno escoc\u00e9s incluido. De noviembre a marzo se aplican tarifas especiales.<\/li>\n<\/ul>\n<\/div>\n<div style=\"clear: both;\"><\/div>\n<div class=\"one-third first\" style=\"text-align: center;\"><a class=\"button \" title=\"Reserve ahora\" href=\"https:\/\/www.golfenescocia.com\/reserve-su-estancia\/\">Reserve ahora<\/a><\/div>\n<div class=\"one-third\" style=\"text-align: center;\"><a class=\"button\" title=\"Personalice su viaje\" href=\"https:\/\/www.golfenescocia.com\/personalice-su-viaje\/\">Personalice<\/a><\/div>\n<div class=\"one-third\" style=\"text-align: center;\"><a class=\"button\" title=\"Contacto\" href=\"https:\/\/www.golfenescocia.com\/contacto\/\" target=\"_blank\" rel=\"noopener noreferrer\">Contacto<\/a><\/div>\n","protected":false},"excerpt":{"rendered":"<p>2950\u20ac Incluye: 7 noches en un Bed &amp; Breakfast de 4 estrellas en Inverness 4 Green Fees Royal Dornoch &lsquo;Championship&rsquo; Castle Stuart (Cabot Highlands) Nairn Spey Valley Old Petty (Cabot Highlands) Alquiler de 1 coche durante 8 d\u00edas Reserve ahora Personalice Contacto \u00a0Extras complementarios Lista de restaurantes recomendados en las Tierras Altas Asistencia y servicio [&hellip;]<\/p>\n","protected":false},"author":5,"featured_media":7733,"parent":8936,"menu_order":0,"comment_status":"closed","ping_status":"closed","template":"","meta":{"_genesis_hide_title":false,"_genesis_hide_breadcrumbs":false,"_genesis_hide_singular_image":false,"_genesis_hide_footer_widgets":false,"_genesis_custom_body_class":"","_genesis_custom_post_class":"","_genesis_layout":"","footnotes":""},"class_list":{"0":"post-8237","1":"page","2":"type-page","3":"status-publish","4":"has-post-thumbnail","6":"entry"},"yoast_head":"<!-- This site is optimized with the Yoast SEO plugin v27.4 - https:\/\/yoast.com\/product\/yoast-seo-wordpress\/ -->\n<title>Descubra los mejores campos de la regi\u00f3n Highlands<\/title>\n<meta name=\"description\" content=\"Pase 8 d\u00edas en la regi\u00f3n m\u00e1s bella, las Tierras Altas, y juegue en su mejores campos, incluyendo el conocido Royal Dornoch y el espectacular Castle Stuart.\" \/>\n<meta name=\"robots\" content=\"index, follow, max-snippet:-1, max-image-preview:large, max-video-preview:-1\" \/>\n<link rel=\"canonical\" href=\"https:\/\/www.golfenescocia.com\/es\/viajes-de-golf-en-escocia\/los-mejores-campos-de-las-tierras-altas\/\" \/>\n<meta property=\"og:locale\" content=\"fr_FR\" \/>\n<meta property=\"og:type\" content=\"article\" \/>\n<meta property=\"og:title\" content=\"Descubra los mejores campos de la regi\u00f3n Highlands\" \/>\n<meta property=\"og:description\" content=\"Pase 8 d\u00edas en la regi\u00f3n m\u00e1s bella, las Tierras Altas, y juegue en su mejores campos, incluyendo el conocido Royal Dornoch y el espectacular Castle Stuart.\" \/>\n<meta property=\"og:url\" content=\"https:\/\/www.golfenescocia.com\/es\/viajes-de-golf-en-escocia\/los-mejores-campos-de-las-tierras-altas\/\" \/>\n<meta property=\"article:modified_time\" content=\"2025-12-24T08:58:45+00:00\" \/>\n<meta name=\"twitter:card\" content=\"summary_large_image\" \/>\n<meta name=\"twitter:label1\" content=\"Dur\u00e9e de lecture estim\u00e9e\" \/>\n\t<meta name=\"twitter:data1\" content=\"2 minutes\" \/>\n<script type=\"application\/ld+json\" class=\"yoast-schema-graph\">{\"@context\":\"https:\\\/\\\/schema.org\",\"@graph\":[{\"@type\":\"WebPage\",\"@id\":\"https:\\\/\\\/www.golfenescocia.com\\\/es\\\/viajes-de-golf-en-escocia\\\/los-mejores-campos-de-las-tierras-altas\\\/\",\"url\":\"https:\\\/\\\/www.golfenescocia.com\\\/es\\\/viajes-de-golf-en-escocia\\\/los-mejores-campos-de-las-tierras-altas\\\/\",\"name\":\"Descubra los mejores campos de la regi\u00f3n Highlands\",\"isPartOf\":{\"@id\":\"https:\\\/\\\/www.golfenescocia.com\\\/es\\\/#website\"},\"primaryImageOfPage\":{\"@id\":\"https:\\\/\\\/www.golfenescocia.com\\\/es\\\/viajes-de-golf-en-escocia\\\/los-mejores-campos-de-las-tierras-altas\\\/#primaryimage\"},\"image\":{\"@id\":\"https:\\\/\\\/www.golfenescocia.com\\\/es\\\/viajes-de-golf-en-escocia\\\/los-mejores-campos-de-las-tierras-altas\\\/#primaryimage\"},\"thumbnailUrl\":\"\",\"datePublished\":\"2017-06-13T10:00:14+00:00\",\"dateModified\":\"2025-12-24T08:58:45+00:00\",\"description\":\"Pase 8 d\u00edas en la regi\u00f3n m\u00e1s bella, las Tierras Altas, y juegue en su mejores campos, incluyendo el conocido Royal Dornoch y el espectacular Castle Stuart.\",\"breadcrumb\":{\"@id\":\"https:\\\/\\\/www.golfenescocia.com\\\/es\\\/viajes-de-golf-en-escocia\\\/los-mejores-campos-de-las-tierras-altas\\\/#breadcrumb\"},\"inLanguage\":\"fr-FR\",\"potentialAction\":[{\"@type\":\"ReadAction\",\"target\":[\"https:\\\/\\\/www.golfenescocia.com\\\/es\\\/viajes-de-golf-en-escocia\\\/los-mejores-campos-de-las-tierras-altas\\\/\"]}]},{\"@type\":\"ImageObject\",\"inLanguage\":\"fr-FR\",\"@id\":\"https:\\\/\\\/www.golfenescocia.com\\\/es\\\/viajes-de-golf-en-escocia\\\/los-mejores-campos-de-las-tierras-altas\\\/#primaryimage\",\"url\":\"\",\"contentUrl\":\"\",\"width\":2000,\"height\":1058,\"caption\":\"golf escocia highlands\"},{\"@type\":\"BreadcrumbList\",\"@id\":\"https:\\\/\\\/www.golfenescocia.com\\\/es\\\/viajes-de-golf-en-escocia\\\/los-mejores-campos-de-las-tierras-altas\\\/#breadcrumb\",\"itemListElement\":[{\"@type\":\"ListItem\",\"position\":1,\"name\":\"Home\",\"item\":\"https:\\\/\\\/www.golfenescocia.com\\\/es\\\/\"},{\"@type\":\"ListItem\",\"position\":2,\"name\":\"Viajes de Golf en Escocia\",\"item\":\"https:\\\/\\\/www.golfenescocia.com\\\/es\\\/viajes-de-golf-en-escocia\\\/\"},{\"@type\":\"ListItem\",\"position\":3,\"name\":\"Los mejores campos de las Tierras Altas\"}]},{\"@type\":\"WebSite\",\"@id\":\"https:\\\/\\\/www.golfenescocia.com\\\/es\\\/#website\",\"url\":\"https:\\\/\\\/www.golfenescocia.com\\\/es\\\/\",\"name\":\"\",\"description\":\"Viajes de Golf en Escocia\",\"potentialAction\":[{\"@type\":\"SearchAction\",\"target\":{\"@type\":\"EntryPoint\",\"urlTemplate\":\"https:\\\/\\\/www.golfenescocia.com\\\/es\\\/?s={search_term_string}\"},\"query-input\":{\"@type\":\"PropertyValueSpecification\",\"valueRequired\":true,\"valueName\":\"search_term_string\"}}],\"inLanguage\":\"fr-FR\"}]}<\/script>\n<!-- \/ Yoast SEO plugin. -->","yoast_head_json":{"title":"Descubra los mejores campos de la regi\u00f3n Highlands","description":"Pase 8 d\u00edas en la regi\u00f3n m\u00e1s bella, las Tierras Altas, y juegue en su mejores campos, incluyendo el conocido Royal Dornoch y el espectacular Castle Stuart.","robots":{"index":"index","follow":"follow","max-snippet":"max-snippet:-1","max-image-preview":"max-image-preview:large","max-video-preview":"max-video-preview:-1"},"canonical":"https:\/\/www.golfenescocia.com\/es\/viajes-de-golf-en-escocia\/los-mejores-campos-de-las-tierras-altas\/","og_locale":"fr_FR","og_type":"article","og_title":"Descubra los mejores campos de la regi\u00f3n Highlands","og_description":"Pase 8 d\u00edas en la regi\u00f3n m\u00e1s bella, las Tierras Altas, y juegue en su mejores campos, incluyendo el conocido Royal Dornoch y el espectacular Castle Stuart.","og_url":"https:\/\/www.golfenescocia.com\/es\/viajes-de-golf-en-escocia\/los-mejores-campos-de-las-tierras-altas\/","article_modified_time":"2025-12-24T08:58:45+00:00","twitter_card":"summary_large_image","twitter_misc":{"Dur\u00e9e de lecture estim\u00e9e":"2 minutes"},"schema":{"@context":"https:\/\/schema.org","@graph":[{"@type":"WebPage","@id":"https:\/\/www.golfenescocia.com\/es\/viajes-de-golf-en-escocia\/los-mejores-campos-de-las-tierras-altas\/","url":"https:\/\/www.golfenescocia.com\/es\/viajes-de-golf-en-escocia\/los-mejores-campos-de-las-tierras-altas\/","name":"Descubra los mejores campos de la regi\u00f3n Highlands","isPartOf":{"@id":"https:\/\/www.golfenescocia.com\/es\/#website"},"primaryImageOfPage":{"@id":"https:\/\/www.golfenescocia.com\/es\/viajes-de-golf-en-escocia\/los-mejores-campos-de-las-tierras-altas\/#primaryimage"},"image":{"@id":"https:\/\/www.golfenescocia.com\/es\/viajes-de-golf-en-escocia\/los-mejores-campos-de-las-tierras-altas\/#primaryimage"},"thumbnailUrl":"","datePublished":"2017-06-13T10:00:14+00:00","dateModified":"2025-12-24T08:58:45+00:00","description":"Pase 8 d\u00edas en la regi\u00f3n m\u00e1s bella, las Tierras Altas, y juegue en su mejores campos, incluyendo el conocido Royal Dornoch y el espectacular Castle Stuart.","breadcrumb":{"@id":"https:\/\/www.golfenescocia.com\/es\/viajes-de-golf-en-escocia\/los-mejores-campos-de-las-tierras-altas\/#breadcrumb"},"inLanguage":"fr-FR","potentialAction":[{"@type":"ReadAction","target":["https:\/\/www.golfenescocia.com\/es\/viajes-de-golf-en-escocia\/los-mejores-campos-de-las-tierras-altas\/"]}]},{"@type":"ImageObject","inLanguage":"fr-FR","@id":"https:\/\/www.golfenescocia.com\/es\/viajes-de-golf-en-escocia\/los-mejores-campos-de-las-tierras-altas\/#primaryimage","url":"","contentUrl":"","width":2000,"height":1058,"caption":"golf escocia highlands"},{"@type":"BreadcrumbList","@id":"https:\/\/www.golfenescocia.com\/es\/viajes-de-golf-en-escocia\/los-mejores-campos-de-las-tierras-altas\/#breadcrumb","itemListElement":[{"@type":"ListItem","position":1,"name":"Home","item":"https:\/\/www.golfenescocia.com\/es\/"},{"@type":"ListItem","position":2,"name":"Viajes de Golf en Escocia","item":"https:\/\/www.golfenescocia.com\/es\/viajes-de-golf-en-escocia\/"},{"@type":"ListItem","position":3,"name":"Los mejores campos de las Tierras Altas"}]},{"@type":"WebSite","@id":"https:\/\/www.golfenescocia.com\/es\/#website","url":"https:\/\/www.golfenescocia.com\/es\/","name":"","description":"Viajes de Golf en Escocia","potentialAction":[{"@type":"SearchAction","target":{"@type":"EntryPoint","urlTemplate":"https:\/\/www.golfenescocia.com\/es\/?s={search_term_string}"},"query-input":{"@type":"PropertyValueSpecification","valueRequired":true,"valueName":"search_term_string"}}],"inLanguage":"fr-FR"}]}},"_links":{"self":[{"href":"https:\/\/www.golfenescocia.com\/es\/wp-json\/wp\/v2\/pages\/8237","targetHints":{"allow":["GET"]}}],"collection":[{"href":"https:\/\/www.golfenescocia.com\/es\/wp-json\/wp\/v2\/pages"}],"about":[{"href":"https:\/\/www.golfenescocia.com\/es\/wp-json\/wp\/v2\/types\/page"}],"author":[{"embeddable":true,"href":"https:\/\/www.golfenescocia.com\/es\/wp-json\/wp\/v2\/users\/5"}],"replies":[{"embeddable":true,"href":"https:\/\/www.golfenescocia.com\/es\/wp-json\/wp\/v2\/comments?post=8237"}],"version-history":[{"count":17,"href":"https:\/\/www.golfenescocia.com\/es\/wp-json\/wp\/v2\/pages\/8237\/revisions"}],"predecessor-version":[{"id":15361,"href":"https:\/\/www.golfenescocia.com\/es\/wp-json\/wp\/v2\/pages\/8237\/revisions\/15361"}],"up":[{"embeddable":true,"href":"https:\/\/www.golfenescocia.com\/es\/wp-json\/wp\/v2\/pages\/8936"}],"wp:featuredmedia":[{"embeddable":true,"href":"https:\/\/www.golfenescocia.com\/es\/wp-json\/wp\/v2\/media\/7733"}],"wp:attachment":[{"href":"https:\/\/www.golfenescocia.com\/es\/wp-json\/wp\/v2\/media?parent=8237"}],"curies":[{"name":"wp","href":"https:\/\/api.w.org\/{rel}","templated":true}]}}