{"id":8236,"date":"2017-06-13T10:01:42","date_gmt":"2017-06-13T10:01:42","guid":{"rendered":"https:\/\/www.golfenescocia.com\/3-noches-gleneagles-y-sus-3-campos-prestigiosos\/"},"modified":"2025-12-24T09:24:11","modified_gmt":"2025-12-24T09:24:11","slug":"3-noches-gleneagles-y-sus-3-campos-prestigiosos","status":"publish","type":"page","link":"https:\/\/www.golfenescocia.com\/es\/viajes-de-golf-en-escocia\/3-noches-gleneagles-y-sus-3-campos-prestigiosos\/","title":{"rendered":"3 noches en Gleneagles y sus 3 prestigiosos campos"},"content":{"rendered":"<div class=\"one-half first\">\n<p><img loading=\"lazy\" decoding=\"async\" class=\"alignnone wp-image-13784 size-full\" src=\"https:\/\/www.golfenescocia.com\/wp-content\/uploads\/2023\/09\/viajes-golf-escocia-gleneagles.jpg\" alt=\"\" width=\"540\" height=\"360\" srcset=\"https:\/\/www.golfenescocia.com\/wp-content\/uploads\/2023\/09\/viajes-golf-escocia-gleneagles.jpg 540w, https:\/\/www.golfenescocia.com\/wp-content\/uploads\/2023\/09\/viajes-golf-escocia-gleneagles-300x200.jpg 300w\" sizes=\"auto, (max-width: 540px) 100vw, 540px\" \/><\/p>\n<\/div>\n<div class=\"one-half\">\n<p><span style=\"font-size: 36pt;\">2750\u20ac<\/span><\/p>\n<h4>Incluye:<\/h4>\n<ul style=\"list-style-type: square;\">\n<li>3 Noches en el resort Gleneagles de 5 estrellas<\/li>\n<li>3 Green Fees\n<ul style=\"list-style-type: circle;\">\n<li><a href=\"https:\/\/www.golfenescocia.com\/campos-de-golf-en-escocia\/region-de-golf-central\/pga-centenary-gleneagles\/\" target=\"_blank\" rel=\"noopener noreferrer\">PGA Centenary (Campo de Ryder Cup)<\/a><\/li>\n<li><a href=\"https:\/\/www.golfenescocia.com\/campos-de-golf-en-escocia\/region-de-golf-central\/kings-gleneagles\/\" target=\"_blank\" rel=\"noopener noreferrer\">King&rsquo;s<\/a><\/li>\n<li><a href=\"https:\/\/www.golfenescocia.com\/campos-de-golf-en-escocia\/region-de-golf-central\/queens-gleneagles\/\" target=\"_blank\" rel=\"noopener noreferrer\">Queen&rsquo;s<\/a><\/li>\n<\/ul>\n<\/li>\n<li><a href=\"https:\/\/www.golfenescocia.com\/transporte\/\" target=\"_blank\" rel=\"noopener noreferrer\">Traslados con conductor<\/a><\/li>\n<\/ul>\n<\/div>\n<div style=\"clear: both;\"><\/div>\n<div class=\"one-third first\" style=\"text-align: center;\"><a class=\"button \" title=\"Reserve ahora\" href=\"https:\/\/www.golfenescocia.com\/reserve-su-estancia\/\">Reserve ahora<\/a><\/div>\n<div class=\"one-third\" style=\"text-align: center;\"><a class=\"button\" title=\"Personalice su viaje\" href=\"https:\/\/www.golfenescocia.com\/personalice-su-viaje\/\">Personalice<\/a><\/div>\n<div class=\"one-third\" style=\"text-align: center;\"><a class=\"button\" title=\"Contacto\" href=\"https:\/\/www.golfenescocia.com\/contacto\/\" target=\"_blank\" rel=\"noopener noreferrer\">Contacto<\/a><\/div>\n<div id=\"details\"><\/div>\n<div><\/div>\n<div style=\"clear: both;\"><\/div>\n<div class=\"one-half first\">\n<h4>Extras complementarios:<\/h4>\n<ul>\n<li>Asistencia y atenci\u00f3n al cliente 24\/7<\/li>\n<\/ul>\n<\/div>\n<div class=\"one-half\">\n<div style=\"clear: both;\"><\/div>\n<h4>Extras opcionales:<\/h4>\n<ul>\n<li>Vuelos<\/li>\n<li>Suplemento de habitaci\u00f3n individual<\/li>\n<li>Noches y campos de golf adicionales<\/li>\n<li>Actividades y atracciones locales<\/li>\n<li>Almuerzos y cenas<\/li>\n<li>Seguro de viaje<\/li>\n<\/ul>\n<\/div>\n<div style=\"clear: both;\"><\/div>\n<h2>Itinerario de muestra:<\/h2>\n<table>\n<tbody>\n<tr>\n<td style=\"width: 25%;\"><strong>D\u00eda 1:<\/strong><\/td>\n<td>Llegada al aeropuerto de Edimburgo<\/td>\n<td>Hotel Gleneagles*****<\/td>\n<td>1 hora<\/td>\n<\/tr>\n<tr>\n<td style=\"width: 25%;\"><strong>D\u00eda 2:<\/strong><\/td>\n<td>Queen&rsquo;s<\/td>\n<td>Hotel Gleneagles*****<\/td>\n<td><\/td>\n<\/tr>\n<tr>\n<td style=\"width: 25%;\"><strong>D\u00eda 3:<\/strong><\/td>\n<td>King&rsquo;s<\/td>\n<td>Hotel Gleneagles*****<\/td>\n<td><\/td>\n<\/tr>\n<tr>\n<td style=\"width: 25%;\"><strong>D\u00eda 4:<\/strong><\/td>\n<td>PGA Centenary<br \/>\nSalida del Aeropuerto de Edimburgo<\/td>\n<td><\/td>\n<td>1 hora<\/td>\n<\/tr>\n<\/tbody>\n<\/table>\n<div class=\"terms\">\n<h4>Condiciones del paquete:<\/h4>\n<ul>\n<li>Todos nuestros paquetes del Reino Unido se cobran en libras esterlinas.<\/li>\n<li>La oferta es v\u00e1lida del 1 de abril al 31 de octubre para un m\u00ednimo de 2 personas en habitaci\u00f3n con camas dobles. Desayuno escoc\u00e9s incluido. De noviembre a marzo se aplican tarifas especiales.<\/li>\n<\/ul>\n<\/div>\n<div class=\"one-third first\"><\/div>\n<div class=\"one-third first\" style=\"text-align: center;\"><a class=\"button \" title=\"Reserve ahora\" href=\"https:\/\/www.golfenescocia.com\/reserve-su-estancia\/\">Reserve ahora<\/a><\/div>\n<div class=\"one-third\" style=\"text-align: center;\"><a class=\"button\" title=\"Personalice su viaje\" href=\"https:\/\/www.golfenescocia.com\/personalice-su-viaje\/\">Personalice<\/a><\/div>\n<div class=\"one-third\" style=\"text-align: center;\"><a class=\"button\" title=\"Contacto\" href=\"https:\/\/www.golfenescocia.com\/contacto\/\" target=\"_blank\" rel=\"noopener noreferrer\">Contacto<\/a><\/div>\n","protected":false},"excerpt":{"rendered":"<p>2750\u20ac Incluye: 3 Noches en el resort Gleneagles de 5 estrellas 3 Green Fees PGA Centenary (Campo de Ryder Cup) King&rsquo;s Queen&rsquo;s Traslados con conductor Reserve ahora Personalice Contacto Extras complementarios: Asistencia y atenci\u00f3n al cliente 24\/7 Extras opcionales: Vuelos Suplemento de habitaci\u00f3n individual Noches y campos de golf adicionales Actividades y atracciones locales Almuerzos [&hellip;]<\/p>\n","protected":false},"author":5,"featured_media":7802,"parent":8936,"menu_order":0,"comment_status":"closed","ping_status":"closed","template":"","meta":{"_genesis_hide_title":false,"_genesis_hide_breadcrumbs":false,"_genesis_hide_singular_image":false,"_genesis_hide_footer_widgets":false,"_genesis_custom_body_class":"","_genesis_custom_post_class":"","_genesis_layout":"","footnotes":""},"class_list":{"0":"post-8236","1":"page","2":"type-page","3":"status-publish","4":"has-post-thumbnail","6":"entry"},"yoast_head":"<!-- This site is optimized with the Yoast SEO plugin v27.4 - https:\/\/yoast.com\/product\/yoast-seo-wordpress\/ -->\n<title>Juegue en los 3 campos de Gleneagles<\/title>\n<meta name=\"description\" content=\"Disfrute de uno de los mejores resorts de golf del Reino Unido y descubra sus tres campos de golf en un resort de 5 estrellas.\" \/>\n<meta name=\"robots\" content=\"index, follow, max-snippet:-1, max-image-preview:large, max-video-preview:-1\" \/>\n<link rel=\"canonical\" href=\"https:\/\/www.golfenescocia.com\/es\/viajes-de-golf-en-escocia\/3-noches-gleneagles-y-sus-3-campos-prestigiosos\/\" \/>\n<meta property=\"og:locale\" content=\"fr_FR\" \/>\n<meta property=\"og:type\" content=\"article\" \/>\n<meta property=\"og:title\" content=\"Juegue en los 3 campos de Gleneagles\" \/>\n<meta property=\"og:description\" content=\"Disfrute de uno de los mejores resorts de golf del Reino Unido y descubra sus tres campos de golf en un resort de 5 estrellas.\" \/>\n<meta property=\"og:url\" content=\"https:\/\/www.golfenescocia.com\/es\/viajes-de-golf-en-escocia\/3-noches-gleneagles-y-sus-3-campos-prestigiosos\/\" \/>\n<meta property=\"article:modified_time\" content=\"2025-12-24T09:24:11+00:00\" \/>\n<meta name=\"twitter:card\" content=\"summary_large_image\" \/>\n<meta name=\"twitter:label1\" content=\"Dur\u00e9e de lecture estim\u00e9e\" \/>\n\t<meta name=\"twitter:data1\" content=\"1 minute\" \/>\n<script type=\"application\/ld+json\" class=\"yoast-schema-graph\">{\"@context\":\"https:\\\/\\\/schema.org\",\"@graph\":[{\"@type\":\"WebPage\",\"@id\":\"https:\\\/\\\/www.golfenescocia.com\\\/es\\\/viajes-de-golf-en-escocia\\\/3-noches-gleneagles-y-sus-3-campos-prestigiosos\\\/\",\"url\":\"https:\\\/\\\/www.golfenescocia.com\\\/es\\\/viajes-de-golf-en-escocia\\\/3-noches-gleneagles-y-sus-3-campos-prestigiosos\\\/\",\"name\":\"Juegue en los 3 campos de Gleneagles\",\"isPartOf\":{\"@id\":\"https:\\\/\\\/www.golfenescocia.com\\\/es\\\/#website\"},\"primaryImageOfPage\":{\"@id\":\"https:\\\/\\\/www.golfenescocia.com\\\/es\\\/viajes-de-golf-en-escocia\\\/3-noches-gleneagles-y-sus-3-campos-prestigiosos\\\/#primaryimage\"},\"image\":{\"@id\":\"https:\\\/\\\/www.golfenescocia.com\\\/es\\\/viajes-de-golf-en-escocia\\\/3-noches-gleneagles-y-sus-3-campos-prestigiosos\\\/#primaryimage\"},\"thumbnailUrl\":\"\",\"datePublished\":\"2017-06-13T10:01:42+00:00\",\"dateModified\":\"2025-12-24T09:24:11+00:00\",\"description\":\"Disfrute de uno de los mejores resorts de golf del Reino Unido y descubra sus tres campos de golf en un resort de 5 estrellas.\",\"breadcrumb\":{\"@id\":\"https:\\\/\\\/www.golfenescocia.com\\\/es\\\/viajes-de-golf-en-escocia\\\/3-noches-gleneagles-y-sus-3-campos-prestigiosos\\\/#breadcrumb\"},\"inLanguage\":\"fr-FR\",\"potentialAction\":[{\"@type\":\"ReadAction\",\"target\":[\"https:\\\/\\\/www.golfenescocia.com\\\/es\\\/viajes-de-golf-en-escocia\\\/3-noches-gleneagles-y-sus-3-campos-prestigiosos\\\/\"]}]},{\"@type\":\"ImageObject\",\"inLanguage\":\"fr-FR\",\"@id\":\"https:\\\/\\\/www.golfenescocia.com\\\/es\\\/viajes-de-golf-en-escocia\\\/3-noches-gleneagles-y-sus-3-campos-prestigiosos\\\/#primaryimage\",\"url\":\"\",\"contentUrl\":\"\",\"width\":2000,\"height\":1018,\"caption\":\"golf escocia gleneagles\"},{\"@type\":\"BreadcrumbList\",\"@id\":\"https:\\\/\\\/www.golfenescocia.com\\\/es\\\/viajes-de-golf-en-escocia\\\/3-noches-gleneagles-y-sus-3-campos-prestigiosos\\\/#breadcrumb\",\"itemListElement\":[{\"@type\":\"ListItem\",\"position\":1,\"name\":\"Home\",\"item\":\"https:\\\/\\\/www.golfenescocia.com\\\/es\\\/\"},{\"@type\":\"ListItem\",\"position\":2,\"name\":\"Viajes de Golf en Escocia\",\"item\":\"https:\\\/\\\/www.golfenescocia.com\\\/es\\\/viajes-de-golf-en-escocia\\\/\"},{\"@type\":\"ListItem\",\"position\":3,\"name\":\"3 noches en Gleneagles y sus 3 prestigiosos campos\"}]},{\"@type\":\"WebSite\",\"@id\":\"https:\\\/\\\/www.golfenescocia.com\\\/es\\\/#website\",\"url\":\"https:\\\/\\\/www.golfenescocia.com\\\/es\\\/\",\"name\":\"\",\"description\":\"Viajes de Golf en Escocia\",\"potentialAction\":[{\"@type\":\"SearchAction\",\"target\":{\"@type\":\"EntryPoint\",\"urlTemplate\":\"https:\\\/\\\/www.golfenescocia.com\\\/es\\\/?s={search_term_string}\"},\"query-input\":{\"@type\":\"PropertyValueSpecification\",\"valueRequired\":true,\"valueName\":\"search_term_string\"}}],\"inLanguage\":\"fr-FR\"}]}<\/script>\n<!-- \/ Yoast SEO plugin. -->","yoast_head_json":{"title":"Juegue en los 3 campos de Gleneagles","description":"Disfrute de uno de los mejores resorts de golf del Reino Unido y descubra sus tres campos de golf en un resort de 5 estrellas.","robots":{"index":"index","follow":"follow","max-snippet":"max-snippet:-1","max-image-preview":"max-image-preview:large","max-video-preview":"max-video-preview:-1"},"canonical":"https:\/\/www.golfenescocia.com\/es\/viajes-de-golf-en-escocia\/3-noches-gleneagles-y-sus-3-campos-prestigiosos\/","og_locale":"fr_FR","og_type":"article","og_title":"Juegue en los 3 campos de Gleneagles","og_description":"Disfrute de uno de los mejores resorts de golf del Reino Unido y descubra sus tres campos de golf en un resort de 5 estrellas.","og_url":"https:\/\/www.golfenescocia.com\/es\/viajes-de-golf-en-escocia\/3-noches-gleneagles-y-sus-3-campos-prestigiosos\/","article_modified_time":"2025-12-24T09:24:11+00:00","twitter_card":"summary_large_image","twitter_misc":{"Dur\u00e9e de lecture estim\u00e9e":"1 minute"},"schema":{"@context":"https:\/\/schema.org","@graph":[{"@type":"WebPage","@id":"https:\/\/www.golfenescocia.com\/es\/viajes-de-golf-en-escocia\/3-noches-gleneagles-y-sus-3-campos-prestigiosos\/","url":"https:\/\/www.golfenescocia.com\/es\/viajes-de-golf-en-escocia\/3-noches-gleneagles-y-sus-3-campos-prestigiosos\/","name":"Juegue en los 3 campos de Gleneagles","isPartOf":{"@id":"https:\/\/www.golfenescocia.com\/es\/#website"},"primaryImageOfPage":{"@id":"https:\/\/www.golfenescocia.com\/es\/viajes-de-golf-en-escocia\/3-noches-gleneagles-y-sus-3-campos-prestigiosos\/#primaryimage"},"image":{"@id":"https:\/\/www.golfenescocia.com\/es\/viajes-de-golf-en-escocia\/3-noches-gleneagles-y-sus-3-campos-prestigiosos\/#primaryimage"},"thumbnailUrl":"","datePublished":"2017-06-13T10:01:42+00:00","dateModified":"2025-12-24T09:24:11+00:00","description":"Disfrute de uno de los mejores resorts de golf del Reino Unido y descubra sus tres campos de golf en un resort de 5 estrellas.","breadcrumb":{"@id":"https:\/\/www.golfenescocia.com\/es\/viajes-de-golf-en-escocia\/3-noches-gleneagles-y-sus-3-campos-prestigiosos\/#breadcrumb"},"inLanguage":"fr-FR","potentialAction":[{"@type":"ReadAction","target":["https:\/\/www.golfenescocia.com\/es\/viajes-de-golf-en-escocia\/3-noches-gleneagles-y-sus-3-campos-prestigiosos\/"]}]},{"@type":"ImageObject","inLanguage":"fr-FR","@id":"https:\/\/www.golfenescocia.com\/es\/viajes-de-golf-en-escocia\/3-noches-gleneagles-y-sus-3-campos-prestigiosos\/#primaryimage","url":"","contentUrl":"","width":2000,"height":1018,"caption":"golf escocia gleneagles"},{"@type":"BreadcrumbList","@id":"https:\/\/www.golfenescocia.com\/es\/viajes-de-golf-en-escocia\/3-noches-gleneagles-y-sus-3-campos-prestigiosos\/#breadcrumb","itemListElement":[{"@type":"ListItem","position":1,"name":"Home","item":"https:\/\/www.golfenescocia.com\/es\/"},{"@type":"ListItem","position":2,"name":"Viajes de Golf en Escocia","item":"https:\/\/www.golfenescocia.com\/es\/viajes-de-golf-en-escocia\/"},{"@type":"ListItem","position":3,"name":"3 noches en Gleneagles y sus 3 prestigiosos campos"}]},{"@type":"WebSite","@id":"https:\/\/www.golfenescocia.com\/es\/#website","url":"https:\/\/www.golfenescocia.com\/es\/","name":"","description":"Viajes de Golf en Escocia","potentialAction":[{"@type":"SearchAction","target":{"@type":"EntryPoint","urlTemplate":"https:\/\/www.golfenescocia.com\/es\/?s={search_term_string}"},"query-input":{"@type":"PropertyValueSpecification","valueRequired":true,"valueName":"search_term_string"}}],"inLanguage":"fr-FR"}]}},"_links":{"self":[{"href":"https:\/\/www.golfenescocia.com\/es\/wp-json\/wp\/v2\/pages\/8236","targetHints":{"allow":["GET"]}}],"collection":[{"href":"https:\/\/www.golfenescocia.com\/es\/wp-json\/wp\/v2\/pages"}],"about":[{"href":"https:\/\/www.golfenescocia.com\/es\/wp-json\/wp\/v2\/types\/page"}],"author":[{"embeddable":true,"href":"https:\/\/www.golfenescocia.com\/es\/wp-json\/wp\/v2\/users\/5"}],"replies":[{"embeddable":true,"href":"https:\/\/www.golfenescocia.com\/es\/wp-json\/wp\/v2\/comments?post=8236"}],"version-history":[{"count":30,"href":"https:\/\/www.golfenescocia.com\/es\/wp-json\/wp\/v2\/pages\/8236\/revisions"}],"predecessor-version":[{"id":15394,"href":"https:\/\/www.golfenescocia.com\/es\/wp-json\/wp\/v2\/pages\/8236\/revisions\/15394"}],"up":[{"embeddable":true,"href":"https:\/\/www.golfenescocia.com\/es\/wp-json\/wp\/v2\/pages\/8936"}],"wp:featuredmedia":[{"embeddable":true,"href":"https:\/\/www.golfenescocia.com\/es\/wp-json\/wp\/v2\/media\/7802"}],"wp:attachment":[{"href":"https:\/\/www.golfenescocia.com\/es\/wp-json\/wp\/v2\/media?parent=8236"}],"curies":[{"name":"wp","href":"https:\/\/api.w.org\/{rel}","templated":true}]}}