{"id":8235,"date":"2017-06-13T10:02:59","date_gmt":"2017-06-13T10:02:59","guid":{"rendered":"https:\/\/www.golfenescocia.com\/7-noches-de-castillo\/"},"modified":"2025-12-24T09:25:03","modified_gmt":"2025-12-24T09:25:03","slug":"7-noches-de-castillo","status":"publish","type":"page","link":"https:\/\/www.golfenescocia.com\/es\/viajes-de-golf-en-escocia\/7-noches-de-castillo\/","title":{"rendered":"7 noches en castillos"},"content":{"rendered":"<div class=\"one-half first\"><img loading=\"lazy\" decoding=\"async\" class=\"alignnone wp-image-14173 size-full\" src=\"https:\/\/www.golfenescocia.com\/wp-content\/uploads\/2023\/09\/viajes-golf-escocia-castle-course-st-andrews.jpg\" alt=\"\" width=\"540\" height=\"360\" srcset=\"https:\/\/www.golfenescocia.com\/wp-content\/uploads\/2023\/09\/viajes-golf-escocia-castle-course-st-andrews.jpg 540w, https:\/\/www.golfenescocia.com\/wp-content\/uploads\/2023\/09\/viajes-golf-escocia-castle-course-st-andrews-300x200.jpg 300w\" sizes=\"auto, (max-width: 540px) 100vw, 540px\" \/><\/div>\n<div class=\"one-half\">\n<p><span style=\"font-size: 48px;\">2750\u20ac<\/span><\/p>\n<h4><b>Incluye:<\/b><\/h4>\n<ul style=\"list-style-type: square;\">\n<li>2 noches en el hotel de 4 estrellas Fernie Castle, cerca de St Andrews<\/li>\n<li>3 noches en el hotel de 3 estrellas Dornoch Castle, en Dornoch<\/li>\n<li>2 noches en el hotel de 4 estrellas Dalhousie Castle, cerca de Edimburgo<\/li>\n<li>3 Green Fees\n<ul style=\"list-style-type: circle;\">\n<li><a href=\"https:\/\/www.golfenescocia.com\/campos-de-golf-en-escocia\/region-de-golf-de-st-andrews\/castle-course-saint-andrews\/\" target=\"_blank\" rel=\"noopener noreferrer\">Castle Course<\/a><\/li>\n<li><a href=\"https:\/\/www.golfenescocia.com\/campos-de-golf-en-escocia\/region-de-golf-de-highlands\/castle-stuart\/\" target=\"_blank\" rel=\"noopener noreferrer\">Castle Stuart<\/a><\/li>\n<li><a href=\"https:\/\/www.golfenescocia.com\/campos-de-golf-en-escocia\/region-de-golf-de-highlands\/royal-dornoch\/\" target=\"_blank\" rel=\"noopener noreferrer\">Royal Dornoch &lsquo;Championship&rsquo;<\/a><\/li>\n<\/ul>\n<\/li>\n<li><a href=\"https:\/\/www.golfenescocia.com\/transporte\/\" target=\"_blank\" rel=\"noopener noreferrer\">Alquiler de un coche durante\u00a08 d\u00edas<\/a><\/li>\n<\/ul>\n<\/div>\n<div style=\"clear: both;\"><\/div>\n<div class=\"one-third first\" style=\"text-align: center;\"><a class=\"button \" title=\"Reserve ahora\" href=\"https:\/\/www.golfenescocia.com\/reserve-su-estancia\/\">Reserve ahora<\/a><\/div>\n<div class=\"one-third\" style=\"text-align: center;\"><a class=\"button\" title=\"Personalice su viaje\" href=\"https:\/\/www.golfenescocia.com\/personalice-su-viaje\/\">Personalice<\/a><\/div>\n<div class=\"one-third\" style=\"text-align: center;\"><a class=\"button\" title=\"Contacto\" href=\"https:\/\/www.golfenescocia.com\/contacto\/\" target=\"_blank\" rel=\"noopener noreferrer\">Contacto<\/a><\/div>\n<div><\/div>\n<div style=\"clear: both;\"><\/div>\n<div class=\"one-half first\">\n<h4>Extras complementarios:<\/h4>\n<ul>\n<li>10% de descuento por persona, para dos de las tiendas de golf m\u00e1s famosas de St Andrews:\n<ul>\n<li>Auchterlonies<\/li>\n<li>St Andrews Golf Co.<\/li>\n<\/ul>\n<\/li>\n<li>Mapa de St Andrews y su regi\u00f3n<\/li>\n<li>Lista de restaurantes y bares recomendados en St Andrews<\/li>\n<li>Lista de restaurantes recomendados en las Tierras Altas<\/li>\n<li>Lista de restaurantes recomendados en Edimburgo<\/li>\n<li>Atenci\u00f3n al cliente y asistencia 24\/7<\/li>\n<\/ul>\n<\/div>\n<div class=\"one-half\">\n<h4>Extras opcionales:<\/h4>\n<ul>\n<li>Vuelos<\/li>\n<li>Suplemento de habitaci\u00f3n individual<\/li>\n<li>Noches y campos adicionales<\/li>\n<li>Traslados con conductor<\/li>\n<li>Actividades y atracciones locales<\/li>\n<li>Almuerzos y cenas<\/li>\n<li>Seguro de viaje<\/li>\n<\/ul>\n<\/div>\n<div style=\"clear: both;\"><\/div>\n<h2>Itinerario de muestra:<\/h2>\n<table>\n<tbody>\n<tr>\n<td style=\"width: 25%;\"><strong><strong>D\u00eda 1:<\/strong><\/strong><\/td>\n<td><span class=\"s1\">Llegada al aeropuerto de Edimburgo<\/span><\/td>\n<td>Fernie Castle****, Saint Andrews<\/td>\n<td>50 minutos<\/td>\n<\/tr>\n<tr>\n<td style=\"width: 25%;\"><strong><strong>D\u00eda<\/strong> 2:<\/strong><\/td>\n<td>Castle Course (St Andrews)<\/td>\n<td>Fernie Castle****, Saint Andrews<\/td>\n<td>25 minutos<\/td>\n<\/tr>\n<tr>\n<td style=\"width: 25%;\"><strong><strong>D\u00eda<\/strong> 3:<\/strong><\/td>\n<td>Viaje a las Tierras Altas<\/td>\n<td>Dornoch Castle***, Dornoch<\/td>\n<td>3h30<\/td>\n<\/tr>\n<tr>\n<td style=\"width: 25%;\"><strong><strong>D\u00eda<\/strong> 4:<\/strong><\/td>\n<td>Royal Dornoch &lsquo;Championship&rsquo;<\/td>\n<td>Dornoch Castle***, Dornoch<\/td>\n<td>2 minutos<\/td>\n<\/tr>\n<tr>\n<td style=\"width: 25%;\"><strong><strong>D\u00eda<\/strong> 5:<\/strong><\/td>\n<td>Visitar la regi\u00f3n<\/td>\n<td>Dornoch Castle***, Dornoch<\/td>\n<td><\/td>\n<\/tr>\n<tr>\n<td style=\"width: 25%;\"><strong><strong>D\u00eda<\/strong> 6:<\/strong><\/td>\n<td>Castle Stuart<br \/>\nViaje a Edimburgo<\/td>\n<td>Dalhousie Castle****, Edimburgo<\/td>\n<td>50 minutos<br \/>\n3 horas<\/td>\n<\/tr>\n<tr>\n<td style=\"width: 25%;\"><strong><strong>D\u00eda<\/strong> 7:<\/strong><\/td>\n<td>Visitar la regi\u00f3n<\/td>\n<td>Dalhousie Castle****, Edimburgo<\/td>\n<td><\/td>\n<\/tr>\n<tr>\n<td style=\"width: 25%;\"><strong><strong>D\u00eda<\/strong> 8:<\/strong><\/td>\n<td>\n<p class=\"p1\"><span class=\"s1\">Salida del aeropuerto de Edimburgo<\/span><\/p>\n<\/td>\n<td><\/td>\n<td>25 minutos<\/td>\n<\/tr>\n<\/tbody>\n<\/table>\n<div class=\"terms\">\n<h4>Condiciones del paquete:<\/h4>\n<ul>\n<li>Todos nuestros paquetes del Reino Unido se cobran en libras esterlinas.<\/li>\n<li>Oferta v\u00e1lida del 1 de abril hasta el 31 de octubre para un m\u00ednimo de 2 personas en habitaci\u00f3n con camas dobles. Desayuno escoc\u00e9s incluido. De noviembre a marzo se aplican tarifas especiales.<\/li>\n<\/ul>\n<\/div>\n<div class=\"one-third first\"><\/div>\n<div class=\"one-third first\" style=\"text-align: center;\"><a class=\"button \" title=\"Reserve ahora\" href=\"https:\/\/www.golfenescocia.com\/reserve-su-estancia\/\">Reserve ahora<\/a><\/div>\n<div class=\"one-third\" style=\"text-align: center;\"><a class=\"button\" title=\"Personalice su viaje\" href=\"https:\/\/www.golfenescocia.com\/personalice-su-viaje\/\">Personalice<\/a><\/div>\n<div class=\"one-third\" style=\"text-align: center;\"><a class=\"button\" title=\"Contacto\" href=\"https:\/\/www.golfenescocia.com\/contacto\/\" target=\"_blank\" rel=\"noopener noreferrer\">Contacto<\/a><\/div>\n","protected":false},"excerpt":{"rendered":"<p>2750\u20ac Incluye: 2 noches en el hotel de 4 estrellas Fernie Castle, cerca de St Andrews 3 noches en el hotel de 3 estrellas Dornoch Castle, en Dornoch 2 noches en el hotel de 4 estrellas Dalhousie Castle, cerca de Edimburgo 3 Green Fees Castle Course Castle Stuart Royal Dornoch &lsquo;Championship&rsquo; Alquiler de un coche [&hellip;]<\/p>\n","protected":false},"author":5,"featured_media":7850,"parent":8936,"menu_order":0,"comment_status":"closed","ping_status":"closed","template":"","meta":{"_genesis_hide_title":false,"_genesis_hide_breadcrumbs":false,"_genesis_hide_singular_image":false,"_genesis_hide_footer_widgets":false,"_genesis_custom_body_class":"","_genesis_custom_post_class":"","_genesis_layout":"","footnotes":""},"class_list":{"0":"post-8235","1":"page","2":"type-page","3":"status-publish","4":"has-post-thumbnail","6":"entry"},"yoast_head":"<!-- This site is optimized with the Yoast SEO plugin v27.4 - https:\/\/yoast.com\/product\/yoast-seo-wordpress\/ -->\n<title>Juegue golf y quedese en castillos 7 noches<\/title>\n<meta name=\"description\" content=\"Un buen paquete para descubrir Escocia y quedarse en hoteles \u00fanicos. Podr\u00e1 jugar al golf en los mejores campos de Escocia, incluyendo el Royal Dornoch.\" \/>\n<meta name=\"robots\" content=\"index, follow, max-snippet:-1, max-image-preview:large, max-video-preview:-1\" \/>\n<link rel=\"canonical\" href=\"https:\/\/www.golfenescocia.com\/es\/viajes-de-golf-en-escocia\/7-noches-de-castillo\/\" \/>\n<meta property=\"og:locale\" content=\"fr_FR\" \/>\n<meta property=\"og:type\" content=\"article\" \/>\n<meta property=\"og:title\" content=\"Juegue golf y quedese en castillos 7 noches\" \/>\n<meta property=\"og:description\" content=\"Un buen paquete para descubrir Escocia y quedarse en hoteles \u00fanicos. Podr\u00e1 jugar al golf en los mejores campos de Escocia, incluyendo el Royal Dornoch.\" \/>\n<meta property=\"og:url\" content=\"https:\/\/www.golfenescocia.com\/es\/viajes-de-golf-en-escocia\/7-noches-de-castillo\/\" \/>\n<meta property=\"article:modified_time\" content=\"2025-12-24T09:25:03+00:00\" \/>\n<meta name=\"twitter:card\" content=\"summary_large_image\" \/>\n<meta name=\"twitter:label1\" content=\"Dur\u00e9e de lecture estim\u00e9e\" \/>\n\t<meta name=\"twitter:data1\" content=\"2 minutes\" \/>\n<script type=\"application\/ld+json\" class=\"yoast-schema-graph\">{\"@context\":\"https:\\\/\\\/schema.org\",\"@graph\":[{\"@type\":\"WebPage\",\"@id\":\"https:\\\/\\\/www.golfenescocia.com\\\/es\\\/viajes-de-golf-en-escocia\\\/7-noches-de-castillo\\\/\",\"url\":\"https:\\\/\\\/www.golfenescocia.com\\\/es\\\/viajes-de-golf-en-escocia\\\/7-noches-de-castillo\\\/\",\"name\":\"Juegue golf y quedese en castillos 7 noches\",\"isPartOf\":{\"@id\":\"https:\\\/\\\/www.golfenescocia.com\\\/es\\\/#website\"},\"primaryImageOfPage\":{\"@id\":\"https:\\\/\\\/www.golfenescocia.com\\\/es\\\/viajes-de-golf-en-escocia\\\/7-noches-de-castillo\\\/#primaryimage\"},\"image\":{\"@id\":\"https:\\\/\\\/www.golfenescocia.com\\\/es\\\/viajes-de-golf-en-escocia\\\/7-noches-de-castillo\\\/#primaryimage\"},\"thumbnailUrl\":\"\",\"datePublished\":\"2017-06-13T10:02:59+00:00\",\"dateModified\":\"2025-12-24T09:25:03+00:00\",\"description\":\"Un buen paquete para descubrir Escocia y quedarse en hoteles \u00fanicos. Podr\u00e1 jugar al golf en los mejores campos de Escocia, incluyendo el Royal Dornoch.\",\"breadcrumb\":{\"@id\":\"https:\\\/\\\/www.golfenescocia.com\\\/es\\\/viajes-de-golf-en-escocia\\\/7-noches-de-castillo\\\/#breadcrumb\"},\"inLanguage\":\"fr-FR\",\"potentialAction\":[{\"@type\":\"ReadAction\",\"target\":[\"https:\\\/\\\/www.golfenescocia.com\\\/es\\\/viajes-de-golf-en-escocia\\\/7-noches-de-castillo\\\/\"]}]},{\"@type\":\"ImageObject\",\"inLanguage\":\"fr-FR\",\"@id\":\"https:\\\/\\\/www.golfenescocia.com\\\/es\\\/viajes-de-golf-en-escocia\\\/7-noches-de-castillo\\\/#primaryimage\",\"url\":\"\",\"contentUrl\":\"\",\"width\":2000,\"height\":1031,\"caption\":\"Golf Escocia Highlands\"},{\"@type\":\"BreadcrumbList\",\"@id\":\"https:\\\/\\\/www.golfenescocia.com\\\/es\\\/viajes-de-golf-en-escocia\\\/7-noches-de-castillo\\\/#breadcrumb\",\"itemListElement\":[{\"@type\":\"ListItem\",\"position\":1,\"name\":\"Home\",\"item\":\"https:\\\/\\\/www.golfenescocia.com\\\/es\\\/\"},{\"@type\":\"ListItem\",\"position\":2,\"name\":\"Viajes de Golf en Escocia\",\"item\":\"https:\\\/\\\/www.golfenescocia.com\\\/es\\\/viajes-de-golf-en-escocia\\\/\"},{\"@type\":\"ListItem\",\"position\":3,\"name\":\"7 noches en castillos\"}]},{\"@type\":\"WebSite\",\"@id\":\"https:\\\/\\\/www.golfenescocia.com\\\/es\\\/#website\",\"url\":\"https:\\\/\\\/www.golfenescocia.com\\\/es\\\/\",\"name\":\"\",\"description\":\"Viajes de Golf en Escocia\",\"potentialAction\":[{\"@type\":\"SearchAction\",\"target\":{\"@type\":\"EntryPoint\",\"urlTemplate\":\"https:\\\/\\\/www.golfenescocia.com\\\/es\\\/?s={search_term_string}\"},\"query-input\":{\"@type\":\"PropertyValueSpecification\",\"valueRequired\":true,\"valueName\":\"search_term_string\"}}],\"inLanguage\":\"fr-FR\"}]}<\/script>\n<!-- \/ Yoast SEO plugin. -->","yoast_head_json":{"title":"Juegue golf y quedese en castillos 7 noches","description":"Un buen paquete para descubrir Escocia y quedarse en hoteles \u00fanicos. Podr\u00e1 jugar al golf en los mejores campos de Escocia, incluyendo el Royal Dornoch.","robots":{"index":"index","follow":"follow","max-snippet":"max-snippet:-1","max-image-preview":"max-image-preview:large","max-video-preview":"max-video-preview:-1"},"canonical":"https:\/\/www.golfenescocia.com\/es\/viajes-de-golf-en-escocia\/7-noches-de-castillo\/","og_locale":"fr_FR","og_type":"article","og_title":"Juegue golf y quedese en castillos 7 noches","og_description":"Un buen paquete para descubrir Escocia y quedarse en hoteles \u00fanicos. Podr\u00e1 jugar al golf en los mejores campos de Escocia, incluyendo el Royal Dornoch.","og_url":"https:\/\/www.golfenescocia.com\/es\/viajes-de-golf-en-escocia\/7-noches-de-castillo\/","article_modified_time":"2025-12-24T09:25:03+00:00","twitter_card":"summary_large_image","twitter_misc":{"Dur\u00e9e de lecture estim\u00e9e":"2 minutes"},"schema":{"@context":"https:\/\/schema.org","@graph":[{"@type":"WebPage","@id":"https:\/\/www.golfenescocia.com\/es\/viajes-de-golf-en-escocia\/7-noches-de-castillo\/","url":"https:\/\/www.golfenescocia.com\/es\/viajes-de-golf-en-escocia\/7-noches-de-castillo\/","name":"Juegue golf y quedese en castillos 7 noches","isPartOf":{"@id":"https:\/\/www.golfenescocia.com\/es\/#website"},"primaryImageOfPage":{"@id":"https:\/\/www.golfenescocia.com\/es\/viajes-de-golf-en-escocia\/7-noches-de-castillo\/#primaryimage"},"image":{"@id":"https:\/\/www.golfenescocia.com\/es\/viajes-de-golf-en-escocia\/7-noches-de-castillo\/#primaryimage"},"thumbnailUrl":"","datePublished":"2017-06-13T10:02:59+00:00","dateModified":"2025-12-24T09:25:03+00:00","description":"Un buen paquete para descubrir Escocia y quedarse en hoteles \u00fanicos. Podr\u00e1 jugar al golf en los mejores campos de Escocia, incluyendo el Royal Dornoch.","breadcrumb":{"@id":"https:\/\/www.golfenescocia.com\/es\/viajes-de-golf-en-escocia\/7-noches-de-castillo\/#breadcrumb"},"inLanguage":"fr-FR","potentialAction":[{"@type":"ReadAction","target":["https:\/\/www.golfenescocia.com\/es\/viajes-de-golf-en-escocia\/7-noches-de-castillo\/"]}]},{"@type":"ImageObject","inLanguage":"fr-FR","@id":"https:\/\/www.golfenescocia.com\/es\/viajes-de-golf-en-escocia\/7-noches-de-castillo\/#primaryimage","url":"","contentUrl":"","width":2000,"height":1031,"caption":"Golf Escocia Highlands"},{"@type":"BreadcrumbList","@id":"https:\/\/www.golfenescocia.com\/es\/viajes-de-golf-en-escocia\/7-noches-de-castillo\/#breadcrumb","itemListElement":[{"@type":"ListItem","position":1,"name":"Home","item":"https:\/\/www.golfenescocia.com\/es\/"},{"@type":"ListItem","position":2,"name":"Viajes de Golf en Escocia","item":"https:\/\/www.golfenescocia.com\/es\/viajes-de-golf-en-escocia\/"},{"@type":"ListItem","position":3,"name":"7 noches en castillos"}]},{"@type":"WebSite","@id":"https:\/\/www.golfenescocia.com\/es\/#website","url":"https:\/\/www.golfenescocia.com\/es\/","name":"","description":"Viajes de Golf en Escocia","potentialAction":[{"@type":"SearchAction","target":{"@type":"EntryPoint","urlTemplate":"https:\/\/www.golfenescocia.com\/es\/?s={search_term_string}"},"query-input":{"@type":"PropertyValueSpecification","valueRequired":true,"valueName":"search_term_string"}}],"inLanguage":"fr-FR"}]}},"_links":{"self":[{"href":"https:\/\/www.golfenescocia.com\/es\/wp-json\/wp\/v2\/pages\/8235","targetHints":{"allow":["GET"]}}],"collection":[{"href":"https:\/\/www.golfenescocia.com\/es\/wp-json\/wp\/v2\/pages"}],"about":[{"href":"https:\/\/www.golfenescocia.com\/es\/wp-json\/wp\/v2\/types\/page"}],"author":[{"embeddable":true,"href":"https:\/\/www.golfenescocia.com\/es\/wp-json\/wp\/v2\/users\/5"}],"replies":[{"embeddable":true,"href":"https:\/\/www.golfenescocia.com\/es\/wp-json\/wp\/v2\/comments?post=8235"}],"version-history":[{"count":28,"href":"https:\/\/www.golfenescocia.com\/es\/wp-json\/wp\/v2\/pages\/8235\/revisions"}],"predecessor-version":[{"id":15396,"href":"https:\/\/www.golfenescocia.com\/es\/wp-json\/wp\/v2\/pages\/8235\/revisions\/15396"}],"up":[{"embeddable":true,"href":"https:\/\/www.golfenescocia.com\/es\/wp-json\/wp\/v2\/pages\/8936"}],"wp:featuredmedia":[{"embeddable":true,"href":"https:\/\/www.golfenescocia.com\/es\/wp-json\/wp\/v2\/media\/7850"}],"wp:attachment":[{"href":"https:\/\/www.golfenescocia.com\/es\/wp-json\/wp\/v2\/media?parent=8235"}],"curies":[{"name":"wp","href":"https:\/\/api.w.org\/{rel}","templated":true}]}}