{"id":8234,"date":"2017-06-13T10:04:07","date_gmt":"2017-06-13T10:04:07","guid":{"rendered":"https:\/\/www.golfenescocia.com\/saint-andrews-y-el-sudoeste\/"},"modified":"2025-12-24T09:35:13","modified_gmt":"2025-12-24T09:35:13","slug":"saint-andrews-y-el-sudoeste","status":"publish","type":"page","link":"https:\/\/www.golfenescocia.com\/es\/viajes-de-golf-en-escocia\/saint-andrews-y-el-sudoeste\/","title":{"rendered":"Saint Andrews y el suroeste"},"content":{"rendered":"<div class=\"one-half first\">\n<p><img loading=\"lazy\" decoding=\"async\" class=\"alignnone wp-image-14253 size-full\" src=\"https:\/\/www.golfenescocia.com\/wp-content\/uploads\/2023\/09\/viajes-golf-escocia-sejour-turnberry-1.jpg\" alt=\"\" width=\"540\" height=\"360\" srcset=\"https:\/\/www.golfenescocia.com\/wp-content\/uploads\/2023\/09\/viajes-golf-escocia-sejour-turnberry-1.jpg 540w, https:\/\/www.golfenescocia.com\/wp-content\/uploads\/2023\/09\/viajes-golf-escocia-sejour-turnberry-1-300x200.jpg 300w\" sizes=\"auto, (max-width: 540px) 100vw, 540px\" \/><\/p>\n<\/div>\n<div class=\"one-half\">\n<p><span style=\"font-size: 36pt;\">3390\u20ac<\/span><\/p>\n<h4>Incluye:<\/h4>\n<ul style=\"list-style-type: square;\">\n<li>4 noches en un Bed &amp; Breakfast de 4 estrellas en St Andrews<\/li>\n<li>3 noches en el Hotel de 4 estrellas Piersland en Troon<\/li>\n<li>1 entrada al sorteo (Ballot) del Old Course<\/li>\n<li>4 Green Fees\n<ul style=\"list-style-type: circle;\">\n<li><a href=\"https:\/\/www.golfenescocia.com\/campos-de-golf-en-escocia\/region-de-golf-de-st-andrews\/castle-course-saint-andrews\/\" target=\"_blank\" rel=\"noopener noreferrer\">Castle Course<\/a><\/li>\n<li><a href=\"https:\/\/www.golfenescocia.com\/campos-de-golf-en-escocia\/region-de-golf-de-st-andrews\/kingsbarns\/\" target=\"_blank\" rel=\"noopener noreferrer\">Kingsbarns<\/a><\/li>\n<li><a href=\"https:\/\/www.golfenescocia.com\/campos-de-golf-en-escocia\/region-de-golf-del-sudoeste\/royal-troon-old-course\/\" target=\"_blank\" rel=\"noopener noreferrer\">Royal Troon &lsquo;Old Course&rsquo;<\/a><\/li>\n<li><a href=\"https:\/\/www.golfenescocia.com\/campos-de-golf-en-escocia\/region-de-golf-del-sudoeste\/ailsa-turnberry\/\" target=\"_blank\" rel=\"noopener noreferrer\">Turnberry &lsquo;Ailsa&rsquo;<\/a><\/li>\n<\/ul>\n<\/li>\n<li><a href=\"https:\/\/www.golfenescocia.com\/transporte\/\" target=\"_blank\" rel=\"noopener noreferrer\">Alquiler de 1 coche durante 8 d\u00edas<\/a><\/li>\n<\/ul>\n<\/div>\n<div style=\"clear: both;\"><\/div>\n<div class=\"one-third first\" style=\"text-align: center;\"><a class=\"button \" title=\"Reserve ahora\" href=\"https:\/\/www.golfenescocia.com\/reserve-su-estancia\/\">Reserve ahora<\/a><\/div>\n<div class=\"one-third\" style=\"text-align: center;\"><a class=\"button\" title=\"Personalice su viaje\" href=\"https:\/\/www.golfenescocia.com\/personalice-su-viaje\/\">Personalice<\/a><\/div>\n<div class=\"one-third\" style=\"text-align: center;\"><a class=\"button\" title=\"Contacto\" href=\"https:\/\/www.golfenescocia.com\/contacto\/\" target=\"_blank\" rel=\"noopener noreferrer\">Contacto<\/a><\/div>\n<div><\/div>\n<div style=\"clear: both;\"><\/div>\n<div class=\"one-half first\">\n<h4>Extras complementarios:<\/h4>\n<ul>\n<li>10% de descuento por persona para dos de las tiendas de golf m\u00e1s famosas de St Andrews:\n<ul>\n<li>Auchterlonies<\/li>\n<li>St Andrews Golf Co.<\/li>\n<\/ul>\n<\/li>\n<li>Mapa de las regiones de St Andrews y Suroeste<\/li>\n<li>Lista de bares y restaurantes recomendados en St Andrews<\/li>\n<li>Atenci\u00f3n al cliente y asistencia 24\/7<\/li>\n<li>Campo Royal Troon \u00ab\u00a0Portland\u00a0\u00bb<\/li>\n<\/ul>\n<\/div>\n<div class=\"one-half\">\n<div style=\"clear: both;\"><\/div>\n<h4>Extras opcionales:<\/h4>\n<ul class=\"ul1\">\n<li class=\"li1\"><span class=\"s1\">Green Fees para el Old Course si tiene exito en el Ballot<\/span><\/li>\n<li class=\"li1\"><span class=\"s1\">Green Fees para otro campo si no tiene exito en el Ballot<\/span><\/li>\n<li class=\"li1\"><span class=\"s1\">Vuelos<\/span><\/li>\n<li class=\"li1\"><span class=\"s1\"><span class=\"s1\">Suplemento de habitaci\u00f3n\u00a0<\/span><\/span><span class=\"s1\">individual<\/span><\/li>\n<li class=\"li1\"><span class=\"s1\">Modificar categor\u00eda de Hotel (3, 4 o 5 estrellas)<\/span><\/li>\n<li class=\"li1\"><span class=\"s1\">Noches y campos adicionales<\/span><\/li>\n<li class=\"li1\"><span class=\"s1\">Traslados con conductor<\/span><\/li>\n<li class=\"li1\"><span class=\"s1\">Actividades y atracciones locales<\/span><\/li>\n<li class=\"li1\"><span class=\"s1\">Almuerzos y cenas<\/span><\/li>\n<li class=\"li1\"><span class=\"s1\">Seguro de viaje<\/span><\/li>\n<\/ul>\n<\/div>\n<h2>Itinerario de muestra:<\/h2>\n<table style=\"width: 100%;\">\n<tbody>\n<tr>\n<td style=\"width: 25%;\"><strong>D\u00eda 1:<\/strong><\/td>\n<td style=\"width: 32.1429%;\">Llegada al aeropuerto de Edimburgo<\/td>\n<td style=\"width: 30.9524%;\">Bed &amp; Breakfast****, St Andrews<\/td>\n<td style=\"width: 10.8333%;\">1h10<\/td>\n<\/tr>\n<tr>\n<td style=\"width: 25%;\"><strong><strong>D\u00eda<\/strong> 2:<\/strong><\/td>\n<td style=\"width: 32.1429%;\">Castle Course (St Andrews)<br \/>\nEntrada al sorteo para el d\u00eda 4<\/td>\n<td style=\"width: 30.9524%;\">Bed &amp; Breakfast****, St Andrews<\/td>\n<td style=\"width: 10.8333%;\">10 minutos<\/td>\n<\/tr>\n<tr>\n<td style=\"width: 25%;\"><strong><strong>D\u00eda<\/strong> 3:<\/strong><\/td>\n<td style=\"width: 32.1429%;\">Kingsbarns<\/td>\n<td style=\"width: 30.9524%;\">Bed &amp; Breakfast****, St Andrews<\/td>\n<td style=\"width: 10.8333%;\">20 minutos<\/td>\n<\/tr>\n<tr>\n<td style=\"width: 25%;\"><strong><strong>D\u00eda<\/strong> 4:<\/strong><\/td>\n<td style=\"width: 32.1429%;\">Old Course u otro campo<\/td>\n<td style=\"width: 30.9524%;\">Bed &amp; Breakfast****, St Andrews<\/td>\n<td style=\"width: 10.8333%;\">2 minutos<\/td>\n<\/tr>\n<tr>\n<td style=\"width: 25%;\"><strong><strong>D\u00eda<\/strong> 5:<\/strong><\/td>\n<td style=\"width: 32.1429%;\">Viaje a Troon<\/td>\n<td style=\"width: 30.9524%;\">Hotel Piersland****, Troon<\/td>\n<td style=\"width: 10.8333%;\">2h15<\/td>\n<\/tr>\n<tr>\n<td style=\"width: 25%;\"><strong><strong>D\u00eda<\/strong> 6:<\/strong><\/td>\n<td style=\"width: 32.1429%;\">Turnberry &lsquo;Ailsa&rsquo;<\/td>\n<td style=\"width: 30.9524%;\">Hotel Piersland****, Troon<\/td>\n<td style=\"width: 10.8333%;\">30 minutos<\/td>\n<\/tr>\n<tr>\n<td style=\"width: 25%;\"><strong><strong>D\u00eda<\/strong> 7:<\/strong><\/td>\n<td style=\"width: 32.1429%;\">Royal Troon &lsquo;Old Course&rsquo;<\/td>\n<td style=\"width: 30.9524%;\">Hotel Piersland****, Troon<\/td>\n<td style=\"width: 10.8333%;\">2 minutos<\/td>\n<\/tr>\n<tr>\n<td style=\"width: 25%;\"><strong><strong>D\u00eda<\/strong> 8:<\/strong><\/td>\n<td style=\"width: 32.1429%;\">Salida del aeropuerto de Edimburgo<\/td>\n<td style=\"width: 30.9524%;\"><\/td>\n<td style=\"width: 10.8333%;\"><\/td>\n<\/tr>\n<\/tbody>\n<\/table>\n<div class=\"terms\">\n<h4>Condiciones del paquete:<\/h4>\n<ul>\n<li>Todos nuestros paquetes del Reino Unido se cobran en libras esterlinas.<\/li>\n<li>Oferta v\u00e1lida del 1 de abril hasta el 31 de octubre para un m\u00ednimo de 2 personas en habitaci\u00f3n con camas dobles. Desayuno escoc\u00e9s incluido. De noviembre a marzo se aplican tarifas especiales<\/li>\n<li>Le incluiremos en el sorteo 48 horas antes del d\u00eda que desee jugar. Si tiene exito en el sorteo, podr\u00e1 adquirir el green fee el mismo d\u00eda y abonarlo en efectivo o con tarjeta de cr\u00e9dito.<\/li>\n<li>Si no tiene exito en el sorteo, le organizaremos el juego en otro campo o la posibilidad de que realice otra actividad.<\/li>\n<li>Nuestra agencia frecuentemente tiene exito en el sorteo del Old Course.<\/li>\n<\/ul>\n<\/div>\n<div style=\"clear: both;\"><\/div>\n<div class=\"one-third first\" style=\"text-align: center;\"><a class=\"button \" title=\"Reserve ahora\" href=\"https:\/\/www.golfenescocia.com\/reserve-su-estancia\/\">Reserve ahora<\/a><\/div>\n<div class=\"one-third\" style=\"text-align: center;\"><a class=\"button\" title=\"Personalice su viaje\" href=\"https:\/\/www.golfenescocia.com\/personalice-su-viaje\/\">Personalice<\/a><\/div>\n<div class=\"one-third\" style=\"text-align: center;\"><a class=\"button\" title=\"Contacto\" href=\"https:\/\/www.golfenescocia.com\/contacto\/\" target=\"_blank\" rel=\"noopener noreferrer\">Contacto<\/a><\/div>\n","protected":false},"excerpt":{"rendered":"<p>3390\u20ac Incluye: 4 noches en un Bed &amp; Breakfast de 4 estrellas en St Andrews 3 noches en el Hotel de 4 estrellas Piersland en Troon 1 entrada al sorteo (Ballot) del Old Course 4 Green Fees Castle Course Kingsbarns Royal Troon &lsquo;Old Course&rsquo; Turnberry &lsquo;Ailsa&rsquo; Alquiler de 1 coche durante 8 d\u00edas Reserve ahora [&hellip;]<\/p>\n","protected":false},"author":5,"featured_media":13706,"parent":8936,"menu_order":0,"comment_status":"closed","ping_status":"closed","template":"","meta":{"_genesis_hide_title":false,"_genesis_hide_breadcrumbs":false,"_genesis_hide_singular_image":false,"_genesis_hide_footer_widgets":false,"_genesis_custom_body_class":"","_genesis_custom_post_class":"","_genesis_layout":"","footnotes":""},"class_list":{"0":"post-8234","1":"page","2":"type-page","3":"status-publish","4":"has-post-thumbnail","6":"entry"},"yoast_head":"<!-- This site is optimized with the Yoast SEO plugin v27.4 - https:\/\/yoast.com\/product\/yoast-seo-wordpress\/ -->\n<title>Los mejores campos de Saint Andrews y del sudoeste<\/title>\n<meta name=\"description\" content=\"Basado en Saint Andrews y en Troon, jugar\u00e1 en los mejores campos, incluyendo los del Open Championship, como el Old Course, Turnberry y Royal Troon.\" \/>\n<meta name=\"robots\" content=\"index, follow, max-snippet:-1, max-image-preview:large, max-video-preview:-1\" \/>\n<link rel=\"canonical\" href=\"https:\/\/www.golfenescocia.com\/es\/viajes-de-golf-en-escocia\/saint-andrews-y-el-sudoeste\/\" \/>\n<meta property=\"og:locale\" content=\"fr_FR\" \/>\n<meta property=\"og:type\" content=\"article\" \/>\n<meta property=\"og:title\" content=\"Los mejores campos de Saint Andrews y del sudoeste\" \/>\n<meta property=\"og:description\" content=\"Basado en Saint Andrews y en Troon, jugar\u00e1 en los mejores campos, incluyendo los del Open Championship, como el Old Course, Turnberry y Royal Troon.\" \/>\n<meta property=\"og:url\" content=\"https:\/\/www.golfenescocia.com\/es\/viajes-de-golf-en-escocia\/saint-andrews-y-el-sudoeste\/\" \/>\n<meta property=\"article:modified_time\" content=\"2025-12-24T09:35:13+00:00\" \/>\n<meta property=\"og:image\" content=\"https:\/\/www.golfenescocia.com\/wp-content\/uploads\/2023\/09\/turnberry-golf-escocia-ailsa.jpg\" \/>\n\t<meta property=\"og:image:width\" content=\"2000\" \/>\n\t<meta property=\"og:image:height\" content=\"837\" \/>\n\t<meta property=\"og:image:type\" content=\"image\/jpeg\" \/>\n<meta name=\"twitter:card\" content=\"summary_large_image\" \/>\n<meta name=\"twitter:label1\" content=\"Dur\u00e9e de lecture estim\u00e9e\" \/>\n\t<meta name=\"twitter:data1\" content=\"2 minutes\" \/>\n<script type=\"application\/ld+json\" class=\"yoast-schema-graph\">{\"@context\":\"https:\\\/\\\/schema.org\",\"@graph\":[{\"@type\":\"WebPage\",\"@id\":\"https:\\\/\\\/www.golfenescocia.com\\\/es\\\/viajes-de-golf-en-escocia\\\/saint-andrews-y-el-sudoeste\\\/\",\"url\":\"https:\\\/\\\/www.golfenescocia.com\\\/es\\\/viajes-de-golf-en-escocia\\\/saint-andrews-y-el-sudoeste\\\/\",\"name\":\"Los mejores campos de Saint Andrews y del sudoeste\",\"isPartOf\":{\"@id\":\"https:\\\/\\\/www.golfenescocia.com\\\/es\\\/#website\"},\"primaryImageOfPage\":{\"@id\":\"https:\\\/\\\/www.golfenescocia.com\\\/es\\\/viajes-de-golf-en-escocia\\\/saint-andrews-y-el-sudoeste\\\/#primaryimage\"},\"image\":{\"@id\":\"https:\\\/\\\/www.golfenescocia.com\\\/es\\\/viajes-de-golf-en-escocia\\\/saint-andrews-y-el-sudoeste\\\/#primaryimage\"},\"thumbnailUrl\":\"https:\\\/\\\/www.golfenescocia.com\\\/wp-content\\\/uploads\\\/2023\\\/09\\\/turnberry-golf-escocia-ailsa.jpg\",\"datePublished\":\"2017-06-13T10:04:07+00:00\",\"dateModified\":\"2025-12-24T09:35:13+00:00\",\"description\":\"Basado en Saint Andrews y en Troon, jugar\u00e1 en los mejores campos, incluyendo los del Open Championship, como el Old Course, Turnberry y Royal Troon.\",\"breadcrumb\":{\"@id\":\"https:\\\/\\\/www.golfenescocia.com\\\/es\\\/viajes-de-golf-en-escocia\\\/saint-andrews-y-el-sudoeste\\\/#breadcrumb\"},\"inLanguage\":\"fr-FR\",\"potentialAction\":[{\"@type\":\"ReadAction\",\"target\":[\"https:\\\/\\\/www.golfenescocia.com\\\/es\\\/viajes-de-golf-en-escocia\\\/saint-andrews-y-el-sudoeste\\\/\"]}]},{\"@type\":\"ImageObject\",\"inLanguage\":\"fr-FR\",\"@id\":\"https:\\\/\\\/www.golfenescocia.com\\\/es\\\/viajes-de-golf-en-escocia\\\/saint-andrews-y-el-sudoeste\\\/#primaryimage\",\"url\":\"https:\\\/\\\/www.golfenescocia.com\\\/wp-content\\\/uploads\\\/2023\\\/09\\\/turnberry-golf-escocia-ailsa.jpg\",\"contentUrl\":\"https:\\\/\\\/www.golfenescocia.com\\\/wp-content\\\/uploads\\\/2023\\\/09\\\/turnberry-golf-escocia-ailsa.jpg\",\"width\":2000,\"height\":837},{\"@type\":\"BreadcrumbList\",\"@id\":\"https:\\\/\\\/www.golfenescocia.com\\\/es\\\/viajes-de-golf-en-escocia\\\/saint-andrews-y-el-sudoeste\\\/#breadcrumb\",\"itemListElement\":[{\"@type\":\"ListItem\",\"position\":1,\"name\":\"Home\",\"item\":\"https:\\\/\\\/www.golfenescocia.com\\\/es\\\/\"},{\"@type\":\"ListItem\",\"position\":2,\"name\":\"Viajes de Golf en Escocia\",\"item\":\"https:\\\/\\\/www.golfenescocia.com\\\/es\\\/viajes-de-golf-en-escocia\\\/\"},{\"@type\":\"ListItem\",\"position\":3,\"name\":\"Saint Andrews y el suroeste\"}]},{\"@type\":\"WebSite\",\"@id\":\"https:\\\/\\\/www.golfenescocia.com\\\/es\\\/#website\",\"url\":\"https:\\\/\\\/www.golfenescocia.com\\\/es\\\/\",\"name\":\"\",\"description\":\"Viajes de Golf en Escocia\",\"potentialAction\":[{\"@type\":\"SearchAction\",\"target\":{\"@type\":\"EntryPoint\",\"urlTemplate\":\"https:\\\/\\\/www.golfenescocia.com\\\/es\\\/?s={search_term_string}\"},\"query-input\":{\"@type\":\"PropertyValueSpecification\",\"valueRequired\":true,\"valueName\":\"search_term_string\"}}],\"inLanguage\":\"fr-FR\"}]}<\/script>\n<!-- \/ Yoast SEO plugin. -->","yoast_head_json":{"title":"Los mejores campos de Saint Andrews y del sudoeste","description":"Basado en Saint Andrews y en Troon, jugar\u00e1 en los mejores campos, incluyendo los del Open Championship, como el Old Course, Turnberry y Royal Troon.","robots":{"index":"index","follow":"follow","max-snippet":"max-snippet:-1","max-image-preview":"max-image-preview:large","max-video-preview":"max-video-preview:-1"},"canonical":"https:\/\/www.golfenescocia.com\/es\/viajes-de-golf-en-escocia\/saint-andrews-y-el-sudoeste\/","og_locale":"fr_FR","og_type":"article","og_title":"Los mejores campos de Saint Andrews y del sudoeste","og_description":"Basado en Saint Andrews y en Troon, jugar\u00e1 en los mejores campos, incluyendo los del Open Championship, como el Old Course, Turnberry y Royal Troon.","og_url":"https:\/\/www.golfenescocia.com\/es\/viajes-de-golf-en-escocia\/saint-andrews-y-el-sudoeste\/","article_modified_time":"2025-12-24T09:35:13+00:00","og_image":[{"width":2000,"height":837,"url":"https:\/\/www.golfenescocia.com\/wp-content\/uploads\/2023\/09\/turnberry-golf-escocia-ailsa.jpg","type":"image\/jpeg"}],"twitter_card":"summary_large_image","twitter_misc":{"Dur\u00e9e de lecture estim\u00e9e":"2 minutes"},"schema":{"@context":"https:\/\/schema.org","@graph":[{"@type":"WebPage","@id":"https:\/\/www.golfenescocia.com\/es\/viajes-de-golf-en-escocia\/saint-andrews-y-el-sudoeste\/","url":"https:\/\/www.golfenescocia.com\/es\/viajes-de-golf-en-escocia\/saint-andrews-y-el-sudoeste\/","name":"Los mejores campos de Saint Andrews y del sudoeste","isPartOf":{"@id":"https:\/\/www.golfenescocia.com\/es\/#website"},"primaryImageOfPage":{"@id":"https:\/\/www.golfenescocia.com\/es\/viajes-de-golf-en-escocia\/saint-andrews-y-el-sudoeste\/#primaryimage"},"image":{"@id":"https:\/\/www.golfenescocia.com\/es\/viajes-de-golf-en-escocia\/saint-andrews-y-el-sudoeste\/#primaryimage"},"thumbnailUrl":"https:\/\/www.golfenescocia.com\/wp-content\/uploads\/2023\/09\/turnberry-golf-escocia-ailsa.jpg","datePublished":"2017-06-13T10:04:07+00:00","dateModified":"2025-12-24T09:35:13+00:00","description":"Basado en Saint Andrews y en Troon, jugar\u00e1 en los mejores campos, incluyendo los del Open Championship, como el Old Course, Turnberry y Royal Troon.","breadcrumb":{"@id":"https:\/\/www.golfenescocia.com\/es\/viajes-de-golf-en-escocia\/saint-andrews-y-el-sudoeste\/#breadcrumb"},"inLanguage":"fr-FR","potentialAction":[{"@type":"ReadAction","target":["https:\/\/www.golfenescocia.com\/es\/viajes-de-golf-en-escocia\/saint-andrews-y-el-sudoeste\/"]}]},{"@type":"ImageObject","inLanguage":"fr-FR","@id":"https:\/\/www.golfenescocia.com\/es\/viajes-de-golf-en-escocia\/saint-andrews-y-el-sudoeste\/#primaryimage","url":"https:\/\/www.golfenescocia.com\/wp-content\/uploads\/2023\/09\/turnberry-golf-escocia-ailsa.jpg","contentUrl":"https:\/\/www.golfenescocia.com\/wp-content\/uploads\/2023\/09\/turnberry-golf-escocia-ailsa.jpg","width":2000,"height":837},{"@type":"BreadcrumbList","@id":"https:\/\/www.golfenescocia.com\/es\/viajes-de-golf-en-escocia\/saint-andrews-y-el-sudoeste\/#breadcrumb","itemListElement":[{"@type":"ListItem","position":1,"name":"Home","item":"https:\/\/www.golfenescocia.com\/es\/"},{"@type":"ListItem","position":2,"name":"Viajes de Golf en Escocia","item":"https:\/\/www.golfenescocia.com\/es\/viajes-de-golf-en-escocia\/"},{"@type":"ListItem","position":3,"name":"Saint Andrews y el suroeste"}]},{"@type":"WebSite","@id":"https:\/\/www.golfenescocia.com\/es\/#website","url":"https:\/\/www.golfenescocia.com\/es\/","name":"","description":"Viajes de Golf en Escocia","potentialAction":[{"@type":"SearchAction","target":{"@type":"EntryPoint","urlTemplate":"https:\/\/www.golfenescocia.com\/es\/?s={search_term_string}"},"query-input":{"@type":"PropertyValueSpecification","valueRequired":true,"valueName":"search_term_string"}}],"inLanguage":"fr-FR"}]}},"_links":{"self":[{"href":"https:\/\/www.golfenescocia.com\/es\/wp-json\/wp\/v2\/pages\/8234","targetHints":{"allow":["GET"]}}],"collection":[{"href":"https:\/\/www.golfenescocia.com\/es\/wp-json\/wp\/v2\/pages"}],"about":[{"href":"https:\/\/www.golfenescocia.com\/es\/wp-json\/wp\/v2\/types\/page"}],"author":[{"embeddable":true,"href":"https:\/\/www.golfenescocia.com\/es\/wp-json\/wp\/v2\/users\/5"}],"replies":[{"embeddable":true,"href":"https:\/\/www.golfenescocia.com\/es\/wp-json\/wp\/v2\/comments?post=8234"}],"version-history":[{"count":19,"href":"https:\/\/www.golfenescocia.com\/es\/wp-json\/wp\/v2\/pages\/8234\/revisions"}],"predecessor-version":[{"id":15402,"href":"https:\/\/www.golfenescocia.com\/es\/wp-json\/wp\/v2\/pages\/8234\/revisions\/15402"}],"up":[{"embeddable":true,"href":"https:\/\/www.golfenescocia.com\/es\/wp-json\/wp\/v2\/pages\/8936"}],"wp:featuredmedia":[{"embeddable":true,"href":"https:\/\/www.golfenescocia.com\/es\/wp-json\/wp\/v2\/media\/13706"}],"wp:attachment":[{"href":"https:\/\/www.golfenescocia.com\/es\/wp-json\/wp\/v2\/media?parent=8234"}],"curies":[{"name":"wp","href":"https:\/\/api.w.org\/{rel}","templated":true}]}}