{"id":8232,"date":"2017-06-13T10:06:51","date_gmt":"2017-06-13T10:06:51","guid":{"rendered":"https:\/\/www.golfenescocia.com\/tee-time-garantizado-el-old-course-saint-andrews\/"},"modified":"2023-09-29T18:46:29","modified_gmt":"2023-09-29T18:46:29","slug":"tee-time-garantizado-el-old-course-saint-andrews","status":"publish","type":"page","link":"https:\/\/www.golfenescocia.com\/es\/viajes-de-golf-en-escocia\/tee-time-garantizado-el-old-course-saint-andrews\/","title":{"rendered":"Tee time garantizado en el Old Course"},"content":{"rendered":"<div class=\"one-half first\">\n<p><img loading=\"lazy\" decoding=\"async\" class=\"alignnone wp-image-14272 size-full\" src=\"https:\/\/www.golfenescocia.com\/wp-content\/uploads\/2023\/09\/viajes-golf-escocia-old-course-st-andrews-1.jpg\" alt=\"\" width=\"540\" height=\"360\" srcset=\"https:\/\/www.golfenescocia.com\/wp-content\/uploads\/2023\/09\/viajes-golf-escocia-old-course-st-andrews-1.jpg 540w, https:\/\/www.golfenescocia.com\/wp-content\/uploads\/2023\/09\/viajes-golf-escocia-old-course-st-andrews-1-300x200.jpg 300w\" sizes=\"auto, (max-width: 540px) 100vw, 540px\" \/><\/p>\n<\/div>\n<div class=\"one-half\">\n<p><span style=\"font-size: 24pt;\">Precio bajo petici\u00f3n<\/span><\/p>\n<h4>Incluye:<\/h4>\n<ul style=\"list-style-type: square;\">\n<li>5 noches en el Hotel 5 estrellas Fairmont en Saint Andrews Bay<\/li>\n<li>\u00a360 cr\u00e9dito por persona para cenar en el hotel<\/li>\n<li>Acceso a las instalaciones del hotel (spa, piscina, gimnasio y restaurantes)<\/li>\n<li>4 Green Fees\n<ul style=\"list-style-type: circle;\">\n<li><a href=\"https:\/\/www.golfenescocia.com\/es\/saint-andrews\/old-course-saint-andrews\/\" target=\"_blank\" rel=\"noopener noreferrer\">Old Course (Saint Andrews) <\/a>&#8211; <strong>TEE TIME GARANTIZADO<\/strong><\/li>\n<li><a href=\"https:\/\/www.golfenescocia.com\/es\/campos-de-golf-en-escocia\/region-de-golf-de-st-andrews\/castle-course-saint-andrews\/\" target=\"_blank\" rel=\"noopener noreferrer\">Castle Course (St Andrews)<\/a><\/li>\n<li><a href=\"https:\/\/www.golfenescocia.com\/es\/campos-de-golf-en-escocia\/region-de-golf-de-st-andrews\/kingsbarns\/\">Kingsbarns<\/a><\/li>\n<li><a href=\"https:\/\/www.golfenescocia.com\/es\/campos-de-golf-en-escocia\/region-de-golf-de-st-andrews\/kittocks\/\" target=\"_blank\" rel=\"noopener noreferrer\">Kittocks<\/a><\/li>\n<\/ul>\n<\/li>\n<li><a href=\"https:\/\/www.golfenescocia.com\/es\/transporte\/\" target=\"_blank\" rel=\"noopener noreferrer\">Todos los traslados con conductor<\/a><\/li>\n<\/ul>\n<\/div>\n<div class=\"one-third first\" style=\"text-align: center;\"><a class=\"button \" title=\"Reserve ahora\" href=\"https:\/\/www.golfenescocia.com\/es\/reserve-su-estancia\/\">Reserve ahora<\/a><\/div>\n<div class=\"one-third\" style=\"text-align: center;\"><a class=\"button\" title=\"Personalice su viaje\" href=\"https:\/\/www.golfenescocia.com\/es\/personalice-su-viaje\/\">Personalice<\/a><\/div>\n<div class=\"one-third\" style=\"text-align: center;\"><a class=\"button\" title=\"Contacto\" href=\"https:\/\/www.golfenescocia.com\/es\/contacto\/\" target=\"_blank\" rel=\"noopener noreferrer\">Contacto<\/a><\/div>\n<div><\/div>\n<div style=\"clear: both;\">&nbsp;<\/div>\n<div class=\"one-half first\">\n<h4 class=\"p1\"><span class=\"s1\">Extras complementarios:<\/span><\/h4>\n<ul>\n<li>10% de descuento por persona en dos de las tiendas m\u00e1s famosas de golf de St Andrews:\n<ul>\n<li>Auchterlonies<\/li>\n<li>St Andrews Golf Co.<\/li>\n<\/ul>\n<\/li>\n<li>Mapa de la regi\u00f3n de St Andrews<\/li>\n<li>Lista de restaurantes y bares recomendados en St Andrews<\/li>\n<li>Asistencia y servicio al cliente 24\/7<\/li>\n<\/ul>\n<\/div>\n<div class=\"one-half\">\n<h4>Extras opcionales:<\/h4>\n<ul>\n<li style=\"list-style-type: none;\">\n<ul class=\"ul1\">\n<li style=\"list-style-type: none;\">\n<ul class=\"ul1\">\n<li class=\"li1\"><span class=\"s2\">Vuelos<\/span><\/li>\n<\/ul>\n<\/li>\n<\/ul>\n<ul class=\"ul1\">\n<li style=\"list-style-type: none;\">\n<ul class=\"ul1\">\n<li class=\"li1\"><span class=\"s2\"><span class=\"s2\">Suplemento de habitaci\u00f3n\u00a0<\/span><\/span><span class=\"s2\">individual<\/span><\/li>\n<\/ul>\n<\/li>\n<\/ul>\n<ul class=\"ul1\">\n<li style=\"list-style-type: none;\">\n<ul class=\"ul1\">\n<li class=\"li1\"><span class=\"s2\">Noches y campos adicionales<\/span><\/li>\n<\/ul>\n<\/li>\n<\/ul>\n<ul class=\"ul1\">\n<li style=\"list-style-type: none;\">\n<ul class=\"ul1\">\n<li class=\"li1\"><span class=\"s2\">Actividades y atracciones locales<\/span><\/li>\n<\/ul>\n<\/li>\n<\/ul>\n<ul class=\"ul1\">\n<li style=\"list-style-type: none;\">\n<ul class=\"ul1\">\n<li class=\"li1\"><span class=\"s2\">Almuerzos y cenas<\/span><\/li>\n<\/ul>\n<\/li>\n<\/ul>\n<ul class=\"ul1\">\n<li style=\"list-style-type: none;\">\n<ul class=\"ul1\">\n<li class=\"li1\"><span class=\"s2\">Seguro de viaje<\/span><\/li>\n<\/ul>\n<\/li>\n<\/ul>\n<\/li>\n<\/ul>\n<\/div>\n<div style=\"clear: both;\"><\/div>\n<h2>Itinerario de muestra:<\/h2>\n<table>\n<tbody>\n<tr>\n<td style=\"width: 25%;\"><strong>D\u00eda 1:<\/strong><\/td>\n<td>Llegada al aeropuerto de Edimburgo<\/td>\n<td>Bed &amp; Breakfast****, Saint Andrews<\/td>\n<td>1h10<\/td>\n<\/tr>\n<tr>\n<td style=\"width: 25%;\"><strong><strong>D\u00eda <\/strong>2:<\/strong><\/td>\n<td>Kittocks<\/td>\n<td>Bed &amp; Breakfast****, Saint Andrews<\/td>\n<td>10 minutos<\/td>\n<\/tr>\n<tr>\n<td style=\"width: 25%;\"><strong><strong>D\u00eda<\/strong> 3:<\/strong><\/td>\n<td>Kingsbarns<\/td>\n<td>Bed &amp; Breakfast****, Saint Andrews<\/td>\n<td>5 minutos<\/td>\n<\/tr>\n<tr>\n<td style=\"width: 25%;\"><strong><strong>D\u00eda <\/strong>4:<\/strong><\/td>\n<td>Castle Course (Saint Andrews)<\/td>\n<td>Bed &amp; Breakfast****, Saint Andrews<\/td>\n<td>10 minutos<\/td>\n<\/tr>\n<tr>\n<td style=\"width: 25%;\"><strong>D\u00eda 5:<\/strong><\/td>\n<td>Old Course (Saint Andrews) &#8211; <strong> Tee Time Garantizado<\/strong><\/td>\n<td>Bed &amp; Breakfast****, Saint Andrews<\/td>\n<td>2 minutos<\/td>\n<\/tr>\n<tr>\n<td style=\"width: 25%;\"><strong>D\u00eda 6:<\/strong><\/td>\n<td>Salida del aeropuerto de Edimburgo<\/td>\n<td><\/td>\n<td>1h10<\/td>\n<\/tr>\n<\/tbody>\n<\/table>\n<div class=\"terms\">\n<h4>Conditiones del paquete:<\/h4>\n<ul>\n<li>Todos nuestros paquetes del Reino Unido se cobran en libras esterlinas.<\/li>\n<li>Oferta v\u00e1lida del 1 de abril hasta el 31 de octubre para un m\u00ednimo de 4 personas en habitaciones dobles. Desayuno escoc\u00e9s incluido. De noviembre a marzo se aplican tarifas especiales.<\/li>\n<li>L\u00edmite de handicap de 36; deber\u00e1 mostrar el certificado de handicap el d\u00eda de la jugada.<\/li>\n<\/ul>\n<\/div>\n<div style=\"clear: both;\">&nbsp;<\/div>\n<div class=\"one-third first\" style=\"text-align: center;\"><a class=\"button \" title=\"Reserve ahora\" href=\"https:\/\/www.golfenescocia.com\/es\/reserve-su-estancia\/\">Reserve ahora<\/a><\/div>\n<div class=\"one-third\" style=\"text-align: center;\"><a class=\"button\" title=\"Personalice su viaje\" href=\"https:\/\/www.golfenescocia.com\/es\/personalice-su-viaje\/\">Personalice<\/a><\/div>\n<div class=\"one-third\" style=\"text-align: center;\"><a class=\"button\" title=\"Contacto\" href=\"https:\/\/www.golfenescocia.com\/es\/contacto\/\" target=\"_blank\" rel=\"noopener noreferrer\">Contacto<\/a><\/div>\n","protected":false},"excerpt":{"rendered":"<p>Precio bajo petici\u00f3n Incluye: 5 noches en el Hotel 5 estrellas Fairmont en Saint Andrews Bay \u00a360 cr\u00e9dito por persona para cenar en el hotel Acceso a las instalaciones del hotel (spa, piscina, gimnasio y restaurantes) 4 Green Fees Old Course (Saint Andrews) &#8211; TEE TIME GARANTIZADO Castle Course (St Andrews) Kingsbarns Kittocks Todos los [&hellip;]<\/p>\n","protected":false},"author":5,"featured_media":7724,"parent":8936,"menu_order":0,"comment_status":"closed","ping_status":"closed","template":"","meta":{"_genesis_hide_title":false,"_genesis_hide_breadcrumbs":false,"_genesis_hide_singular_image":false,"_genesis_hide_footer_widgets":false,"_genesis_custom_body_class":"","_genesis_custom_post_class":"","_genesis_layout":"","footnotes":""},"class_list":{"0":"post-8232","1":"page","2":"type-page","3":"status-publish","4":"has-post-thumbnail","6":"entry"},"yoast_head":"<!-- This site is optimized with the Yoast SEO plugin v27.4 - https:\/\/yoast.com\/product\/yoast-seo-wordpress\/ -->\n<title>Tee time garantizado en el Old Course (Saint Andrews)<\/title>\n<meta name=\"description\" content=\"Un paquete exclusivo de 5 noches para jugar en el famoso Old Course de Saint Andrews con un tee time garantizado para 4 golfistas.\" \/>\n<meta name=\"robots\" content=\"index, follow, max-snippet:-1, max-image-preview:large, max-video-preview:-1\" \/>\n<link rel=\"canonical\" href=\"https:\/\/www.golfenescocia.com\/es\/viajes-de-golf-en-escocia\/tee-time-garantizado-el-old-course-saint-andrews\/\" \/>\n<meta property=\"og:locale\" content=\"fr_FR\" \/>\n<meta property=\"og:type\" content=\"article\" \/>\n<meta property=\"og:title\" content=\"Tee time garantizado en el Old Course (Saint Andrews)\" \/>\n<meta property=\"og:description\" content=\"Un paquete exclusivo de 5 noches para jugar en el famoso Old Course de Saint Andrews con un tee time garantizado para 4 golfistas.\" \/>\n<meta property=\"og:url\" content=\"https:\/\/www.golfenescocia.com\/es\/viajes-de-golf-en-escocia\/tee-time-garantizado-el-old-course-saint-andrews\/\" \/>\n<meta property=\"article:modified_time\" content=\"2023-09-29T18:46:29+00:00\" \/>\n<meta name=\"twitter:card\" content=\"summary_large_image\" \/>\n<meta name=\"twitter:label1\" content=\"Dur\u00e9e de lecture estim\u00e9e\" \/>\n\t<meta name=\"twitter:data1\" content=\"2 minutes\" \/>\n<script type=\"application\/ld+json\" class=\"yoast-schema-graph\">{\"@context\":\"https:\\\/\\\/schema.org\",\"@graph\":[{\"@type\":\"WebPage\",\"@id\":\"https:\\\/\\\/www.golfenescocia.com\\\/es\\\/viajes-de-golf-en-escocia\\\/tee-time-garantizado-el-old-course-saint-andrews\\\/\",\"url\":\"https:\\\/\\\/www.golfenescocia.com\\\/es\\\/viajes-de-golf-en-escocia\\\/tee-time-garantizado-el-old-course-saint-andrews\\\/\",\"name\":\"Tee time garantizado en el Old Course (Saint Andrews)\",\"isPartOf\":{\"@id\":\"https:\\\/\\\/www.golfenescocia.com\\\/es\\\/#website\"},\"primaryImageOfPage\":{\"@id\":\"https:\\\/\\\/www.golfenescocia.com\\\/es\\\/viajes-de-golf-en-escocia\\\/tee-time-garantizado-el-old-course-saint-andrews\\\/#primaryimage\"},\"image\":{\"@id\":\"https:\\\/\\\/www.golfenescocia.com\\\/es\\\/viajes-de-golf-en-escocia\\\/tee-time-garantizado-el-old-course-saint-andrews\\\/#primaryimage\"},\"thumbnailUrl\":\"\",\"datePublished\":\"2017-06-13T10:06:51+00:00\",\"dateModified\":\"2023-09-29T18:46:29+00:00\",\"description\":\"Un paquete exclusivo de 5 noches para jugar en el famoso Old Course de Saint Andrews con un tee time garantizado para 4 golfistas.\",\"breadcrumb\":{\"@id\":\"https:\\\/\\\/www.golfenescocia.com\\\/es\\\/viajes-de-golf-en-escocia\\\/tee-time-garantizado-el-old-course-saint-andrews\\\/#breadcrumb\"},\"inLanguage\":\"fr-FR\",\"potentialAction\":[{\"@type\":\"ReadAction\",\"target\":[\"https:\\\/\\\/www.golfenescocia.com\\\/es\\\/viajes-de-golf-en-escocia\\\/tee-time-garantizado-el-old-course-saint-andrews\\\/\"]}]},{\"@type\":\"ImageObject\",\"inLanguage\":\"fr-FR\",\"@id\":\"https:\\\/\\\/www.golfenescocia.com\\\/es\\\/viajes-de-golf-en-escocia\\\/tee-time-garantizado-el-old-course-saint-andrews\\\/#primaryimage\",\"url\":\"\",\"contentUrl\":\"\",\"width\":2000,\"height\":1145,\"caption\":\"golf escocia st andrews salida garantizada\"},{\"@type\":\"BreadcrumbList\",\"@id\":\"https:\\\/\\\/www.golfenescocia.com\\\/es\\\/viajes-de-golf-en-escocia\\\/tee-time-garantizado-el-old-course-saint-andrews\\\/#breadcrumb\",\"itemListElement\":[{\"@type\":\"ListItem\",\"position\":1,\"name\":\"Home\",\"item\":\"https:\\\/\\\/www.golfenescocia.com\\\/es\\\/\"},{\"@type\":\"ListItem\",\"position\":2,\"name\":\"Viajes de Golf en Escocia\",\"item\":\"https:\\\/\\\/www.golfenescocia.com\\\/es\\\/viajes-de-golf-en-escocia\\\/\"},{\"@type\":\"ListItem\",\"position\":3,\"name\":\"Tee time garantizado en el Old Course\"}]},{\"@type\":\"WebSite\",\"@id\":\"https:\\\/\\\/www.golfenescocia.com\\\/es\\\/#website\",\"url\":\"https:\\\/\\\/www.golfenescocia.com\\\/es\\\/\",\"name\":\"\",\"description\":\"Viajes de Golf en Escocia\",\"potentialAction\":[{\"@type\":\"SearchAction\",\"target\":{\"@type\":\"EntryPoint\",\"urlTemplate\":\"https:\\\/\\\/www.golfenescocia.com\\\/es\\\/?s={search_term_string}\"},\"query-input\":{\"@type\":\"PropertyValueSpecification\",\"valueRequired\":true,\"valueName\":\"search_term_string\"}}],\"inLanguage\":\"fr-FR\"}]}<\/script>\n<!-- \/ Yoast SEO plugin. -->","yoast_head_json":{"title":"Tee time garantizado en el Old Course (Saint Andrews)","description":"Un paquete exclusivo de 5 noches para jugar en el famoso Old Course de Saint Andrews con un tee time garantizado para 4 golfistas.","robots":{"index":"index","follow":"follow","max-snippet":"max-snippet:-1","max-image-preview":"max-image-preview:large","max-video-preview":"max-video-preview:-1"},"canonical":"https:\/\/www.golfenescocia.com\/es\/viajes-de-golf-en-escocia\/tee-time-garantizado-el-old-course-saint-andrews\/","og_locale":"fr_FR","og_type":"article","og_title":"Tee time garantizado en el Old Course (Saint Andrews)","og_description":"Un paquete exclusivo de 5 noches para jugar en el famoso Old Course de Saint Andrews con un tee time garantizado para 4 golfistas.","og_url":"https:\/\/www.golfenescocia.com\/es\/viajes-de-golf-en-escocia\/tee-time-garantizado-el-old-course-saint-andrews\/","article_modified_time":"2023-09-29T18:46:29+00:00","twitter_card":"summary_large_image","twitter_misc":{"Dur\u00e9e de lecture estim\u00e9e":"2 minutes"},"schema":{"@context":"https:\/\/schema.org","@graph":[{"@type":"WebPage","@id":"https:\/\/www.golfenescocia.com\/es\/viajes-de-golf-en-escocia\/tee-time-garantizado-el-old-course-saint-andrews\/","url":"https:\/\/www.golfenescocia.com\/es\/viajes-de-golf-en-escocia\/tee-time-garantizado-el-old-course-saint-andrews\/","name":"Tee time garantizado en el Old Course (Saint Andrews)","isPartOf":{"@id":"https:\/\/www.golfenescocia.com\/es\/#website"},"primaryImageOfPage":{"@id":"https:\/\/www.golfenescocia.com\/es\/viajes-de-golf-en-escocia\/tee-time-garantizado-el-old-course-saint-andrews\/#primaryimage"},"image":{"@id":"https:\/\/www.golfenescocia.com\/es\/viajes-de-golf-en-escocia\/tee-time-garantizado-el-old-course-saint-andrews\/#primaryimage"},"thumbnailUrl":"","datePublished":"2017-06-13T10:06:51+00:00","dateModified":"2023-09-29T18:46:29+00:00","description":"Un paquete exclusivo de 5 noches para jugar en el famoso Old Course de Saint Andrews con un tee time garantizado para 4 golfistas.","breadcrumb":{"@id":"https:\/\/www.golfenescocia.com\/es\/viajes-de-golf-en-escocia\/tee-time-garantizado-el-old-course-saint-andrews\/#breadcrumb"},"inLanguage":"fr-FR","potentialAction":[{"@type":"ReadAction","target":["https:\/\/www.golfenescocia.com\/es\/viajes-de-golf-en-escocia\/tee-time-garantizado-el-old-course-saint-andrews\/"]}]},{"@type":"ImageObject","inLanguage":"fr-FR","@id":"https:\/\/www.golfenescocia.com\/es\/viajes-de-golf-en-escocia\/tee-time-garantizado-el-old-course-saint-andrews\/#primaryimage","url":"","contentUrl":"","width":2000,"height":1145,"caption":"golf escocia st andrews salida garantizada"},{"@type":"BreadcrumbList","@id":"https:\/\/www.golfenescocia.com\/es\/viajes-de-golf-en-escocia\/tee-time-garantizado-el-old-course-saint-andrews\/#breadcrumb","itemListElement":[{"@type":"ListItem","position":1,"name":"Home","item":"https:\/\/www.golfenescocia.com\/es\/"},{"@type":"ListItem","position":2,"name":"Viajes de Golf en Escocia","item":"https:\/\/www.golfenescocia.com\/es\/viajes-de-golf-en-escocia\/"},{"@type":"ListItem","position":3,"name":"Tee time garantizado en el Old Course"}]},{"@type":"WebSite","@id":"https:\/\/www.golfenescocia.com\/es\/#website","url":"https:\/\/www.golfenescocia.com\/es\/","name":"","description":"Viajes de Golf en Escocia","potentialAction":[{"@type":"SearchAction","target":{"@type":"EntryPoint","urlTemplate":"https:\/\/www.golfenescocia.com\/es\/?s={search_term_string}"},"query-input":{"@type":"PropertyValueSpecification","valueRequired":true,"valueName":"search_term_string"}}],"inLanguage":"fr-FR"}]}},"_links":{"self":[{"href":"https:\/\/www.golfenescocia.com\/es\/wp-json\/wp\/v2\/pages\/8232","targetHints":{"allow":["GET"]}}],"collection":[{"href":"https:\/\/www.golfenescocia.com\/es\/wp-json\/wp\/v2\/pages"}],"about":[{"href":"https:\/\/www.golfenescocia.com\/es\/wp-json\/wp\/v2\/types\/page"}],"author":[{"embeddable":true,"href":"https:\/\/www.golfenescocia.com\/es\/wp-json\/wp\/v2\/users\/5"}],"replies":[{"embeddable":true,"href":"https:\/\/www.golfenescocia.com\/es\/wp-json\/wp\/v2\/comments?post=8232"}],"version-history":[{"count":28,"href":"https:\/\/www.golfenescocia.com\/es\/wp-json\/wp\/v2\/pages\/8232\/revisions"}],"predecessor-version":[{"id":14305,"href":"https:\/\/www.golfenescocia.com\/es\/wp-json\/wp\/v2\/pages\/8232\/revisions\/14305"}],"up":[{"embeddable":true,"href":"https:\/\/www.golfenescocia.com\/es\/wp-json\/wp\/v2\/pages\/8936"}],"wp:featuredmedia":[{"embeddable":true,"href":"https:\/\/www.golfenescocia.com\/es\/wp-json\/wp\/v2\/media\/7724"}],"wp:attachment":[{"href":"https:\/\/www.golfenescocia.com\/es\/wp-json\/wp\/v2\/media?parent=8232"}],"curies":[{"name":"wp","href":"https:\/\/api.w.org\/{rel}","templated":true}]}}