{"id":13121,"date":"2019-01-11T10:36:24","date_gmt":"2019-01-11T10:36:24","guid":{"rendered":"https:\/\/www.golfenescocia.com\/?page_id=13121"},"modified":"2023-10-02T10:28:40","modified_gmt":"2023-10-02T10:28:40","slug":"irvine","status":"publish","type":"page","link":"https:\/\/www.golfenescocia.com\/es\/campos-de-golf-en-escocia\/region-de-golf-del-sudoeste\/irvine\/","title":{"rendered":"Irvine"},"content":{"rendered":"<table border=\"0\">\n<tbody>\n<tr>\n<td>Nuestra clasificaci\u00f3n:<\/td>\n<td><img loading=\"lazy\" decoding=\"async\" class=\"size-full wp-image-4865 alignnone\" src=\"https:\/\/www.golfenescocia.com\/wp-content\/uploads\/2017\/06\/star4.png\" alt=\"\" width=\"118\" height=\"30\" \/><\/td>\n<td colspan=\"2\" rowspan=\"9\" align=\"center\" valign=\"top\" width=\"50%\"><img loading=\"lazy\" decoding=\"async\" class=\"aligncenter wp-image-7481\" src=\"https:\/\/www.golfenescocia.com\/wp-content\/uploads\/2017\/06\/scotland-map-209x300.png\" alt=\"\" width=\"418\" height=\"600\" srcset=\"https:\/\/www.golfenescocia.com\/wp-content\/uploads\/2017\/06\/scotland-map-209x300.png 209w, https:\/\/www.golfenescocia.com\/wp-content\/uploads\/2017\/06\/scotland-map.png 550w\" sizes=\"auto, (max-width: 418px) 100vw, 418px\" \/><\/td>\n<\/tr>\n<tr>\n<td>Ranking escoc\u00e9s:<\/td>\n<td>53<\/td>\n<\/tr>\n<tr>\n<td width=\"30%\">Arquitectos:<\/td>\n<td width=\"20%\">Willie Fernie, James Braid<\/td>\n<\/tr>\n<tr>\n<td>Fecha de inauguraci\u00f3n:<\/td>\n<td>1887<\/td>\n<\/tr>\n<tr>\n<td>Par:<\/td>\n<td>72<\/td>\n<\/tr>\n<tr>\n<td>Distancia de Saint Andrews:<\/td>\n<td>185 km<\/td>\n<\/tr>\n<tr>\n<td>Distancia de Edimburgo:<\/td>\n<td>130 km<\/td>\n<\/tr>\n<tr>\n<td>Distancia de Glasgow:<\/td>\n<td>50 km<\/td>\n<\/tr>\n<tr>\n<td>Distancia de Inverness:<\/td>\n<td>325 km<\/td>\n<\/tr>\n<tr>\n<td colspan=\"4\">Ubicado junto al mar, el Gulf Stream ofrece golf durante todo el a\u00f1o. Las cumbres de la isla de Arran proporcionan un hermoso tel\u00f3n de fondo para el curso.<br \/>\nEs realmente una de las joyas ocultas de Escocia, que ofrece un desaf\u00edo para los entusiastas del curso LINKS. El golf es en gran parte debido al personaje del famoso arquitecto James Braid<\/td>\n<\/tr>\n<\/tbody>\n<\/table>\n<div style=\"clear: both;\"><\/div>\n<div class=\"one-third first\" style=\"text-align: center;\"><a class=\"button \" title=\"Nuestros Viajes\" href=\"https:\/\/www.golfenescocia.com\/nuestros-viajes\/\" target=\"_blank\" rel=\"noopener noreferrer\">Nuestros viajes<\/a><\/div>\n<div class=\"one-third\" style=\"text-align: center;\"><a class=\"button\" title=\"Solicitud de presupuesto\" href=\"https:\/\/www.golfenescocia.com\/es\/solicitud-de-presupuesto\/\" target=\"_blank\" rel=\"noopener noreferrer\">Solicitud de presupuesto<\/a><\/div>\n<div class=\"one-third\" style=\"text-align: center;\"><a class=\"button\" title=\"Cont\u00e1ctenos\" href=\"https:\/\/www.golfenescocia.com\/es\/contacto\/\" target=\"_blank\" rel=\"noopener noreferrer\">Cont\u00e1ctenos<\/a><\/div>\n<div id=\"details\"><\/div>\n","protected":false},"excerpt":{"rendered":"<p>Nuestra clasificaci\u00f3n: Ranking escoc\u00e9s: 53 Arquitectos: Willie Fernie, James Braid Fecha de inauguraci\u00f3n: 1887 Par: 72 Distancia de Saint Andrews: 185 km Distancia de Edimburgo: 130 km Distancia de Glasgow: 50 km Distancia de Inverness: 325 km Ubicado junto al mar, el Gulf Stream ofrece golf durante todo el a\u00f1o. Las cumbres de la isla [&hellip;]<\/p>\n","protected":false},"author":5,"featured_media":13125,"parent":8855,"menu_order":0,"comment_status":"closed","ping_status":"closed","template":"","meta":{"_genesis_hide_title":false,"_genesis_hide_breadcrumbs":false,"_genesis_hide_singular_image":false,"_genesis_hide_footer_widgets":false,"_genesis_custom_body_class":"","_genesis_custom_post_class":"","_genesis_layout":"","footnotes":""},"class_list":{"0":"post-13121","1":"page","2":"type-page","3":"status-publish","4":"has-post-thumbnail","6":"entry"},"yoast_head":"<!-- This site is optimized with the Yoast SEO plugin v27.4 - https:\/\/yoast.com\/product\/yoast-seo-wordpress\/ -->\n<title>Irvine -<\/title>\n<meta name=\"robots\" content=\"index, follow, max-snippet:-1, max-image-preview:large, max-video-preview:-1\" \/>\n<link rel=\"canonical\" href=\"https:\/\/www.golfenescocia.com\/es\/campos-de-golf-en-escocia\/region-de-golf-del-sudoeste\/irvine\/\" \/>\n<meta property=\"og:locale\" content=\"fr_FR\" \/>\n<meta property=\"og:type\" content=\"article\" \/>\n<meta property=\"og:title\" content=\"Irvine -\" \/>\n<meta property=\"og:description\" content=\"Nuestra clasificaci\u00f3n: Ranking escoc\u00e9s: 53 Arquitectos: Willie Fernie, James Braid Fecha de inauguraci\u00f3n: 1887 Par: 72 Distancia de Saint Andrews: 185 km Distancia de Edimburgo: 130 km Distancia de Glasgow: 50 km Distancia de Inverness: 325 km Ubicado junto al mar, el Gulf Stream ofrece golf durante todo el a\u00f1o. Las cumbres de la isla [&hellip;]\" \/>\n<meta property=\"og:url\" content=\"https:\/\/www.golfenescocia.com\/es\/campos-de-golf-en-escocia\/region-de-golf-del-sudoeste\/irvine\/\" \/>\n<meta property=\"article:modified_time\" content=\"2023-10-02T10:28:40+00:00\" \/>\n<meta property=\"og:image\" content=\"https:\/\/www.golfenescocia.com\/wp-content\/uploads\/2019\/01\/irvine-golf-escocia.jpg\" \/>\n\t<meta property=\"og:image:width\" content=\"1024\" \/>\n\t<meta property=\"og:image:height\" content=\"322\" \/>\n\t<meta property=\"og:image:type\" content=\"image\/jpeg\" \/>\n<meta name=\"twitter:card\" content=\"summary_large_image\" \/>\n<meta name=\"twitter:label1\" content=\"Dur\u00e9e de lecture estim\u00e9e\" \/>\n\t<meta name=\"twitter:data1\" content=\"1 minute\" \/>\n<script type=\"application\/ld+json\" class=\"yoast-schema-graph\">{\"@context\":\"https:\\\/\\\/schema.org\",\"@graph\":[{\"@type\":\"WebPage\",\"@id\":\"https:\\\/\\\/www.golfenescocia.com\\\/es\\\/campos-de-golf-en-escocia\\\/region-de-golf-del-sudoeste\\\/irvine\\\/\",\"url\":\"https:\\\/\\\/www.golfenescocia.com\\\/es\\\/campos-de-golf-en-escocia\\\/region-de-golf-del-sudoeste\\\/irvine\\\/\",\"name\":\"Irvine -\",\"isPartOf\":{\"@id\":\"https:\\\/\\\/www.golfenescocia.com\\\/es\\\/#website\"},\"primaryImageOfPage\":{\"@id\":\"https:\\\/\\\/www.golfenescocia.com\\\/es\\\/campos-de-golf-en-escocia\\\/region-de-golf-del-sudoeste\\\/irvine\\\/#primaryimage\"},\"image\":{\"@id\":\"https:\\\/\\\/www.golfenescocia.com\\\/es\\\/campos-de-golf-en-escocia\\\/region-de-golf-del-sudoeste\\\/irvine\\\/#primaryimage\"},\"thumbnailUrl\":\"https:\\\/\\\/www.golfenescocia.com\\\/wp-content\\\/uploads\\\/2019\\\/01\\\/irvine-golf-escocia.jpg\",\"datePublished\":\"2019-01-11T10:36:24+00:00\",\"dateModified\":\"2023-10-02T10:28:40+00:00\",\"breadcrumb\":{\"@id\":\"https:\\\/\\\/www.golfenescocia.com\\\/es\\\/campos-de-golf-en-escocia\\\/region-de-golf-del-sudoeste\\\/irvine\\\/#breadcrumb\"},\"inLanguage\":\"fr-FR\",\"potentialAction\":[{\"@type\":\"ReadAction\",\"target\":[\"https:\\\/\\\/www.golfenescocia.com\\\/es\\\/campos-de-golf-en-escocia\\\/region-de-golf-del-sudoeste\\\/irvine\\\/\"]}]},{\"@type\":\"ImageObject\",\"inLanguage\":\"fr-FR\",\"@id\":\"https:\\\/\\\/www.golfenescocia.com\\\/es\\\/campos-de-golf-en-escocia\\\/region-de-golf-del-sudoeste\\\/irvine\\\/#primaryimage\",\"url\":\"https:\\\/\\\/www.golfenescocia.com\\\/wp-content\\\/uploads\\\/2019\\\/01\\\/irvine-golf-escocia.jpg\",\"contentUrl\":\"https:\\\/\\\/www.golfenescocia.com\\\/wp-content\\\/uploads\\\/2019\\\/01\\\/irvine-golf-escocia.jpg\",\"width\":1024,\"height\":322,\"caption\":\"irvine golf escocia\"},{\"@type\":\"BreadcrumbList\",\"@id\":\"https:\\\/\\\/www.golfenescocia.com\\\/es\\\/campos-de-golf-en-escocia\\\/region-de-golf-del-sudoeste\\\/irvine\\\/#breadcrumb\",\"itemListElement\":[{\"@type\":\"ListItem\",\"position\":1,\"name\":\"Home\",\"item\":\"https:\\\/\\\/www.golfenescocia.com\\\/es\\\/\"},{\"@type\":\"ListItem\",\"position\":2,\"name\":\"Campos de golf en Escocia\",\"item\":\"https:\\\/\\\/www.golfenescocia.com\\\/es\\\/campos-de-golf-en-escocia\\\/\"},{\"@type\":\"ListItem\",\"position\":3,\"name\":\"Regi\u00f3n de golf del suroeste\",\"item\":\"https:\\\/\\\/www.golfenescocia.com\\\/es\\\/campos-de-golf-en-escocia\\\/region-de-golf-del-sudoeste\\\/\"},{\"@type\":\"ListItem\",\"position\":4,\"name\":\"Irvine\"}]},{\"@type\":\"WebSite\",\"@id\":\"https:\\\/\\\/www.golfenescocia.com\\\/es\\\/#website\",\"url\":\"https:\\\/\\\/www.golfenescocia.com\\\/es\\\/\",\"name\":\"\",\"description\":\"Viajes de Golf en Escocia\",\"potentialAction\":[{\"@type\":\"SearchAction\",\"target\":{\"@type\":\"EntryPoint\",\"urlTemplate\":\"https:\\\/\\\/www.golfenescocia.com\\\/es\\\/?s={search_term_string}\"},\"query-input\":{\"@type\":\"PropertyValueSpecification\",\"valueRequired\":true,\"valueName\":\"search_term_string\"}}],\"inLanguage\":\"fr-FR\"}]}<\/script>\n<!-- \/ Yoast SEO plugin. -->","yoast_head_json":{"title":"Irvine -","robots":{"index":"index","follow":"follow","max-snippet":"max-snippet:-1","max-image-preview":"max-image-preview:large","max-video-preview":"max-video-preview:-1"},"canonical":"https:\/\/www.golfenescocia.com\/es\/campos-de-golf-en-escocia\/region-de-golf-del-sudoeste\/irvine\/","og_locale":"fr_FR","og_type":"article","og_title":"Irvine -","og_description":"Nuestra clasificaci\u00f3n: Ranking escoc\u00e9s: 53 Arquitectos: Willie Fernie, James Braid Fecha de inauguraci\u00f3n: 1887 Par: 72 Distancia de Saint Andrews: 185 km Distancia de Edimburgo: 130 km Distancia de Glasgow: 50 km Distancia de Inverness: 325 km Ubicado junto al mar, el Gulf Stream ofrece golf durante todo el a\u00f1o. Las cumbres de la isla [&hellip;]","og_url":"https:\/\/www.golfenescocia.com\/es\/campos-de-golf-en-escocia\/region-de-golf-del-sudoeste\/irvine\/","article_modified_time":"2023-10-02T10:28:40+00:00","og_image":[{"width":1024,"height":322,"url":"https:\/\/www.golfenescocia.com\/wp-content\/uploads\/2019\/01\/irvine-golf-escocia.jpg","type":"image\/jpeg"}],"twitter_card":"summary_large_image","twitter_misc":{"Dur\u00e9e de lecture estim\u00e9e":"1 minute"},"schema":{"@context":"https:\/\/schema.org","@graph":[{"@type":"WebPage","@id":"https:\/\/www.golfenescocia.com\/es\/campos-de-golf-en-escocia\/region-de-golf-del-sudoeste\/irvine\/","url":"https:\/\/www.golfenescocia.com\/es\/campos-de-golf-en-escocia\/region-de-golf-del-sudoeste\/irvine\/","name":"Irvine -","isPartOf":{"@id":"https:\/\/www.golfenescocia.com\/es\/#website"},"primaryImageOfPage":{"@id":"https:\/\/www.golfenescocia.com\/es\/campos-de-golf-en-escocia\/region-de-golf-del-sudoeste\/irvine\/#primaryimage"},"image":{"@id":"https:\/\/www.golfenescocia.com\/es\/campos-de-golf-en-escocia\/region-de-golf-del-sudoeste\/irvine\/#primaryimage"},"thumbnailUrl":"https:\/\/www.golfenescocia.com\/wp-content\/uploads\/2019\/01\/irvine-golf-escocia.jpg","datePublished":"2019-01-11T10:36:24+00:00","dateModified":"2023-10-02T10:28:40+00:00","breadcrumb":{"@id":"https:\/\/www.golfenescocia.com\/es\/campos-de-golf-en-escocia\/region-de-golf-del-sudoeste\/irvine\/#breadcrumb"},"inLanguage":"fr-FR","potentialAction":[{"@type":"ReadAction","target":["https:\/\/www.golfenescocia.com\/es\/campos-de-golf-en-escocia\/region-de-golf-del-sudoeste\/irvine\/"]}]},{"@type":"ImageObject","inLanguage":"fr-FR","@id":"https:\/\/www.golfenescocia.com\/es\/campos-de-golf-en-escocia\/region-de-golf-del-sudoeste\/irvine\/#primaryimage","url":"https:\/\/www.golfenescocia.com\/wp-content\/uploads\/2019\/01\/irvine-golf-escocia.jpg","contentUrl":"https:\/\/www.golfenescocia.com\/wp-content\/uploads\/2019\/01\/irvine-golf-escocia.jpg","width":1024,"height":322,"caption":"irvine golf escocia"},{"@type":"BreadcrumbList","@id":"https:\/\/www.golfenescocia.com\/es\/campos-de-golf-en-escocia\/region-de-golf-del-sudoeste\/irvine\/#breadcrumb","itemListElement":[{"@type":"ListItem","position":1,"name":"Home","item":"https:\/\/www.golfenescocia.com\/es\/"},{"@type":"ListItem","position":2,"name":"Campos de golf en Escocia","item":"https:\/\/www.golfenescocia.com\/es\/campos-de-golf-en-escocia\/"},{"@type":"ListItem","position":3,"name":"Regi\u00f3n de golf del suroeste","item":"https:\/\/www.golfenescocia.com\/es\/campos-de-golf-en-escocia\/region-de-golf-del-sudoeste\/"},{"@type":"ListItem","position":4,"name":"Irvine"}]},{"@type":"WebSite","@id":"https:\/\/www.golfenescocia.com\/es\/#website","url":"https:\/\/www.golfenescocia.com\/es\/","name":"","description":"Viajes de Golf en Escocia","potentialAction":[{"@type":"SearchAction","target":{"@type":"EntryPoint","urlTemplate":"https:\/\/www.golfenescocia.com\/es\/?s={search_term_string}"},"query-input":{"@type":"PropertyValueSpecification","valueRequired":true,"valueName":"search_term_string"}}],"inLanguage":"fr-FR"}]}},"_links":{"self":[{"href":"https:\/\/www.golfenescocia.com\/es\/wp-json\/wp\/v2\/pages\/13121","targetHints":{"allow":["GET"]}}],"collection":[{"href":"https:\/\/www.golfenescocia.com\/es\/wp-json\/wp\/v2\/pages"}],"about":[{"href":"https:\/\/www.golfenescocia.com\/es\/wp-json\/wp\/v2\/types\/page"}],"author":[{"embeddable":true,"href":"https:\/\/www.golfenescocia.com\/es\/wp-json\/wp\/v2\/users\/5"}],"replies":[{"embeddable":true,"href":"https:\/\/www.golfenescocia.com\/es\/wp-json\/wp\/v2\/comments?post=13121"}],"version-history":[{"count":4,"href":"https:\/\/www.golfenescocia.com\/es\/wp-json\/wp\/v2\/pages\/13121\/revisions"}],"predecessor-version":[{"id":14751,"href":"https:\/\/www.golfenescocia.com\/es\/wp-json\/wp\/v2\/pages\/13121\/revisions\/14751"}],"up":[{"embeddable":true,"href":"https:\/\/www.golfenescocia.com\/es\/wp-json\/wp\/v2\/pages\/8855"}],"wp:featuredmedia":[{"embeddable":true,"href":"https:\/\/www.golfenescocia.com\/es\/wp-json\/wp\/v2\/media\/13125"}],"wp:attachment":[{"href":"https:\/\/www.golfenescocia.com\/es\/wp-json\/wp\/v2\/media?parent=13121"}],"curies":[{"name":"wp","href":"https:\/\/api.w.org\/{rel}","templated":true}]}}