{"id":12894,"date":"2018-12-19T16:33:06","date_gmt":"2018-12-19T16:33:06","guid":{"rendered":"https:\/\/www.golfenescocia.com\/?page_id=12894"},"modified":"2023-09-30T15:15:29","modified_gmt":"2023-09-30T15:15:29","slug":"meldrum-house","status":"publish","type":"page","link":"https:\/\/www.golfenescocia.com\/es\/campos-de-golf-en-escocia\/region-de-golf-de-aberdeen\/meldrum-house\/","title":{"rendered":"Meldrum House"},"content":{"rendered":"<table style=\"width: 100%; height: 297px;\" border=\"0\">\n<tbody>\n<tr style=\"height: 10px;\">\n<td style=\"height: 10px;\">Nuestra clasificaci\u00f3n:<\/td>\n<td style=\"height: 10px;\"><img loading=\"lazy\" decoding=\"async\" class=\"size-full wp-image-4865 alignnone\" src=\"https:\/\/www.golfenescocia.com\/wp-content\/uploads\/2017\/06\/star4.png\" alt=\"\" width=\"118\" height=\"30\" \/><\/td>\n<td style=\"height: 194px;\" colspan=\"2\" rowspan=\"9\" align=\"center\" valign=\"top\" width=\"50%\"><img loading=\"lazy\" decoding=\"async\" class=\"aligncenter wp-image-7481\" src=\"https:\/\/www.golfenescocia.com\/wp-content\/uploads\/2017\/06\/scotland-map-209x300.png\" alt=\"\" width=\"418\" height=\"600\" srcset=\"https:\/\/www.golfenescocia.com\/wp-content\/uploads\/2017\/06\/scotland-map-209x300.png 209w, https:\/\/www.golfenescocia.com\/wp-content\/uploads\/2017\/06\/scotland-map.png 550w\" sizes=\"auto, (max-width: 418px) 100vw, 418px\" \/><\/td>\n<\/tr>\n<tr style=\"height: 23px;\">\n<td style=\"height: 23px; width: 293.6px;\">Ranking escoc\u00e9s:<\/td>\n<td style=\"height: 23px; width: 193.6px;\">90<\/td>\n<\/tr>\n<tr style=\"height: 23px;\">\n<td style=\"height: 23px; width: 293.6px;\">Arquitecto:<\/td>\n<td style=\"height: 23px; width: 193.6px;\">Graham Webster<\/td>\n<\/tr>\n<tr style=\"height: 23px;\">\n<td style=\"height: 23px; width: 293.6px;\">Fecha de inauguraci\u00f3n:<\/td>\n<td style=\"height: 23px; width: 193.6px;\">1999<\/td>\n<\/tr>\n<tr style=\"height: 23px;\">\n<td style=\"height: 23px; width: 293.6px;\">Par:<\/td>\n<td style=\"height: 23px; width: 193.6px;\">70<\/td>\n<\/tr>\n<tr style=\"height: 23px;\">\n<td style=\"height: 23px; width: 293.6px;\">Distancia de Saint Andrews:<\/td>\n<td style=\"height: 23px; width: 193.6px;\">155 km<\/td>\n<\/tr>\n<tr style=\"height: 23px;\">\n<td style=\"height: 23px; width: 293.6px;\">Distancia de Edimburgo:<\/td>\n<td style=\"height: 23px; width: 193.6px;\">230 km<\/td>\n<\/tr>\n<tr style=\"height: 23px;\">\n<td style=\"height: 23px; width: 293.6px;\">Distancia de Glasgow:<\/td>\n<td style=\"height: 23px; width: 193.6px;\">260 km<\/td>\n<\/tr>\n<tr style=\"height: 23px;\">\n<td style=\"height: 23px; width: 293.6px;\">Distancia de Inverness:<\/td>\n<td style=\"height: 23px; width: 193.6px;\">155 km<\/td>\n<\/tr>\n<tr style=\"height: 103px;\">\n<td style=\"height: 103px; width: 989.6px;\" colspan=\"4\">A menos de 30 kil\u00f3metros de Aberdeen, la magn\u00edfica propiedad Meldrum House se remonta al siglo XIII y tiene una mansi\u00f3n convertida en un hotel de lujo y un campo de 18 hoyos de alta calidad, el Campo de los Caballeros. Es un parque de golf con majestuosos \u00e1rboles donde el agua est\u00e1 en juego en una docena de hoyos, siempre en perfectas condiciones y una longitud razonable. El hoyo once, uno par 5, tiene 18 bunkers para defender el green. C\u00f3moda casa club.<\/td>\n<\/tr>\n<\/tbody>\n<\/table>\n<div style=\"clear: both;\"><\/div>\n<div class=\"one-third first\" style=\"text-align: center;\"><a class=\"button \" title=\"Nuestros Viajes\" href=\"https:\/\/www.golfenescocia.com\/nuestros-viajes\/\" target=\"_blank\" rel=\"noopener noreferrer\">Nuestros viajes<\/a><\/div>\n<div class=\"one-third\" style=\"text-align: center;\"><a class=\"button\" title=\"Solicitud de presupuesto\" href=\"https:\/\/www.golfenescocia.com\/es\/solicitud-de-presupuesto\/\" target=\"_blank\" rel=\"noopener noreferrer\">Solicitud de presupuesto<\/a><\/div>\n<div class=\"one-third\" style=\"text-align: center;\"><a class=\"button\" title=\"Cont\u00e1ctenos\" href=\"https:\/\/www.golfenescocia.com\/es\/contacto\/\" target=\"_blank\" rel=\"noopener noreferrer\">Cont\u00e1ctenos<\/a><\/div>\n","protected":false},"excerpt":{"rendered":"<p>Nuestra clasificaci\u00f3n: Ranking escoc\u00e9s: 90 Arquitecto: Graham Webster Fecha de inauguraci\u00f3n: 1999 Par: 70 Distancia de Saint Andrews: 155 km Distancia de Edimburgo: 230 km Distancia de Glasgow: 260 km Distancia de Inverness: 155 km A menos de 30 kil\u00f3metros de Aberdeen, la magn\u00edfica propiedad Meldrum House se remonta al siglo XIII y tiene una [&hellip;]<\/p>\n","protected":false},"author":5,"featured_media":13022,"parent":8852,"menu_order":0,"comment_status":"closed","ping_status":"closed","template":"","meta":{"_genesis_hide_title":false,"_genesis_hide_breadcrumbs":false,"_genesis_hide_singular_image":false,"_genesis_hide_footer_widgets":false,"_genesis_custom_body_class":"","_genesis_custom_post_class":"","_genesis_layout":"","footnotes":""},"class_list":{"0":"post-12894","1":"page","2":"type-page","3":"status-publish","4":"has-post-thumbnail","6":"entry"},"yoast_head":"<!-- This site is optimized with the Yoast SEO plugin v27.4 - https:\/\/yoast.com\/product\/yoast-seo-wordpress\/ -->\n<title>Meldrum House -<\/title>\n<meta name=\"robots\" content=\"index, follow, max-snippet:-1, max-image-preview:large, max-video-preview:-1\" \/>\n<link rel=\"canonical\" href=\"https:\/\/www.golfenescocia.com\/es\/campos-de-golf-en-escocia\/region-de-golf-de-aberdeen\/meldrum-house\/\" \/>\n<meta property=\"og:locale\" content=\"fr_FR\" \/>\n<meta property=\"og:type\" content=\"article\" \/>\n<meta property=\"og:title\" content=\"Meldrum House -\" \/>\n<meta property=\"og:description\" content=\"Nuestra clasificaci\u00f3n: Ranking escoc\u00e9s: 90 Arquitecto: Graham Webster Fecha de inauguraci\u00f3n: 1999 Par: 70 Distancia de Saint Andrews: 155 km Distancia de Edimburgo: 230 km Distancia de Glasgow: 260 km Distancia de Inverness: 155 km A menos de 30 kil\u00f3metros de Aberdeen, la magn\u00edfica propiedad Meldrum House se remonta al siglo XIII y tiene una [&hellip;]\" \/>\n<meta property=\"og:url\" content=\"https:\/\/www.golfenescocia.com\/es\/campos-de-golf-en-escocia\/region-de-golf-de-aberdeen\/meldrum-house\/\" \/>\n<meta property=\"article:modified_time\" content=\"2023-09-30T15:15:29+00:00\" \/>\n<meta property=\"og:image\" content=\"https:\/\/www.golfenescocia.com\/wp-content\/uploads\/2018\/12\/meldrum-house-golf-escocia.jpg\" \/>\n\t<meta property=\"og:image:width\" content=\"2000\" \/>\n\t<meta property=\"og:image:height\" content=\"1070\" \/>\n\t<meta property=\"og:image:type\" content=\"image\/jpeg\" \/>\n<meta name=\"twitter:card\" content=\"summary_large_image\" \/>\n<meta name=\"twitter:label1\" content=\"Dur\u00e9e de lecture estim\u00e9e\" \/>\n\t<meta name=\"twitter:data1\" content=\"1 minute\" \/>\n<script type=\"application\/ld+json\" class=\"yoast-schema-graph\">{\"@context\":\"https:\\\/\\\/schema.org\",\"@graph\":[{\"@type\":\"WebPage\",\"@id\":\"https:\\\/\\\/www.golfenescocia.com\\\/es\\\/campos-de-golf-en-escocia\\\/region-de-golf-de-aberdeen\\\/meldrum-house\\\/\",\"url\":\"https:\\\/\\\/www.golfenescocia.com\\\/es\\\/campos-de-golf-en-escocia\\\/region-de-golf-de-aberdeen\\\/meldrum-house\\\/\",\"name\":\"Meldrum House -\",\"isPartOf\":{\"@id\":\"https:\\\/\\\/www.golfenescocia.com\\\/es\\\/#website\"},\"primaryImageOfPage\":{\"@id\":\"https:\\\/\\\/www.golfenescocia.com\\\/es\\\/campos-de-golf-en-escocia\\\/region-de-golf-de-aberdeen\\\/meldrum-house\\\/#primaryimage\"},\"image\":{\"@id\":\"https:\\\/\\\/www.golfenescocia.com\\\/es\\\/campos-de-golf-en-escocia\\\/region-de-golf-de-aberdeen\\\/meldrum-house\\\/#primaryimage\"},\"thumbnailUrl\":\"https:\\\/\\\/www.golfenescocia.com\\\/wp-content\\\/uploads\\\/2018\\\/12\\\/meldrum-house-golf-escocia.jpg\",\"datePublished\":\"2018-12-19T16:33:06+00:00\",\"dateModified\":\"2023-09-30T15:15:29+00:00\",\"breadcrumb\":{\"@id\":\"https:\\\/\\\/www.golfenescocia.com\\\/es\\\/campos-de-golf-en-escocia\\\/region-de-golf-de-aberdeen\\\/meldrum-house\\\/#breadcrumb\"},\"inLanguage\":\"fr-FR\",\"potentialAction\":[{\"@type\":\"ReadAction\",\"target\":[\"https:\\\/\\\/www.golfenescocia.com\\\/es\\\/campos-de-golf-en-escocia\\\/region-de-golf-de-aberdeen\\\/meldrum-house\\\/\"]}]},{\"@type\":\"ImageObject\",\"inLanguage\":\"fr-FR\",\"@id\":\"https:\\\/\\\/www.golfenescocia.com\\\/es\\\/campos-de-golf-en-escocia\\\/region-de-golf-de-aberdeen\\\/meldrum-house\\\/#primaryimage\",\"url\":\"https:\\\/\\\/www.golfenescocia.com\\\/wp-content\\\/uploads\\\/2018\\\/12\\\/meldrum-house-golf-escocia.jpg\",\"contentUrl\":\"https:\\\/\\\/www.golfenescocia.com\\\/wp-content\\\/uploads\\\/2018\\\/12\\\/meldrum-house-golf-escocia.jpg\",\"width\":2000,\"height\":1070,\"caption\":\"Meldrum House Golf Escocia\"},{\"@type\":\"BreadcrumbList\",\"@id\":\"https:\\\/\\\/www.golfenescocia.com\\\/es\\\/campos-de-golf-en-escocia\\\/region-de-golf-de-aberdeen\\\/meldrum-house\\\/#breadcrumb\",\"itemListElement\":[{\"@type\":\"ListItem\",\"position\":1,\"name\":\"Home\",\"item\":\"https:\\\/\\\/www.golfenescocia.com\\\/es\\\/\"},{\"@type\":\"ListItem\",\"position\":2,\"name\":\"Campos de golf en Escocia\",\"item\":\"https:\\\/\\\/www.golfenescocia.com\\\/es\\\/campos-de-golf-en-escocia\\\/\"},{\"@type\":\"ListItem\",\"position\":3,\"name\":\"Regi\u00f3n de golf de Aberdeen\",\"item\":\"https:\\\/\\\/www.golfenescocia.com\\\/es\\\/campos-de-golf-en-escocia\\\/region-de-golf-de-aberdeen\\\/\"},{\"@type\":\"ListItem\",\"position\":4,\"name\":\"Meldrum House\"}]},{\"@type\":\"WebSite\",\"@id\":\"https:\\\/\\\/www.golfenescocia.com\\\/es\\\/#website\",\"url\":\"https:\\\/\\\/www.golfenescocia.com\\\/es\\\/\",\"name\":\"\",\"description\":\"Viajes de Golf en Escocia\",\"potentialAction\":[{\"@type\":\"SearchAction\",\"target\":{\"@type\":\"EntryPoint\",\"urlTemplate\":\"https:\\\/\\\/www.golfenescocia.com\\\/es\\\/?s={search_term_string}\"},\"query-input\":{\"@type\":\"PropertyValueSpecification\",\"valueRequired\":true,\"valueName\":\"search_term_string\"}}],\"inLanguage\":\"fr-FR\"}]}<\/script>\n<!-- \/ Yoast SEO plugin. -->","yoast_head_json":{"title":"Meldrum House -","robots":{"index":"index","follow":"follow","max-snippet":"max-snippet:-1","max-image-preview":"max-image-preview:large","max-video-preview":"max-video-preview:-1"},"canonical":"https:\/\/www.golfenescocia.com\/es\/campos-de-golf-en-escocia\/region-de-golf-de-aberdeen\/meldrum-house\/","og_locale":"fr_FR","og_type":"article","og_title":"Meldrum House -","og_description":"Nuestra clasificaci\u00f3n: Ranking escoc\u00e9s: 90 Arquitecto: Graham Webster Fecha de inauguraci\u00f3n: 1999 Par: 70 Distancia de Saint Andrews: 155 km Distancia de Edimburgo: 230 km Distancia de Glasgow: 260 km Distancia de Inverness: 155 km A menos de 30 kil\u00f3metros de Aberdeen, la magn\u00edfica propiedad Meldrum House se remonta al siglo XIII y tiene una [&hellip;]","og_url":"https:\/\/www.golfenescocia.com\/es\/campos-de-golf-en-escocia\/region-de-golf-de-aberdeen\/meldrum-house\/","article_modified_time":"2023-09-30T15:15:29+00:00","og_image":[{"width":2000,"height":1070,"url":"https:\/\/www.golfenescocia.com\/wp-content\/uploads\/2018\/12\/meldrum-house-golf-escocia.jpg","type":"image\/jpeg"}],"twitter_card":"summary_large_image","twitter_misc":{"Dur\u00e9e de lecture estim\u00e9e":"1 minute"},"schema":{"@context":"https:\/\/schema.org","@graph":[{"@type":"WebPage","@id":"https:\/\/www.golfenescocia.com\/es\/campos-de-golf-en-escocia\/region-de-golf-de-aberdeen\/meldrum-house\/","url":"https:\/\/www.golfenescocia.com\/es\/campos-de-golf-en-escocia\/region-de-golf-de-aberdeen\/meldrum-house\/","name":"Meldrum House -","isPartOf":{"@id":"https:\/\/www.golfenescocia.com\/es\/#website"},"primaryImageOfPage":{"@id":"https:\/\/www.golfenescocia.com\/es\/campos-de-golf-en-escocia\/region-de-golf-de-aberdeen\/meldrum-house\/#primaryimage"},"image":{"@id":"https:\/\/www.golfenescocia.com\/es\/campos-de-golf-en-escocia\/region-de-golf-de-aberdeen\/meldrum-house\/#primaryimage"},"thumbnailUrl":"https:\/\/www.golfenescocia.com\/wp-content\/uploads\/2018\/12\/meldrum-house-golf-escocia.jpg","datePublished":"2018-12-19T16:33:06+00:00","dateModified":"2023-09-30T15:15:29+00:00","breadcrumb":{"@id":"https:\/\/www.golfenescocia.com\/es\/campos-de-golf-en-escocia\/region-de-golf-de-aberdeen\/meldrum-house\/#breadcrumb"},"inLanguage":"fr-FR","potentialAction":[{"@type":"ReadAction","target":["https:\/\/www.golfenescocia.com\/es\/campos-de-golf-en-escocia\/region-de-golf-de-aberdeen\/meldrum-house\/"]}]},{"@type":"ImageObject","inLanguage":"fr-FR","@id":"https:\/\/www.golfenescocia.com\/es\/campos-de-golf-en-escocia\/region-de-golf-de-aberdeen\/meldrum-house\/#primaryimage","url":"https:\/\/www.golfenescocia.com\/wp-content\/uploads\/2018\/12\/meldrum-house-golf-escocia.jpg","contentUrl":"https:\/\/www.golfenescocia.com\/wp-content\/uploads\/2018\/12\/meldrum-house-golf-escocia.jpg","width":2000,"height":1070,"caption":"Meldrum House Golf Escocia"},{"@type":"BreadcrumbList","@id":"https:\/\/www.golfenescocia.com\/es\/campos-de-golf-en-escocia\/region-de-golf-de-aberdeen\/meldrum-house\/#breadcrumb","itemListElement":[{"@type":"ListItem","position":1,"name":"Home","item":"https:\/\/www.golfenescocia.com\/es\/"},{"@type":"ListItem","position":2,"name":"Campos de golf en Escocia","item":"https:\/\/www.golfenescocia.com\/es\/campos-de-golf-en-escocia\/"},{"@type":"ListItem","position":3,"name":"Regi\u00f3n de golf de Aberdeen","item":"https:\/\/www.golfenescocia.com\/es\/campos-de-golf-en-escocia\/region-de-golf-de-aberdeen\/"},{"@type":"ListItem","position":4,"name":"Meldrum House"}]},{"@type":"WebSite","@id":"https:\/\/www.golfenescocia.com\/es\/#website","url":"https:\/\/www.golfenescocia.com\/es\/","name":"","description":"Viajes de Golf en Escocia","potentialAction":[{"@type":"SearchAction","target":{"@type":"EntryPoint","urlTemplate":"https:\/\/www.golfenescocia.com\/es\/?s={search_term_string}"},"query-input":{"@type":"PropertyValueSpecification","valueRequired":true,"valueName":"search_term_string"}}],"inLanguage":"fr-FR"}]}},"_links":{"self":[{"href":"https:\/\/www.golfenescocia.com\/es\/wp-json\/wp\/v2\/pages\/12894","targetHints":{"allow":["GET"]}}],"collection":[{"href":"https:\/\/www.golfenescocia.com\/es\/wp-json\/wp\/v2\/pages"}],"about":[{"href":"https:\/\/www.golfenescocia.com\/es\/wp-json\/wp\/v2\/types\/page"}],"author":[{"embeddable":true,"href":"https:\/\/www.golfenescocia.com\/es\/wp-json\/wp\/v2\/users\/5"}],"replies":[{"embeddable":true,"href":"https:\/\/www.golfenescocia.com\/es\/wp-json\/wp\/v2\/comments?post=12894"}],"version-history":[{"count":4,"href":"https:\/\/www.golfenescocia.com\/es\/wp-json\/wp\/v2\/pages\/12894\/revisions"}],"predecessor-version":[{"id":14724,"href":"https:\/\/www.golfenescocia.com\/es\/wp-json\/wp\/v2\/pages\/12894\/revisions\/14724"}],"up":[{"embeddable":true,"href":"https:\/\/www.golfenescocia.com\/es\/wp-json\/wp\/v2\/pages\/8852"}],"wp:featuredmedia":[{"embeddable":true,"href":"https:\/\/www.golfenescocia.com\/es\/wp-json\/wp\/v2\/media\/13022"}],"wp:attachment":[{"href":"https:\/\/www.golfenescocia.com\/es\/wp-json\/wp\/v2\/media?parent=12894"}],"curies":[{"name":"wp","href":"https:\/\/api.w.org\/{rel}","templated":true}]}}